{"id":1617,"date":"2018-03-07T18:33:27","date_gmt":"2018-03-07T17:33:27","guid":{"rendered":"http:\/\/agora.xtec.cat\/ceip-mogent\/?page_id=1617"},"modified":"2026-02-20T09:42:36","modified_gmt":"2026-02-20T08:42:36","slug":"que-fan-els-nens-al-pati","status":"publish","type":"page","link":"https:\/\/agora.xtec.cat\/ceip-mogent\/lescola\/preguntes-frequents\/que-fan-els-nens-al-pati\/","title":{"rendered":"Qu\u00e8 fan els nens i nenes al pati?"},"content":{"rendered":"<p>Jugar, jugar i jugar de moltes maneres diferents.<\/p>\n<p>El pati \u00e9s un espai educatiu, per aix\u00f2 tenim un projecte basat en els interessos i\u00a0les habilitats o aptituds que cada nen o nena tenen m\u00e9s desenvolupades. Per aix\u00f2 el pati est\u00e0 dividit en espais que supervisa un mestre.<\/p>\n<p><span style=\"line-height: 25.6px;\">Al <a href=\"http:\/\/agora.xtec.cat\/ceip-mogent\/projecte-educatiu\/projectes-de-lescola\/patis\/\">pati d\u2019infantil<\/a> tenim el sorral, els elements de joc simb\u00f2lic: vaixell, caseta, tren i les taules d\u2019experimentaci\u00f3 amb materials naturals (pedretes, sorra, pals&#8230;) i tamb\u00e9\u00a0jocs motrius: cotxes, les bicis i els tricicles.<\/span><\/p>\n<p>Al <a href=\"http:\/\/agora.xtec.cat\/ceip-mogent\/projecte-educatiu\/projectes-de-lescola\/patis\/\">pati de prim\u00e0ria<\/a> tenim l\u2019hort-pati, el bibliopati, b\u00e0squet, ping-pong, pista, rac\u00f3 de disfresses, sorral, espai de jocs tradicionals i de taula, pissarra gegant i espai per ballar i fer coreografies.<\/p>\n<p>Tamb\u00e9 utilitzem l&#8217;interior de l&#8217;edifici a l&#8217;hora del pati on s&#8217;organitzen activitats m\u00e9s tranquil\u00b7les com costura, ganxet&#8230;<\/p>\n","protected":false},"excerpt":{"rendered":"<p>Jugar, jugar i jugar de moltes maneres diferents. El pati \u00e9s un espai educatiu, per aix\u00f2 tenim un projecte basat en els interessos i\u00a0les habilitats o aptituds que cada nen o nena tenen m\u00e9s desenvolupades. Per aix\u00f2 el pati est\u00e0 dividit en espais que supervisa un mestre. Al pati d\u2019infantil tenim el sorral, els elements [&hellip;]<\/p>\n","protected":false},"author":1,"featured_media":0,"parent":1556,"menu_order":17,"comment_status":"closed","ping_status":"closed","template":"","meta":{"_bbp_topic_count":0,"_bbp_reply_count":0,"_bbp_total_topic_count":0,"_bbp_total_reply_count":0,"_bbp_voice_count":0,"_bbp_anonymous_reply_count":0,"_bbp_topic_count_hidden":0,"_bbp_reply_count_hidden":0,"_bbp_forum_subforum_count":0,"site-sidebar-layout":"default","site-content-layout":"","ast-site-content-layout":"default","site-content-style":"default","site-sidebar-style":"default","ast-global-header-display":"","ast-banner-title-visibility":"","ast-main-header-display":"","ast-hfb-above-header-display":"","ast-hfb-below-header-display":"","ast-hfb-mobile-header-display":"","site-post-title":"","ast-breadcrumbs-content":"","ast-featured-img":"","footer-sml-layout":"","theme-transparent-header-meta":"","adv-header-id-meta":"","stick-header-meta":"","header-above-stick-meta":"","header-main-stick-meta":"","header-below-stick-meta":"","astra-migrate-meta-layouts":"set","ast-page-background-enabled":"default","ast-page-background-meta":{"desktop":{"background-color":"var(--ast-global-color-4)","background-image":"","background-repeat":"repeat","background-position":"center center","background-size":"auto","background-attachment":"scroll","background-type":"","background-media":"","overlay-type":"","overlay-color":"","overlay-opacity":"","overlay-gradient":""},"tablet":{"background-color":"","background-image":"","background-repeat":"repeat","background-position":"center center","background-size":"auto","background-attachment":"scroll","background-type":"","background-media":"","overlay-type":"","overlay-color":"","overlay-opacity":"","overlay-gradient":""},"mobile":{"background-color":"","background-image":"","background-repeat":"repeat","background-position":"center center","background-size":"auto","background-attachment":"scroll","background-type":"","background-media":"","overlay-type":"","overlay-color":"","overlay-opacity":"","overlay-gradient":""}},"ast-content-background-meta":{"desktop":{"background-color":"var(--ast-global-color-5)","background-image":"","background-repeat":"repeat","background-position":"center center","background-size":"auto","background-attachment":"scroll","background-type":"","background-media":"","overlay-type":"","overlay-color":"","overlay-opacity":"","overlay-gradient":""},"tablet":{"background-color":"var(--ast-global-color-5)","background-image":"","background-repeat":"repeat","background-position":"center center","background-size":"auto","background-attachment":"scroll","background-type":"","background-media":"","overlay-type":"","overlay-color":"","overlay-opacity":"","overlay-gradient":""},"mobile":{"background-color":"var(--ast-global-color-5)","background-image":"","background-repeat":"repeat","background-position":"center center","background-size":"auto","background-attachment":"scroll","background-type":"","background-media":"","overlay-type":"","overlay-color":"","overlay-opacity":"","overlay-gradient":""}},"footnotes":""},"class_list":["post-1617","page","type-page","status-publish","hentry"],"post_mailing_queue_ids":[],"_links":{"self":[{"href":"https:\/\/agora.xtec.cat\/ceip-mogent\/wp-json\/wp\/v2\/pages\/1617","targetHints":{"allow":["GET"]}}],"collection":[{"href":"https:\/\/agora.xtec.cat\/ceip-mogent\/wp-json\/wp\/v2\/pages"}],"about":[{"href":"https:\/\/agora.xtec.cat\/ceip-mogent\/wp-json\/wp\/v2\/types\/page"}],"author":[{"embeddable":true,"href":"https:\/\/agora.xtec.cat\/ceip-mogent\/wp-json\/wp\/v2\/users\/1"}],"replies":[{"embeddable":true,"href":"https:\/\/agora.xtec.cat\/ceip-mogent\/wp-json\/wp\/v2\/comments?post=1617"}],"version-history":[{"count":3,"href":"https:\/\/agora.xtec.cat\/ceip-mogent\/wp-json\/wp\/v2\/pages\/1617\/revisions"}],"predecessor-version":[{"id":3945,"href":"https:\/\/agora.xtec.cat\/ceip-mogent\/wp-json\/wp\/v2\/pages\/1617\/revisions\/3945"}],"up":[{"embeddable":true,"href":"https:\/\/agora.xtec.cat\/ceip-mogent\/wp-json\/wp\/v2\/pages\/1556"}],"wp:attachment":[{"href":"https:\/\/agora.xtec.cat\/ceip-mogent\/wp-json\/wp\/v2\/media?parent=1617"}],"curies":[{"name":"wp","href":"https:\/\/api.w.org\/{rel}","templated":true}]}}