{"id":1607,"date":"2018-03-07T18:16:27","date_gmt":"2018-03-07T17:16:27","guid":{"rendered":"http:\/\/agora.xtec.cat\/ceip-mogent\/?page_id=1607"},"modified":"2026-02-20T09:50:04","modified_gmt":"2026-02-20T08:50:04","slug":"quin-tracte-es-dona-a-les-families","status":"publish","type":"page","link":"https:\/\/agora.xtec.cat\/ceip-mogent\/lescola\/preguntes-frequents\/quin-tracte-es-dona-a-les-families\/","title":{"rendered":"Com \u00e9s la comunicaci\u00f3 amb les fam\u00edlies?"},"content":{"rendered":"<p>Podeu mantenir comunicaci\u00f3 flu\u00efda amb l&#8217;equip de mestres cada dia a la sortida o a trav\u00e9s de l&#8217;app <a href=\"https:\/\/www.additioapp.com\/ca\/edvoice\/\"><strong><span style=\"color: #008000;\"><em>Edvoice <\/em><\/span><\/strong><\/a>i\u00a0l&#8217;agenda.<\/p>\n<p>El nostre tarann\u00e0 \u00e9s tractar amb respecte i de manera efica\u00e7, per aix\u00f2 demanen <strong>el mateix respecte per a la nostra instituci\u00f3.<\/strong><br \/>\nTenim un tracte familiar a la vegada que professional, caracter\u00edstiques que ens calen per poder comunicar-nos i entendre\u2019ns, buscant sempre el benestar del nen o la nena.<\/p>\n<p>Tot aix\u00f2 est\u00e0 recollit al nostre <span style=\"color: #339966;\"><strong><a style=\"color: #339966;\" href=\"https:\/\/agora.xtec.cat\/ceip-mogent\/projecte-educatiu\/pla-de-comunicacio\/\"><span style=\"color: #008000;\">Pla de Comunicaci\u00f3.<\/span><\/a><\/strong><\/span><\/p>\n<p>Mantenim actualitzada la nostra web i el nostre instagram <a href=\"https:\/\/www.instagram.com\/gentmogent\/\"><strong><span class=\"atwho-query\" style=\"color: #008000;\">@gentmogent<\/span><\/strong><\/a><\/p>\n","protected":false},"excerpt":{"rendered":"<p>Podeu mantenir comunicaci\u00f3 flu\u00efda amb l&#8217;equip de mestres cada dia a la sortida o a trav\u00e9s de l&#8217;app Edvoice i\u00a0l&#8217;agenda. El nostre tarann\u00e0 \u00e9s tractar amb respecte i de manera efica\u00e7, per aix\u00f2 demanen el mateix respecte per a la nostra instituci\u00f3. Tenim un tracte familiar a la vegada que professional, caracter\u00edstiques que ens calen [&hellip;]<\/p>\n","protected":false},"author":1,"featured_media":0,"parent":1556,"menu_order":13,"comment_status":"closed","ping_status":"closed","template":"","meta":{"_bbp_topic_count":0,"_bbp_reply_count":0,"_bbp_total_topic_count":0,"_bbp_total_reply_count":0,"_bbp_voice_count":0,"_bbp_anonymous_reply_count":0,"_bbp_topic_count_hidden":0,"_bbp_reply_count_hidden":0,"_bbp_forum_subforum_count":0,"site-sidebar-layout":"default","site-content-layout":"","ast-site-content-layout":"default","site-content-style":"default","site-sidebar-style":"default","ast-global-header-display":"","ast-banner-title-visibility":"","ast-main-header-display":"","ast-hfb-above-header-display":"","ast-hfb-below-header-display":"","ast-hfb-mobile-header-display":"","site-post-title":"","ast-breadcrumbs-content":"","ast-featured-img":"","footer-sml-layout":"","theme-transparent-header-meta":"","adv-header-id-meta":"","stick-header-meta":"","header-above-stick-meta":"","header-main-stick-meta":"","header-below-stick-meta":"","astra-migrate-meta-layouts":"set","ast-page-background-enabled":"default","ast-page-background-meta":{"desktop":{"background-color":"var(--ast-global-color-4)","background-image":"","background-repeat":"repeat","background-position":"center center","background-size":"auto","background-attachment":"scroll","background-type":"","background-media":"","overlay-type":"","overlay-color":"","overlay-opacity":"","overlay-gradient":""},"tablet":{"background-color":"","background-image":"","background-repeat":"repeat","background-position":"center center","background-size":"auto","background-attachment":"scroll","background-type":"","background-media":"","overlay-type":"","overlay-color":"","overlay-opacity":"","overlay-gradient":""},"mobile":{"background-color":"","background-image":"","background-repeat":"repeat","background-position":"center center","background-size":"auto","background-attachment":"scroll","background-type":"","background-media":"","overlay-type":"","overlay-color":"","overlay-opacity":"","overlay-gradient":""}},"ast-content-background-meta":{"desktop":{"background-color":"var(--ast-global-color-5)","background-image":"","background-repeat":"repeat","background-position":"center center","background-size":"auto","background-attachment":"scroll","background-type":"","background-media":"","overlay-type":"","overlay-color":"","overlay-opacity":"","overlay-gradient":""},"tablet":{"background-color":"var(--ast-global-color-5)","background-image":"","background-repeat":"repeat","background-position":"center center","background-size":"auto","background-attachment":"scroll","background-type":"","background-media":"","overlay-type":"","overlay-color":"","overlay-opacity":"","overlay-gradient":""},"mobile":{"background-color":"var(--ast-global-color-5)","background-image":"","background-repeat":"repeat","background-position":"center center","background-size":"auto","background-attachment":"scroll","background-type":"","background-media":"","overlay-type":"","overlay-color":"","overlay-opacity":"","overlay-gradient":""}},"footnotes":""},"class_list":["post-1607","page","type-page","status-publish","hentry"],"post_mailing_queue_ids":[],"_links":{"self":[{"href":"https:\/\/agora.xtec.cat\/ceip-mogent\/wp-json\/wp\/v2\/pages\/1607","targetHints":{"allow":["GET"]}}],"collection":[{"href":"https:\/\/agora.xtec.cat\/ceip-mogent\/wp-json\/wp\/v2\/pages"}],"about":[{"href":"https:\/\/agora.xtec.cat\/ceip-mogent\/wp-json\/wp\/v2\/types\/page"}],"author":[{"embeddable":true,"href":"https:\/\/agora.xtec.cat\/ceip-mogent\/wp-json\/wp\/v2\/users\/1"}],"replies":[{"embeddable":true,"href":"https:\/\/agora.xtec.cat\/ceip-mogent\/wp-json\/wp\/v2\/comments?post=1607"}],"version-history":[{"count":4,"href":"https:\/\/agora.xtec.cat\/ceip-mogent\/wp-json\/wp\/v2\/pages\/1607\/revisions"}],"predecessor-version":[{"id":3950,"href":"https:\/\/agora.xtec.cat\/ceip-mogent\/wp-json\/wp\/v2\/pages\/1607\/revisions\/3950"}],"up":[{"embeddable":true,"href":"https:\/\/agora.xtec.cat\/ceip-mogent\/wp-json\/wp\/v2\/pages\/1556"}],"wp:attachment":[{"href":"https:\/\/agora.xtec.cat\/ceip-mogent\/wp-json\/wp\/v2\/media?parent=1607"}],"curies":[{"name":"wp","href":"https:\/\/api.w.org\/{rel}","templated":true}]}}