{"id":1595,"date":"2018-03-04T11:56:01","date_gmt":"2018-03-04T10:56:01","guid":{"rendered":"http:\/\/agora.xtec.cat\/ceip-mogent\/?page_id=1595"},"modified":"2026-02-20T09:44:48","modified_gmt":"2026-02-20T08:44:48","slug":"com-participen-els-pares-i-mares","status":"publish","type":"page","link":"https:\/\/agora.xtec.cat\/ceip-mogent\/lescola\/preguntes-frequents\/com-participen-els-pares-i-mares\/","title":{"rendered":"Com participen les fam\u00edlies?"},"content":{"rendered":"<p>A l&#8217;escola oferim diferents tipus de participaci\u00f3 segons els vostres interessos.<\/p>\n<p>Una participaci\u00f3 institucional, formant part de l&#8217;AFA, del Consell Escolar o com a delegat o delegada de curs.<\/p>\n<p>Acompanyants de sortides locals i de tot el dia. \u00c9s imprescindible assistir a una reuni\u00f3 inicial on s&#8217;exposen les normes b\u00e0siques per poder ser acompanyant.<\/p>\n<p>Participaci\u00f3 a les aules dels vostres fills amb la preparaci\u00f3 d&#8217;una activitat pr\u00f2pia (hora del conte, ofici) o en altres <a href=\"http:\/\/mogentcicleinicial.blogspot.com\/2018\/03\/1r-plantem-paver-i-pesols.html\">activitats concretes a l&#8217;aula.<\/a><\/p>\n<p><a href=\"https:\/\/photos.google.com\/share\/AF1QipObGfDpgTj2oQCx7VamDAKYvV6QDhXewLe9Hus50pwjAfz7t3VPnLAXU9NAeqTkSg?key=aHU2d2lseU02ajM2TWtiVUVwcW16M1Q2UzdROFNn\">Col\u00b7laboraci\u00f3 a festes.<\/a><\/p>\n<p>Tamb\u00e9 podeu formar part de les comissions mixtes, juntament amb mestres, d&#8217;Educaci\u00f3 Emocional, biblioteca i hort.<\/p>\n<p>\u00a0<\/p>\n\n\n<p><\/p>\n","protected":false},"excerpt":{"rendered":"<p>A l&#8217;escola oferim diferents tipus de participaci\u00f3 segons els vostres interessos. Una participaci\u00f3 institucional, formant part de l&#8217;AFA, del Consell Escolar o com a delegat o delegada de curs. Acompanyants de sortides locals i de tot el dia. \u00c9s imprescindible assistir a una reuni\u00f3 inicial on s&#8217;exposen les normes b\u00e0siques per poder ser acompanyant. Participaci\u00f3 [&hellip;]<\/p>\n","protected":false},"author":1,"featured_media":0,"parent":1556,"menu_order":11,"comment_status":"closed","ping_status":"closed","template":"","meta":{"_bbp_topic_count":0,"_bbp_reply_count":0,"_bbp_total_topic_count":0,"_bbp_total_reply_count":0,"_bbp_voice_count":0,"_bbp_anonymous_reply_count":0,"_bbp_topic_count_hidden":0,"_bbp_reply_count_hidden":0,"_bbp_forum_subforum_count":0,"site-sidebar-layout":"default","site-content-layout":"","ast-site-content-layout":"default","site-content-style":"default","site-sidebar-style":"default","ast-global-header-display":"","ast-banner-title-visibility":"","ast-main-header-display":"","ast-hfb-above-header-display":"","ast-hfb-below-header-display":"","ast-hfb-mobile-header-display":"","site-post-title":"","ast-breadcrumbs-content":"","ast-featured-img":"","footer-sml-layout":"","theme-transparent-header-meta":"","adv-header-id-meta":"","stick-header-meta":"","header-above-stick-meta":"","header-main-stick-meta":"","header-below-stick-meta":"","astra-migrate-meta-layouts":"set","ast-page-background-enabled":"default","ast-page-background-meta":{"desktop":{"background-color":"var(--ast-global-color-4)","background-image":"","background-repeat":"repeat","background-position":"center center","background-size":"auto","background-attachment":"scroll","background-type":"","background-media":"","overlay-type":"","overlay-color":"","overlay-opacity":"","overlay-gradient":""},"tablet":{"background-color":"","background-image":"","background-repeat":"repeat","background-position":"center center","background-size":"auto","background-attachment":"scroll","background-type":"","background-media":"","overlay-type":"","overlay-color":"","overlay-opacity":"","overlay-gradient":""},"mobile":{"background-color":"","background-image":"","background-repeat":"repeat","background-position":"center center","background-size":"auto","background-attachment":"scroll","background-type":"","background-media":"","overlay-type":"","overlay-color":"","overlay-opacity":"","overlay-gradient":""}},"ast-content-background-meta":{"desktop":{"background-color":"var(--ast-global-color-5)","background-image":"","background-repeat":"repeat","background-position":"center center","background-size":"auto","background-attachment":"scroll","background-type":"","background-media":"","overlay-type":"","overlay-color":"","overlay-opacity":"","overlay-gradient":""},"tablet":{"background-color":"var(--ast-global-color-5)","background-image":"","background-repeat":"repeat","background-position":"center center","background-size":"auto","background-attachment":"scroll","background-type":"","background-media":"","overlay-type":"","overlay-color":"","overlay-opacity":"","overlay-gradient":""},"mobile":{"background-color":"var(--ast-global-color-5)","background-image":"","background-repeat":"repeat","background-position":"center center","background-size":"auto","background-attachment":"scroll","background-type":"","background-media":"","overlay-type":"","overlay-color":"","overlay-opacity":"","overlay-gradient":""}},"footnotes":""},"class_list":["post-1595","page","type-page","status-publish","hentry"],"post_mailing_queue_ids":[],"_links":{"self":[{"href":"https:\/\/agora.xtec.cat\/ceip-mogent\/wp-json\/wp\/v2\/pages\/1595","targetHints":{"allow":["GET"]}}],"collection":[{"href":"https:\/\/agora.xtec.cat\/ceip-mogent\/wp-json\/wp\/v2\/pages"}],"about":[{"href":"https:\/\/agora.xtec.cat\/ceip-mogent\/wp-json\/wp\/v2\/types\/page"}],"author":[{"embeddable":true,"href":"https:\/\/agora.xtec.cat\/ceip-mogent\/wp-json\/wp\/v2\/users\/1"}],"replies":[{"embeddable":true,"href":"https:\/\/agora.xtec.cat\/ceip-mogent\/wp-json\/wp\/v2\/comments?post=1595"}],"version-history":[{"count":4,"href":"https:\/\/agora.xtec.cat\/ceip-mogent\/wp-json\/wp\/v2\/pages\/1595\/revisions"}],"predecessor-version":[{"id":3947,"href":"https:\/\/agora.xtec.cat\/ceip-mogent\/wp-json\/wp\/v2\/pages\/1595\/revisions\/3947"}],"up":[{"embeddable":true,"href":"https:\/\/agora.xtec.cat\/ceip-mogent\/wp-json\/wp\/v2\/pages\/1556"}],"wp:attachment":[{"href":"https:\/\/agora.xtec.cat\/ceip-mogent\/wp-json\/wp\/v2\/media?parent=1595"}],"curies":[{"name":"wp","href":"https:\/\/api.w.org\/{rel}","templated":true}]}}