{"id":1588,"date":"2018-03-04T11:52:54","date_gmt":"2018-03-04T10:52:54","guid":{"rendered":"http:\/\/agora.xtec.cat\/ceip-mogent\/?page_id=1588"},"modified":"2018-03-07T12:35:21","modified_gmt":"2018-03-07T11:35:21","slug":"com-resoleu-els-conflictes","status":"publish","type":"page","link":"https:\/\/agora.xtec.cat\/ceip-mogent\/lescola\/preguntes-frequents\/com-resoleu-els-conflictes\/","title":{"rendered":"Com resoleu els conflictes?"},"content":{"rendered":"<p>La nostra aposta sempre \u00e9s la mediaci\u00f3. Es parteix des de ben petits amb una educaci\u00f3 emocional (saber expressar all\u00f2 que sentim amb paraules i no amb accions agressives)<\/p>\n<p>A tota l&#8217;escola es fa una feina de reflexi\u00f3 i de recerca de solucions entre els propis nens.<\/p>\n<p>Quan les situacions s\u00f3n reincidents, i no s&#8217;obtenen resultats \u00f2ptims, passem a les NOFC (Normes d&#8217;Organitzaci\u00f3 i Funcionament de Centre) on estan escrites quines mesures correctores s&#8217;apliquen segons la falta estipulada. Les sancions sempre estan pensades amb un objectiu de treball social en benefici de la comunitat.<\/p>\n","protected":false},"excerpt":{"rendered":"<p>La nostra aposta sempre \u00e9s la mediaci\u00f3. Es parteix des de ben petits amb una educaci\u00f3 emocional (saber expressar all\u00f2 que sentim amb paraules i no amb accions agressives) A tota l&#8217;escola es fa una feina de reflexi\u00f3 i de recerca de solucions entre els propis nens. Quan les situacions s\u00f3n reincidents, i no s&#8217;obtenen [&hellip;]<\/p>\n","protected":false},"author":1,"featured_media":0,"parent":1556,"menu_order":9,"comment_status":"closed","ping_status":"closed","template":"page-templates\/side-menu.php","meta":{"_bbp_topic_count":0,"_bbp_reply_count":0,"_bbp_total_topic_count":0,"_bbp_total_reply_count":0,"_bbp_voice_count":0,"_bbp_anonymous_reply_count":0,"_bbp_topic_count_hidden":0,"_bbp_reply_count_hidden":0,"_bbp_forum_subforum_count":0,"site-sidebar-layout":"default","site-content-layout":"","ast-site-content-layout":"","site-content-style":"default","site-sidebar-style":"default","ast-global-header-display":"","ast-banner-title-visibility":"","ast-main-header-display":"","ast-hfb-above-header-display":"","ast-hfb-below-header-display":"","ast-hfb-mobile-header-display":"","site-post-title":"","ast-breadcrumbs-content":"","ast-featured-img":"","footer-sml-layout":"","theme-transparent-header-meta":"","adv-header-id-meta":"","stick-header-meta":"","header-above-stick-meta":"","header-main-stick-meta":"","header-below-stick-meta":"","astra-migrate-meta-layouts":"default","ast-page-background-enabled":"default","ast-page-background-meta":{"desktop":{"background-color":"var(--ast-global-color-4)","background-image":"","background-repeat":"repeat","background-position":"center center","background-size":"auto","background-attachment":"scroll","background-type":"","background-media":"","overlay-type":"","overlay-color":"","overlay-opacity":"","overlay-gradient":""},"tablet":{"background-color":"","background-image":"","background-repeat":"repeat","background-position":"center center","background-size":"auto","background-attachment":"scroll","background-type":"","background-media":"","overlay-type":"","overlay-color":"","overlay-opacity":"","overlay-gradient":""},"mobile":{"background-color":"","background-image":"","background-repeat":"repeat","background-position":"center center","background-size":"auto","background-attachment":"scroll","background-type":"","background-media":"","overlay-type":"","overlay-color":"","overlay-opacity":"","overlay-gradient":""}},"ast-content-background-meta":{"desktop":{"background-color":"var(--ast-global-color-5)","background-image":"","background-repeat":"repeat","background-position":"center center","background-size":"auto","background-attachment":"scroll","background-type":"","background-media":"","overlay-type":"","overlay-color":"","overlay-opacity":"","overlay-gradient":""},"tablet":{"background-color":"var(--ast-global-color-5)","background-image":"","background-repeat":"repeat","background-position":"center center","background-size":"auto","background-attachment":"scroll","background-type":"","background-media":"","overlay-type":"","overlay-color":"","overlay-opacity":"","overlay-gradient":""},"mobile":{"background-color":"var(--ast-global-color-5)","background-image":"","background-repeat":"repeat","background-position":"center center","background-size":"auto","background-attachment":"scroll","background-type":"","background-media":"","overlay-type":"","overlay-color":"","overlay-opacity":"","overlay-gradient":""}},"footnotes":""},"class_list":["post-1588","page","type-page","status-publish","hentry"],"post_mailing_queue_ids":[],"_links":{"self":[{"href":"https:\/\/agora.xtec.cat\/ceip-mogent\/wp-json\/wp\/v2\/pages\/1588","targetHints":{"allow":["GET"]}}],"collection":[{"href":"https:\/\/agora.xtec.cat\/ceip-mogent\/wp-json\/wp\/v2\/pages"}],"about":[{"href":"https:\/\/agora.xtec.cat\/ceip-mogent\/wp-json\/wp\/v2\/types\/page"}],"author":[{"embeddable":true,"href":"https:\/\/agora.xtec.cat\/ceip-mogent\/wp-json\/wp\/v2\/users\/1"}],"replies":[{"embeddable":true,"href":"https:\/\/agora.xtec.cat\/ceip-mogent\/wp-json\/wp\/v2\/comments?post=1588"}],"version-history":[{"count":2,"href":"https:\/\/agora.xtec.cat\/ceip-mogent\/wp-json\/wp\/v2\/pages\/1588\/revisions"}],"predecessor-version":[{"id":1601,"href":"https:\/\/agora.xtec.cat\/ceip-mogent\/wp-json\/wp\/v2\/pages\/1588\/revisions\/1601"}],"up":[{"embeddable":true,"href":"https:\/\/agora.xtec.cat\/ceip-mogent\/wp-json\/wp\/v2\/pages\/1556"}],"wp:attachment":[{"href":"https:\/\/agora.xtec.cat\/ceip-mogent\/wp-json\/wp\/v2\/media?parent=1588"}],"curies":[{"name":"wp","href":"https:\/\/api.w.org\/{rel}","templated":true}]}}