{"id":1572,"date":"2018-03-04T11:42:42","date_gmt":"2018-03-04T10:42:42","guid":{"rendered":"http:\/\/agora.xtec.cat\/ceip-mogent\/?page_id=1572"},"modified":"2018-03-04T11:42:42","modified_gmt":"2018-03-04T10:42:42","slug":"feu-proves-o-examens","status":"publish","type":"page","link":"https:\/\/agora.xtec.cat\/ceip-mogent\/lescola\/preguntes-frequents\/feu-proves-o-examens\/","title":{"rendered":"Feu proves o ex\u00e0mens?"},"content":{"rendered":"<p>S\u00ed. Les proves individuals escrites o orals s\u00f3n una de les eines per er el seguiment de l&#8217;aprenentatge de cada nen, amb un enfoc competencial. L&#8217;avaluaci\u00f3 del treball en grup es fa mitjan\u00e7ant coavaluacions (entre alumnes) i autoavaluacions.<\/p>\n<p>Els instruments per avaluar tant individualment com en grup s\u00f3n: les <strong>r\u00fabriques<\/strong> (graelles amb els diferents nivells que el nen pot assolir), <strong>graelles d&#8217;observaci\u00f3<\/strong> (per recollir dades d&#8217;h\u00e0bits, comportaments, valors), el <strong>portafoli <\/strong>(carpeta on l&#8217;alumne guarda els seus documents d&#8217;un projecte per ser conscient de la seva pr\u00f2pia evoluci\u00f3.<\/p>\n<p>Tot aix\u00f2 es resumeix als informes trimestrals a Prim\u00e0ria i quadrimestrals a Infantil.<\/p>\n","protected":false},"excerpt":{"rendered":"<p>S\u00ed. Les proves individuals escrites o orals s\u00f3n una de les eines per er el seguiment de l&#8217;aprenentatge de cada nen, amb un enfoc competencial. L&#8217;avaluaci\u00f3 del treball en grup es fa mitjan\u00e7ant coavaluacions (entre alumnes) i autoavaluacions. Els instruments per avaluar tant individualment com en grup s\u00f3n: les r\u00fabriques (graelles amb els diferents nivells [&hellip;]<\/p>\n","protected":false},"author":1,"featured_media":0,"parent":1556,"menu_order":4,"comment_status":"closed","ping_status":"closed","template":"page-templates\/side-menu.php","meta":{"_bbp_topic_count":0,"_bbp_reply_count":0,"_bbp_total_topic_count":0,"_bbp_total_reply_count":0,"_bbp_voice_count":0,"_bbp_anonymous_reply_count":0,"_bbp_topic_count_hidden":0,"_bbp_reply_count_hidden":0,"_bbp_forum_subforum_count":0,"site-sidebar-layout":"default","site-content-layout":"","ast-site-content-layout":"","site-content-style":"default","site-sidebar-style":"default","ast-global-header-display":"","ast-banner-title-visibility":"","ast-main-header-display":"","ast-hfb-above-header-display":"","ast-hfb-below-header-display":"","ast-hfb-mobile-header-display":"","site-post-title":"","ast-breadcrumbs-content":"","ast-featured-img":"","footer-sml-layout":"","theme-transparent-header-meta":"","adv-header-id-meta":"","stick-header-meta":"","header-above-stick-meta":"","header-main-stick-meta":"","header-below-stick-meta":"","astra-migrate-meta-layouts":"default","ast-page-background-enabled":"default","ast-page-background-meta":{"desktop":{"background-color":"var(--ast-global-color-4)","background-image":"","background-repeat":"repeat","background-position":"center center","background-size":"auto","background-attachment":"scroll","background-type":"","background-media":"","overlay-type":"","overlay-color":"","overlay-opacity":"","overlay-gradient":""},"tablet":{"background-color":"","background-image":"","background-repeat":"repeat","background-position":"center center","background-size":"auto","background-attachment":"scroll","background-type":"","background-media":"","overlay-type":"","overlay-color":"","overlay-opacity":"","overlay-gradient":""},"mobile":{"background-color":"","background-image":"","background-repeat":"repeat","background-position":"center center","background-size":"auto","background-attachment":"scroll","background-type":"","background-media":"","overlay-type":"","overlay-color":"","overlay-opacity":"","overlay-gradient":""}},"ast-content-background-meta":{"desktop":{"background-color":"var(--ast-global-color-5)","background-image":"","background-repeat":"repeat","background-position":"center center","background-size":"auto","background-attachment":"scroll","background-type":"","background-media":"","overlay-type":"","overlay-color":"","overlay-opacity":"","overlay-gradient":""},"tablet":{"background-color":"var(--ast-global-color-5)","background-image":"","background-repeat":"repeat","background-position":"center center","background-size":"auto","background-attachment":"scroll","background-type":"","background-media":"","overlay-type":"","overlay-color":"","overlay-opacity":"","overlay-gradient":""},"mobile":{"background-color":"var(--ast-global-color-5)","background-image":"","background-repeat":"repeat","background-position":"center center","background-size":"auto","background-attachment":"scroll","background-type":"","background-media":"","overlay-type":"","overlay-color":"","overlay-opacity":"","overlay-gradient":""}},"footnotes":""},"class_list":["post-1572","page","type-page","status-publish","hentry"],"post_mailing_queue_ids":[],"_links":{"self":[{"href":"https:\/\/agora.xtec.cat\/ceip-mogent\/wp-json\/wp\/v2\/pages\/1572","targetHints":{"allow":["GET"]}}],"collection":[{"href":"https:\/\/agora.xtec.cat\/ceip-mogent\/wp-json\/wp\/v2\/pages"}],"about":[{"href":"https:\/\/agora.xtec.cat\/ceip-mogent\/wp-json\/wp\/v2\/types\/page"}],"author":[{"embeddable":true,"href":"https:\/\/agora.xtec.cat\/ceip-mogent\/wp-json\/wp\/v2\/users\/1"}],"replies":[{"embeddable":true,"href":"https:\/\/agora.xtec.cat\/ceip-mogent\/wp-json\/wp\/v2\/comments?post=1572"}],"version-history":[{"count":1,"href":"https:\/\/agora.xtec.cat\/ceip-mogent\/wp-json\/wp\/v2\/pages\/1572\/revisions"}],"predecessor-version":[{"id":1573,"href":"https:\/\/agora.xtec.cat\/ceip-mogent\/wp-json\/wp\/v2\/pages\/1572\/revisions\/1573"}],"up":[{"embeddable":true,"href":"https:\/\/agora.xtec.cat\/ceip-mogent\/wp-json\/wp\/v2\/pages\/1556"}],"wp:attachment":[{"href":"https:\/\/agora.xtec.cat\/ceip-mogent\/wp-json\/wp\/v2\/media?parent=1572"}],"curies":[{"name":"wp","href":"https:\/\/api.w.org\/{rel}","templated":true}]}}