{"id":84,"date":"2014-09-18T14:11:31","date_gmt":"2014-09-18T13:11:31","guid":{"rendered":"http:\/\/agora.xtec.cat\/ceip-mitja-costa\/?page_id=84"},"modified":"2024-09-26T15:36:26","modified_gmt":"2024-09-26T13:36:26","slug":"activitats-extraescolars","status":"publish","type":"page","link":"https:\/\/agora.xtec.cat\/ceip-mitja-costa\/activitats-extraescolars\/","title":{"rendered":"Acollida i activitats extraescolars"},"content":{"rendered":"<p>Les activitats extraescolars i el servei d&#8217;acollida s\u00f3n ofertes per l&#8217;AFA de l&#8217;escola a trav\u00e9s d&#8217;empresa de serveis <a href=\"https:\/\/www.engreskat.com\/\">ENGRESKA&#8217;T.<\/a><\/p>\n<p>Si voleu veure tot el dossier informatiu el teniu disponible a l&#8217;apartat de l&#8217;<a href=\"https:\/\/agora.xtec.cat\/ceip-mitja-costa\/categoria\/ampa\/\">AFA<\/a> del men\u00fa.<\/p>\n<h1 style=\"text-align: center;\"><span style=\"color: #800080;\"><u>SERVEI D&#8217;ACOLLIDA DE MAT\u00cd<\/u><\/span><\/h1>\n<h3 style=\"text-align: center;\">Aquest curs nom\u00e9s s&#8217;oferir\u00e0 ACOLLIDA MATINAL<\/h3>\n<h5 style=\"text-align: center;\">L&#8217;acollida matinal \u00e9s un espai on es fan activitats relaxades, en un ambient familiar i molt flexible.<\/h5>\n<p style=\"text-align: left;\">\n<p style=\"text-align: justify;\">\n<h1 style=\"text-align: center;\"><span style=\"color: #800080;\"><u>EXTRAESCOLARS CURS 2024-25<\/u><\/span><\/h1>\n<p style=\"text-align: justify;\">\n<table style=\"height: 532px; width: 98.9678%; background-color: #e5e8a5;\">\n<tbody>\n<tr>\n<td style=\"width: 14.0496%;\"><\/td>\n<td style=\"width: 16.5289%; text-align: center;\">\n<h5><b>DILLUNS\u00a0<\/b><\/h5>\n<\/td>\n<td style=\"width: 18.1818%; text-align: center;\">\n<h5><b>DIMARTS<\/b><\/h5>\n<\/td>\n<td style=\"width: 16.5289%; text-align: center;\">\n<h5><b>DIMECRES<\/b><\/h5>\n<\/td>\n<td style=\"width: 18.1818%; text-align: center;\">\n<h5><b>DIJOUS<\/b><\/h5>\n<\/td>\n<td style=\"width: 55.9917%; text-align: center;\">\n<h5><b>DIVENDRES<\/b><\/h5>\n<\/td>\n<\/tr>\n<tr>\n<td style=\"text-align: center; width: 14.0496%;\" rowspan=\"4\">\n<strong>16:30-17:45h<\/strong><\/td>\n<td style=\"text-align: center; width: 16.5289%;\">\n<h4><strong><span style=\"color: #0000ff;\">FUTBOL<\/span><\/strong><\/h4>\n<h4><strong>1r-4t<\/strong><\/h4>\n<\/td>\n<td style=\"text-align: center; width: 18.1818%;\">\n<h4><strong><span style=\"color: #339966;\">PLAY &amp; ENGLISH<\/span><\/strong><\/h4>\n<h4><strong>I3-I5<\/strong><\/h4>\n<\/td>\n<td style=\"text-align: center; width: 16.5289%;\">\n<h4><strong><span style=\"color: #0000ff;\">FUTBOL<\/span><\/strong><\/h4>\n<h4><strong>1r-4<\/strong><\/h4>\n<\/td>\n<td style=\"text-align: center; width: 18.1818%;\">\n<h4><strong><span style=\"color: #339966;\">PLAY &amp; ENGLISH<\/span><\/strong><\/h4>\n<h4><strong>I3-I5<\/strong><\/h4>\n<\/td>\n<td style=\"text-align: center; width: 55.9917%;\">\n<h4><strong><span style=\"color: #ff9900;\">KARATE<\/span>\u00a0<\/strong><\/h4>\n<h4><strong>EI4-6\u00e8<\/strong><\/h4>\n<\/td>\n<\/tr>\n<tr>\n<td style=\"text-align: center; width: 16.5289%;\">\n<h4><strong><span style=\"color: #ff00ff;\">BALL MODERN<\/span><\/strong><\/h4>\n<h4><strong>I3-I5<\/strong><\/h4>\n<\/td>\n<td style=\"text-align: center; width: 18.1818%;\"><\/td>\n<td style=\"text-align: center; width: 16.5289%;\">\n<h4><strong><span style=\"color: #ff00ff;\">BALL MODERN<\/span><\/strong><\/h4>\n<h4><strong>I3-I5<\/strong><\/h4>\n<\/td>\n<td style=\"text-align: center; width: 18.1818%;\"><\/td>\n<td style=\"text-align: center; width: 55.9917%;\"><\/td>\n<\/tr>\n<tr>\n<td style=\"text-align: center; width: 16.5289%;\">\n<h4><strong><span style=\"color: #993300;\">R\u00cdTMICA<\/span><\/strong><\/h4>\n<h4><strong>1r-6\u00e8<\/strong><\/h4>\n<\/td>\n<td style=\"text-align: center; width: 18.1818%;\"><\/td>\n<td style=\"text-align: center; width: 16.5289%;\">\n<h4><strong><span style=\"color: #993300;\">R\u00cdTMICA<\/span><\/strong><\/h4>\n<h4><strong>1r-6\u00e8<\/strong><\/h4>\n<\/td>\n<td style=\"text-align: center; width: 18.1818%;\"><\/td>\n<td style=\"text-align: center; width: 55.9917%;\"><\/td>\n<\/tr>\n<tr>\n<td style=\"text-align: center; width: 16.5289%;\">\n<h4><\/h4>\n<\/td>\n<td style=\"text-align: center; width: 18.1818%;\"><\/td>\n<td style=\"text-align: center; width: 16.5289%;\">\n<h4><strong><span style=\"color: #ff9900;\">KARATE<\/span><\/strong><\/h4>\n<h4><strong>I4-6\u00e8<\/strong><\/h4>\n<\/td>\n<td style=\"text-align: center; width: 18.1818%;\"><\/td>\n<td style=\"text-align: center; width: 55.9917%;\"><\/td>\n<\/tr>\n<\/tbody>\n<\/table>\n","protected":false},"excerpt":{"rendered":"<p>Les activitats extraescolars i el servei d&#8217;acollida s\u00f3n ofertes per l&#8217;AFA de l&#8217;escola a trav\u00e9s d&#8217;empresa de serveis ENGRESKA&#8217;T. Si voleu veure tot el dossier informatiu el teniu disponible a l&#8217;apartat de l&#8217;AFA del men\u00fa. SERVEI D&#8217;ACOLLIDA DE MAT\u00cd Aquest curs nom\u00e9s s&#8217;oferir\u00e0 ACOLLIDA MATINAL L&#8217;acollida matinal \u00e9s un espai on es fan activitats relaxades, [&hellip;]<\/p>\n","protected":false},"author":1,"featured_media":0,"parent":0,"menu_order":60,"comment_status":"closed","ping_status":"closed","template":"page-templates\/side-menu.php","meta":{"_bbp_topic_count":0,"_bbp_reply_count":0,"_bbp_total_topic_count":0,"_bbp_total_reply_count":0,"_bbp_voice_count":0,"_bbp_anonymous_reply_count":0,"_bbp_topic_count_hidden":0,"_bbp_reply_count_hidden":0,"_bbp_forum_subforum_count":0,"site-sidebar-layout":"default","site-content-layout":"","ast-site-content-layout":"","site-content-style":"default","site-sidebar-style":"default","ast-global-header-display":"","ast-banner-title-visibility":"","ast-main-header-display":"","ast-hfb-above-header-display":"","ast-hfb-below-header-display":"","ast-hfb-mobile-header-display":"","site-post-title":"","ast-breadcrumbs-content":"","ast-featured-img":"","footer-sml-layout":"","theme-transparent-header-meta":"","adv-header-id-meta":"","stick-header-meta":"","header-above-stick-meta":"","header-main-stick-meta":"","header-below-stick-meta":"","astra-migrate-meta-layouts":"default","ast-page-background-enabled":"default","ast-page-background-meta":{"desktop":{"background-color":"var(--ast-global-color-4)","background-image":"","background-repeat":"repeat","background-position":"center center","background-size":"auto","background-attachment":"scroll","background-type":"","background-media":"","overlay-type":"","overlay-color":"","overlay-opacity":"","overlay-gradient":""},"tablet":{"background-color":"","background-image":"","background-repeat":"repeat","background-position":"center center","background-size":"auto","background-attachment":"scroll","background-type":"","background-media":"","overlay-type":"","overlay-color":"","overlay-opacity":"","overlay-gradient":""},"mobile":{"background-color":"","background-image":"","background-repeat":"repeat","background-position":"center center","background-size":"auto","background-attachment":"scroll","background-type":"","background-media":"","overlay-type":"","overlay-color":"","overlay-opacity":"","overlay-gradient":""}},"ast-content-background-meta":{"desktop":{"background-color":"var(--ast-global-color-5)","background-image":"","background-repeat":"repeat","background-position":"center center","background-size":"auto","background-attachment":"scroll","background-type":"","background-media":"","overlay-type":"","overlay-color":"","overlay-opacity":"","overlay-gradient":""},"tablet":{"background-color":"var(--ast-global-color-5)","background-image":"","background-repeat":"repeat","background-position":"center center","background-size":"auto","background-attachment":"scroll","background-type":"","background-media":"","overlay-type":"","overlay-color":"","overlay-opacity":"","overlay-gradient":""},"mobile":{"background-color":"var(--ast-global-color-5)","background-image":"","background-repeat":"repeat","background-position":"center center","background-size":"auto","background-attachment":"scroll","background-type":"","background-media":"","overlay-type":"","overlay-color":"","overlay-opacity":"","overlay-gradient":""}},"footnotes":""},"class_list":["post-84","page","type-page","status-publish","hentry"],"post_mailing_queue_ids":[],"_links":{"self":[{"href":"https:\/\/agora.xtec.cat\/ceip-mitja-costa\/wp-json\/wp\/v2\/pages\/84","targetHints":{"allow":["GET"]}}],"collection":[{"href":"https:\/\/agora.xtec.cat\/ceip-mitja-costa\/wp-json\/wp\/v2\/pages"}],"about":[{"href":"https:\/\/agora.xtec.cat\/ceip-mitja-costa\/wp-json\/wp\/v2\/types\/page"}],"author":[{"embeddable":true,"href":"https:\/\/agora.xtec.cat\/ceip-mitja-costa\/wp-json\/wp\/v2\/users\/1"}],"replies":[{"embeddable":true,"href":"https:\/\/agora.xtec.cat\/ceip-mitja-costa\/wp-json\/wp\/v2\/comments?post=84"}],"version-history":[{"count":8,"href":"https:\/\/agora.xtec.cat\/ceip-mitja-costa\/wp-json\/wp\/v2\/pages\/84\/revisions"}],"predecessor-version":[{"id":2975,"href":"https:\/\/agora.xtec.cat\/ceip-mitja-costa\/wp-json\/wp\/v2\/pages\/84\/revisions\/2975"}],"wp:attachment":[{"href":"https:\/\/agora.xtec.cat\/ceip-mitja-costa\/wp-json\/wp\/v2\/media?parent=84"}],"curies":[{"name":"wp","href":"https:\/\/api.w.org\/{rel}","templated":true}]}}