{"id":7795,"date":"2025-10-21T18:36:59","date_gmt":"2025-10-21T16:36:59","guid":{"rendered":"https:\/\/agora.xtec.cat\/ceip-mitja-costa\/?page_id=7795"},"modified":"2025-10-22T18:59:13","modified_gmt":"2025-10-22T16:59:13","slug":"projectes-de-democracia","status":"publish","type":"page","link":"https:\/\/agora.xtec.cat\/ceip-mitja-costa\/projectes\/projectes-de-democracia\/","title":{"rendered":"Projectes de participaci\u00f3"},"content":{"rendered":"<p style=\"text-align: justify;\" data-start=\"293\" data-end=\"525\">A la nostra escola fomentem la participaci\u00f3 activa i el comprom\u00eds dels infants en la vida del centre i del municipi. Creiem que educar en la democr\u00e0cia vol dir donar-los espais reals per expressar-se, proposar i prendre decisions.<\/p>\n<ul style=\"text-align: justify;\" data-start=\"527\" data-end=\"1031\">\n<li data-start=\"527\" data-end=\"725\">\n<p data-start=\"529\" data-end=\"725\"><strong data-start=\"529\" data-end=\"563\">Delegats i delegades de classe<\/strong>, representants escollits per cada grup, que canalitzen les opinions, inquietuds i propostes dels companys per millorar la conviv\u00e8ncia i la din\u00e0mica del centre.<\/p>\n<\/li>\n<li data-start=\"726\" data-end=\"1031\">\n<p data-start=\"728\" data-end=\"1031\"><strong data-start=\"728\" data-end=\"770\">Consell d\u2019Infants de Montcada i Reixac<\/strong>, un \u00f2rgan municipal de participaci\u00f3 en qu\u00e8 hi prenen part alumnes de 5\u00e8 i 6\u00e8 de les escoles del municipi. Els nostres representants hi comparteixen idees i projectes per millorar el poble, fent sentir la veu dels infants en temes que els afecten directament.<\/p>\n<\/li>\n<\/ul>\n<p style=\"text-align: justify;\" data-start=\"1033\" data-end=\"1225\">Amb aquests dos espais, els nens i nenes aprenen a escoltar, dialogar, arribar a acords i implicar-se activament en la construcci\u00f3 d\u2019una escola i una comunitat m\u00e9s participatives i inclusives.<\/p>\n","protected":false},"excerpt":{"rendered":"<p>A la nostra escola fomentem la participaci\u00f3 activa i el comprom\u00eds dels infants en la vida del centre i del municipi. Creiem que educar en la democr\u00e0cia vol dir donar-los espais reals per expressar-se, proposar i prendre decisions. Delegats i delegades de classe, representants escollits per cada grup, que canalitzen les opinions, inquietuds i propostes [&hellip;]<\/p>\n","protected":false},"author":33,"featured_media":0,"parent":3012,"menu_order":15,"comment_status":"closed","ping_status":"closed","template":"","meta":{"_bbp_topic_count":0,"_bbp_reply_count":0,"_bbp_total_topic_count":0,"_bbp_total_reply_count":0,"_bbp_voice_count":0,"_bbp_anonymous_reply_count":0,"_bbp_topic_count_hidden":0,"_bbp_reply_count_hidden":0,"_bbp_forum_subforum_count":0,"site-sidebar-layout":"default","site-content-layout":"","ast-site-content-layout":"default","site-content-style":"default","site-sidebar-style":"default","ast-global-header-display":"","ast-banner-title-visibility":"","ast-main-header-display":"","ast-hfb-above-header-display":"","ast-hfb-below-header-display":"","ast-hfb-mobile-header-display":"","site-post-title":"","ast-breadcrumbs-content":"","ast-featured-img":"","footer-sml-layout":"","theme-transparent-header-meta":"default","adv-header-id-meta":"","stick-header-meta":"","header-above-stick-meta":"","header-main-stick-meta":"","header-below-stick-meta":"","astra-migrate-meta-layouts":"set","ast-page-background-enabled":"default","ast-page-background-meta":{"desktop":{"background-color":"var(--ast-global-color-4)","background-image":"","background-repeat":"repeat","background-position":"center center","background-size":"auto","background-attachment":"scroll","background-type":"","background-media":"","overlay-type":"","overlay-color":"","overlay-opacity":"","overlay-gradient":""},"tablet":{"background-color":"","background-image":"","background-repeat":"repeat","background-position":"center center","background-size":"auto","background-attachment":"scroll","background-type":"","background-media":"","overlay-type":"","overlay-color":"","overlay-opacity":"","overlay-gradient":""},"mobile":{"background-color":"","background-image":"","background-repeat":"repeat","background-position":"center center","background-size":"auto","background-attachment":"scroll","background-type":"","background-media":"","overlay-type":"","overlay-color":"","overlay-opacity":"","overlay-gradient":""}},"ast-content-background-meta":{"desktop":{"background-color":"var(--ast-global-color-5)","background-image":"","background-repeat":"repeat","background-position":"center center","background-size":"auto","background-attachment":"scroll","background-type":"","background-media":"","overlay-type":"","overlay-color":"","overlay-opacity":"","overlay-gradient":""},"tablet":{"background-color":"var(--ast-global-color-5)","background-image":"","background-repeat":"repeat","background-position":"center center","background-size":"auto","background-attachment":"scroll","background-type":"","background-media":"","overlay-type":"","overlay-color":"","overlay-opacity":"","overlay-gradient":""},"mobile":{"background-color":"var(--ast-global-color-5)","background-image":"","background-repeat":"repeat","background-position":"center center","background-size":"auto","background-attachment":"scroll","background-type":"","background-media":"","overlay-type":"","overlay-color":"","overlay-opacity":"","overlay-gradient":""}},"footnotes":""},"class_list":["post-7795","page","type-page","status-publish","hentry"],"post_mailing_queue_ids":[],"_links":{"self":[{"href":"https:\/\/agora.xtec.cat\/ceip-mitja-costa\/wp-json\/wp\/v2\/pages\/7795","targetHints":{"allow":["GET"]}}],"collection":[{"href":"https:\/\/agora.xtec.cat\/ceip-mitja-costa\/wp-json\/wp\/v2\/pages"}],"about":[{"href":"https:\/\/agora.xtec.cat\/ceip-mitja-costa\/wp-json\/wp\/v2\/types\/page"}],"author":[{"embeddable":true,"href":"https:\/\/agora.xtec.cat\/ceip-mitja-costa\/wp-json\/wp\/v2\/users\/33"}],"replies":[{"embeddable":true,"href":"https:\/\/agora.xtec.cat\/ceip-mitja-costa\/wp-json\/wp\/v2\/comments?post=7795"}],"version-history":[{"count":2,"href":"https:\/\/agora.xtec.cat\/ceip-mitja-costa\/wp-json\/wp\/v2\/pages\/7795\/revisions"}],"predecessor-version":[{"id":7831,"href":"https:\/\/agora.xtec.cat\/ceip-mitja-costa\/wp-json\/wp\/v2\/pages\/7795\/revisions\/7831"}],"up":[{"embeddable":true,"href":"https:\/\/agora.xtec.cat\/ceip-mitja-costa\/wp-json\/wp\/v2\/pages\/3012"}],"wp:attachment":[{"href":"https:\/\/agora.xtec.cat\/ceip-mitja-costa\/wp-json\/wp\/v2\/media?parent=7795"}],"curies":[{"name":"wp","href":"https:\/\/api.w.org\/{rel}","templated":true}]}}