{"id":7788,"date":"2025-10-21T18:22:34","date_gmt":"2025-10-21T16:22:34","guid":{"rendered":"https:\/\/agora.xtec.cat\/ceip-mitja-costa\/?page_id=7788"},"modified":"2025-10-21T18:22:34","modified_gmt":"2025-10-21T16:22:34","slug":"projectes-de-benestar-emocional","status":"publish","type":"page","link":"https:\/\/agora.xtec.cat\/ceip-mitja-costa\/projectes\/projectes-de-benestar-emocional\/","title":{"rendered":"Projectes de benestar emocional"},"content":{"rendered":"<p style=\"text-align: justify;\" data-start=\"168\" data-end=\"432\">A la nostra escola donem un valor especial al benestar emocional com a base per a l\u2019aprenentatge i la conviv\u00e8ncia. Acompanyem l\u2019alumnat en el desenvolupament personal i social a trav\u00e9s de projectes que promouen l\u2019autoconeixement, l\u2019empatia i la gesti\u00f3 emocional.<\/p>\n<p data-start=\"168\" data-end=\"432\"><img decoding=\"async\" class=\"size-large wp-image-7789 alignright\" src=\"https:\/\/agora.xtec.cat\/ceip-mitja-costa\/wp-content\/uploads\/usu1458\/2025\/10\/3757673-1024x1024.jpg\" alt=\"\" width=\"250\u201dheight=\" srcset=\"https:\/\/agora.xtec.cat\/ceip-mitja-costa\/wp-content\/uploads\/usu1458\/2025\/10\/3757673-1024x1024.jpg 1024w, https:\/\/agora.xtec.cat\/ceip-mitja-costa\/wp-content\/uploads\/usu1458\/2025\/10\/3757673-500x500.jpg 500w, https:\/\/agora.xtec.cat\/ceip-mitja-costa\/wp-content\/uploads\/usu1458\/2025\/10\/3757673-150x150.jpg 150w, https:\/\/agora.xtec.cat\/ceip-mitja-costa\/wp-content\/uploads\/usu1458\/2025\/10\/3757673-768x768.jpg 768w, https:\/\/agora.xtec.cat\/ceip-mitja-costa\/wp-content\/uploads\/usu1458\/2025\/10\/3757673-1536x1536.jpg 1536w, https:\/\/agora.xtec.cat\/ceip-mitja-costa\/wp-content\/uploads\/usu1458\/2025\/10\/3757673.jpg 2000w\" sizes=\"(max-width: 1024px) 100vw, 1024px\" \/><\/p>\n<ul style=\"text-align: justify;\" data-start=\"434\" data-end=\"794\">\n<li data-start=\"434\" data-end=\"587\">\n<p data-start=\"436\" data-end=\"587\"><strong data-start=\"436\" data-end=\"445\">Komt\u00fc<\/strong>, un programa que ofereix eines per identificar i expressar les emocions, fomentar l\u2019autoestima i enfortir els vincles dins del grup classe.<\/p>\n<\/li>\n<li data-start=\"588\" data-end=\"794\">\n<p data-start=\"590\" data-end=\"794\"><strong data-start=\"590\" data-end=\"603\">Escolta\u2019m<\/strong>, un espai d\u2019acompanyament individual i de suport emocional que ajuda l\u2019alumne a sentir-se escoltat, valorat i compr\u00e8s, afavorint el seu creixement personal i el seu benestar dins l\u2019escola.<\/p>\n<\/li>\n<\/ul>\n<p style=\"text-align: justify;\" data-start=\"796\" data-end=\"957\">Aquests projectes formen part del nostre comprom\u00eds per crear un entorn educatiu acollidor, positiu i respectu\u00f3s, on cada infant pugui cr\u00e9ixer de manera integral.<\/p>\n","protected":false},"excerpt":{"rendered":"<p>A la nostra escola donem un valor especial al benestar emocional com a base per a l\u2019aprenentatge i la conviv\u00e8ncia. Acompanyem l\u2019alumnat en el desenvolupament personal i social a trav\u00e9s de projectes que promouen l\u2019autoconeixement, l\u2019empatia i la gesti\u00f3 emocional. Komt\u00fc, un programa que ofereix eines per identificar i expressar les emocions, fomentar l\u2019autoestima i [&hellip;]<\/p>\n","protected":false},"author":33,"featured_media":0,"parent":3012,"menu_order":10,"comment_status":"closed","ping_status":"closed","template":"","meta":{"_bbp_topic_count":0,"_bbp_reply_count":0,"_bbp_total_topic_count":0,"_bbp_total_reply_count":0,"_bbp_voice_count":0,"_bbp_anonymous_reply_count":0,"_bbp_topic_count_hidden":0,"_bbp_reply_count_hidden":0,"_bbp_forum_subforum_count":0,"site-sidebar-layout":"default","site-content-layout":"","ast-site-content-layout":"default","site-content-style":"default","site-sidebar-style":"default","ast-global-header-display":"","ast-banner-title-visibility":"","ast-main-header-display":"","ast-hfb-above-header-display":"","ast-hfb-below-header-display":"","ast-hfb-mobile-header-display":"","site-post-title":"","ast-breadcrumbs-content":"","ast-featured-img":"","footer-sml-layout":"","theme-transparent-header-meta":"default","adv-header-id-meta":"","stick-header-meta":"","header-above-stick-meta":"","header-main-stick-meta":"","header-below-stick-meta":"","astra-migrate-meta-layouts":"set","ast-page-background-enabled":"default","ast-page-background-meta":{"desktop":{"background-color":"var(--ast-global-color-4)","background-image":"","background-repeat":"repeat","background-position":"center center","background-size":"auto","background-attachment":"scroll","background-type":"","background-media":"","overlay-type":"","overlay-color":"","overlay-opacity":"","overlay-gradient":""},"tablet":{"background-color":"","background-image":"","background-repeat":"repeat","background-position":"center center","background-size":"auto","background-attachment":"scroll","background-type":"","background-media":"","overlay-type":"","overlay-color":"","overlay-opacity":"","overlay-gradient":""},"mobile":{"background-color":"","background-image":"","background-repeat":"repeat","background-position":"center center","background-size":"auto","background-attachment":"scroll","background-type":"","background-media":"","overlay-type":"","overlay-color":"","overlay-opacity":"","overlay-gradient":""}},"ast-content-background-meta":{"desktop":{"background-color":"var(--ast-global-color-5)","background-image":"","background-repeat":"repeat","background-position":"center center","background-size":"auto","background-attachment":"scroll","background-type":"","background-media":"","overlay-type":"","overlay-color":"","overlay-opacity":"","overlay-gradient":""},"tablet":{"background-color":"var(--ast-global-color-5)","background-image":"","background-repeat":"repeat","background-position":"center center","background-size":"auto","background-attachment":"scroll","background-type":"","background-media":"","overlay-type":"","overlay-color":"","overlay-opacity":"","overlay-gradient":""},"mobile":{"background-color":"var(--ast-global-color-5)","background-image":"","background-repeat":"repeat","background-position":"center center","background-size":"auto","background-attachment":"scroll","background-type":"","background-media":"","overlay-type":"","overlay-color":"","overlay-opacity":"","overlay-gradient":""}},"footnotes":""},"class_list":["post-7788","page","type-page","status-publish","hentry"],"post_mailing_queue_ids":[],"_links":{"self":[{"href":"https:\/\/agora.xtec.cat\/ceip-mitja-costa\/wp-json\/wp\/v2\/pages\/7788","targetHints":{"allow":["GET"]}}],"collection":[{"href":"https:\/\/agora.xtec.cat\/ceip-mitja-costa\/wp-json\/wp\/v2\/pages"}],"about":[{"href":"https:\/\/agora.xtec.cat\/ceip-mitja-costa\/wp-json\/wp\/v2\/types\/page"}],"author":[{"embeddable":true,"href":"https:\/\/agora.xtec.cat\/ceip-mitja-costa\/wp-json\/wp\/v2\/users\/33"}],"replies":[{"embeddable":true,"href":"https:\/\/agora.xtec.cat\/ceip-mitja-costa\/wp-json\/wp\/v2\/comments?post=7788"}],"version-history":[{"count":1,"href":"https:\/\/agora.xtec.cat\/ceip-mitja-costa\/wp-json\/wp\/v2\/pages\/7788\/revisions"}],"predecessor-version":[{"id":7790,"href":"https:\/\/agora.xtec.cat\/ceip-mitja-costa\/wp-json\/wp\/v2\/pages\/7788\/revisions\/7790"}],"up":[{"embeddable":true,"href":"https:\/\/agora.xtec.cat\/ceip-mitja-costa\/wp-json\/wp\/v2\/pages\/3012"}],"wp:attachment":[{"href":"https:\/\/agora.xtec.cat\/ceip-mitja-costa\/wp-json\/wp\/v2\/media?parent=7788"}],"curies":[{"name":"wp","href":"https:\/\/api.w.org\/{rel}","templated":true}]}}