{"id":7783,"date":"2025-10-21T18:10:55","date_gmt":"2025-10-21T16:10:55","guid":{"rendered":"https:\/\/agora.xtec.cat\/ceip-mitja-costa\/?page_id=7783"},"modified":"2025-10-23T20:25:33","modified_gmt":"2025-10-23T18:25:33","slug":"projectes-de-larea-steam","status":"publish","type":"page","link":"https:\/\/agora.xtec.cat\/ceip-mitja-costa\/projectes\/projectes-de-larea-steam\/","title":{"rendered":"Projectes STEAM"},"content":{"rendered":"<p style=\"text-align: justify;\" data-start=\"157\" data-end=\"437\">A l\u2019\u00e0rea STEAM (Ci\u00e8ncia, Tecnologia, Enginyeria, Art i Matem\u00e0tiques) potenciem el pensament cr\u00edtic, la creativitat i la resoluci\u00f3 de problemes mitjan\u00e7ant experi\u00e8ncies pr\u00e0ctiques i motivadores. Aquests s\u00f3n alguns dels projectes que formen part del nostre treball en aquest \u00e0mbit:<\/p>\n<ul style=\"text-align: justify;\" data-start=\"439\" data-end=\"961\">\n<li data-start=\"439\" data-end=\"611\">\n<p data-start=\"441\" data-end=\"611\"><strong data-start=\"441\" data-end=\"454\">Innovamat<\/strong>, una proposta din\u00e0mica i competencial que promou l\u2019aprenentatge de les matem\u00e0tiques a trav\u00e9s del raonament, la manipulaci\u00f3 i la resoluci\u00f3 de reptes reals.<\/p>\n<\/li>\n<li data-start=\"612\" data-end=\"783\">\n<p data-start=\"614\" data-end=\"783\"><strong data-start=\"614\" data-end=\"623\">PCMAT<\/strong>, un programa que refor\u00e7a la compet\u00e8ncia matem\u00e0tica i el pensament l\u00f2gic, ajudant l\u2019alumnat a aplicar els seus coneixements en situacions quotidianes i reals.<\/p>\n<\/li>\n<li data-start=\"784\" data-end=\"961\">\n<p data-start=\"786\" data-end=\"961\"><strong data-start=\"786\" data-end=\"808\">Rob\u00f2tica educativa<\/strong>, que introdueix els infants en el m\u00f3n de la programaci\u00f3, la tecnologia i la cooperaci\u00f3, tot fomentant la creativitat i la capacitat de treball en equip.<\/p>\n<\/li>\n<\/ul>\n<p style=\"text-align: justify;\" data-start=\"963\" data-end=\"1133\">Amb aquests projectes, volem despertar la curiositat cient\u00edfica i tecnol\u00f2gica dels nostres alumnes i oferir-los eines per comprendre i transformar el m\u00f3n que els envolta.<\/p>\n<p data-start=\"963\" data-end=\"1133\"><img loading=\"lazy\" decoding=\"async\" class=\"alignnone size-full wp-image-7784\" src=\"https:\/\/agora.xtec.cat\/ceip-mitja-costa\/wp-content\/uploads\/usu1458\/2025\/10\/IMG_0024.png\" alt=\"\" width=\"800\" height=\"580\" srcset=\"https:\/\/agora.xtec.cat\/ceip-mitja-costa\/wp-content\/uploads\/usu1458\/2025\/10\/IMG_0024.png 800w, https:\/\/agora.xtec.cat\/ceip-mitja-costa\/wp-content\/uploads\/usu1458\/2025\/10\/IMG_0024-500x363.png 500w, https:\/\/agora.xtec.cat\/ceip-mitja-costa\/wp-content\/uploads\/usu1458\/2025\/10\/IMG_0024-768x557.png 768w\" sizes=\"auto, (max-width: 800px) 100vw, 800px\" \/><\/p>\n","protected":false},"excerpt":{"rendered":"<p>A l\u2019\u00e0rea STEAM (Ci\u00e8ncia, Tecnologia, Enginyeria, Art i Matem\u00e0tiques) potenciem el pensament cr\u00edtic, la creativitat i la resoluci\u00f3 de problemes mitjan\u00e7ant experi\u00e8ncies pr\u00e0ctiques i motivadores. Aquests s\u00f3n alguns dels projectes que formen part del nostre treball en aquest \u00e0mbit: Innovamat, una proposta din\u00e0mica i competencial que promou l\u2019aprenentatge de les matem\u00e0tiques a trav\u00e9s del raonament, [&hellip;]<\/p>\n","protected":false},"author":33,"featured_media":0,"parent":3012,"menu_order":0,"comment_status":"closed","ping_status":"closed","template":"","meta":{"_bbp_topic_count":0,"_bbp_reply_count":0,"_bbp_total_topic_count":0,"_bbp_total_reply_count":0,"_bbp_voice_count":0,"_bbp_anonymous_reply_count":0,"_bbp_topic_count_hidden":0,"_bbp_reply_count_hidden":0,"_bbp_forum_subforum_count":0,"site-sidebar-layout":"default","site-content-layout":"","ast-site-content-layout":"default","site-content-style":"default","site-sidebar-style":"default","ast-global-header-display":"","ast-banner-title-visibility":"","ast-main-header-display":"","ast-hfb-above-header-display":"","ast-hfb-below-header-display":"","ast-hfb-mobile-header-display":"","site-post-title":"","ast-breadcrumbs-content":"","ast-featured-img":"","footer-sml-layout":"","theme-transparent-header-meta":"default","adv-header-id-meta":"","stick-header-meta":"","header-above-stick-meta":"","header-main-stick-meta":"","header-below-stick-meta":"","astra-migrate-meta-layouts":"set","ast-page-background-enabled":"default","ast-page-background-meta":{"desktop":{"background-color":"var(--ast-global-color-4)","background-image":"","background-repeat":"repeat","background-position":"center center","background-size":"auto","background-attachment":"scroll","background-type":"","background-media":"","overlay-type":"","overlay-color":"","overlay-opacity":"","overlay-gradient":""},"tablet":{"background-color":"","background-image":"","background-repeat":"repeat","background-position":"center center","background-size":"auto","background-attachment":"scroll","background-type":"","background-media":"","overlay-type":"","overlay-color":"","overlay-opacity":"","overlay-gradient":""},"mobile":{"background-color":"","background-image":"","background-repeat":"repeat","background-position":"center center","background-size":"auto","background-attachment":"scroll","background-type":"","background-media":"","overlay-type":"","overlay-color":"","overlay-opacity":"","overlay-gradient":""}},"ast-content-background-meta":{"desktop":{"background-color":"var(--ast-global-color-5)","background-image":"","background-repeat":"repeat","background-position":"center center","background-size":"auto","background-attachment":"scroll","background-type":"","background-media":"","overlay-type":"","overlay-color":"","overlay-opacity":"","overlay-gradient":""},"tablet":{"background-color":"var(--ast-global-color-5)","background-image":"","background-repeat":"repeat","background-position":"center center","background-size":"auto","background-attachment":"scroll","background-type":"","background-media":"","overlay-type":"","overlay-color":"","overlay-opacity":"","overlay-gradient":""},"mobile":{"background-color":"var(--ast-global-color-5)","background-image":"","background-repeat":"repeat","background-position":"center center","background-size":"auto","background-attachment":"scroll","background-type":"","background-media":"","overlay-type":"","overlay-color":"","overlay-opacity":"","overlay-gradient":""}},"footnotes":""},"class_list":["post-7783","page","type-page","status-publish","hentry"],"post_mailing_queue_ids":[],"_links":{"self":[{"href":"https:\/\/agora.xtec.cat\/ceip-mitja-costa\/wp-json\/wp\/v2\/pages\/7783","targetHints":{"allow":["GET"]}}],"collection":[{"href":"https:\/\/agora.xtec.cat\/ceip-mitja-costa\/wp-json\/wp\/v2\/pages"}],"about":[{"href":"https:\/\/agora.xtec.cat\/ceip-mitja-costa\/wp-json\/wp\/v2\/types\/page"}],"author":[{"embeddable":true,"href":"https:\/\/agora.xtec.cat\/ceip-mitja-costa\/wp-json\/wp\/v2\/users\/33"}],"replies":[{"embeddable":true,"href":"https:\/\/agora.xtec.cat\/ceip-mitja-costa\/wp-json\/wp\/v2\/comments?post=7783"}],"version-history":[{"count":2,"href":"https:\/\/agora.xtec.cat\/ceip-mitja-costa\/wp-json\/wp\/v2\/pages\/7783\/revisions"}],"predecessor-version":[{"id":7866,"href":"https:\/\/agora.xtec.cat\/ceip-mitja-costa\/wp-json\/wp\/v2\/pages\/7783\/revisions\/7866"}],"up":[{"embeddable":true,"href":"https:\/\/agora.xtec.cat\/ceip-mitja-costa\/wp-json\/wp\/v2\/pages\/3012"}],"wp:attachment":[{"href":"https:\/\/agora.xtec.cat\/ceip-mitja-costa\/wp-json\/wp\/v2\/media?parent=7783"}],"curies":[{"name":"wp","href":"https:\/\/api.w.org\/{rel}","templated":true}]}}