{"id":7778,"date":"2025-10-21T16:22:16","date_gmt":"2025-10-21T14:22:16","guid":{"rendered":"https:\/\/agora.xtec.cat\/ceip-mitja-costa\/?page_id=7778"},"modified":"2025-10-23T20:25:02","modified_gmt":"2025-10-23T18:25:02","slug":"projectes-de-larea-de-llengua","status":"publish","type":"page","link":"https:\/\/agora.xtec.cat\/ceip-mitja-costa\/projectes\/projectes-de-larea-de-llengua\/","title":{"rendered":"Projectes de l\u2019\u00e0mbit de llengua"},"content":{"rendered":"<p style=\"text-align: justify;\" data-start=\"117\" data-end=\"340\">A l\u2019escola, treballem l\u2019\u00e0rea de llengua a partir de diferents projectes que fomenten la comunicaci\u00f3, la creativitat i el gust per aprendre. En aquest espai trobareu els projectes que donen vida al nostre treball ling\u00fc\u00edstic:<\/p>\n<ul style=\"text-align: justify;\" data-start=\"342\" data-end=\"871\">\n<li data-start=\"342\" data-end=\"429\">\n<p data-start=\"344\" data-end=\"429\"><strong data-start=\"344\" data-end=\"370\">El gust per la lectura<\/strong>, per despertar el plaer de llegir i compartir hist\u00f2ries.<\/p>\n<\/li>\n<li data-start=\"430\" data-end=\"549\">\n<p data-start=\"432\" data-end=\"549\"><strong data-start=\"432\" data-end=\"457\">L\u2019Apadrinament lector<\/strong>, que uneix alumnes grans i petits en una experi\u00e8ncia de lectura compartida i enriquidora.<\/p>\n<\/li>\n<li data-start=\"550\" data-end=\"698\">\n<p data-start=\"552\" data-end=\"698\"><strong data-start=\"552\" data-end=\"578\">L\u2019auxiliar de conversa<\/strong>, que ens ajuda a millorar la compet\u00e8ncia oral en llengua estrangera mitjan\u00e7ant la interacci\u00f3 natural i significativa.<\/p>\n<\/li>\n<li data-start=\"699\" data-end=\"871\">\n<p data-start=\"701\" data-end=\"871\"><strong data-start=\"701\" data-end=\"737\">El programa d\u2019educaci\u00f3 inclusiva<\/strong>, que garanteix que tots els infants tinguin les mateixes oportunitats per comunicar-se, expressar-se i aprendre des de la diversitat.<\/p>\n<\/li>\n<\/ul>\n<p style=\"text-align: justify;\" data-start=\"873\" data-end=\"1009\">Aquests projectes formen part del nostre comprom\u00eds per fer de la llengua una eina viva, participativa i inclusiva dins i fora de l\u2019aula.<\/p>\n<p data-start=\"873\" data-end=\"1009\"><img loading=\"lazy\" decoding=\"async\" class=\"alignnone size-large wp-image-7779\" src=\"https:\/\/agora.xtec.cat\/ceip-mitja-costa\/wp-content\/uploads\/usu1458\/2025\/10\/6719432-1024x1024.jpg\" alt=\"\" width=\"1024\" height=\"1024\" srcset=\"https:\/\/agora.xtec.cat\/ceip-mitja-costa\/wp-content\/uploads\/usu1458\/2025\/10\/6719432-1024x1024.jpg 1024w, https:\/\/agora.xtec.cat\/ceip-mitja-costa\/wp-content\/uploads\/usu1458\/2025\/10\/6719432-500x500.jpg 500w, https:\/\/agora.xtec.cat\/ceip-mitja-costa\/wp-content\/uploads\/usu1458\/2025\/10\/6719432-150x150.jpg 150w, https:\/\/agora.xtec.cat\/ceip-mitja-costa\/wp-content\/uploads\/usu1458\/2025\/10\/6719432-768x768.jpg 768w, https:\/\/agora.xtec.cat\/ceip-mitja-costa\/wp-content\/uploads\/usu1458\/2025\/10\/6719432-1536x1536.jpg 1536w, https:\/\/agora.xtec.cat\/ceip-mitja-costa\/wp-content\/uploads\/usu1458\/2025\/10\/6719432.jpg 2000w\" sizes=\"auto, (max-width: 1024px) 100vw, 1024px\" \/><\/p>\n","protected":false},"excerpt":{"rendered":"<p>A l\u2019escola, treballem l\u2019\u00e0rea de llengua a partir de diferents projectes que fomenten la comunicaci\u00f3, la creativitat i el gust per aprendre. En aquest espai trobareu els projectes que donen vida al nostre treball ling\u00fc\u00edstic: El gust per la lectura, per despertar el plaer de llegir i compartir hist\u00f2ries. L\u2019Apadrinament lector, que uneix alumnes grans [&hellip;]<\/p>\n","protected":false},"author":33,"featured_media":0,"parent":3012,"menu_order":0,"comment_status":"closed","ping_status":"closed","template":"","meta":{"_bbp_topic_count":0,"_bbp_reply_count":0,"_bbp_total_topic_count":0,"_bbp_total_reply_count":0,"_bbp_voice_count":0,"_bbp_anonymous_reply_count":0,"_bbp_topic_count_hidden":0,"_bbp_reply_count_hidden":0,"_bbp_forum_subforum_count":0,"site-sidebar-layout":"default","site-content-layout":"","ast-site-content-layout":"default","site-content-style":"default","site-sidebar-style":"default","ast-global-header-display":"","ast-banner-title-visibility":"","ast-main-header-display":"","ast-hfb-above-header-display":"","ast-hfb-below-header-display":"","ast-hfb-mobile-header-display":"","site-post-title":"","ast-breadcrumbs-content":"","ast-featured-img":"","footer-sml-layout":"","theme-transparent-header-meta":"default","adv-header-id-meta":"","stick-header-meta":"","header-above-stick-meta":"","header-main-stick-meta":"","header-below-stick-meta":"","astra-migrate-meta-layouts":"set","ast-page-background-enabled":"default","ast-page-background-meta":{"desktop":{"background-color":"var(--ast-global-color-4)","background-image":"","background-repeat":"repeat","background-position":"center center","background-size":"auto","background-attachment":"scroll","background-type":"","background-media":"","overlay-type":"","overlay-color":"","overlay-opacity":"","overlay-gradient":""},"tablet":{"background-color":"","background-image":"","background-repeat":"repeat","background-position":"center center","background-size":"auto","background-attachment":"scroll","background-type":"","background-media":"","overlay-type":"","overlay-color":"","overlay-opacity":"","overlay-gradient":""},"mobile":{"background-color":"","background-image":"","background-repeat":"repeat","background-position":"center center","background-size":"auto","background-attachment":"scroll","background-type":"","background-media":"","overlay-type":"","overlay-color":"","overlay-opacity":"","overlay-gradient":""}},"ast-content-background-meta":{"desktop":{"background-color":"var(--ast-global-color-5)","background-image":"","background-repeat":"repeat","background-position":"center center","background-size":"auto","background-attachment":"scroll","background-type":"","background-media":"","overlay-type":"","overlay-color":"","overlay-opacity":"","overlay-gradient":""},"tablet":{"background-color":"var(--ast-global-color-5)","background-image":"","background-repeat":"repeat","background-position":"center center","background-size":"auto","background-attachment":"scroll","background-type":"","background-media":"","overlay-type":"","overlay-color":"","overlay-opacity":"","overlay-gradient":""},"mobile":{"background-color":"var(--ast-global-color-5)","background-image":"","background-repeat":"repeat","background-position":"center center","background-size":"auto","background-attachment":"scroll","background-type":"","background-media":"","overlay-type":"","overlay-color":"","overlay-opacity":"","overlay-gradient":""}},"footnotes":""},"class_list":["post-7778","page","type-page","status-publish","hentry"],"post_mailing_queue_ids":[],"_links":{"self":[{"href":"https:\/\/agora.xtec.cat\/ceip-mitja-costa\/wp-json\/wp\/v2\/pages\/7778","targetHints":{"allow":["GET"]}}],"collection":[{"href":"https:\/\/agora.xtec.cat\/ceip-mitja-costa\/wp-json\/wp\/v2\/pages"}],"about":[{"href":"https:\/\/agora.xtec.cat\/ceip-mitja-costa\/wp-json\/wp\/v2\/types\/page"}],"author":[{"embeddable":true,"href":"https:\/\/agora.xtec.cat\/ceip-mitja-costa\/wp-json\/wp\/v2\/users\/33"}],"replies":[{"embeddable":true,"href":"https:\/\/agora.xtec.cat\/ceip-mitja-costa\/wp-json\/wp\/v2\/comments?post=7778"}],"version-history":[{"count":2,"href":"https:\/\/agora.xtec.cat\/ceip-mitja-costa\/wp-json\/wp\/v2\/pages\/7778\/revisions"}],"predecessor-version":[{"id":7865,"href":"https:\/\/agora.xtec.cat\/ceip-mitja-costa\/wp-json\/wp\/v2\/pages\/7778\/revisions\/7865"}],"up":[{"embeddable":true,"href":"https:\/\/agora.xtec.cat\/ceip-mitja-costa\/wp-json\/wp\/v2\/pages\/3012"}],"wp:attachment":[{"href":"https:\/\/agora.xtec.cat\/ceip-mitja-costa\/wp-json\/wp\/v2\/media?parent=7778"}],"curies":[{"name":"wp","href":"https:\/\/api.w.org\/{rel}","templated":true}]}}