{"id":7705,"date":"2025-10-13T20:48:15","date_gmt":"2025-10-13T18:48:15","guid":{"rendered":"https:\/\/agora.xtec.cat\/ceip-mitja-costa\/?page_id=7705"},"modified":"2025-10-14T07:32:55","modified_gmt":"2025-10-14T05:32:55","slug":"contacte","status":"publish","type":"page","link":"https:\/\/agora.xtec.cat\/ceip-mitja-costa\/lescola\/equip-huma\/contacte\/","title":{"rendered":"Contacte"},"content":{"rendered":"<h4><strong>Tel\u00e8fon:<\/strong><\/h4>\n<ul>\n<li><strong>Escola:<\/strong> 93 564 28 72<\/li>\n<li><strong>Menjador:<\/strong> 604163097<\/li>\n<li><strong>AFA:<\/strong> 618135357<\/li>\n<\/ul>\n<h4><strong>Adre\u00e7a:\u00a0<\/strong><\/h4>\n<p>Av. Terra Nostra, s\/n<\/p>\n<p>08110 &#8211; Montcada i Reixac<\/p>\n<h4><strong>Horari d&#8217;atenci\u00f3 oficina:\u00a0<\/strong><\/h4>\n<p>De dilluns a divendres de 9:00 a 13:30h.<\/p>\n<p>Tardes de dimarts a dijous de 15:00 a 16:30h.<\/p>\n<h4><strong>Horari d&#8217;atenci\u00f3 direcci\u00f3:<\/strong><\/h4>\n<p>Dijous de 15:00 a 16:00h. (Amb visita concertada)<\/p>\n<h4><strong>Adreces electr\u00f2niques:<\/strong><\/h4>\n<ul>\n<li><strong>Escola:<\/strong> a8021764@xtec.cat<\/li>\n<li><strong>AFA:<\/strong> <span class=\"a_GcMg font-feature-liga-off font-feature-clig-off font-feature-calt-off text-decoration-none text-strikethrough-none\">ampamitjacosta@gmail.com<\/span><\/li>\n<\/ul>\n<h4><strong>Adreces electr\u00f2niques grups:\u00a0<\/strong><\/h4>\n<ul>\n<li><strong>I3:<\/strong> grup2022@mitjacosta.cat<\/li>\n<li><strong>I4:<\/strong> grup2021@mitjacosta.cat<\/li>\n<li><strong>I5:<\/strong> grup2020@mitjacosta.cat<\/li>\n<li><strong>Primer:<\/strong> grup2019@mitjacosta.cat<\/li>\n<li><strong>Segon:<\/strong> grup2018<span class=\"\">@mitjacosta.cat<\/span><\/li>\n<li><strong>Tercer:<\/strong> grup2017<span class=\"\">@mitjacosta.cat<\/span><\/li>\n<li><strong>Quart:<\/strong> grup2016<span class=\"\">@mitjacosta.cat<\/span><\/li>\n<li><strong>Cinqu\u00e8:<\/strong>\u00a0grup2015@mitjacosta.cat<\/li>\n<li><strong>Sis\u00e8:<\/strong>\u00a0grup2014<span class=\"\">@mitjacosta.cat<\/span><\/li>\n<\/ul>\n<h4><strong>Altres contactes:\u00a0<\/strong><\/h4>\n<ul>\n<li><strong>Angl\u00e8s:<\/strong> angles<span class=\"\">@mitjacosta.cat<\/span><\/li>\n<li><strong>M\u00fasica:<\/strong> musica<span class=\"\"><span class=\"\">@mitjacosta.cat<\/span><\/span><\/li>\n<\/ul>\n","protected":false},"excerpt":{"rendered":"<p>Tel\u00e8fon: Escola: 93 564 28 72 Menjador: 604163097 AFA: 618135357 Adre\u00e7a:\u00a0 Av. Terra Nostra, s\/n 08110 &#8211; Montcada i Reixac Horari d&#8217;atenci\u00f3 oficina:\u00a0 De dilluns a divendres de 9:00 a 13:30h. Tardes de dimarts a dijous de 15:00 a 16:30h. Horari d&#8217;atenci\u00f3 direcci\u00f3: Dijous de 15:00 a 16:00h. (Amb visita concertada) Adreces electr\u00f2niques: Escola: a8021764@xtec.cat [&hellip;]<\/p>\n","protected":false},"author":33,"featured_media":0,"parent":5294,"menu_order":0,"comment_status":"closed","ping_status":"closed","template":"","meta":{"_bbp_topic_count":0,"_bbp_reply_count":0,"_bbp_total_topic_count":0,"_bbp_total_reply_count":0,"_bbp_voice_count":0,"_bbp_anonymous_reply_count":0,"_bbp_topic_count_hidden":0,"_bbp_reply_count_hidden":0,"_bbp_forum_subforum_count":0,"site-sidebar-layout":"default","site-content-layout":"","ast-site-content-layout":"default","site-content-style":"default","site-sidebar-style":"default","ast-global-header-display":"","ast-banner-title-visibility":"","ast-main-header-display":"","ast-hfb-above-header-display":"","ast-hfb-below-header-display":"","ast-hfb-mobile-header-display":"","site-post-title":"","ast-breadcrumbs-content":"","ast-featured-img":"","footer-sml-layout":"","theme-transparent-header-meta":"default","adv-header-id-meta":"","stick-header-meta":"","header-above-stick-meta":"","header-main-stick-meta":"","header-below-stick-meta":"","astra-migrate-meta-layouts":"set","ast-page-background-enabled":"default","ast-page-background-meta":{"desktop":{"background-color":"var(--ast-global-color-4)","background-image":"","background-repeat":"repeat","background-position":"center center","background-size":"auto","background-attachment":"scroll","background-type":"","background-media":"","overlay-type":"","overlay-color":"","overlay-opacity":"","overlay-gradient":""},"tablet":{"background-color":"","background-image":"","background-repeat":"repeat","background-position":"center center","background-size":"auto","background-attachment":"scroll","background-type":"","background-media":"","overlay-type":"","overlay-color":"","overlay-opacity":"","overlay-gradient":""},"mobile":{"background-color":"","background-image":"","background-repeat":"repeat","background-position":"center center","background-size":"auto","background-attachment":"scroll","background-type":"","background-media":"","overlay-type":"","overlay-color":"","overlay-opacity":"","overlay-gradient":""}},"ast-content-background-meta":{"desktop":{"background-color":"var(--ast-global-color-5)","background-image":"","background-repeat":"repeat","background-position":"center center","background-size":"auto","background-attachment":"scroll","background-type":"","background-media":"","overlay-type":"","overlay-color":"","overlay-opacity":"","overlay-gradient":""},"tablet":{"background-color":"var(--ast-global-color-5)","background-image":"","background-repeat":"repeat","background-position":"center center","background-size":"auto","background-attachment":"scroll","background-type":"","background-media":"","overlay-type":"","overlay-color":"","overlay-opacity":"","overlay-gradient":""},"mobile":{"background-color":"var(--ast-global-color-5)","background-image":"","background-repeat":"repeat","background-position":"center center","background-size":"auto","background-attachment":"scroll","background-type":"","background-media":"","overlay-type":"","overlay-color":"","overlay-opacity":"","overlay-gradient":""}},"footnotes":""},"class_list":["post-7705","page","type-page","status-publish","hentry"],"post_mailing_queue_ids":[],"_links":{"self":[{"href":"https:\/\/agora.xtec.cat\/ceip-mitja-costa\/wp-json\/wp\/v2\/pages\/7705","targetHints":{"allow":["GET"]}}],"collection":[{"href":"https:\/\/agora.xtec.cat\/ceip-mitja-costa\/wp-json\/wp\/v2\/pages"}],"about":[{"href":"https:\/\/agora.xtec.cat\/ceip-mitja-costa\/wp-json\/wp\/v2\/types\/page"}],"author":[{"embeddable":true,"href":"https:\/\/agora.xtec.cat\/ceip-mitja-costa\/wp-json\/wp\/v2\/users\/33"}],"replies":[{"embeddable":true,"href":"https:\/\/agora.xtec.cat\/ceip-mitja-costa\/wp-json\/wp\/v2\/comments?post=7705"}],"version-history":[{"count":2,"href":"https:\/\/agora.xtec.cat\/ceip-mitja-costa\/wp-json\/wp\/v2\/pages\/7705\/revisions"}],"predecessor-version":[{"id":7709,"href":"https:\/\/agora.xtec.cat\/ceip-mitja-costa\/wp-json\/wp\/v2\/pages\/7705\/revisions\/7709"}],"up":[{"embeddable":true,"href":"https:\/\/agora.xtec.cat\/ceip-mitja-costa\/wp-json\/wp\/v2\/pages\/5294"}],"wp:attachment":[{"href":"https:\/\/agora.xtec.cat\/ceip-mitja-costa\/wp-json\/wp\/v2\/media?parent=7705"}],"curies":[{"name":"wp","href":"https:\/\/api.w.org\/{rel}","templated":true}]}}