{"id":7671,"date":"2025-09-26T19:02:42","date_gmt":"2025-09-26T17:02:42","guid":{"rendered":"https:\/\/agora.xtec.cat\/ceip-mitja-costa\/?page_id=7671"},"modified":"2025-10-21T18:04:27","modified_gmt":"2025-10-21T16:04:27","slug":"programa-deducacio-inclusiva-pctei","status":"publish","type":"page","link":"https:\/\/agora.xtec.cat\/ceip-mitja-costa\/projectes\/projectes-de-larea-de-llengua\/programa-deducacio-inclusiva-pctei\/","title":{"rendered":"Programa d\u2019Educaci\u00f3 Inclusiva (PCTEI)"},"content":{"rendered":"<p data-start=\"180\" data-end=\"394\">A la nostra escola volem que <strong data-start=\"209\" data-end=\"284\">tots els infants tinguin les mateixes oportunitats d\u2019aprendre i cr\u00e9ixer<\/strong>. Per aix\u00f2 aquest curs participem en el <strong data-start=\"324\" data-end=\"391\">Programa de Cooperaci\u00f3 Territorial d\u2019Educaci\u00f3 Inclusiva (PCTEI)<\/strong>.<\/p>\n<p data-start=\"396\" data-end=\"444\">Aquest programa t\u00e9 dues finalitats principals:<\/p>\n<ul data-start=\"445\" data-end=\"728\">\n<li data-start=\"445\" data-end=\"577\">\n<p data-start=\"447\" data-end=\"577\"><strong data-start=\"447\" data-end=\"499\">Ajudar els infants amb dificultats de llenguatge<\/strong> a trav\u00e9s d\u2019activitats d\u2019estimulaci\u00f3 a l\u2019escola, a casa i en altres entorns.<\/p>\n<\/li>\n<li data-start=\"578\" data-end=\"728\">\n<p data-start=\"580\" data-end=\"728\"><strong data-start=\"580\" data-end=\"613\">Detectar de manera primerenca<\/strong> possibles dificultats d\u2019aprenentatge o de comunicaci\u00f3 per poder donar el suport necessari al m\u00e9s aviat possible.<\/p>\n<\/li>\n<\/ul>\n<p data-start=\"730\" data-end=\"964\">A m\u00e9s, el PCTEI vol garantir que l\u2019alumnat amb <strong data-start=\"777\" data-end=\"813\">necessitats educatives especials<\/strong> (per discapacitats, trastorns del desenvolupament o altres dificultats) tingui el <strong data-start=\"896\" data-end=\"914\">suport adequat<\/strong> i pugui participar plenament a la vida escolar.<\/p>\n<p data-start=\"966\" data-end=\"1097\">Per fer-ho possible, el programa compta amb <strong data-start=\"1010\" data-end=\"1047\">mestres especialistes addicionals<\/strong> que donaran suport a l\u2019escola i a les fam\u00edlies.<\/p>\n<p data-start=\"1099\" data-end=\"1203\">Aquest projecte est\u00e0 <strong data-start=\"1120\" data-end=\"1200\">cofinan\u00e7at pel Ministerio de Educaci\u00f3n i pel Fons Social Europeu Plus (FSE+)<\/strong>.<\/p>\n<p data-start=\"1205\" data-end=\"1309\">Amb el PCTEI, fem un pas m\u00e9s cap a una <strong data-start=\"1244\" data-end=\"1306\">escola inclusiva, oberta i compromesa amb tots els infants<\/strong>.<\/p>\n<p data-start=\"1205\" data-end=\"1309\"><img loading=\"lazy\" decoding=\"async\" class=\"alignnone size-large wp-image-7672 aligncenter\" src=\"https:\/\/agora.xtec.cat\/ceip-mitja-costa\/wp-content\/uploads\/usu1458\/2025\/09\/ChatGPT-Image-26-sept-2025-18_58_32-1-683x1024.png\" alt=\"\" width=\"683\" height=\"1024\" srcset=\"https:\/\/agora.xtec.cat\/ceip-mitja-costa\/wp-content\/uploads\/usu1458\/2025\/09\/ChatGPT-Image-26-sept-2025-18_58_32-1-683x1024.png 683w, https:\/\/agora.xtec.cat\/ceip-mitja-costa\/wp-content\/uploads\/usu1458\/2025\/09\/ChatGPT-Image-26-sept-2025-18_58_32-1-333x500.png 333w, https:\/\/agora.xtec.cat\/ceip-mitja-costa\/wp-content\/uploads\/usu1458\/2025\/09\/ChatGPT-Image-26-sept-2025-18_58_32-1-768x1152.png 768w, https:\/\/agora.xtec.cat\/ceip-mitja-costa\/wp-content\/uploads\/usu1458\/2025\/09\/ChatGPT-Image-26-sept-2025-18_58_32-1.png 1024w\" sizes=\"auto, (max-width: 683px) 100vw, 683px\" \/><\/p>\n","protected":false},"excerpt":{"rendered":"<p>A la nostra escola volem que tots els infants tinguin les mateixes oportunitats d\u2019aprendre i cr\u00e9ixer. Per aix\u00f2 aquest curs participem en el Programa de Cooperaci\u00f3 Territorial d\u2019Educaci\u00f3 Inclusiva (PCTEI). Aquest programa t\u00e9 dues finalitats principals: Ajudar els infants amb dificultats de llenguatge a trav\u00e9s d\u2019activitats d\u2019estimulaci\u00f3 a l\u2019escola, a casa i en altres entorns. [&hellip;]<\/p>\n","protected":false},"author":33,"featured_media":0,"parent":7778,"menu_order":15,"comment_status":"closed","ping_status":"closed","template":"","meta":{"_bbp_topic_count":0,"_bbp_reply_count":0,"_bbp_total_topic_count":0,"_bbp_total_reply_count":0,"_bbp_voice_count":0,"_bbp_anonymous_reply_count":0,"_bbp_topic_count_hidden":0,"_bbp_reply_count_hidden":0,"_bbp_forum_subforum_count":0,"site-sidebar-layout":"default","site-content-layout":"","ast-site-content-layout":"default","site-content-style":"default","site-sidebar-style":"default","ast-global-header-display":"","ast-banner-title-visibility":"","ast-main-header-display":"","ast-hfb-above-header-display":"","ast-hfb-below-header-display":"","ast-hfb-mobile-header-display":"","site-post-title":"","ast-breadcrumbs-content":"","ast-featured-img":"","footer-sml-layout":"","theme-transparent-header-meta":"default","adv-header-id-meta":"","stick-header-meta":"","header-above-stick-meta":"","header-main-stick-meta":"","header-below-stick-meta":"","astra-migrate-meta-layouts":"set","ast-page-background-enabled":"default","ast-page-background-meta":{"desktop":{"background-color":"var(--ast-global-color-4)","background-image":"","background-repeat":"repeat","background-position":"center center","background-size":"auto","background-attachment":"scroll","background-type":"","background-media":"","overlay-type":"","overlay-color":"","overlay-opacity":"","overlay-gradient":""},"tablet":{"background-color":"","background-image":"","background-repeat":"repeat","background-position":"center center","background-size":"auto","background-attachment":"scroll","background-type":"","background-media":"","overlay-type":"","overlay-color":"","overlay-opacity":"","overlay-gradient":""},"mobile":{"background-color":"","background-image":"","background-repeat":"repeat","background-position":"center center","background-size":"auto","background-attachment":"scroll","background-type":"","background-media":"","overlay-type":"","overlay-color":"","overlay-opacity":"","overlay-gradient":""}},"ast-content-background-meta":{"desktop":{"background-color":"var(--ast-global-color-5)","background-image":"","background-repeat":"repeat","background-position":"center center","background-size":"auto","background-attachment":"scroll","background-type":"","background-media":"","overlay-type":"","overlay-color":"","overlay-opacity":"","overlay-gradient":""},"tablet":{"background-color":"var(--ast-global-color-5)","background-image":"","background-repeat":"repeat","background-position":"center center","background-size":"auto","background-attachment":"scroll","background-type":"","background-media":"","overlay-type":"","overlay-color":"","overlay-opacity":"","overlay-gradient":""},"mobile":{"background-color":"var(--ast-global-color-5)","background-image":"","background-repeat":"repeat","background-position":"center center","background-size":"auto","background-attachment":"scroll","background-type":"","background-media":"","overlay-type":"","overlay-color":"","overlay-opacity":"","overlay-gradient":""}},"footnotes":""},"class_list":["post-7671","page","type-page","status-publish","hentry"],"post_mailing_queue_ids":[],"_links":{"self":[{"href":"https:\/\/agora.xtec.cat\/ceip-mitja-costa\/wp-json\/wp\/v2\/pages\/7671","targetHints":{"allow":["GET"]}}],"collection":[{"href":"https:\/\/agora.xtec.cat\/ceip-mitja-costa\/wp-json\/wp\/v2\/pages"}],"about":[{"href":"https:\/\/agora.xtec.cat\/ceip-mitja-costa\/wp-json\/wp\/v2\/types\/page"}],"author":[{"embeddable":true,"href":"https:\/\/agora.xtec.cat\/ceip-mitja-costa\/wp-json\/wp\/v2\/users\/33"}],"replies":[{"embeddable":true,"href":"https:\/\/agora.xtec.cat\/ceip-mitja-costa\/wp-json\/wp\/v2\/comments?post=7671"}],"version-history":[{"count":1,"href":"https:\/\/agora.xtec.cat\/ceip-mitja-costa\/wp-json\/wp\/v2\/pages\/7671\/revisions"}],"predecessor-version":[{"id":7674,"href":"https:\/\/agora.xtec.cat\/ceip-mitja-costa\/wp-json\/wp\/v2\/pages\/7671\/revisions\/7674"}],"up":[{"embeddable":true,"href":"https:\/\/agora.xtec.cat\/ceip-mitja-costa\/wp-json\/wp\/v2\/pages\/7778"}],"wp:attachment":[{"href":"https:\/\/agora.xtec.cat\/ceip-mitja-costa\/wp-json\/wp\/v2\/media?parent=7671"}],"curies":[{"name":"wp","href":"https:\/\/api.w.org\/{rel}","templated":true}]}}