{"id":7644,"date":"2025-09-09T21:15:29","date_gmt":"2025-09-09T19:15:29","guid":{"rendered":"https:\/\/agora.xtec.cat\/ceip-mitja-costa\/?page_id=7644"},"modified":"2025-10-21T18:38:37","modified_gmt":"2025-10-21T16:38:37","slug":"consell-dinfants-de-montcada-i-reixac","status":"publish","type":"page","link":"https:\/\/agora.xtec.cat\/ceip-mitja-costa\/projectes\/projectes-de-democracia\/consell-dinfants-de-montcada-i-reixac\/","title":{"rendered":"Consell d&#8217;Infants de Montcada i Reixac"},"content":{"rendered":"<p data-start=\"213\" data-end=\"353\">El <strong data-start=\"216\" data-end=\"237\">Consell d\u2019Infants<\/strong> \u00e9s un \u00f2rgan de participaci\u00f3 format per nens i nenes de <strong data-start=\"293\" data-end=\"316\">5\u00e8 i 6\u00e8 de Prim\u00e0ria<\/strong> de totes les escoles del municipi:<\/p>\n<ul data-start=\"354\" data-end=\"473\">\n<li data-start=\"354\" data-end=\"370\">\n<p data-start=\"356\" data-end=\"370\">Elvira Cuy\u00e0s<\/p>\n<\/li>\n<li data-start=\"371\" data-end=\"387\">\n<p data-start=\"373\" data-end=\"387\">Mas Rampinyo<\/p>\n<\/li>\n<li data-start=\"388\" data-end=\"398\">\n<p data-start=\"390\" data-end=\"398\">Reixac<\/p>\n<\/li>\n<li data-start=\"399\" data-end=\"420\">\n<p data-start=\"401\" data-end=\"420\">La Salle Montcada<\/p>\n<\/li>\n<li data-start=\"421\" data-end=\"435\">\n<p data-start=\"423\" data-end=\"435\">Font Freda<\/p>\n<\/li>\n<li data-start=\"436\" data-end=\"445\">\n<p data-start=\"438\" data-end=\"445\">FEDAC<\/p>\n<\/li>\n<li data-start=\"446\" data-end=\"457\">\n<p data-start=\"448\" data-end=\"457\">El Tur\u00f3<\/p>\n<\/li>\n<li data-start=\"458\" data-end=\"473\">\n<p data-start=\"460\" data-end=\"473\">Mitja Costa<\/p>\n<\/li>\n<\/ul>\n<p data-start=\"475\" data-end=\"571\">Tamb\u00e9 hi col\u00b7laboren entitats locals com <strong data-start=\"516\" data-end=\"530\">AE El Tur\u00f3<\/strong> i <strong data-start=\"533\" data-end=\"568\">Castellers de Montcada i Reixac<\/strong>.<\/p>\n<p data-start=\"573\" data-end=\"843\">Cada mes ens reunim en forma d\u2019<strong data-start=\"604\" data-end=\"617\">assemblea<\/strong>, amb l\u2019acompanyament de dos dinamitzadors que condueixen les sessions i en fan retorn a les escoles. Les trobades tenen lloc <strong data-start=\"743\" data-end=\"840\">el pen\u00faltim dijous de cada mes, de 17.30 h a 19.30 h, a la Casa de la Vila (Carrer Major, 32)<\/strong>.<\/p>\n<p data-start=\"845\" data-end=\"1193\">L\u2019objectiu del Consell \u00e9s oferir un <strong data-start=\"881\" data-end=\"966\">espai formal on els infants puguin parlar, donar la seva opini\u00f3 i ser escoltats<\/strong>. Aqu\u00ed poden fer propostes, aportar idees i participar en decisions que ens afecten com a ciutadans i ciutadanes m\u00e9s joves. D\u2019aquesta manera, les actuacions municipals tenen en compte les seves necessitats i punts de vista.<\/p>\n<p data-start=\"1195\" data-end=\"1437\">El Consell \u00e9s un <strong data-start=\"1212\" data-end=\"1283\">projecte del servei d\u2019Educaci\u00f3 de l\u2019Ajuntament de Montcada i Reixac<\/strong>, gestionat conjuntament amb els serveis de <strong data-start=\"1327\" data-end=\"1353\">Joventut i Ensenyament<\/strong>, i amb la col\u00b7laboraci\u00f3 d\u2019altres departaments segons les propostes que sorgeixin.<\/p>\n<p data-start=\"1195\" data-end=\"1437\">Aquest projecte fomenta la <strong data-start=\"873\" data-end=\"936\">responsabilitat, la democr\u00e0cia i la implicaci\u00f3 dels infants<\/strong> en la vida del municipi, fent-los sentir que la seva opini\u00f3 \u00e9s escoltada i valorada.<\/p>\n<p data-start=\"1195\" data-end=\"1437\"><img loading=\"lazy\" decoding=\"async\" class=\"size-full wp-image-7645 aligncenter\" src=\"https:\/\/agora.xtec.cat\/ceip-mitja-costa\/wp-content\/uploads\/usu1458\/2025\/09\/Captura-de-pantalla-2025-09-09-211453.png\" alt=\"\" width=\"888\" height=\"665\" srcset=\"https:\/\/agora.xtec.cat\/ceip-mitja-costa\/wp-content\/uploads\/usu1458\/2025\/09\/Captura-de-pantalla-2025-09-09-211453.png 888w, https:\/\/agora.xtec.cat\/ceip-mitja-costa\/wp-content\/uploads\/usu1458\/2025\/09\/Captura-de-pantalla-2025-09-09-211453-500x374.png 500w, https:\/\/agora.xtec.cat\/ceip-mitja-costa\/wp-content\/uploads\/usu1458\/2025\/09\/Captura-de-pantalla-2025-09-09-211453-768x575.png 768w, https:\/\/agora.xtec.cat\/ceip-mitja-costa\/wp-content\/uploads\/usu1458\/2025\/09\/Captura-de-pantalla-2025-09-09-211453-200x150.png 200w\" sizes=\"auto, (max-width: 888px) 100vw, 888px\" \/><\/p>\n","protected":false},"excerpt":{"rendered":"<p>El Consell d\u2019Infants \u00e9s un \u00f2rgan de participaci\u00f3 format per nens i nenes de 5\u00e8 i 6\u00e8 de Prim\u00e0ria de totes les escoles del municipi: Elvira Cuy\u00e0s Mas Rampinyo Reixac La Salle Montcada Font Freda FEDAC El Tur\u00f3 Mitja Costa Tamb\u00e9 hi col\u00b7laboren entitats locals com AE El Tur\u00f3 i Castellers de Montcada i Reixac. [&hellip;]<\/p>\n","protected":false},"author":33,"featured_media":0,"parent":7795,"menu_order":0,"comment_status":"closed","ping_status":"closed","template":"","meta":{"_bbp_topic_count":0,"_bbp_reply_count":0,"_bbp_total_topic_count":0,"_bbp_total_reply_count":0,"_bbp_voice_count":0,"_bbp_anonymous_reply_count":0,"_bbp_topic_count_hidden":0,"_bbp_reply_count_hidden":0,"_bbp_forum_subforum_count":0,"site-sidebar-layout":"default","site-content-layout":"","ast-site-content-layout":"default","site-content-style":"default","site-sidebar-style":"default","ast-global-header-display":"","ast-banner-title-visibility":"","ast-main-header-display":"","ast-hfb-above-header-display":"","ast-hfb-below-header-display":"","ast-hfb-mobile-header-display":"","site-post-title":"","ast-breadcrumbs-content":"","ast-featured-img":"","footer-sml-layout":"","theme-transparent-header-meta":"default","adv-header-id-meta":"","stick-header-meta":"","header-above-stick-meta":"","header-main-stick-meta":"","header-below-stick-meta":"","astra-migrate-meta-layouts":"set","ast-page-background-enabled":"default","ast-page-background-meta":{"desktop":{"background-color":"var(--ast-global-color-4)","background-image":"","background-repeat":"repeat","background-position":"center center","background-size":"auto","background-attachment":"scroll","background-type":"","background-media":"","overlay-type":"","overlay-color":"","overlay-opacity":"","overlay-gradient":""},"tablet":{"background-color":"","background-image":"","background-repeat":"repeat","background-position":"center center","background-size":"auto","background-attachment":"scroll","background-type":"","background-media":"","overlay-type":"","overlay-color":"","overlay-opacity":"","overlay-gradient":""},"mobile":{"background-color":"","background-image":"","background-repeat":"repeat","background-position":"center center","background-size":"auto","background-attachment":"scroll","background-type":"","background-media":"","overlay-type":"","overlay-color":"","overlay-opacity":"","overlay-gradient":""}},"ast-content-background-meta":{"desktop":{"background-color":"var(--ast-global-color-5)","background-image":"","background-repeat":"repeat","background-position":"center center","background-size":"auto","background-attachment":"scroll","background-type":"","background-media":"","overlay-type":"","overlay-color":"","overlay-opacity":"","overlay-gradient":""},"tablet":{"background-color":"var(--ast-global-color-5)","background-image":"","background-repeat":"repeat","background-position":"center center","background-size":"auto","background-attachment":"scroll","background-type":"","background-media":"","overlay-type":"","overlay-color":"","overlay-opacity":"","overlay-gradient":""},"mobile":{"background-color":"var(--ast-global-color-5)","background-image":"","background-repeat":"repeat","background-position":"center center","background-size":"auto","background-attachment":"scroll","background-type":"","background-media":"","overlay-type":"","overlay-color":"","overlay-opacity":"","overlay-gradient":""}},"footnotes":""},"class_list":["post-7644","page","type-page","status-publish","hentry"],"post_mailing_queue_ids":[],"_links":{"self":[{"href":"https:\/\/agora.xtec.cat\/ceip-mitja-costa\/wp-json\/wp\/v2\/pages\/7644","targetHints":{"allow":["GET"]}}],"collection":[{"href":"https:\/\/agora.xtec.cat\/ceip-mitja-costa\/wp-json\/wp\/v2\/pages"}],"about":[{"href":"https:\/\/agora.xtec.cat\/ceip-mitja-costa\/wp-json\/wp\/v2\/types\/page"}],"author":[{"embeddable":true,"href":"https:\/\/agora.xtec.cat\/ceip-mitja-costa\/wp-json\/wp\/v2\/users\/33"}],"replies":[{"embeddable":true,"href":"https:\/\/agora.xtec.cat\/ceip-mitja-costa\/wp-json\/wp\/v2\/comments?post=7644"}],"version-history":[{"count":1,"href":"https:\/\/agora.xtec.cat\/ceip-mitja-costa\/wp-json\/wp\/v2\/pages\/7644\/revisions"}],"predecessor-version":[{"id":7647,"href":"https:\/\/agora.xtec.cat\/ceip-mitja-costa\/wp-json\/wp\/v2\/pages\/7644\/revisions\/7647"}],"up":[{"embeddable":true,"href":"https:\/\/agora.xtec.cat\/ceip-mitja-costa\/wp-json\/wp\/v2\/pages\/7795"}],"wp:attachment":[{"href":"https:\/\/agora.xtec.cat\/ceip-mitja-costa\/wp-json\/wp\/v2\/media?parent=7644"}],"curies":[{"name":"wp","href":"https:\/\/api.w.org\/{rel}","templated":true}]}}