{"id":7640,"date":"2025-09-09T20:59:45","date_gmt":"2025-09-09T18:59:45","guid":{"rendered":"https:\/\/agora.xtec.cat\/ceip-mitja-costa\/?page_id=7640"},"modified":"2025-10-21T18:03:20","modified_gmt":"2025-10-21T16:03:20","slug":"auxiliar-de-conversa","status":"publish","type":"page","link":"https:\/\/agora.xtec.cat\/ceip-mitja-costa\/projectes\/projectes-de-larea-de-llengua\/auxiliar-de-conversa\/","title":{"rendered":"Auxiliar de conversa"},"content":{"rendered":"<p data-start=\"167\" data-end=\"447\">Aquest curs comptem amb la pres\u00e8ncia d\u2019un <strong data-start=\"209\" data-end=\"233\">auxiliar de conversa<\/strong>, una figura que ens acompanyar\u00e0 des del mes d\u2019<strong data-start=\"280\" data-end=\"313\">octubre fins a finals de maig<\/strong>. La seva tasca \u00e9s molt valuosa, ja que col\u00b7laborar\u00e0 directament amb la <strong data-start=\"385\" data-end=\"432\">mestra especialista de lleng\u00fces estrangeres<\/strong> dins l\u2019aula.<\/p>\n<p data-start=\"449\" data-end=\"643\">L\u2019auxiliar no es quedar\u00e0 en un sol grup, sin\u00f3 que <strong data-start=\"499\" data-end=\"559\">passar\u00e0 per tots els grups i nivells del centre<\/strong>, de manera que tot l\u2019alumnat tindr\u00e0 l\u2019oportunitat de gaudir i aprendre amb ell\/a.<\/p>\n<p data-start=\"645\" data-end=\"929\">Gr\u00e0cies a la seva col\u00b7laboraci\u00f3, els nostres alumnes podran <strong data-start=\"705\" data-end=\"835\">millorar la compet\u00e8ncia oral en llengua estrangera, con\u00e8ixer noves expressions i apropar-se a la cultura del seu pa\u00eds d\u2019origen<\/strong>. Alhora, aquest intercanvi afavoreix que l\u2019aprenentatge sigui m\u00e9s significatiu i motivador.<\/p>\n<p data-start=\"931\" data-end=\"1093\">Estem molt il\u00b7lusionats amb aquesta experi\u00e8ncia, que sens dubte contribuir\u00e0 a fer de la nostra escola un espai encara m\u00e9s obert, internacional i enriquidor.<\/p>\n<p data-start=\"931\" data-end=\"1093\"><img loading=\"lazy\" decoding=\"async\" class=\"aligncenter wp-image-7641\" src=\"https:\/\/agora.xtec.cat\/ceip-mitja-costa\/wp-content\/uploads\/usu1458\/2025\/09\/Auxiliar-de-conversa-a-lescola-mitja-costa.png\" alt=\"\" width=\"800\" height=\"491\" \/><\/p>\n","protected":false},"excerpt":{"rendered":"<p>Aquest curs comptem amb la pres\u00e8ncia d\u2019un auxiliar de conversa, una figura que ens acompanyar\u00e0 des del mes d\u2019octubre fins a finals de maig. La seva tasca \u00e9s molt valuosa, ja que col\u00b7laborar\u00e0 directament amb la mestra especialista de lleng\u00fces estrangeres dins l\u2019aula. L\u2019auxiliar no es quedar\u00e0 en un sol grup, sin\u00f3 que passar\u00e0 per [&hellip;]<\/p>\n","protected":false},"author":33,"featured_media":0,"parent":7778,"menu_order":5,"comment_status":"closed","ping_status":"closed","template":"","meta":{"_bbp_topic_count":0,"_bbp_reply_count":0,"_bbp_total_topic_count":0,"_bbp_total_reply_count":0,"_bbp_voice_count":0,"_bbp_anonymous_reply_count":0,"_bbp_topic_count_hidden":0,"_bbp_reply_count_hidden":0,"_bbp_forum_subforum_count":0,"site-sidebar-layout":"default","site-content-layout":"","ast-site-content-layout":"default","site-content-style":"default","site-sidebar-style":"default","ast-global-header-display":"","ast-banner-title-visibility":"","ast-main-header-display":"","ast-hfb-above-header-display":"","ast-hfb-below-header-display":"","ast-hfb-mobile-header-display":"","site-post-title":"","ast-breadcrumbs-content":"","ast-featured-img":"","footer-sml-layout":"","theme-transparent-header-meta":"default","adv-header-id-meta":"","stick-header-meta":"","header-above-stick-meta":"","header-main-stick-meta":"","header-below-stick-meta":"","astra-migrate-meta-layouts":"set","ast-page-background-enabled":"default","ast-page-background-meta":{"desktop":{"background-color":"var(--ast-global-color-4)","background-image":"","background-repeat":"repeat","background-position":"center center","background-size":"auto","background-attachment":"scroll","background-type":"","background-media":"","overlay-type":"","overlay-color":"","overlay-opacity":"","overlay-gradient":""},"tablet":{"background-color":"","background-image":"","background-repeat":"repeat","background-position":"center center","background-size":"auto","background-attachment":"scroll","background-type":"","background-media":"","overlay-type":"","overlay-color":"","overlay-opacity":"","overlay-gradient":""},"mobile":{"background-color":"","background-image":"","background-repeat":"repeat","background-position":"center center","background-size":"auto","background-attachment":"scroll","background-type":"","background-media":"","overlay-type":"","overlay-color":"","overlay-opacity":"","overlay-gradient":""}},"ast-content-background-meta":{"desktop":{"background-color":"var(--ast-global-color-5)","background-image":"","background-repeat":"repeat","background-position":"center center","background-size":"auto","background-attachment":"scroll","background-type":"","background-media":"","overlay-type":"","overlay-color":"","overlay-opacity":"","overlay-gradient":""},"tablet":{"background-color":"var(--ast-global-color-5)","background-image":"","background-repeat":"repeat","background-position":"center center","background-size":"auto","background-attachment":"scroll","background-type":"","background-media":"","overlay-type":"","overlay-color":"","overlay-opacity":"","overlay-gradient":""},"mobile":{"background-color":"var(--ast-global-color-5)","background-image":"","background-repeat":"repeat","background-position":"center center","background-size":"auto","background-attachment":"scroll","background-type":"","background-media":"","overlay-type":"","overlay-color":"","overlay-opacity":"","overlay-gradient":""}},"footnotes":""},"class_list":["post-7640","page","type-page","status-publish","hentry"],"post_mailing_queue_ids":[],"_links":{"self":[{"href":"https:\/\/agora.xtec.cat\/ceip-mitja-costa\/wp-json\/wp\/v2\/pages\/7640","targetHints":{"allow":["GET"]}}],"collection":[{"href":"https:\/\/agora.xtec.cat\/ceip-mitja-costa\/wp-json\/wp\/v2\/pages"}],"about":[{"href":"https:\/\/agora.xtec.cat\/ceip-mitja-costa\/wp-json\/wp\/v2\/types\/page"}],"author":[{"embeddable":true,"href":"https:\/\/agora.xtec.cat\/ceip-mitja-costa\/wp-json\/wp\/v2\/users\/33"}],"replies":[{"embeddable":true,"href":"https:\/\/agora.xtec.cat\/ceip-mitja-costa\/wp-json\/wp\/v2\/comments?post=7640"}],"version-history":[{"count":1,"href":"https:\/\/agora.xtec.cat\/ceip-mitja-costa\/wp-json\/wp\/v2\/pages\/7640\/revisions"}],"predecessor-version":[{"id":7642,"href":"https:\/\/agora.xtec.cat\/ceip-mitja-costa\/wp-json\/wp\/v2\/pages\/7640\/revisions\/7642"}],"up":[{"embeddable":true,"href":"https:\/\/agora.xtec.cat\/ceip-mitja-costa\/wp-json\/wp\/v2\/pages\/7778"}],"wp:attachment":[{"href":"https:\/\/agora.xtec.cat\/ceip-mitja-costa\/wp-json\/wp\/v2\/media?parent=7640"}],"curies":[{"name":"wp","href":"https:\/\/api.w.org\/{rel}","templated":true}]}}