{"id":7635,"date":"2025-09-09T20:31:13","date_gmt":"2025-09-09T18:31:13","guid":{"rendered":"https:\/\/agora.xtec.cat\/ceip-mitja-costa\/?page_id=7635"},"modified":"2025-10-21T18:37:43","modified_gmt":"2025-10-21T16:37:43","slug":"delegats-des-de-grup","status":"publish","type":"page","link":"https:\/\/agora.xtec.cat\/ceip-mitja-costa\/projectes\/projectes-de-democracia\/delegats-des-de-grup\/","title":{"rendered":"Delegats\/des de grup"},"content":{"rendered":"<p data-start=\"169\" data-end=\"484\">A la nostra escola considerem fonamental donar veu a l\u2019alumnat i fomentar la seva participaci\u00f3 activa en la vida del centre. Per aix\u00f2, cada curs els grups-classe\u00a0 de prim\u00e0ria elegeixen els seus <strong data-start=\"350\" data-end=\"374\">delegats i delegades<\/strong>, que representen els companys i companyes i actuen com a enlla\u00e7 entre l\u2019alumnat, el professorat i l\u2019escola.<\/p>\n<h3 data-start=\"486\" data-end=\"530\"><strong data-start=\"490\" data-end=\"528\">Funcions dels delegats i delegades<\/strong><\/h3>\n<ul data-start=\"531\" data-end=\"851\">\n<li data-start=\"531\" data-end=\"615\">\n<p data-start=\"533\" data-end=\"615\">Representar el grup i transmetre les seves inquietuds, propostes i suggeriments.<\/p>\n<\/li>\n<li data-start=\"616\" data-end=\"685\">\n<p data-start=\"618\" data-end=\"685\">Afavorir un bon clima de conviv\u00e8ncia i col\u00b7laboraci\u00f3 dins l\u2019aula.<\/p>\n<\/li>\n<li data-start=\"686\" data-end=\"780\">\n<p data-start=\"688\" data-end=\"780\">Participar en les reunions de delegats per tractar temes d\u2019inter\u00e8s general per a l\u2019escola. Aquestes reunions es duran a terme alguns dilluns a les 12:30h.<\/p>\n<\/li>\n<li data-start=\"781\" data-end=\"851\">\n<p data-start=\"783\" data-end=\"851\">Promoure el respecte, la responsabilitat i els valors democr\u00e0tics.<\/p>\n<\/li>\n<\/ul>\n<h3 data-start=\"853\" data-end=\"884\"><strong data-start=\"857\" data-end=\"882\">Per qu\u00e8 \u00e9s important?<\/strong><\/h3>\n<p data-start=\"885\" data-end=\"943\">La figura del delegat i de la delegada \u00e9s una manera de:<\/p>\n<ul data-start=\"944\" data-end=\"1204\">\n<li data-start=\"944\" data-end=\"1016\">\n<p data-start=\"946\" data-end=\"1016\"><strong data-start=\"946\" data-end=\"1000\">Fomentar la responsabilitat i el comprom\u00eds ciutad\u00e0<\/strong> dels alumnes.<\/p>\n<\/li>\n<li data-start=\"1017\" data-end=\"1097\">\n<p data-start=\"1019\" data-end=\"1097\">Aprendre a <strong data-start=\"1030\" data-end=\"1094\">escoltar, dialogar i prendre decisions de manera col\u00b7lectiva<\/strong>.<\/p>\n<\/li>\n<li data-start=\"1098\" data-end=\"1204\">\n<p data-start=\"1100\" data-end=\"1204\">Donar protagonisme a la veu de l\u2019alumnat en la construcci\u00f3 d\u2019una escola m\u00e9s participativa i inclusiva.<\/p>\n<\/li>\n<\/ul>\n<p data-start=\"1206\" data-end=\"1378\">Amb aquest projecte, l\u2019escola vol educar en <strong data-start=\"1250\" data-end=\"1289\">valors democr\u00e0tics i de conviv\u00e8ncia<\/strong>, alhora que es refor\u00e7a la cohesi\u00f3 i el sentiment de pertinen\u00e7a a la comunitat escolar.<\/p>\n<p data-start=\"1206\" data-end=\"1378\"><img loading=\"lazy\" decoding=\"async\" class=\"alignnone size-large wp-image-7636\" src=\"https:\/\/agora.xtec.cat\/ceip-mitja-costa\/wp-content\/uploads\/usu1458\/2025\/09\/Escola-inclusiva-democracia-turu-1200x706.jpg\" alt=\"\" width=\"1200\" height=\"706\" srcset=\"https:\/\/agora.xtec.cat\/ceip-mitja-costa\/wp-content\/uploads\/usu1458\/2025\/09\/Escola-inclusiva-democracia-turu-1200x706.jpg 1200w, https:\/\/agora.xtec.cat\/ceip-mitja-costa\/wp-content\/uploads\/usu1458\/2025\/09\/Escola-inclusiva-democracia-turu-500x294.jpg 500w, https:\/\/agora.xtec.cat\/ceip-mitja-costa\/wp-content\/uploads\/usu1458\/2025\/09\/Escola-inclusiva-democracia-turu-768x452.jpg 768w, https:\/\/agora.xtec.cat\/ceip-mitja-costa\/wp-content\/uploads\/usu1458\/2025\/09\/Escola-inclusiva-democracia-turu-1536x903.jpg 1536w, https:\/\/agora.xtec.cat\/ceip-mitja-costa\/wp-content\/uploads\/usu1458\/2025\/09\/Escola-inclusiva-democracia-turu.jpg 1600w\" sizes=\"auto, (max-width: 1200px) 100vw, 1200px\" \/><\/p>\n","protected":false},"excerpt":{"rendered":"<p>A la nostra escola considerem fonamental donar veu a l\u2019alumnat i fomentar la seva participaci\u00f3 activa en la vida del centre. Per aix\u00f2, cada curs els grups-classe\u00a0 de prim\u00e0ria elegeixen els seus delegats i delegades, que representen els companys i companyes i actuen com a enlla\u00e7 entre l\u2019alumnat, el professorat i l\u2019escola. Funcions dels delegats [&hellip;]<\/p>\n","protected":false},"author":33,"featured_media":0,"parent":7795,"menu_order":5,"comment_status":"closed","ping_status":"closed","template":"","meta":{"_bbp_topic_count":0,"_bbp_reply_count":0,"_bbp_total_topic_count":0,"_bbp_total_reply_count":0,"_bbp_voice_count":0,"_bbp_anonymous_reply_count":0,"_bbp_topic_count_hidden":0,"_bbp_reply_count_hidden":0,"_bbp_forum_subforum_count":0,"site-sidebar-layout":"default","site-content-layout":"","ast-site-content-layout":"default","site-content-style":"default","site-sidebar-style":"default","ast-global-header-display":"","ast-banner-title-visibility":"","ast-main-header-display":"","ast-hfb-above-header-display":"","ast-hfb-below-header-display":"","ast-hfb-mobile-header-display":"","site-post-title":"","ast-breadcrumbs-content":"","ast-featured-img":"","footer-sml-layout":"","theme-transparent-header-meta":"default","adv-header-id-meta":"","stick-header-meta":"","header-above-stick-meta":"","header-main-stick-meta":"","header-below-stick-meta":"","astra-migrate-meta-layouts":"set","ast-page-background-enabled":"default","ast-page-background-meta":{"desktop":{"background-color":"var(--ast-global-color-4)","background-image":"","background-repeat":"repeat","background-position":"center center","background-size":"auto","background-attachment":"scroll","background-type":"","background-media":"","overlay-type":"","overlay-color":"","overlay-opacity":"","overlay-gradient":""},"tablet":{"background-color":"","background-image":"","background-repeat":"repeat","background-position":"center center","background-size":"auto","background-attachment":"scroll","background-type":"","background-media":"","overlay-type":"","overlay-color":"","overlay-opacity":"","overlay-gradient":""},"mobile":{"background-color":"","background-image":"","background-repeat":"repeat","background-position":"center center","background-size":"auto","background-attachment":"scroll","background-type":"","background-media":"","overlay-type":"","overlay-color":"","overlay-opacity":"","overlay-gradient":""}},"ast-content-background-meta":{"desktop":{"background-color":"var(--ast-global-color-5)","background-image":"","background-repeat":"repeat","background-position":"center center","background-size":"auto","background-attachment":"scroll","background-type":"","background-media":"","overlay-type":"","overlay-color":"","overlay-opacity":"","overlay-gradient":""},"tablet":{"background-color":"var(--ast-global-color-5)","background-image":"","background-repeat":"repeat","background-position":"center center","background-size":"auto","background-attachment":"scroll","background-type":"","background-media":"","overlay-type":"","overlay-color":"","overlay-opacity":"","overlay-gradient":""},"mobile":{"background-color":"var(--ast-global-color-5)","background-image":"","background-repeat":"repeat","background-position":"center center","background-size":"auto","background-attachment":"scroll","background-type":"","background-media":"","overlay-type":"","overlay-color":"","overlay-opacity":"","overlay-gradient":""}},"footnotes":""},"class_list":["post-7635","page","type-page","status-publish","hentry"],"post_mailing_queue_ids":[],"_links":{"self":[{"href":"https:\/\/agora.xtec.cat\/ceip-mitja-costa\/wp-json\/wp\/v2\/pages\/7635","targetHints":{"allow":["GET"]}}],"collection":[{"href":"https:\/\/agora.xtec.cat\/ceip-mitja-costa\/wp-json\/wp\/v2\/pages"}],"about":[{"href":"https:\/\/agora.xtec.cat\/ceip-mitja-costa\/wp-json\/wp\/v2\/types\/page"}],"author":[{"embeddable":true,"href":"https:\/\/agora.xtec.cat\/ceip-mitja-costa\/wp-json\/wp\/v2\/users\/33"}],"replies":[{"embeddable":true,"href":"https:\/\/agora.xtec.cat\/ceip-mitja-costa\/wp-json\/wp\/v2\/comments?post=7635"}],"version-history":[{"count":1,"href":"https:\/\/agora.xtec.cat\/ceip-mitja-costa\/wp-json\/wp\/v2\/pages\/7635\/revisions"}],"predecessor-version":[{"id":7638,"href":"https:\/\/agora.xtec.cat\/ceip-mitja-costa\/wp-json\/wp\/v2\/pages\/7635\/revisions\/7638"}],"up":[{"embeddable":true,"href":"https:\/\/agora.xtec.cat\/ceip-mitja-costa\/wp-json\/wp\/v2\/pages\/7795"}],"wp:attachment":[{"href":"https:\/\/agora.xtec.cat\/ceip-mitja-costa\/wp-json\/wp\/v2\/media?parent=7635"}],"curies":[{"name":"wp","href":"https:\/\/api.w.org\/{rel}","templated":true}]}}