{"id":7628,"date":"2025-09-09T20:23:09","date_gmt":"2025-09-09T18:23:09","guid":{"rendered":"https:\/\/agora.xtec.cat\/ceip-mitja-costa\/?page_id=7628"},"modified":"2025-10-21T18:02:11","modified_gmt":"2025-10-21T16:02:11","slug":"apadrinament-lector","status":"publish","type":"page","link":"https:\/\/agora.xtec.cat\/ceip-mitja-costa\/projectes\/projectes-de-larea-de-llengua\/apadrinament-lector\/","title":{"rendered":"Apadrinament lector"},"content":{"rendered":"<p data-start=\"149\" data-end=\"489\">L\u2019<strong data-start=\"151\" data-end=\"174\">apadrinament lector<\/strong> \u00e9s una activitat que t\u00e9 com a objectiu <strong data-start=\"214\" data-end=\"283\">fomentar el gust per la lectura i millorar la compet\u00e8ncia lectora<\/strong> a trav\u00e9s d\u2019una experi\u00e8ncia compartida entre alumnes de diferents edats. Els m\u00e9s grans acompanyen i donen suport als m\u00e9s petits, establint un vincle especial que afavoreix l\u2019aprenentatge i la conviv\u00e8ncia.<\/p>\n<p data-start=\"491\" data-end=\"536\">Aquest projecte aporta m\u00faltiples beneficis:<\/p>\n<ul data-start=\"537\" data-end=\"821\">\n<li data-start=\"537\" data-end=\"622\">\n<p data-start=\"539\" data-end=\"622\">Els infants m\u00e9s petits guanyen <strong data-start=\"570\" data-end=\"605\">seguretat, flu\u00efdesa i motivaci\u00f3<\/strong> en la lectura.<\/p>\n<\/li>\n<li data-start=\"623\" data-end=\"716\">\n<p data-start=\"625\" data-end=\"716\">Els alumnes m\u00e9s grans desenvolupen la <strong data-start=\"663\" data-end=\"713\">responsabilitat, l\u2019empatia i l\u2019esperit de guia<\/strong>.<\/p>\n<\/li>\n<li data-start=\"717\" data-end=\"821\">\n<p data-start=\"719\" data-end=\"821\">Es creen moments de <strong data-start=\"739\" data-end=\"762\">relaci\u00f3 interetapes<\/strong>, que enforteixen els lla\u00e7os dins la comunitat educativa.<\/p>\n<\/li>\n<\/ul>\n<h3 data-start=\"823\" data-end=\"868\"><strong data-start=\"827\" data-end=\"866\">Com s\u2019organitza a la nostra escola?<\/strong><\/h3>\n<p data-start=\"869\" data-end=\"939\">Aquest curs, l\u2019apadrinament lector es concreta de la seg\u00fcent manera:<\/p>\n<ul data-start=\"940\" data-end=\"1073\">\n<li data-start=\"940\" data-end=\"1006\">\n<p data-start=\"942\" data-end=\"1006\"><strong data-start=\"942\" data-end=\"1004\">Els alumnes de 5\u00e8 de prim\u00e0ria apadrinen els alumnes de 1r.<\/strong><\/p>\n<\/li>\n<li data-start=\"1007\" data-end=\"1073\">\n<p data-start=\"1009\" data-end=\"1073\"><strong data-start=\"1009\" data-end=\"1071\">Els alumnes de 3r de prim\u00e0ria apadrinen els infants d\u2019EI5.<\/strong><\/p>\n<\/li>\n<\/ul>\n<p data-start=\"1075\" data-end=\"1318\">Cada setmana, padrins i fillols es troben per llegir plegats, compartir contes i gaudir de la lectura com una experi\u00e8ncia viva i compartida. D\u2019aquesta manera, aprendre a llegir es transforma en una aventura emocionant i plena de complicitat.<\/p>\n<p data-start=\"1075\" data-end=\"1318\"><strong>Llegir junts \u00e9s cr\u00e9ixer junts, i a l\u2019escola ho fem de tot cor!<\/strong><\/p>\n<p data-start=\"1075\" data-end=\"1318\"><img loading=\"lazy\" decoding=\"async\" class=\"aligncenter wp-image-7629\" src=\"https:\/\/agora.xtec.cat\/ceip-mitja-costa\/wp-content\/uploads\/usu1458\/2025\/09\/descarga.jpg\" alt=\"\" width=\"500\" height=\"375\" srcset=\"https:\/\/agora.xtec.cat\/ceip-mitja-costa\/wp-content\/uploads\/usu1458\/2025\/09\/descarga.jpg 259w, https:\/\/agora.xtec.cat\/ceip-mitja-costa\/wp-content\/uploads\/usu1458\/2025\/09\/descarga-200x150.jpg 200w\" sizes=\"auto, (max-width: 500px) 100vw, 500px\" \/><\/p>\n","protected":false},"excerpt":{"rendered":"<p>L\u2019apadrinament lector \u00e9s una activitat que t\u00e9 com a objectiu fomentar el gust per la lectura i millorar la compet\u00e8ncia lectora a trav\u00e9s d\u2019una experi\u00e8ncia compartida entre alumnes de diferents edats. Els m\u00e9s grans acompanyen i donen suport als m\u00e9s petits, establint un vincle especial que afavoreix l\u2019aprenentatge i la conviv\u00e8ncia. Aquest projecte aporta m\u00faltiples [&hellip;]<\/p>\n","protected":false},"author":33,"featured_media":0,"parent":7778,"menu_order":0,"comment_status":"closed","ping_status":"closed","template":"","meta":{"_bbp_topic_count":0,"_bbp_reply_count":0,"_bbp_total_topic_count":0,"_bbp_total_reply_count":0,"_bbp_voice_count":0,"_bbp_anonymous_reply_count":0,"_bbp_topic_count_hidden":0,"_bbp_reply_count_hidden":0,"_bbp_forum_subforum_count":0,"site-sidebar-layout":"default","site-content-layout":"","ast-site-content-layout":"default","site-content-style":"default","site-sidebar-style":"default","ast-global-header-display":"","ast-banner-title-visibility":"","ast-main-header-display":"","ast-hfb-above-header-display":"","ast-hfb-below-header-display":"","ast-hfb-mobile-header-display":"","site-post-title":"","ast-breadcrumbs-content":"","ast-featured-img":"","footer-sml-layout":"","theme-transparent-header-meta":"default","adv-header-id-meta":"","stick-header-meta":"","header-above-stick-meta":"","header-main-stick-meta":"","header-below-stick-meta":"","astra-migrate-meta-layouts":"set","ast-page-background-enabled":"default","ast-page-background-meta":{"desktop":{"background-color":"var(--ast-global-color-4)","background-image":"","background-repeat":"repeat","background-position":"center center","background-size":"auto","background-attachment":"scroll","background-type":"","background-media":"","overlay-type":"","overlay-color":"","overlay-opacity":"","overlay-gradient":""},"tablet":{"background-color":"","background-image":"","background-repeat":"repeat","background-position":"center center","background-size":"auto","background-attachment":"scroll","background-type":"","background-media":"","overlay-type":"","overlay-color":"","overlay-opacity":"","overlay-gradient":""},"mobile":{"background-color":"","background-image":"","background-repeat":"repeat","background-position":"center center","background-size":"auto","background-attachment":"scroll","background-type":"","background-media":"","overlay-type":"","overlay-color":"","overlay-opacity":"","overlay-gradient":""}},"ast-content-background-meta":{"desktop":{"background-color":"var(--ast-global-color-5)","background-image":"","background-repeat":"repeat","background-position":"center center","background-size":"auto","background-attachment":"scroll","background-type":"","background-media":"","overlay-type":"","overlay-color":"","overlay-opacity":"","overlay-gradient":""},"tablet":{"background-color":"var(--ast-global-color-5)","background-image":"","background-repeat":"repeat","background-position":"center center","background-size":"auto","background-attachment":"scroll","background-type":"","background-media":"","overlay-type":"","overlay-color":"","overlay-opacity":"","overlay-gradient":""},"mobile":{"background-color":"var(--ast-global-color-5)","background-image":"","background-repeat":"repeat","background-position":"center center","background-size":"auto","background-attachment":"scroll","background-type":"","background-media":"","overlay-type":"","overlay-color":"","overlay-opacity":"","overlay-gradient":""}},"footnotes":""},"class_list":["post-7628","page","type-page","status-publish","hentry"],"post_mailing_queue_ids":[],"_links":{"self":[{"href":"https:\/\/agora.xtec.cat\/ceip-mitja-costa\/wp-json\/wp\/v2\/pages\/7628","targetHints":{"allow":["GET"]}}],"collection":[{"href":"https:\/\/agora.xtec.cat\/ceip-mitja-costa\/wp-json\/wp\/v2\/pages"}],"about":[{"href":"https:\/\/agora.xtec.cat\/ceip-mitja-costa\/wp-json\/wp\/v2\/types\/page"}],"author":[{"embeddable":true,"href":"https:\/\/agora.xtec.cat\/ceip-mitja-costa\/wp-json\/wp\/v2\/users\/33"}],"replies":[{"embeddable":true,"href":"https:\/\/agora.xtec.cat\/ceip-mitja-costa\/wp-json\/wp\/v2\/comments?post=7628"}],"version-history":[{"count":3,"href":"https:\/\/agora.xtec.cat\/ceip-mitja-costa\/wp-json\/wp\/v2\/pages\/7628\/revisions"}],"predecessor-version":[{"id":7632,"href":"https:\/\/agora.xtec.cat\/ceip-mitja-costa\/wp-json\/wp\/v2\/pages\/7628\/revisions\/7632"}],"up":[{"embeddable":true,"href":"https:\/\/agora.xtec.cat\/ceip-mitja-costa\/wp-json\/wp\/v2\/pages\/7778"}],"wp:attachment":[{"href":"https:\/\/agora.xtec.cat\/ceip-mitja-costa\/wp-json\/wp\/v2\/media?parent=7628"}],"curies":[{"name":"wp","href":"https:\/\/api.w.org\/{rel}","templated":true}]}}