{"id":7416,"date":"2025-05-13T12:46:33","date_gmt":"2025-05-13T10:46:33","guid":{"rendered":"https:\/\/agora.xtec.cat\/ceip-mitja-costa\/?page_id=7416"},"modified":"2025-10-21T18:15:21","modified_gmt":"2025-10-21T16:15:21","slug":"robotica-i-pensament-computacional","status":"publish","type":"page","link":"https:\/\/agora.xtec.cat\/ceip-mitja-costa\/projectes\/projectes-de-larea-steam\/robotica-i-pensament-computacional\/","title":{"rendered":"Rob\u00f2tica i pensament computacional"},"content":{"rendered":"<p style=\"text-align: justify;\">El nostre centre educatiu s&#8217;alinea amb les directrius establertes pel <strong>Pla d&#8217;educaci\u00f3 digital de Catalunya 2020-2023<\/strong>, impulsat pel Departament d\u2019Educaci\u00f3. Aquest Pla t\u00e9 com a objectiu principal desenvolupar les compet\u00e8ncies digitals necess\u00e0ries per afrontar amb \u00e8xit els reptes d\u2019una societat en constant transformaci\u00f3, marcada pel pes creixent de la tecnologia en tots els \u00e0mbits de la vida.<\/p>\n<p style=\"text-align: justify;\">Amb aquesta iniciativa, es vol situar Catalunya com un referent en l\u2019\u00fas educatiu de les tecnologies digitals, contribuint tant a l\u2019\u00e8xit educatiu com a la cohesi\u00f3 social. Al mateix temps, es pret\u00e9n <strong>millorar la compet\u00e8ncia digital de l&#8217;alumnat, el professorat i els centres educatius <\/strong>en el marc de la transformaci\u00f3 educativa.<\/p>\n<p style=\"text-align: justify;\">Des del nostre centre, treballem per integrar la tecnologia de manera significativa i pedag\u00f2gica, promovent l\u2019aprenentatge actiu, la innovaci\u00f3 i el pensament cr\u00edtic.<\/p>\n<p style=\"text-align: justify;\">En aquest marc, considerem el <strong>pensament computacional <\/strong>com una habilitat fonamental per a la vida en el segle XXI. Tal com afirma Wing (2006), el pensament computacional implica la resoluci\u00f3 de problemes, el disseny de sistemes i la comprensi\u00f3 de la conducta humana mitjan\u00e7ant els conceptes b\u00e0sics de la inform\u00e0tica. Per aix\u00f2, un dels nostres objectius \u00e9s fomentar el pensament computacional a les aules, oferint als alumnes eines per desenvolupar el raonament l\u00f2gic, la creativitat i l\u2019autonomia a l\u2019hora d\u2019afrontar reptes complexos.<\/p>\n<p style=\"text-align: justify;\">A trav\u00e9s de projectes interdisciplinaris, activitats de programaci\u00f3, rob\u00f2tica educativa i altres recursos digitals, avancem cap a una educaci\u00f3 transformadora i adaptada a les necessitats del m\u00f3n actual.<\/p>\n<p style=\"text-align: justify;\">Per fer realitat aquest comprom\u00eds amb la compet\u00e8ncia digital i el pensament computacional, el nostre centre ha adquirit diversos recursos tecnol\u00f2gics que permeten treballar aquestes habilitats de manera pr\u00e0ctica i motivadora. Disposem de robots <strong>Bee-Bot<\/strong>, ideals per a la iniciaci\u00f3 dels m\u00e9s petits en la programaci\u00f3 i l\u2019orientaci\u00f3 espacial; <strong>Codey Rocky<\/strong>, que combina hardware i programaci\u00f3 per desenvolupar el pensament l\u00f2gic; <strong>LEGO Spike Prime<\/strong> i <strong>LEGO WeDo<\/strong>, que permeten treballar la rob\u00f2tica i l&#8217;enginyeria de manera creativa i col\u00b7laborativa; aix\u00ed com <strong>Micro:bit<\/strong> i <strong>Cutebot<\/strong>, que obren la porta a la programaci\u00f3 en entorns m\u00e9s avan\u00e7ats i al treball amb sensors i automatismes reals.<\/p>\n<table style=\"border-collapse: collapse; width: 100%; height: 534px;\">\n<tbody>\n<tr style=\"height: 225px;\">\n<td style=\"width: 33.3333%; height: 225px;\"><img loading=\"lazy\" decoding=\"async\" class=\"size-full wp-image-7423 aligncenter\" style=\"font-size: 16px;\" src=\"https:\/\/agora.xtec.cat\/ceip-mitja-costa\/wp-content\/uploads\/usu1458\/2025\/05\/descarga.jpg\" alt=\"\" width=\"246\" height=\"205\" \/><\/td>\n<td style=\"width: 33.3333%; height: 225px;\"><img loading=\"lazy\" decoding=\"async\" class=\"wp-image-7418 size-full aligncenter\" style=\"font-size: 16px;\" src=\"https:\/\/agora.xtec.cat\/ceip-mitja-costa\/wp-content\/uploads\/usu1458\/2025\/05\/descarga-11.jpg\" alt=\"\" width=\"259\" height=\"195\" srcset=\"https:\/\/agora.xtec.cat\/ceip-mitja-costa\/wp-content\/uploads\/usu1458\/2025\/05\/descarga-11.jpg 259w, https:\/\/agora.xtec.cat\/ceip-mitja-costa\/wp-content\/uploads\/usu1458\/2025\/05\/descarga-11-200x150.jpg 200w\" sizes=\"auto, (max-width: 259px) 100vw, 259px\" \/><\/td>\n<td style=\"width: 33.3333%; height: 225px;\"><img loading=\"lazy\" decoding=\"async\" class=\"size-full wp-image-7421 aligncenter\" style=\"font-size: 16px;\" src=\"https:\/\/agora.xtec.cat\/ceip-mitja-costa\/wp-content\/uploads\/usu1458\/2025\/05\/descarga-14.jpg\" alt=\"\" width=\"268\" height=\"188\" \/><\/td>\n<\/tr>\n<tr style=\"height: 32px;\">\n<td style=\"width: 33.3333%; height: 32px; text-align: center;\">Bee-Bot<\/td>\n<td style=\"width: 33.3333%; height: 32px; text-align: center;\">Codey Rocky<\/td>\n<td style=\"width: 33.3333%; height: 32px; text-align: center;\">Lego Spike Prime<\/td>\n<\/tr>\n<tr style=\"height: 245px;\">\n<td style=\"width: 33.3333%; height: 245px;\"><img loading=\"lazy\" decoding=\"async\" class=\"size-full wp-image-7422 aligncenter\" style=\"font-size: 16px;\" src=\"https:\/\/agora.xtec.cat\/ceip-mitja-costa\/wp-content\/uploads\/usu1458\/2025\/05\/descarga-15.jpg\" alt=\"\" width=\"258\" height=\"195\" srcset=\"https:\/\/agora.xtec.cat\/ceip-mitja-costa\/wp-content\/uploads\/usu1458\/2025\/05\/descarga-15.jpg 258w, https:\/\/agora.xtec.cat\/ceip-mitja-costa\/wp-content\/uploads\/usu1458\/2025\/05\/descarga-15-200x150.jpg 200w\" sizes=\"auto, (max-width: 258px) 100vw, 258px\" \/><\/td>\n<td style=\"width: 33.3333%; height: 245px;\"><img loading=\"lazy\" decoding=\"async\" class=\"size-large wp-image-7420 aligncenter\" style=\"font-size: 16px;\" src=\"https:\/\/agora.xtec.cat\/ceip-mitja-costa\/wp-content\/uploads\/usu1458\/2025\/05\/descarga-13.jpg\" alt=\"\" width=\"262\" height=\"192\" \/><\/td>\n<td style=\"width: 33.3333%; height: 245px;\"><img loading=\"lazy\" decoding=\"async\" class=\"size-large wp-image-7419 aligncenter\" style=\"font-size: 16px;\" src=\"https:\/\/agora.xtec.cat\/ceip-mitja-costa\/wp-content\/uploads\/usu1458\/2025\/05\/descarga-12.jpg\" alt=\"\" width=\"225\" height=\"225\" srcset=\"https:\/\/agora.xtec.cat\/ceip-mitja-costa\/wp-content\/uploads\/usu1458\/2025\/05\/descarga-12.jpg 225w, https:\/\/agora.xtec.cat\/ceip-mitja-costa\/wp-content\/uploads\/usu1458\/2025\/05\/descarga-12-150x150.jpg 150w\" sizes=\"auto, (max-width: 225px) 100vw, 225px\" \/><\/td>\n<\/tr>\n<tr style=\"height: 32px;\">\n<td style=\"width: 33.3333%; height: 32px; text-align: center;\">Lego WeDo<\/td>\n<td style=\"width: 33.3333%; height: 32px; text-align: center;\">Micro:bit<\/td>\n<td style=\"width: 33.3333%; height: 32px; text-align: center;\">Cutebot<\/td>\n<\/tr>\n<\/tbody>\n<\/table>\n<p style=\"text-align: justify;\">A m\u00e9s, comptem amb una <strong>maleta audiovisual<\/strong> que ens permet potenciar la compet\u00e8ncia digital dels alumnes a trav\u00e9s de la creaci\u00f3 de continguts multim\u00e8dia, fomentant aix\u00ed l\u2019expressi\u00f3, la comunicaci\u00f3 i l\u2019aprenentatge actiu.<\/p>\n<p>\u00a0 \u00a0 \u00a0 \u00a0 \u00a0 \u00a0 \u00a0 \u00a0 \u00a0 \u00a0 \u00a0 \u00a0 \u00a0 \u00a0 \u00a0 \u00a0 \u00a0 \u00a0 \u00a0 \u00a0 \u00a0 \u00a0 \u00a0 \u00a0 \u00a0 \u00a0 \u00a0 \u00a0 \u00a0 \u00a0 \u00a0 \u00a0 <img loading=\"lazy\" decoding=\"async\" class=\"size-full wp-image-7424 alignnone\" src=\"https:\/\/agora.xtec.cat\/ceip-mitja-costa\/wp-content\/uploads\/usu1458\/2025\/05\/descarga-16.jpg\" alt=\"\" width=\"224\" height=\"225\" srcset=\"https:\/\/agora.xtec.cat\/ceip-mitja-costa\/wp-content\/uploads\/usu1458\/2025\/05\/descarga-16.jpg 224w, https:\/\/agora.xtec.cat\/ceip-mitja-costa\/wp-content\/uploads\/usu1458\/2025\/05\/descarga-16-150x150.jpg 150w\" sizes=\"auto, (max-width: 224px) 100vw, 224px\" \/><img loading=\"lazy\" decoding=\"async\" class=\"size-large wp-image-7425 alignnone\" src=\"https:\/\/agora.xtec.cat\/ceip-mitja-costa\/wp-content\/uploads\/usu1458\/2025\/05\/descarga-17.jpg\" alt=\"\" width=\"224\" height=\"225\" srcset=\"https:\/\/agora.xtec.cat\/ceip-mitja-costa\/wp-content\/uploads\/usu1458\/2025\/05\/descarga-17.jpg 224w, https:\/\/agora.xtec.cat\/ceip-mitja-costa\/wp-content\/uploads\/usu1458\/2025\/05\/descarga-17-150x150.jpg 150w\" sizes=\"auto, (max-width: 224px) 100vw, 224px\" \/><\/p>\n<p style=\"text-align: justify;\">Amb tots aquests materials, donem resposta a les necessitats educatives del segle XXI, tot fomentant un aprenentatge vivencial, transversal i adaptat a diferents edats i nivells.<\/p>\n","protected":false},"excerpt":{"rendered":"<p>El nostre centre educatiu s&#8217;alinea amb les directrius establertes pel Pla d&#8217;educaci\u00f3 digital de Catalunya 2020-2023, impulsat pel Departament d\u2019Educaci\u00f3. Aquest Pla t\u00e9 com a objectiu principal desenvolupar les compet\u00e8ncies digitals necess\u00e0ries per afrontar amb \u00e8xit els reptes d\u2019una societat en constant transformaci\u00f3, marcada pel pes creixent de la tecnologia en tots els \u00e0mbits de [&hellip;]<\/p>\n","protected":false},"author":33,"featured_media":0,"parent":7783,"menu_order":10,"comment_status":"closed","ping_status":"closed","template":"","meta":{"_bbp_topic_count":0,"_bbp_reply_count":0,"_bbp_total_topic_count":0,"_bbp_total_reply_count":0,"_bbp_voice_count":0,"_bbp_anonymous_reply_count":0,"_bbp_topic_count_hidden":0,"_bbp_reply_count_hidden":0,"_bbp_forum_subforum_count":0,"site-sidebar-layout":"default","site-content-layout":"","ast-site-content-layout":"default","site-content-style":"default","site-sidebar-style":"default","ast-global-header-display":"","ast-banner-title-visibility":"","ast-main-header-display":"","ast-hfb-above-header-display":"","ast-hfb-below-header-display":"","ast-hfb-mobile-header-display":"","site-post-title":"","ast-breadcrumbs-content":"","ast-featured-img":"","footer-sml-layout":"","theme-transparent-header-meta":"default","adv-header-id-meta":"","stick-header-meta":"","header-above-stick-meta":"","header-main-stick-meta":"","header-below-stick-meta":"","astra-migrate-meta-layouts":"set","ast-page-background-enabled":"default","ast-page-background-meta":{"desktop":{"background-color":"var(--ast-global-color-4)","background-image":"","background-repeat":"repeat","background-position":"center center","background-size":"auto","background-attachment":"scroll","background-type":"","background-media":"","overlay-type":"","overlay-color":"","overlay-opacity":"","overlay-gradient":""},"tablet":{"background-color":"","background-image":"","background-repeat":"repeat","background-position":"center center","background-size":"auto","background-attachment":"scroll","background-type":"","background-media":"","overlay-type":"","overlay-color":"","overlay-opacity":"","overlay-gradient":""},"mobile":{"background-color":"","background-image":"","background-repeat":"repeat","background-position":"center center","background-size":"auto","background-attachment":"scroll","background-type":"","background-media":"","overlay-type":"","overlay-color":"","overlay-opacity":"","overlay-gradient":""}},"ast-content-background-meta":{"desktop":{"background-color":"var(--ast-global-color-5)","background-image":"","background-repeat":"repeat","background-position":"center center","background-size":"auto","background-attachment":"scroll","background-type":"","background-media":"","overlay-type":"","overlay-color":"","overlay-opacity":"","overlay-gradient":""},"tablet":{"background-color":"var(--ast-global-color-5)","background-image":"","background-repeat":"repeat","background-position":"center center","background-size":"auto","background-attachment":"scroll","background-type":"","background-media":"","overlay-type":"","overlay-color":"","overlay-opacity":"","overlay-gradient":""},"mobile":{"background-color":"var(--ast-global-color-5)","background-image":"","background-repeat":"repeat","background-position":"center center","background-size":"auto","background-attachment":"scroll","background-type":"","background-media":"","overlay-type":"","overlay-color":"","overlay-opacity":"","overlay-gradient":""}},"footnotes":""},"class_list":["post-7416","page","type-page","status-publish","hentry"],"post_mailing_queue_ids":[],"_links":{"self":[{"href":"https:\/\/agora.xtec.cat\/ceip-mitja-costa\/wp-json\/wp\/v2\/pages\/7416","targetHints":{"allow":["GET"]}}],"collection":[{"href":"https:\/\/agora.xtec.cat\/ceip-mitja-costa\/wp-json\/wp\/v2\/pages"}],"about":[{"href":"https:\/\/agora.xtec.cat\/ceip-mitja-costa\/wp-json\/wp\/v2\/types\/page"}],"author":[{"embeddable":true,"href":"https:\/\/agora.xtec.cat\/ceip-mitja-costa\/wp-json\/wp\/v2\/users\/33"}],"replies":[{"embeddable":true,"href":"https:\/\/agora.xtec.cat\/ceip-mitja-costa\/wp-json\/wp\/v2\/comments?post=7416"}],"version-history":[{"count":2,"href":"https:\/\/agora.xtec.cat\/ceip-mitja-costa\/wp-json\/wp\/v2\/pages\/7416\/revisions"}],"predecessor-version":[{"id":7426,"href":"https:\/\/agora.xtec.cat\/ceip-mitja-costa\/wp-json\/wp\/v2\/pages\/7416\/revisions\/7426"}],"up":[{"embeddable":true,"href":"https:\/\/agora.xtec.cat\/ceip-mitja-costa\/wp-json\/wp\/v2\/pages\/7783"}],"wp:attachment":[{"href":"https:\/\/agora.xtec.cat\/ceip-mitja-costa\/wp-json\/wp\/v2\/media?parent=7416"}],"curies":[{"name":"wp","href":"https:\/\/api.w.org\/{rel}","templated":true}]}}