{"id":73,"date":"2014-09-18T14:01:51","date_gmt":"2014-09-18T13:01:51","guid":{"rendered":"http:\/\/agora.xtec.cat\/ceip-mitja-costa\/?page_id=73"},"modified":"2025-10-23T20:36:42","modified_gmt":"2025-10-23T18:36:42","slug":"menjador-escolar","status":"publish","type":"page","link":"https:\/\/agora.xtec.cat\/ceip-mitja-costa\/menjador-escolar\/","title":{"rendered":"Menjador escolar"},"content":{"rendered":"\n<figure class=\"wp-block-image aligncenter\"><a href=\"https:\/\/cateringlavostracuina.com\/men%C3%BAs\"><img loading=\"lazy\" decoding=\"async\" width=\"1200\" height=\"900\" src=\"https:\/\/agora.xtec.cat\/ceip-mitja-costa\/wp-content\/uploads\/usu1458\/2022\/10\/Yellow-Brown-Coffee-Store-Open-Yard-Sign-1200x900.jpg\" alt=\"\" class=\"wp-image-5429\" srcset=\"https:\/\/agora.xtec.cat\/ceip-mitja-costa\/wp-content\/uploads\/usu1458\/2022\/10\/Yellow-Brown-Coffee-Store-Open-Yard-Sign-1200x900.jpg 1200w, https:\/\/agora.xtec.cat\/ceip-mitja-costa\/wp-content\/uploads\/usu1458\/2022\/10\/Yellow-Brown-Coffee-Store-Open-Yard-Sign-500x375.jpg 500w, https:\/\/agora.xtec.cat\/ceip-mitja-costa\/wp-content\/uploads\/usu1458\/2022\/10\/Yellow-Brown-Coffee-Store-Open-Yard-Sign-768x576.jpg 768w, https:\/\/agora.xtec.cat\/ceip-mitja-costa\/wp-content\/uploads\/usu1458\/2022\/10\/Yellow-Brown-Coffee-Store-Open-Yard-Sign-1536x1152.jpg 1536w, https:\/\/agora.xtec.cat\/ceip-mitja-costa\/wp-content\/uploads\/usu1458\/2022\/10\/Yellow-Brown-Coffee-Store-Open-Yard-Sign-2048x1536.jpg 2048w, https:\/\/agora.xtec.cat\/ceip-mitja-costa\/wp-content\/uploads\/usu1458\/2022\/10\/Yellow-Brown-Coffee-Store-Open-Yard-Sign-200x150.jpg 200w\" sizes=\"auto, (max-width: 1200px) 100vw, 1200px\" \/><\/a><\/figure>\n\n\n\n<p><\/p>\n\n\n\n<h1 class=\"wp-block-heading\">MENJAR PER EMPORTAR<\/h1>\n\n\n\n<div class=\"gmail_default\">\n<p>L&#8217;empresa Vostra Cuina posa a la vostra disposici\u00f3 el servei de menjar per emportar a casa. Aquest servei NOM\u00c9S S&#8217;OFERIR\u00c0 en el cas que:<br \/><strong>El vostre fill\/a es posa malalt a L&#8217;ESCOLA i ha de marxar a casa<\/strong>.<\/p>\n<p>Per emportar-vos el dinar <span style=\"color: #003300;\"><strong>haureu de venir a l&#8217;escola a les 13\u202fh amb DUES carmanyoles<\/strong><\/span> on us servirem el dinar del dia. (PREGUEM PUNTUALITAT)<\/p>\n<\/div>\n","protected":false},"excerpt":{"rendered":"<p>MENJAR PER EMPORTAR L&#8217;empresa Vostra Cuina posa a la vostra disposici\u00f3 el servei de menjar per emportar a casa. Aquest servei NOM\u00c9S S&#8217;OFERIR\u00c0 en el cas que:El vostre fill\/a es posa malalt a L&#8217;ESCOLA i ha de marxar a casa. Per emportar-vos el dinar haureu de venir a l&#8217;escola a les 13\u202fh amb DUES carmanyoles [&hellip;]<\/p>\n","protected":false},"author":1,"featured_media":0,"parent":0,"menu_order":30,"comment_status":"closed","ping_status":"closed","template":"","meta":{"_bbp_topic_count":0,"_bbp_reply_count":0,"_bbp_total_topic_count":0,"_bbp_total_reply_count":0,"_bbp_voice_count":0,"_bbp_anonymous_reply_count":0,"_bbp_topic_count_hidden":0,"_bbp_reply_count_hidden":0,"_bbp_forum_subforum_count":0,"site-sidebar-layout":"default","site-content-layout":"","ast-site-content-layout":"default","site-content-style":"default","site-sidebar-style":"default","ast-global-header-display":"","ast-banner-title-visibility":"","ast-main-header-display":"","ast-hfb-above-header-display":"","ast-hfb-below-header-display":"","ast-hfb-mobile-header-display":"","site-post-title":"","ast-breadcrumbs-content":"","ast-featured-img":"","footer-sml-layout":"","theme-transparent-header-meta":"default","adv-header-id-meta":"","stick-header-meta":"","header-above-stick-meta":"","header-main-stick-meta":"","header-below-stick-meta":"","astra-migrate-meta-layouts":"set","ast-page-background-enabled":"default","ast-page-background-meta":{"desktop":{"background-color":"var(--ast-global-color-4)","background-image":"","background-repeat":"repeat","background-position":"center center","background-size":"auto","background-attachment":"scroll","background-type":"","background-media":"","overlay-type":"","overlay-color":"","overlay-opacity":"","overlay-gradient":""},"tablet":{"background-color":"","background-image":"","background-repeat":"repeat","background-position":"center center","background-size":"auto","background-attachment":"scroll","background-type":"","background-media":"","overlay-type":"","overlay-color":"","overlay-opacity":"","overlay-gradient":""},"mobile":{"background-color":"","background-image":"","background-repeat":"repeat","background-position":"center center","background-size":"auto","background-attachment":"scroll","background-type":"","background-media":"","overlay-type":"","overlay-color":"","overlay-opacity":"","overlay-gradient":""}},"ast-content-background-meta":{"desktop":{"background-color":"var(--ast-global-color-5)","background-image":"","background-repeat":"repeat","background-position":"center center","background-size":"auto","background-attachment":"scroll","background-type":"","background-media":"","overlay-type":"","overlay-color":"","overlay-opacity":"","overlay-gradient":""},"tablet":{"background-color":"var(--ast-global-color-5)","background-image":"","background-repeat":"repeat","background-position":"center center","background-size":"auto","background-attachment":"scroll","background-type":"","background-media":"","overlay-type":"","overlay-color":"","overlay-opacity":"","overlay-gradient":""},"mobile":{"background-color":"var(--ast-global-color-5)","background-image":"","background-repeat":"repeat","background-position":"center center","background-size":"auto","background-attachment":"scroll","background-type":"","background-media":"","overlay-type":"","overlay-color":"","overlay-opacity":"","overlay-gradient":""}},"footnotes":""},"class_list":["post-73","page","type-page","status-publish","hentry"],"post_mailing_queue_ids":[],"_links":{"self":[{"href":"https:\/\/agora.xtec.cat\/ceip-mitja-costa\/wp-json\/wp\/v2\/pages\/73","targetHints":{"allow":["GET"]}}],"collection":[{"href":"https:\/\/agora.xtec.cat\/ceip-mitja-costa\/wp-json\/wp\/v2\/pages"}],"about":[{"href":"https:\/\/agora.xtec.cat\/ceip-mitja-costa\/wp-json\/wp\/v2\/types\/page"}],"author":[{"embeddable":true,"href":"https:\/\/agora.xtec.cat\/ceip-mitja-costa\/wp-json\/wp\/v2\/users\/1"}],"replies":[{"embeddable":true,"href":"https:\/\/agora.xtec.cat\/ceip-mitja-costa\/wp-json\/wp\/v2\/comments?post=73"}],"version-history":[{"count":7,"href":"https:\/\/agora.xtec.cat\/ceip-mitja-costa\/wp-json\/wp\/v2\/pages\/73\/revisions"}],"predecessor-version":[{"id":7868,"href":"https:\/\/agora.xtec.cat\/ceip-mitja-costa\/wp-json\/wp\/v2\/pages\/73\/revisions\/7868"}],"wp:attachment":[{"href":"https:\/\/agora.xtec.cat\/ceip-mitja-costa\/wp-json\/wp\/v2\/media?parent=73"}],"curies":[{"name":"wp","href":"https:\/\/api.w.org\/{rel}","templated":true}]}}