{"id":5439,"date":"2022-10-11T15:40:38","date_gmt":"2022-10-11T13:40:38","guid":{"rendered":"https:\/\/agora.xtec.cat\/ceip-mitja-costa\/?page_id=5439"},"modified":"2025-10-23T20:39:32","modified_gmt":"2025-10-23T18:39:32","slug":"informacions-generals","status":"publish","type":"page","link":"https:\/\/agora.xtec.cat\/ceip-mitja-costa\/menjador-escolar\/informacions-generals\/","title":{"rendered":"Informacions generals"},"content":{"rendered":"<div style=\"width: 1920px;\" class=\"wp-video\"><!--[if lt IE 9]><script>document.createElement('video');<\/script><![endif]-->\n<video class=\"wp-video-shortcode\" id=\"video-5439-1\" width=\"1920\" height=\"1080\" preload=\"metadata\" controls=\"controls\"><source type=\"video\/mp4\" src=\"https:\/\/agora.xtec.cat\/ceip-mitja-costa\/wp-content\/uploads\/usu1458\/2024\/09\/MENJADOR.mp4?_=1\" \/><a href=\"https:\/\/agora.xtec.cat\/ceip-mitja-costa\/wp-content\/uploads\/usu1458\/2024\/09\/MENJADOR.mp4\">https:\/\/agora.xtec.cat\/ceip-mitja-costa\/wp-content\/uploads\/usu1458\/2024\/09\/MENJADOR.mp4<\/a><\/video><\/div>\n<p>El menjador escolar \u00e9s gestionat per l&#8217;AFA de l&#8217;escola a trav\u00e9s de l&#8217;empresa de serveis Vostra Cuina.<\/p>\n<p><a href=\"https:\/\/cateringlavostracuina.com\/\">WEB Vostra Cuina<\/a><\/p>\n<p>Cada dia fins a les 9:30\u202fh podeu contactar amb la coordinadora de menjador per whatsapp <strong>(604163097)<\/strong> o telef\u00f2nicament. Tamb\u00e9 us facilitem el correu electr\u00f2nic: <strong>mitjacosta@vostracuina.com<\/strong><\/p>\n<p>El preu del servei de menjador \u00e9s 7,45 \u20ac per dia pels usuaris fixes i de 8,29 \u20ac pels usuaris espor\u00e0dics. Hi ha beques de menjador de fins al 70% que es gestionen a trav\u00e9s dels Serveis Socials.<\/p>\n<p>Existeixen nombroses adaptacions dels men\u00fas que es poden sol\u00b7licitar en casos justificats.<\/p>\n","protected":false},"excerpt":{"rendered":"<p>El menjador escolar \u00e9s gestionat per l&#8217;AFA de l&#8217;escola a trav\u00e9s de l&#8217;empresa de serveis Vostra Cuina. WEB Vostra Cuina Cada dia fins a les 9:30\u202fh podeu contactar amb la coordinadora de menjador per whatsapp (604163097) o telef\u00f2nicament. Tamb\u00e9 us facilitem el correu electr\u00f2nic: mitjacosta@vostracuina.com El preu del servei de menjador \u00e9s 7,45 \u20ac per [&hellip;]<\/p>\n","protected":false},"author":6,"featured_media":0,"parent":73,"menu_order":0,"comment_status":"closed","ping_status":"closed","template":"","meta":{"_bbp_topic_count":0,"_bbp_reply_count":0,"_bbp_total_topic_count":0,"_bbp_total_reply_count":0,"_bbp_voice_count":0,"_bbp_anonymous_reply_count":0,"_bbp_topic_count_hidden":0,"_bbp_reply_count_hidden":0,"_bbp_forum_subforum_count":0,"site-sidebar-layout":"default","site-content-layout":"","ast-site-content-layout":"default","site-content-style":"default","site-sidebar-style":"default","ast-global-header-display":"","ast-banner-title-visibility":"","ast-main-header-display":"","ast-hfb-above-header-display":"","ast-hfb-below-header-display":"","ast-hfb-mobile-header-display":"","site-post-title":"","ast-breadcrumbs-content":"","ast-featured-img":"","footer-sml-layout":"","theme-transparent-header-meta":"","adv-header-id-meta":"","stick-header-meta":"","header-above-stick-meta":"","header-main-stick-meta":"","header-below-stick-meta":"","astra-migrate-meta-layouts":"set","ast-page-background-enabled":"default","ast-page-background-meta":{"desktop":{"background-color":"var(--ast-global-color-4)","background-image":"","background-repeat":"repeat","background-position":"center center","background-size":"auto","background-attachment":"scroll","background-type":"","background-media":"","overlay-type":"","overlay-color":"","overlay-opacity":"","overlay-gradient":""},"tablet":{"background-color":"","background-image":"","background-repeat":"repeat","background-position":"center center","background-size":"auto","background-attachment":"scroll","background-type":"","background-media":"","overlay-type":"","overlay-color":"","overlay-opacity":"","overlay-gradient":""},"mobile":{"background-color":"","background-image":"","background-repeat":"repeat","background-position":"center center","background-size":"auto","background-attachment":"scroll","background-type":"","background-media":"","overlay-type":"","overlay-color":"","overlay-opacity":"","overlay-gradient":""}},"ast-content-background-meta":{"desktop":{"background-color":"var(--ast-global-color-5)","background-image":"","background-repeat":"repeat","background-position":"center center","background-size":"auto","background-attachment":"scroll","background-type":"","background-media":"","overlay-type":"","overlay-color":"","overlay-opacity":"","overlay-gradient":""},"tablet":{"background-color":"var(--ast-global-color-5)","background-image":"","background-repeat":"repeat","background-position":"center center","background-size":"auto","background-attachment":"scroll","background-type":"","background-media":"","overlay-type":"","overlay-color":"","overlay-opacity":"","overlay-gradient":""},"mobile":{"background-color":"var(--ast-global-color-5)","background-image":"","background-repeat":"repeat","background-position":"center center","background-size":"auto","background-attachment":"scroll","background-type":"","background-media":"","overlay-type":"","overlay-color":"","overlay-opacity":"","overlay-gradient":""}},"footnotes":""},"class_list":["post-5439","page","type-page","status-publish","hentry"],"post_mailing_queue_ids":[],"_links":{"self":[{"href":"https:\/\/agora.xtec.cat\/ceip-mitja-costa\/wp-json\/wp\/v2\/pages\/5439","targetHints":{"allow":["GET"]}}],"collection":[{"href":"https:\/\/agora.xtec.cat\/ceip-mitja-costa\/wp-json\/wp\/v2\/pages"}],"about":[{"href":"https:\/\/agora.xtec.cat\/ceip-mitja-costa\/wp-json\/wp\/v2\/types\/page"}],"author":[{"embeddable":true,"href":"https:\/\/agora.xtec.cat\/ceip-mitja-costa\/wp-json\/wp\/v2\/users\/6"}],"replies":[{"embeddable":true,"href":"https:\/\/agora.xtec.cat\/ceip-mitja-costa\/wp-json\/wp\/v2\/comments?post=5439"}],"version-history":[{"count":5,"href":"https:\/\/agora.xtec.cat\/ceip-mitja-costa\/wp-json\/wp\/v2\/pages\/5439\/revisions"}],"predecessor-version":[{"id":7869,"href":"https:\/\/agora.xtec.cat\/ceip-mitja-costa\/wp-json\/wp\/v2\/pages\/5439\/revisions\/7869"}],"up":[{"embeddable":true,"href":"https:\/\/agora.xtec.cat\/ceip-mitja-costa\/wp-json\/wp\/v2\/pages\/73"}],"wp:attachment":[{"href":"https:\/\/agora.xtec.cat\/ceip-mitja-costa\/wp-json\/wp\/v2\/media?parent=5439"}],"curies":[{"name":"wp","href":"https:\/\/api.w.org\/{rel}","templated":true}]}}