{"id":5294,"date":"2022-09-13T23:17:07","date_gmt":"2022-09-13T21:17:07","guid":{"rendered":"https:\/\/agora.xtec.cat\/ceip-mitja-costa\/?page_id=5294"},"modified":"2025-10-23T19:54:40","modified_gmt":"2025-10-23T17:54:40","slug":"equip-huma","status":"publish","type":"page","link":"https:\/\/agora.xtec.cat\/ceip-mitja-costa\/lescola\/equip-huma\/","title":{"rendered":"Equip hum\u00e0"},"content":{"rendered":"\n<p>A m\u00e9s dels\/de les&nbsp;<strong>mestres tutors-es<\/strong>, tenim mestre <strong>especialista de m\u00fasica<\/strong>, en&nbsp;<strong>educaci\u00f3 f\u00edsica<\/strong>,&nbsp;<strong>llengua anglesa<\/strong>,&nbsp;<strong>educaci\u00f3 especial<\/strong> i mestra de <strong>suport<\/strong>.<\/p>\n\n\n\n<p>Els alumnes de 3 anys tenen el suport d\u2019una TEI (<strong>T\u00e8cnica d\u2019Educaci\u00f3 Infantil<\/strong>). Hi ha un suport setmanal de l\u2019equip d\u2019<strong>assessorament psicopedag\u00f2gic<\/strong> de la zona (EAP) i del <strong>CREDAV<\/strong>.<\/p>\n\n\n\n<p><b>EQUIP DIRECTIU <\/b><b>&nbsp;<\/b><\/p>\n\n\n\n<figure class=\"wp-block-table\"><table class=\"has-white-color has-ast-global-color-1-background-color has-text-color has-background has-link-color has-border-color has-white-border-color has-fixed-layout\" style=\"border-width:4px\"><tbody><tr><td class=\"has-text-align-center\" data-align=\"center\">Directora <\/td><td class=\"has-text-align-center\" data-align=\"center\">M. Bel\u00e9n B.<\/td><\/tr><tr><td class=\"has-text-align-center\" data-align=\"center\">Cap d\u2019estudis <\/td><td class=\"has-text-align-center\" data-align=\"center\">S\u00edlvia F.<\/td><\/tr><tr><td class=\"has-text-align-center\" data-align=\"center\">Secret\u00e0ria<\/td><td class=\"has-text-align-center\" data-align=\"center\">Merche C.<\/td><\/tr><\/tbody><\/table><\/figure>\n\n\n\n<p><b>EQUIP DE COORDINACI\u00d3<\/b><b>&nbsp;<\/b><\/p>\n\n\n\n<figure class=\"wp-block-table\"><table class=\"has-white-color has-ast-global-color-1-background-color has-text-color has-background has-link-color has-border-color has-white-border-color has-fixed-layout\" style=\"border-width:4px\"><tbody><tr><td class=\"has-text-align-center\" data-align=\"center\">Petits <\/td><td class=\"has-text-align-center\" data-align=\"center\">Carolina A.<\/td><\/tr><tr><td class=\"has-text-align-center\" data-align=\"center\">Mitjans <\/td><td class=\"has-text-align-center\" data-align=\"center\">Carolina J. <\/td><\/tr><tr><td class=\"has-text-align-center\" data-align=\"center\">Grans<\/td><td class=\"has-text-align-center\" data-align=\"center\">Ver\u00f3nica V. <\/td><\/tr><\/tbody><\/table><\/figure>\n\n\n\n<p><b>COORDINADORS<\/b>\/<strong>ES<\/strong><\/p>\n\n\n\n<figure class=\"wp-block-table\"><table class=\"has-white-color has-ast-global-color-1-background-color has-text-color has-background has-link-color has-border-color has-white-border-color has-fixed-layout\" style=\"border-width:4px\"><tbody><tr><td class=\"has-text-align-center\" data-align=\"center\">Riscos Laborals <\/td><td class=\"has-text-align-center\" data-align=\"center\">Flor L. <\/td><\/tr><tr><td class=\"has-text-align-center\" data-align=\"center\">Digital<\/td><td class=\"has-text-align-center\" data-align=\"center\">Vanesa M. <\/td><\/tr><tr><td class=\"has-text-align-center\" data-align=\"center\">Ling\u00fc\u00edstic<\/td><td class=\"has-text-align-center\" data-align=\"center\">Cristina A. <\/td><\/tr><tr><td class=\"has-text-align-center\" data-align=\"center\">Cocobe<\/td><td class=\"has-text-align-center\" data-align=\"center\">Judith S. <\/td><\/tr><tr><td class=\"has-text-align-center\" data-align=\"center\">Biblioteca<\/td><td class=\"has-text-align-center\" data-align=\"center\">Joan G. <\/td><\/tr><tr><td class=\"has-text-align-center\" data-align=\"center\">Material <\/td><td class=\"has-text-align-center\" data-align=\"center\">Flor L. <\/td><\/tr><tr><td class=\"has-text-align-center\" data-align=\"center\">E. Impulsor Komt\u00fc <\/td><td class=\"has-text-align-center\" data-align=\"center\">S\u00edlvia F., Vanessa E., Judith S. i Alexis M.<\/td><\/tr><\/tbody><\/table><\/figure>\n\n\n\n<p><b>TUTORS\/ES  EDUCACI\u00d3 INFANTIL<\/b><span style=\"font-weight: 400;\">:\u00a0\u00a0<\/span><\/p>\n\n\n\n<p><span style=\"font-weight: 400;\">CICLE PETITS&nbsp;<\/span><\/p>\n\n\n\n<figure class=\"wp-block-table\"><table class=\"has-white-color has-ast-global-color-1-background-color has-text-color has-background has-link-color has-border-color has-white-border-color has-fixed-layout\" style=\"border-width:4px\"><tbody><tr><td class=\"has-text-align-center\" data-align=\"center\">EI 3 <\/td><td class=\"has-text-align-center\" data-align=\"center\">Al\u00edcia M.<\/td><\/tr><tr><td class=\"has-text-align-center\" data-align=\"center\">EI 4 <\/td><td class=\"has-text-align-center\" data-align=\"center\">Vanessa E. <\/td><\/tr><tr><td class=\"has-text-align-center\" data-align=\"center\">EI 5 <\/td><td class=\"has-text-align-center\" data-align=\"center\">Carolina A. <\/td><\/tr><tr><td class=\"has-text-align-center\" data-align=\"center\">Suport <\/td><td class=\"has-text-align-center\" data-align=\"center\">S\u00edlvia F. <\/td><\/tr><tr><td class=\"has-text-align-center\" data-align=\"center\">Refor\u00e7 <\/td><td class=\"has-text-align-center\" data-align=\"center\">Joan G. <\/td><\/tr><tr><td class=\"has-text-align-center\" data-align=\"center\">TEI<\/td><td class=\"has-text-align-center\" data-align=\"center\">Lourdes M. <\/td><\/tr><tr><td class=\"has-text-align-center\" data-align=\"center\">Angl\u00e8s<\/td><td class=\"has-text-align-center\" data-align=\"center\">Vanesa M. <\/td><\/tr><\/tbody><\/table><\/figure>\n\n\n\n<p><b>TUTORS\/ES EDUCACI\u00d3 PRIM\u00c0RIA:<\/b><b>\u00a0<\/b><\/p>\n\n\n\n<p><span style=\"font-weight: 400;\">CICLE MITJANS:&nbsp;<\/span><\/p>\n\n\n\n<figure class=\"wp-block-table\"><table class=\"has-white-color has-ast-global-color-1-background-color has-text-color has-background has-link-color has-border-color has-white-border-color has-fixed-layout\" style=\"border-width:4px\"><tbody><tr><td class=\"has-text-align-center\" data-align=\"center\">1r <\/td><td class=\"has-text-align-center\" data-align=\"center\">Carolina J. <\/td><\/tr><tr><td class=\"has-text-align-center\" data-align=\"center\">2n<\/td><td class=\"has-text-align-center\" data-align=\"center\">Cristina A. <\/td><\/tr><tr><td class=\"has-text-align-center\" data-align=\"center\">3r<\/td><td class=\"has-text-align-center\" data-align=\"center\">Flor L. <\/td><\/tr><tr><td class=\"has-text-align-center\" data-align=\"center\">M\u00fasica <\/td><td class=\"has-text-align-center\" data-align=\"center\">C\u00e8lia T. <\/td><\/tr><tr><td class=\"has-text-align-center\" data-align=\"center\">Suport <\/td><td class=\"has-text-align-center\" data-align=\"center\">Bel\u00e9n B. <\/td><\/tr><\/tbody><\/table><\/figure>\n\n\n\n<p><span style=\"font-weight: 400;\">CICLE GRANS:&nbsp;<\/span><\/p>\n\n\n\n<figure class=\"wp-block-table\"><table class=\"has-white-color has-ast-global-color-1-background-color has-text-color has-background has-link-color has-border-color has-white-border-color has-fixed-layout\" style=\"border-width:4px\"><tbody><tr><td class=\"has-text-align-center\" data-align=\"center\">4t <\/td><td class=\"has-text-align-center\" data-align=\"center\">Olga M. <\/td><\/tr><tr><td class=\"has-text-align-center\" data-align=\"center\">5\u00e8 <\/td><td class=\"has-text-align-center\" data-align=\"center\">N\u00faria C. <\/td><\/tr><tr><td class=\"has-text-align-center\" data-align=\"center\">6\u00e8<\/td><td class=\"has-text-align-center\" data-align=\"center\">Ver\u00f3nica V. <\/td><\/tr><tr><td class=\"has-text-align-center\" data-align=\"center\">Angl\u00e8s <\/td><td class=\"has-text-align-center\" data-align=\"center\">Judith S. <\/td><\/tr><tr><td class=\"has-text-align-center\" data-align=\"center\">E. F\u00edsica <\/td><td class=\"has-text-align-center\" data-align=\"center\">Merche C. <\/td><\/tr><tr><td class=\"has-text-align-center\" data-align=\"center\">Aula d&#8217;Acollida<\/td><td class=\"has-text-align-center\" data-align=\"center\">Alexis M.<\/td><\/tr><\/tbody><\/table><\/figure>\n\n\n\n<p><b>ESPECIALISTES<\/b><b>&nbsp;<\/b><\/p>\n\n\n\n<figure class=\"wp-block-table\"><table class=\"has-white-color has-ast-global-color-1-background-color has-text-color has-background has-link-color has-border-color has-white-border-color has-fixed-layout\" style=\"border-width:4px\"><tbody><tr><td class=\"has-text-align-center\" data-align=\"center\">Educaci\u00f3 Especial <\/td><td class=\"has-text-align-center\" data-align=\"center\">Joan G. <\/td><\/tr><tr><td class=\"has-text-align-center\" data-align=\"center\">Angl\u00e8s <\/td><td class=\"has-text-align-center\" data-align=\"center\">Judith S. i Vanesa M <\/td><\/tr><tr><td class=\"has-text-align-center\" data-align=\"center\">M\u00fasica <\/td><td class=\"has-text-align-center\" data-align=\"center\">C\u00e8lia T. <\/td><\/tr><tr><td class=\"has-text-align-center\" data-align=\"center\">E. F\u00edsica <\/td><td class=\"has-text-align-center\" data-align=\"center\">Merche C. <\/td><\/tr><\/tbody><\/table><\/figure>\n\n\n\n<p><b>ALTRES PROFESSIONALS DEL CENTRE<\/b><b>:&nbsp;&nbsp;<\/b><\/p>\n\n\n\n<figure class=\"wp-block-table\"><table class=\"has-white-color has-ast-global-color-1-background-color has-text-color has-background has-link-color has-border-color has-white-border-color has-fixed-layout\" style=\"border-width:4px\"><tbody><tr><td class=\"has-text-align-center\" data-align=\"center\">Vetlladora <\/td><td class=\"has-text-align-center\" data-align=\"center\">Imma V. <\/td><\/tr><tr><td class=\"has-text-align-center\" data-align=\"center\">Psicopedagoga de l\u2019EAP<\/td><td class=\"has-text-align-center\" data-align=\"center\">Carmen R.<\/td><\/tr><tr><td class=\"has-text-align-center\" data-align=\"center\">CREDAV<\/td><td class=\"has-text-align-center\" data-align=\"center\">Cristina B.<\/td><\/tr><\/tbody><\/table><\/figure>\n\n\n\n<p><b>PERSONAL D&#8217;ADMINISTRACI\u00d3 I SERVEIS<\/b><b>:&nbsp;<\/b><\/p>\n\n\n\n<figure class=\"wp-block-table\"><table class=\"has-white-color has-ast-global-color-1-background-color has-text-color has-background has-link-color has-border-color has-white-border-color has-fixed-layout\" style=\"border-width:4px\"><tbody><tr><td class=\"has-text-align-center\" data-align=\"center\">Conserge<\/td><td class=\"has-text-align-center\" data-align=\"center\">Paco G. <\/td><\/tr><tr><td class=\"has-text-align-center\" data-align=\"center\">Administrativa<\/td><td class=\"has-text-align-center\" data-align=\"center\">Ana M. <\/td><\/tr><tr><td class=\"has-text-align-center\" data-align=\"center\">Personal de neteja <\/td><td class=\"has-text-align-center\" data-align=\"center\">Susana H., Carmen S. <\/td><\/tr><\/tbody><\/table><\/figure>\n\n\n","protected":false},"excerpt":{"rendered":"<p>A m\u00e9s dels\/de les&nbsp;mestres tutors-es, tenim mestre especialista de m\u00fasica, en&nbsp;educaci\u00f3 f\u00edsica,&nbsp;llengua anglesa,&nbsp;educaci\u00f3 especial i mestra de suport. Els alumnes de 3 anys tenen el suport d\u2019una TEI (T\u00e8cnica d\u2019Educaci\u00f3 Infantil). Hi ha un suport setmanal de l\u2019equip d\u2019assessorament psicopedag\u00f2gic de la zona (EAP) i del CREDAV. EQUIP DIRECTIU &nbsp; Directora M. Bel\u00e9n B. Cap [&hellip;]<\/p>\n","protected":false},"author":6,"featured_media":0,"parent":22,"menu_order":12,"comment_status":"closed","ping_status":"closed","template":"","meta":{"_bbp_topic_count":0,"_bbp_reply_count":0,"_bbp_total_topic_count":0,"_bbp_total_reply_count":0,"_bbp_voice_count":0,"_bbp_anonymous_reply_count":0,"_bbp_topic_count_hidden":0,"_bbp_reply_count_hidden":0,"_bbp_forum_subforum_count":0,"site-sidebar-layout":"default","site-content-layout":"","ast-site-content-layout":"default","site-content-style":"default","site-sidebar-style":"default","ast-global-header-display":"","ast-banner-title-visibility":"","ast-main-header-display":"","ast-hfb-above-header-display":"","ast-hfb-below-header-display":"","ast-hfb-mobile-header-display":"","site-post-title":"","ast-breadcrumbs-content":"","ast-featured-img":"","footer-sml-layout":"","theme-transparent-header-meta":"default","adv-header-id-meta":"","stick-header-meta":"","header-above-stick-meta":"","header-main-stick-meta":"","header-below-stick-meta":"","astra-migrate-meta-layouts":"set","ast-page-background-enabled":"default","ast-page-background-meta":{"desktop":{"background-color":"var(--ast-global-color-4)","background-image":"","background-repeat":"repeat","background-position":"center center","background-size":"auto","background-attachment":"scroll","background-type":"","background-media":"","overlay-type":"","overlay-color":"","overlay-opacity":"","overlay-gradient":""},"tablet":{"background-color":"","background-image":"","background-repeat":"repeat","background-position":"center center","background-size":"auto","background-attachment":"scroll","background-type":"","background-media":"","overlay-type":"","overlay-color":"","overlay-opacity":"","overlay-gradient":""},"mobile":{"background-color":"","background-image":"","background-repeat":"repeat","background-position":"center center","background-size":"auto","background-attachment":"scroll","background-type":"","background-media":"","overlay-type":"","overlay-color":"","overlay-opacity":"","overlay-gradient":""}},"ast-content-background-meta":{"desktop":{"background-color":"var(--ast-global-color-5)","background-image":"","background-repeat":"repeat","background-position":"center center","background-size":"auto","background-attachment":"scroll","background-type":"","background-media":"","overlay-type":"","overlay-color":"","overlay-opacity":"","overlay-gradient":""},"tablet":{"background-color":"var(--ast-global-color-5)","background-image":"","background-repeat":"repeat","background-position":"center center","background-size":"auto","background-attachment":"scroll","background-type":"","background-media":"","overlay-type":"","overlay-color":"","overlay-opacity":"","overlay-gradient":""},"mobile":{"background-color":"var(--ast-global-color-5)","background-image":"","background-repeat":"repeat","background-position":"center center","background-size":"auto","background-attachment":"scroll","background-type":"","background-media":"","overlay-type":"","overlay-color":"","overlay-opacity":"","overlay-gradient":""}},"footnotes":""},"class_list":["post-5294","page","type-page","status-publish","hentry"],"post_mailing_queue_ids":[],"_links":{"self":[{"href":"https:\/\/agora.xtec.cat\/ceip-mitja-costa\/wp-json\/wp\/v2\/pages\/5294","targetHints":{"allow":["GET"]}}],"collection":[{"href":"https:\/\/agora.xtec.cat\/ceip-mitja-costa\/wp-json\/wp\/v2\/pages"}],"about":[{"href":"https:\/\/agora.xtec.cat\/ceip-mitja-costa\/wp-json\/wp\/v2\/types\/page"}],"author":[{"embeddable":true,"href":"https:\/\/agora.xtec.cat\/ceip-mitja-costa\/wp-json\/wp\/v2\/users\/6"}],"replies":[{"embeddable":true,"href":"https:\/\/agora.xtec.cat\/ceip-mitja-costa\/wp-json\/wp\/v2\/comments?post=5294"}],"version-history":[{"count":5,"href":"https:\/\/agora.xtec.cat\/ceip-mitja-costa\/wp-json\/wp\/v2\/pages\/5294\/revisions"}],"predecessor-version":[{"id":7853,"href":"https:\/\/agora.xtec.cat\/ceip-mitja-costa\/wp-json\/wp\/v2\/pages\/5294\/revisions\/7853"}],"up":[{"embeddable":true,"href":"https:\/\/agora.xtec.cat\/ceip-mitja-costa\/wp-json\/wp\/v2\/pages\/22"}],"wp:attachment":[{"href":"https:\/\/agora.xtec.cat\/ceip-mitja-costa\/wp-json\/wp\/v2\/media?parent=5294"}],"curies":[{"name":"wp","href":"https:\/\/api.w.org\/{rel}","templated":true}]}}