{"id":491,"date":"2016-11-14T13:10:44","date_gmt":"2016-11-14T12:10:44","guid":{"rendered":"http:\/\/agora.xtec.cat\/ceip-mitja-costa\/?page_id=491"},"modified":"2017-01-30T18:33:13","modified_gmt":"2017-01-30T17:33:13","slug":"educacio-fisica","status":"publish","type":"page","link":"https:\/\/agora.xtec.cat\/ceip-mitja-costa\/nivells\/educacio-fisica\/","title":{"rendered":"Educaci\u00f3 F\u00edsica"},"content":{"rendered":"<p><a href=\"http:\/\/agora.xtec.cat\/ceip-mitja-costa\/wp-content\/uploads\/usu1458\/2016\/11\/imatges-EF.jpg\"><img loading=\"lazy\" decoding=\"async\" class=\"alignnone size-full wp-image-713\" src=\"http:\/\/agora.xtec.cat\/ceip-mitja-costa\/wp-content\/uploads\/usu1458\/2016\/11\/imatges-EF.jpg\" alt=\"imatges-ef\" width=\"450\" height=\"235\" srcset=\"https:\/\/agora.xtec.cat\/ceip-mitja-costa\/wp-content\/uploads\/usu1458\/2016\/11\/imatges-EF.jpg 450w, https:\/\/agora.xtec.cat\/ceip-mitja-costa\/wp-content\/uploads\/usu1458\/2016\/11\/imatges-EF-300x157.jpg 300w\" sizes=\"auto, (max-width: 450px) 100vw, 450px\" \/><\/a><\/p>\n<div>\n<p><em><span style=\"font-size: large;\"><b><u>L&#8217;Activitat F\u00edsica<\/u><\/b><\/span><\/em><\/p>\n<p><em>Els nostres infants necessiten fer activitat f\u00edsica i esport al llarg de tota la seva vida. L&#8217;esport, a m\u00e9s de ser una pr\u00e0ctica saludable, els proporciona l&#8217;oportunitat de millorar la maduresa afectiva i la seva socialitzaci\u00f3, alhora que facilita l&#8217;augment del rendiment escolar.<\/em><\/p>\n<p><em>Cal fomentar l&#8217;activitat f\u00edsica en les rutines di\u00e0ries per evitar la vida sedent\u00e0ria: pujar i baixar escales en lloc d&#8217;utilitzar l&#8217;ascensor, caminar en lloc d&#8217;utilitzar el transport p\u00fablic&#8230;<\/em><\/p>\n<p><em>Per motivar que els nostres infants facin esport \u00e9s convenient que els donem exemple practicant-ne nosaltres, per\u00f2 tamb\u00e9 cal que els deixem llibertat per triar aquell que m\u00e9s els agradi, tot aconsellant-los i oferint-los suport.<\/em><\/p>\n<p><em>Segons la modalitat de pr\u00e0ctica esportiva es reforcen un valors o uns altres:<\/em><\/p>\n<ul>\n<li><em>Els esports individuals estimulen la superaci\u00f3 personal.<\/em><\/li>\n<li><em>Els esports d&#8217;adversari fomenten el respecte a l&#8217;oponent.<\/em><\/li>\n<li><em>Els esports d&#8217;equip afavoreixen la socialitzaci\u00f3.<\/em><\/li>\n<\/ul>\n<p><em>\u00c9s important oferir una varietat d&#8217;esports entre els quals puguin escollir el que m\u00e9s s&#8217;av\u00e9 amb els seus interessos, habilitats i caracter\u00edstiques.<\/em><\/p>\n<p><em>La competici\u00f3 esportiva \u00e9s bona sempre que el component educatiu estigui per sobre de l&#8217;objectiu de guanyar; en cas contrari, els valors positius de l&#8217;esport es poden convertir en contra-valors.<\/em><\/p>\n<\/div>\n","protected":false},"excerpt":{"rendered":"<p>L&#8217;Activitat F\u00edsica Els nostres infants necessiten fer activitat f\u00edsica i esport al llarg de tota la seva vida. L&#8217;esport, a m\u00e9s de ser una pr\u00e0ctica saludable, els proporciona l&#8217;oportunitat de millorar la maduresa afectiva i la seva socialitzaci\u00f3, alhora que facilita l&#8217;augment del rendiment escolar. Cal fomentar l&#8217;activitat f\u00edsica en les rutines di\u00e0ries per evitar [&hellip;]<\/p>\n","protected":false},"author":7,"featured_media":0,"parent":87,"menu_order":0,"comment_status":"closed","ping_status":"closed","template":"page-templates\/side-menu.php","meta":{"_bbp_topic_count":0,"_bbp_reply_count":0,"_bbp_total_topic_count":0,"_bbp_total_reply_count":0,"_bbp_voice_count":0,"_bbp_anonymous_reply_count":0,"_bbp_topic_count_hidden":0,"_bbp_reply_count_hidden":0,"_bbp_forum_subforum_count":0,"site-sidebar-layout":"default","site-content-layout":"","ast-site-content-layout":"","site-content-style":"default","site-sidebar-style":"default","ast-global-header-display":"","ast-banner-title-visibility":"","ast-main-header-display":"","ast-hfb-above-header-display":"","ast-hfb-below-header-display":"","ast-hfb-mobile-header-display":"","site-post-title":"","ast-breadcrumbs-content":"","ast-featured-img":"","footer-sml-layout":"","theme-transparent-header-meta":"","adv-header-id-meta":"","stick-header-meta":"","header-above-stick-meta":"","header-main-stick-meta":"","header-below-stick-meta":"","astra-migrate-meta-layouts":"default","ast-page-background-enabled":"default","ast-page-background-meta":{"desktop":{"background-color":"var(--ast-global-color-4)","background-image":"","background-repeat":"repeat","background-position":"center center","background-size":"auto","background-attachment":"scroll","background-type":"","background-media":"","overlay-type":"","overlay-color":"","overlay-opacity":"","overlay-gradient":""},"tablet":{"background-color":"","background-image":"","background-repeat":"repeat","background-position":"center center","background-size":"auto","background-attachment":"scroll","background-type":"","background-media":"","overlay-type":"","overlay-color":"","overlay-opacity":"","overlay-gradient":""},"mobile":{"background-color":"","background-image":"","background-repeat":"repeat","background-position":"center center","background-size":"auto","background-attachment":"scroll","background-type":"","background-media":"","overlay-type":"","overlay-color":"","overlay-opacity":"","overlay-gradient":""}},"ast-content-background-meta":{"desktop":{"background-color":"var(--ast-global-color-5)","background-image":"","background-repeat":"repeat","background-position":"center center","background-size":"auto","background-attachment":"scroll","background-type":"","background-media":"","overlay-type":"","overlay-color":"","overlay-opacity":"","overlay-gradient":""},"tablet":{"background-color":"var(--ast-global-color-5)","background-image":"","background-repeat":"repeat","background-position":"center center","background-size":"auto","background-attachment":"scroll","background-type":"","background-media":"","overlay-type":"","overlay-color":"","overlay-opacity":"","overlay-gradient":""},"mobile":{"background-color":"var(--ast-global-color-5)","background-image":"","background-repeat":"repeat","background-position":"center center","background-size":"auto","background-attachment":"scroll","background-type":"","background-media":"","overlay-type":"","overlay-color":"","overlay-opacity":"","overlay-gradient":""}},"footnotes":""},"class_list":["post-491","page","type-page","status-publish","hentry"],"post_mailing_queue_ids":[],"_links":{"self":[{"href":"https:\/\/agora.xtec.cat\/ceip-mitja-costa\/wp-json\/wp\/v2\/pages\/491","targetHints":{"allow":["GET"]}}],"collection":[{"href":"https:\/\/agora.xtec.cat\/ceip-mitja-costa\/wp-json\/wp\/v2\/pages"}],"about":[{"href":"https:\/\/agora.xtec.cat\/ceip-mitja-costa\/wp-json\/wp\/v2\/types\/page"}],"author":[{"embeddable":true,"href":"https:\/\/agora.xtec.cat\/ceip-mitja-costa\/wp-json\/wp\/v2\/users\/7"}],"replies":[{"embeddable":true,"href":"https:\/\/agora.xtec.cat\/ceip-mitja-costa\/wp-json\/wp\/v2\/comments?post=491"}],"version-history":[{"count":4,"href":"https:\/\/agora.xtec.cat\/ceip-mitja-costa\/wp-json\/wp\/v2\/pages\/491\/revisions"}],"predecessor-version":[{"id":743,"href":"https:\/\/agora.xtec.cat\/ceip-mitja-costa\/wp-json\/wp\/v2\/pages\/491\/revisions\/743"}],"up":[{"embeddable":true,"href":"https:\/\/agora.xtec.cat\/ceip-mitja-costa\/wp-json\/wp\/v2\/pages\/87"}],"wp:attachment":[{"href":"https:\/\/agora.xtec.cat\/ceip-mitja-costa\/wp-json\/wp\/v2\/media?parent=491"}],"curies":[{"name":"wp","href":"https:\/\/api.w.org\/{rel}","templated":true}]}}