{"id":3014,"date":"2019-10-16T16:17:30","date_gmt":"2019-10-16T14:17:30","guid":{"rendered":"http:\/\/agora.xtec.cat\/ceip-mitja-costa\/?page_id=3014"},"modified":"2025-10-21T18:58:15","modified_gmt":"2025-10-21T16:58:15","slug":"cantania","status":"publish","type":"page","link":"https:\/\/agora.xtec.cat\/ceip-mitja-costa\/projectes\/cantania\/","title":{"rendered":"Cant\u00e0nia"},"content":{"rendered":"<h6>\u00bfQu\u00e8 \u00e9s la Cant\u00e0nia?<\/h6>\n<p style=\"text-align: justify;\">La Cant\u00e0nia \u00e9s un projecte educatiu i musical que reuneix escoles de tot Catalunya per interpretar una obra coral creada especialment per a alumnes de prim\u00e0ria. Cada any, alumnes de cinqu\u00e8 participen en aquesta experi\u00e8ncia \u00fanica, que fomenta la creativitat, el treball en equip i l&#8217;expressi\u00f3 art\u00edstica, i els permet viure la m\u00fasica d\u2019una manera activa i participativa.<\/p>\n<h6 style=\"text-align: justify;\">Cant\u00e0nia 2026<\/h6>\n<p style=\"text-align: justify;\" data-start=\"564\" data-end=\"794\">La Cant\u00e0nia 2026 presenta l&#8217;obra <em data-start=\"597\" data-end=\"615\">L&#8217;\u00faltim rellotge<\/em>, composta per Jordi Cornudella i amb dramaturgia de Tina Vall\u00e8s. L&#8217;obra explora temes com el pas del temps, la import\u00e0ncia de viure el present i la connexi\u00f3 entre les persones.<\/p>\n<p style=\"text-align: justify;\" data-start=\"796\" data-end=\"1028\">Aquest any, els alumnes de cinqu\u00e8 de la nostra escola participaran treballant conjuntament per interpretar la pe\u00e7a, que culminar\u00e0 en una gran actuaci\u00f3 coral a L&#8217;Auditori de Barcelona entre el 27 d\u2019abril i el 8 de juny de 2026.<\/p>\n<p data-start=\"796\" data-end=\"1028\"><img loading=\"lazy\" decoding=\"async\" class=\"alignnone size-large wp-image-7800\" src=\"https:\/\/agora.xtec.cat\/ceip-mitja-costa\/wp-content\/uploads\/usu1458\/2025\/10\/IMG_0025-1200x675.jpeg\" alt=\"\" width=\"1200\" height=\"675\" srcset=\"https:\/\/agora.xtec.cat\/ceip-mitja-costa\/wp-content\/uploads\/usu1458\/2025\/10\/IMG_0025-1200x675.jpeg 1200w, https:\/\/agora.xtec.cat\/ceip-mitja-costa\/wp-content\/uploads\/usu1458\/2025\/10\/IMG_0025-500x281.jpeg 500w, https:\/\/agora.xtec.cat\/ceip-mitja-costa\/wp-content\/uploads\/usu1458\/2025\/10\/IMG_0025-768x432.jpeg 768w, https:\/\/agora.xtec.cat\/ceip-mitja-costa\/wp-content\/uploads\/usu1458\/2025\/10\/IMG_0025-1536x864.jpeg 1536w, https:\/\/agora.xtec.cat\/ceip-mitja-costa\/wp-content\/uploads\/usu1458\/2025\/10\/IMG_0025-2048x1152.jpeg 2048w\" sizes=\"auto, (max-width: 1200px) 100vw, 1200px\" \/><\/p>\n","protected":false},"excerpt":{"rendered":"<p>\u00bfQu\u00e8 \u00e9s la Cant\u00e0nia? La Cant\u00e0nia \u00e9s un projecte educatiu i musical que reuneix escoles de tot Catalunya per interpretar una obra coral creada especialment per a alumnes de prim\u00e0ria. Cada any, alumnes de cinqu\u00e8 participen en aquesta experi\u00e8ncia \u00fanica, que fomenta la creativitat, el treball en equip i l&#8217;expressi\u00f3 art\u00edstica, i els permet viure [&hellip;]<\/p>\n","protected":false},"author":6,"featured_media":0,"parent":3012,"menu_order":25,"comment_status":"closed","ping_status":"closed","template":"","meta":{"_bbp_topic_count":0,"_bbp_reply_count":0,"_bbp_total_topic_count":0,"_bbp_total_reply_count":0,"_bbp_voice_count":0,"_bbp_anonymous_reply_count":0,"_bbp_topic_count_hidden":0,"_bbp_reply_count_hidden":0,"_bbp_forum_subforum_count":0,"site-sidebar-layout":"default","site-content-layout":"","ast-site-content-layout":"default","site-content-style":"default","site-sidebar-style":"default","ast-global-header-display":"","ast-banner-title-visibility":"","ast-main-header-display":"","ast-hfb-above-header-display":"","ast-hfb-below-header-display":"","ast-hfb-mobile-header-display":"","site-post-title":"","ast-breadcrumbs-content":"","ast-featured-img":"","footer-sml-layout":"","theme-transparent-header-meta":"default","adv-header-id-meta":"","stick-header-meta":"","header-above-stick-meta":"","header-main-stick-meta":"","header-below-stick-meta":"","astra-migrate-meta-layouts":"set","ast-page-background-enabled":"default","ast-page-background-meta":{"desktop":{"background-color":"var(--ast-global-color-4)","background-image":"","background-repeat":"repeat","background-position":"center center","background-size":"auto","background-attachment":"scroll","background-type":"","background-media":"","overlay-type":"","overlay-color":"","overlay-opacity":"","overlay-gradient":""},"tablet":{"background-color":"","background-image":"","background-repeat":"repeat","background-position":"center center","background-size":"auto","background-attachment":"scroll","background-type":"","background-media":"","overlay-type":"","overlay-color":"","overlay-opacity":"","overlay-gradient":""},"mobile":{"background-color":"","background-image":"","background-repeat":"repeat","background-position":"center center","background-size":"auto","background-attachment":"scroll","background-type":"","background-media":"","overlay-type":"","overlay-color":"","overlay-opacity":"","overlay-gradient":""}},"ast-content-background-meta":{"desktop":{"background-color":"var(--ast-global-color-5)","background-image":"","background-repeat":"repeat","background-position":"center center","background-size":"auto","background-attachment":"scroll","background-type":"","background-media":"","overlay-type":"","overlay-color":"","overlay-opacity":"","overlay-gradient":""},"tablet":{"background-color":"var(--ast-global-color-5)","background-image":"","background-repeat":"repeat","background-position":"center center","background-size":"auto","background-attachment":"scroll","background-type":"","background-media":"","overlay-type":"","overlay-color":"","overlay-opacity":"","overlay-gradient":""},"mobile":{"background-color":"var(--ast-global-color-5)","background-image":"","background-repeat":"repeat","background-position":"center center","background-size":"auto","background-attachment":"scroll","background-type":"","background-media":"","overlay-type":"","overlay-color":"","overlay-opacity":"","overlay-gradient":""}},"footnotes":""},"class_list":["post-3014","page","type-page","status-publish","hentry"],"post_mailing_queue_ids":[],"_links":{"self":[{"href":"https:\/\/agora.xtec.cat\/ceip-mitja-costa\/wp-json\/wp\/v2\/pages\/3014","targetHints":{"allow":["GET"]}}],"collection":[{"href":"https:\/\/agora.xtec.cat\/ceip-mitja-costa\/wp-json\/wp\/v2\/pages"}],"about":[{"href":"https:\/\/agora.xtec.cat\/ceip-mitja-costa\/wp-json\/wp\/v2\/types\/page"}],"author":[{"embeddable":true,"href":"https:\/\/agora.xtec.cat\/ceip-mitja-costa\/wp-json\/wp\/v2\/users\/6"}],"replies":[{"embeddable":true,"href":"https:\/\/agora.xtec.cat\/ceip-mitja-costa\/wp-json\/wp\/v2\/comments?post=3014"}],"version-history":[{"count":5,"href":"https:\/\/agora.xtec.cat\/ceip-mitja-costa\/wp-json\/wp\/v2\/pages\/3014\/revisions"}],"predecessor-version":[{"id":7801,"href":"https:\/\/agora.xtec.cat\/ceip-mitja-costa\/wp-json\/wp\/v2\/pages\/3014\/revisions\/7801"}],"up":[{"embeddable":true,"href":"https:\/\/agora.xtec.cat\/ceip-mitja-costa\/wp-json\/wp\/v2\/pages\/3012"}],"wp:attachment":[{"href":"https:\/\/agora.xtec.cat\/ceip-mitja-costa\/wp-json\/wp\/v2\/media?parent=3014"}],"curies":[{"name":"wp","href":"https:\/\/api.w.org\/{rel}","templated":true}]}}