{"id":3013,"date":"2019-10-16T16:17:29","date_gmt":"2019-10-16T14:17:29","guid":{"rendered":"http:\/\/agora.xtec.cat\/ceip-mitja-costa\/?page_id=3013"},"modified":"2025-10-21T18:12:54","modified_gmt":"2025-10-21T16:12:54","slug":"innovamat","status":"publish","type":"page","link":"https:\/\/agora.xtec.cat\/ceip-mitja-costa\/projectes\/projectes-de-larea-steam\/innovamat\/","title":{"rendered":"Innovamat"},"content":{"rendered":"<h1><span style=\"color: #339966;\"><strong><u>MATEM\u00c0TIQUES INNOVADORES<\/u><\/strong><\/span><\/h1>\n<p>&nbsp;<\/p>\n<p>Amb el projecte d&#8217;Innovamat des d&#8217;educaci\u00f3 in<a href=\"https:\/\/innovamat.us19.list-manage.com\/track\/click?u=b432f99915785a0ada7b08a22&amp;id=cf0549637a&amp;e=a80b02e9e7\">fa<img loading=\"lazy\" decoding=\"async\" class=\"wp-image-3069 alignleft\" src=\"https:\/\/agora.xtec.cat\/ceip-mitja-costa\/wp-content\/uploads\/usu1458\/2019\/11\/unnamed-1024x768.jpg\" alt=\"\" width=\"486\" height=\"364\" srcset=\"https:\/\/agora.xtec.cat\/ceip-mitja-costa\/wp-content\/uploads\/usu1458\/2019\/11\/unnamed-1024x768.jpg 1024w, https:\/\/agora.xtec.cat\/ceip-mitja-costa\/wp-content\/uploads\/usu1458\/2019\/11\/unnamed-300x225.jpg 300w, https:\/\/agora.xtec.cat\/ceip-mitja-costa\/wp-content\/uploads\/usu1458\/2019\/11\/unnamed-768x576.jpg 768w, https:\/\/agora.xtec.cat\/ceip-mitja-costa\/wp-content\/uploads\/usu1458\/2019\/11\/unnamed-200x150.jpg 200w, https:\/\/agora.xtec.cat\/ceip-mitja-costa\/wp-content\/uploads\/usu1458\/2019\/11\/unnamed.jpg 1200w\" sizes=\"auto, (max-width: 486px) 100vw, 486px\" \/><\/a>ntil treballem les matem\u00e0tiques d\u2019una manera innovadora. Fem comptatge, geometria, l\u00f2gica o estad\u00edstica manipulativament.<\/p>\n<p>D\u2019aquesta manera, ajudant-nos del material d\u2019Innovamat, fem quatre sessions setmanals <strong><em>de laboratori de nombres<\/em><\/strong>, on es treballa el c\u00e0lcul i la numeraci\u00f3.<\/p>\n<p>Una sessi\u00f3 setmanal d\u2019<strong><em>aventures<\/em><\/strong>, on fem geometria, resoluci\u00f3 de problemes, mesura, l\u00f2gica, tempteig, estad\u00edstica i probabilitat\u2026 en grup partit.<\/p>\n<p>Finalment, un cop per setmana i tamb\u00e9 en mig grup com els companys i companyes de tercer, fem <strong><em>plataforma<\/em><\/strong>, on aprofundim, reforcem i ampliem els aprenentatges treballats mitjan\u00e7ant els chromebooks.<\/p>\n<p>\u00c9s una manera de treballar engrescadora i motivadora que fomenta les ganes d\u2019aprendre matem\u00e0tiques i contribueix a l\u2019enriquiment d\u2019una forma de pensar diferent.<\/p>\n<h3><\/h3>\n<h3><span style=\"color: #339966;\">Podeu clicar la imatge per saber una mica m\u00e9s o b\u00e9 llegir el seg\u00fcent article <a href=\"https:\/\/blog.innovamat.com\/families-preguntes-frequents\/?utm_source=email&amp;utm_medium=emailing&amp;utm_campaign=newsdoc\">SAPS QU\u00c8 \u00c9S INNOVAMAT?<\/a><\/span><\/h3>\n<h4 style=\"text-align: center;\">A m\u00e9s a m\u00e9s, al principi de curs <a href=\"https:\/\/links.innovamat.com\/u\/click?_t=702c5da10e6447948ef881ef0527b56b&amp;_m=2438c1a9417144409731cc6db28ae1b0&amp;_e=uMKvuAbQprwiAus7P0Ero-RRhZh_TKWleFDuxM1CVQs1QkcrxfYqc6ADFTPpwjbeSB6yPPSSeT6Nk8tzwnadWrfUb-OPAuQXJfNWA0wshMlwvUOE8zja6TRqMFA1nshhb8rqbKiQyOQWRt73dzdf_U6YFoMNVUDdj2p0iBVk9MAYTRZCKgRgfyS0R8jDUhzPewUpg69fAAK68UtQlcHZVB-aYWacjpdc3hdNZpHJwe6AFpa4nHU-ooMVF9rZbjbFK2ubHGq8KsOWAG0ellmu_koAF6FbBg03t680zTMN3oI%3D\" target=\"_blank\" rel=\"noopener\" data-saferedirecturl=\"https:\/\/www.google.com\/url?q=https:\/\/links.innovamat.com\/u\/click?_t%3D702c5da10e6447948ef881ef0527b56b%26_m%3D2438c1a9417144409731cc6db28ae1b0%26_e%3DuMKvuAbQprwiAus7P0Ero-RRhZh_TKWleFDuxM1CVQs1QkcrxfYqc6ADFTPpwjbeSB6yPPSSeT6Nk8tzwnadWrfUb-OPAuQXJfNWA0wshMlwvUOE8zja6TRqMFA1nshhb8rqbKiQyOQWRt73dzdf_U6YFoMNVUDdj2p0iBVk9MAYTRZCKgRgfyS0R8jDUhzPewUpg69fAAK68UtQlcHZVB-aYWacjpdc3hdNZpHJwe6AFpa4nHU-ooMVF9rZbjbFK2ubHGq8KsOWAG0ellmu_koAF6FbBg03t680zTMN3oI%253D&amp;source=gmail&amp;ust=1680010429759000&amp;usg=AOvVaw09aM44wg6ZEK7BRp5s2v3C\">vam fer uns seminaris web per a fam\u00edlies<\/a> que segur que us agradar\u00e0 veure.<\/h4>\n<p>&nbsp;<\/p>\n","protected":false},"excerpt":{"rendered":"<p>MATEM\u00c0TIQUES INNOVADORES &nbsp; Amb el projecte d&#8217;Innovamat des d&#8217;educaci\u00f3 infantil treballem les matem\u00e0tiques d\u2019una manera innovadora. Fem comptatge, geometria, l\u00f2gica o estad\u00edstica manipulativament. D\u2019aquesta manera, ajudant-nos del material d\u2019Innovamat, fem quatre sessions setmanals de laboratori de nombres, on es treballa el c\u00e0lcul i la numeraci\u00f3. Una sessi\u00f3 setmanal d\u2019aventures, on fem geometria, resoluci\u00f3 de problemes, [&hellip;]<\/p>\n","protected":false},"author":6,"featured_media":0,"parent":7783,"menu_order":0,"comment_status":"closed","ping_status":"closed","template":"","meta":{"_bbp_topic_count":0,"_bbp_reply_count":0,"_bbp_total_topic_count":0,"_bbp_total_reply_count":0,"_bbp_voice_count":0,"_bbp_anonymous_reply_count":0,"_bbp_topic_count_hidden":0,"_bbp_reply_count_hidden":0,"_bbp_forum_subforum_count":0,"site-sidebar-layout":"default","site-content-layout":"","ast-site-content-layout":"default","site-content-style":"default","site-sidebar-style":"default","ast-global-header-display":"","ast-banner-title-visibility":"","ast-main-header-display":"","ast-hfb-above-header-display":"","ast-hfb-below-header-display":"","ast-hfb-mobile-header-display":"","site-post-title":"","ast-breadcrumbs-content":"","ast-featured-img":"","footer-sml-layout":"","theme-transparent-header-meta":"default","adv-header-id-meta":"","stick-header-meta":"","header-above-stick-meta":"","header-main-stick-meta":"","header-below-stick-meta":"","astra-migrate-meta-layouts":"set","ast-page-background-enabled":"default","ast-page-background-meta":{"desktop":{"background-color":"var(--ast-global-color-4)","background-image":"","background-repeat":"repeat","background-position":"center center","background-size":"auto","background-attachment":"scroll","background-type":"","background-media":"","overlay-type":"","overlay-color":"","overlay-opacity":"","overlay-gradient":""},"tablet":{"background-color":"","background-image":"","background-repeat":"repeat","background-position":"center center","background-size":"auto","background-attachment":"scroll","background-type":"","background-media":"","overlay-type":"","overlay-color":"","overlay-opacity":"","overlay-gradient":""},"mobile":{"background-color":"","background-image":"","background-repeat":"repeat","background-position":"center center","background-size":"auto","background-attachment":"scroll","background-type":"","background-media":"","overlay-type":"","overlay-color":"","overlay-opacity":"","overlay-gradient":""}},"ast-content-background-meta":{"desktop":{"background-color":"var(--ast-global-color-5)","background-image":"","background-repeat":"repeat","background-position":"center center","background-size":"auto","background-attachment":"scroll","background-type":"","background-media":"","overlay-type":"","overlay-color":"","overlay-opacity":"","overlay-gradient":""},"tablet":{"background-color":"var(--ast-global-color-5)","background-image":"","background-repeat":"repeat","background-position":"center center","background-size":"auto","background-attachment":"scroll","background-type":"","background-media":"","overlay-type":"","overlay-color":"","overlay-opacity":"","overlay-gradient":""},"mobile":{"background-color":"var(--ast-global-color-5)","background-image":"","background-repeat":"repeat","background-position":"center center","background-size":"auto","background-attachment":"scroll","background-type":"","background-media":"","overlay-type":"","overlay-color":"","overlay-opacity":"","overlay-gradient":""}},"footnotes":""},"class_list":["post-3013","page","type-page","status-publish","hentry"],"post_mailing_queue_ids":[],"_links":{"self":[{"href":"https:\/\/agora.xtec.cat\/ceip-mitja-costa\/wp-json\/wp\/v2\/pages\/3013","targetHints":{"allow":["GET"]}}],"collection":[{"href":"https:\/\/agora.xtec.cat\/ceip-mitja-costa\/wp-json\/wp\/v2\/pages"}],"about":[{"href":"https:\/\/agora.xtec.cat\/ceip-mitja-costa\/wp-json\/wp\/v2\/types\/page"}],"author":[{"embeddable":true,"href":"https:\/\/agora.xtec.cat\/ceip-mitja-costa\/wp-json\/wp\/v2\/users\/6"}],"replies":[{"embeddable":true,"href":"https:\/\/agora.xtec.cat\/ceip-mitja-costa\/wp-json\/wp\/v2\/comments?post=3013"}],"version-history":[{"count":4,"href":"https:\/\/agora.xtec.cat\/ceip-mitja-costa\/wp-json\/wp\/v2\/pages\/3013\/revisions"}],"predecessor-version":[{"id":7787,"href":"https:\/\/agora.xtec.cat\/ceip-mitja-costa\/wp-json\/wp\/v2\/pages\/3013\/revisions\/7787"}],"up":[{"embeddable":true,"href":"https:\/\/agora.xtec.cat\/ceip-mitja-costa\/wp-json\/wp\/v2\/pages\/7783"}],"wp:attachment":[{"href":"https:\/\/agora.xtec.cat\/ceip-mitja-costa\/wp-json\/wp\/v2\/media?parent=3013"}],"curies":[{"name":"wp","href":"https:\/\/api.w.org\/{rel}","templated":true}]}}