{"id":3012,"date":"2019-10-16T16:17:29","date_gmt":"2019-10-16T14:17:29","guid":{"rendered":"http:\/\/agora.xtec.cat\/ceip-mitja-costa\/?page_id=3012"},"modified":"2025-10-21T18:47:05","modified_gmt":"2025-10-21T16:47:05","slug":"projectes","status":"publish","type":"page","link":"https:\/\/agora.xtec.cat\/ceip-mitja-costa\/projectes\/","title":{"rendered":"Projectes"},"content":{"rendered":"<p style=\"text-align: justify;\" data-start=\"61\" data-end=\"520\">En aquest apartat trobar\u00e0s tots els projectes que fem a la nostra escola, dissenyats per aprendre, experimentar i cr\u00e9ixer com a persones i com a grup. Hi trobar\u00e0s els projectes de les diferents \u00e0rees curriculars, com llengua i STEAM, aix\u00ed com iniciatives centrades en el benestar emocional, la democr\u00e0cia, la cant\u00e0nia, els ambients d\u2019aprenentatge, els temps de creaci\u00f3, el programa de fruites i els projectes monogr\u00e0fics de cada curs.<\/p>\n<p style=\"text-align: justify;\" data-start=\"522\" data-end=\"693\">Cada projecte \u00e9s una oportunitat perqu\u00e8 els infants participin activament, desenvolupin les seves habilitats i contribueixin a fer de l\u2019escola un espai viu i enriquidor.<\/p>\n<p data-start=\"522\" data-end=\"693\"><img loading=\"lazy\" decoding=\"async\" class=\"alignnone size-large wp-image-7797\" src=\"https:\/\/agora.xtec.cat\/ceip-mitja-costa\/wp-content\/uploads\/usu1458\/2025\/10\/cerrar-ninos-pintando-como-equipo-1200x798.jpg\" alt=\"\" width=\"1200\" height=\"798\" srcset=\"https:\/\/agora.xtec.cat\/ceip-mitja-costa\/wp-content\/uploads\/usu1458\/2025\/10\/cerrar-ninos-pintando-como-equipo-1200x798.jpg 1200w, https:\/\/agora.xtec.cat\/ceip-mitja-costa\/wp-content\/uploads\/usu1458\/2025\/10\/cerrar-ninos-pintando-como-equipo-500x333.jpg 500w, https:\/\/agora.xtec.cat\/ceip-mitja-costa\/wp-content\/uploads\/usu1458\/2025\/10\/cerrar-ninos-pintando-como-equipo-768x511.jpg 768w, https:\/\/agora.xtec.cat\/ceip-mitja-costa\/wp-content\/uploads\/usu1458\/2025\/10\/cerrar-ninos-pintando-como-equipo-1536x1022.jpg 1536w, https:\/\/agora.xtec.cat\/ceip-mitja-costa\/wp-content\/uploads\/usu1458\/2025\/10\/cerrar-ninos-pintando-como-equipo-2048x1363.jpg 2048w\" sizes=\"auto, (max-width: 1200px) 100vw, 1200px\" \/><\/p>\n","protected":false},"excerpt":{"rendered":"<p>En aquest apartat trobar\u00e0s tots els projectes que fem a la nostra escola, dissenyats per aprendre, experimentar i cr\u00e9ixer com a persones i com a grup. Hi trobar\u00e0s els projectes de les diferents \u00e0rees curriculars, com llengua i STEAM, aix\u00ed com iniciatives centrades en el benestar emocional, la democr\u00e0cia, la cant\u00e0nia, els ambients d\u2019aprenentatge, els [&hellip;]<\/p>\n","protected":false},"author":6,"featured_media":0,"parent":0,"menu_order":0,"comment_status":"closed","ping_status":"closed","template":"","meta":{"_bbp_topic_count":0,"_bbp_reply_count":0,"_bbp_total_topic_count":0,"_bbp_total_reply_count":0,"_bbp_voice_count":0,"_bbp_anonymous_reply_count":0,"_bbp_topic_count_hidden":0,"_bbp_reply_count_hidden":0,"_bbp_forum_subforum_count":0,"site-sidebar-layout":"default","site-content-layout":"","ast-site-content-layout":"default","site-content-style":"default","site-sidebar-style":"default","ast-global-header-display":"","ast-banner-title-visibility":"","ast-main-header-display":"","ast-hfb-above-header-display":"","ast-hfb-below-header-display":"","ast-hfb-mobile-header-display":"","site-post-title":"","ast-breadcrumbs-content":"","ast-featured-img":"","footer-sml-layout":"","theme-transparent-header-meta":"default","adv-header-id-meta":"","stick-header-meta":"","header-above-stick-meta":"","header-main-stick-meta":"","header-below-stick-meta":"","astra-migrate-meta-layouts":"set","ast-page-background-enabled":"default","ast-page-background-meta":{"desktop":{"background-color":"var(--ast-global-color-4)","background-image":"","background-repeat":"repeat","background-position":"center center","background-size":"auto","background-attachment":"scroll","background-type":"","background-media":"","overlay-type":"","overlay-color":"","overlay-opacity":"","overlay-gradient":""},"tablet":{"background-color":"","background-image":"","background-repeat":"repeat","background-position":"center center","background-size":"auto","background-attachment":"scroll","background-type":"","background-media":"","overlay-type":"","overlay-color":"","overlay-opacity":"","overlay-gradient":""},"mobile":{"background-color":"","background-image":"","background-repeat":"repeat","background-position":"center center","background-size":"auto","background-attachment":"scroll","background-type":"","background-media":"","overlay-type":"","overlay-color":"","overlay-opacity":"","overlay-gradient":""}},"ast-content-background-meta":{"desktop":{"background-color":"var(--ast-global-color-5)","background-image":"","background-repeat":"repeat","background-position":"center center","background-size":"auto","background-attachment":"scroll","background-type":"","background-media":"","overlay-type":"","overlay-color":"","overlay-opacity":"","overlay-gradient":""},"tablet":{"background-color":"var(--ast-global-color-5)","background-image":"","background-repeat":"repeat","background-position":"center center","background-size":"auto","background-attachment":"scroll","background-type":"","background-media":"","overlay-type":"","overlay-color":"","overlay-opacity":"","overlay-gradient":""},"mobile":{"background-color":"var(--ast-global-color-5)","background-image":"","background-repeat":"repeat","background-position":"center center","background-size":"auto","background-attachment":"scroll","background-type":"","background-media":"","overlay-type":"","overlay-color":"","overlay-opacity":"","overlay-gradient":""}},"footnotes":""},"class_list":["post-3012","page","type-page","status-publish","hentry"],"post_mailing_queue_ids":[],"_links":{"self":[{"href":"https:\/\/agora.xtec.cat\/ceip-mitja-costa\/wp-json\/wp\/v2\/pages\/3012","targetHints":{"allow":["GET"]}}],"collection":[{"href":"https:\/\/agora.xtec.cat\/ceip-mitja-costa\/wp-json\/wp\/v2\/pages"}],"about":[{"href":"https:\/\/agora.xtec.cat\/ceip-mitja-costa\/wp-json\/wp\/v2\/types\/page"}],"author":[{"embeddable":true,"href":"https:\/\/agora.xtec.cat\/ceip-mitja-costa\/wp-json\/wp\/v2\/users\/6"}],"replies":[{"embeddable":true,"href":"https:\/\/agora.xtec.cat\/ceip-mitja-costa\/wp-json\/wp\/v2\/comments?post=3012"}],"version-history":[{"count":2,"href":"https:\/\/agora.xtec.cat\/ceip-mitja-costa\/wp-json\/wp\/v2\/pages\/3012\/revisions"}],"predecessor-version":[{"id":7798,"href":"https:\/\/agora.xtec.cat\/ceip-mitja-costa\/wp-json\/wp\/v2\/pages\/3012\/revisions\/7798"}],"wp:attachment":[{"href":"https:\/\/agora.xtec.cat\/ceip-mitja-costa\/wp-json\/wp\/v2\/media?parent=3012"}],"curies":[{"name":"wp","href":"https:\/\/api.w.org\/{rel}","templated":true}]}}