{"id":2929,"date":"2019-09-24T19:55:30","date_gmt":"2019-09-24T17:55:30","guid":{"rendered":"http:\/\/agora.xtec.cat\/ceip-mitja-costa\/?page_id=2929"},"modified":"2022-09-13T22:11:06","modified_gmt":"2022-09-13T20:11:06","slug":"internet-segura","status":"publish","type":"page","link":"https:\/\/agora.xtec.cat\/ceip-mitja-costa\/lescola\/altres-informacions\/internet-segura\/","title":{"rendered":"Internet segura"},"content":{"rendered":"<div class=\"m_6791382651953212251entry-content\">\n<h4>Protecci\u00f3 de dades i propietat intel\u00b7lectual i drets d\u2019autoria:<\/h4>\n<p style=\"text-align: justify;\">L\u2019 escola\u00a0 Mitja Costa ha implantat les mesures necess\u00e0ries per tractar i protegir les dades de car\u00e0cter personal dels alumnes i de les seves fam\u00edlies segons els requeriments de la normativa de la protecci\u00f3 de dades europea (Reglament EU2016\/679)<\/p>\n<p style=\"text-align: justify;\">Per qualsevol aclariment, rectificaci\u00f3 o supressi\u00f3 sobre el tractament de les dades de car\u00e0cter personal podeu adre\u00e7ar vos a secretaria o enviar un correu a\u00a0 <a href=\"mailto:a8021764@xtec.cat\">a8021764@xtec.cat<\/a><\/p>\n<p>&nbsp;<\/p>\n<p>Enlla\u00e7os d\u2019inter\u00e8s sobre internet segura, protecci\u00f3 de dades i propietat intel\u00b7lectual i drets d\u2019autoria:<\/p>\n<p><a href=\"http:\/\/xtec.gencat.cat\/ca\/recursos\/tecinformacio\/internet_segura\/enllacos\/index.html?pagec1d40266-4001-11e5-beba-000c291c997a=1&amp;googleoff=1\" target=\"_blank\" rel=\"noopener noreferrer\" data-saferedirecturl=\"https:\/\/www.google.com\/url?q=http:\/\/xtec.gencat.cat\/ca\/recursos\/tecinformacio\/internet_segura\/enllacos\/index.html?pagec1d40266-4001-11e5-beba-000c291c997a%3D1%26googleoff%3D1&amp;source=gmail&amp;ust=1569433291531000&amp;usg=AFQjCNGV0N1ZItU64Uf5C7Ttisi2KaKOXw\">http:\/\/xtec.gencat.cat\/ca\/<wbr \/>recursos\/tecinformacio\/<wbr \/>internet_segura\/enllacos\/<wbr \/>index.html?pagec1d40266-4001-<wbr \/>11e5-beba-000c291c997a=1&amp;<wbr \/>googleoff=1<\/a><\/p>\n<p><a href=\"http:\/\/xtec.gencat.cat\/ca\/centres\/propintel_dretauto\/\" target=\"_blank\" rel=\"noopener noreferrer\" data-saferedirecturl=\"https:\/\/www.google.com\/url?q=http:\/\/xtec.gencat.cat\/ca\/centres\/propintel_dretauto\/&amp;source=gmail&amp;ust=1569433291531000&amp;usg=AFQjCNF2VJwqhQNqM7msqeSoOZ6bpoeyCg\">http:\/\/xtec.gencat.cat\/ca\/<wbr \/>centres\/propintel_dretauto\/<\/a><\/p>\n<\/div>\n<p>&nbsp;<\/p>\n","protected":false},"excerpt":{"rendered":"<p>Protecci\u00f3 de dades i propietat intel\u00b7lectual i drets d\u2019autoria: L\u2019 escola\u00a0 Mitja Costa ha implantat les mesures necess\u00e0ries per tractar i protegir les dades de car\u00e0cter personal dels alumnes i de les seves fam\u00edlies segons els requeriments de la normativa de la protecci\u00f3 de dades europea (Reglament EU2016\/679) Per qualsevol aclariment, rectificaci\u00f3 o supressi\u00f3 sobre [&hellip;]<\/p>\n","protected":false},"author":1,"featured_media":0,"parent":5292,"menu_order":5,"comment_status":"closed","ping_status":"closed","template":"","meta":{"_bbp_topic_count":0,"_bbp_reply_count":0,"_bbp_total_topic_count":0,"_bbp_total_reply_count":0,"_bbp_voice_count":0,"_bbp_anonymous_reply_count":0,"_bbp_topic_count_hidden":0,"_bbp_reply_count_hidden":0,"_bbp_forum_subforum_count":0,"site-sidebar-layout":"default","site-content-layout":"","ast-site-content-layout":"","site-content-style":"default","site-sidebar-style":"default","ast-global-header-display":"","ast-banner-title-visibility":"","ast-main-header-display":"","ast-hfb-above-header-display":"","ast-hfb-below-header-display":"","ast-hfb-mobile-header-display":"","site-post-title":"","ast-breadcrumbs-content":"","ast-featured-img":"","footer-sml-layout":"","theme-transparent-header-meta":"","adv-header-id-meta":"","stick-header-meta":"","header-above-stick-meta":"","header-main-stick-meta":"","header-below-stick-meta":"","astra-migrate-meta-layouts":"default","ast-page-background-enabled":"default","ast-page-background-meta":{"desktop":{"background-color":"var(--ast-global-color-4)","background-image":"","background-repeat":"repeat","background-position":"center center","background-size":"auto","background-attachment":"scroll","background-type":"","background-media":"","overlay-type":"","overlay-color":"","overlay-opacity":"","overlay-gradient":""},"tablet":{"background-color":"","background-image":"","background-repeat":"repeat","background-position":"center center","background-size":"auto","background-attachment":"scroll","background-type":"","background-media":"","overlay-type":"","overlay-color":"","overlay-opacity":"","overlay-gradient":""},"mobile":{"background-color":"","background-image":"","background-repeat":"repeat","background-position":"center center","background-size":"auto","background-attachment":"scroll","background-type":"","background-media":"","overlay-type":"","overlay-color":"","overlay-opacity":"","overlay-gradient":""}},"ast-content-background-meta":{"desktop":{"background-color":"var(--ast-global-color-5)","background-image":"","background-repeat":"repeat","background-position":"center center","background-size":"auto","background-attachment":"scroll","background-type":"","background-media":"","overlay-type":"","overlay-color":"","overlay-opacity":"","overlay-gradient":""},"tablet":{"background-color":"var(--ast-global-color-5)","background-image":"","background-repeat":"repeat","background-position":"center center","background-size":"auto","background-attachment":"scroll","background-type":"","background-media":"","overlay-type":"","overlay-color":"","overlay-opacity":"","overlay-gradient":""},"mobile":{"background-color":"var(--ast-global-color-5)","background-image":"","background-repeat":"repeat","background-position":"center center","background-size":"auto","background-attachment":"scroll","background-type":"","background-media":"","overlay-type":"","overlay-color":"","overlay-opacity":"","overlay-gradient":""}},"footnotes":""},"class_list":["post-2929","page","type-page","status-publish","hentry"],"post_mailing_queue_ids":[],"_links":{"self":[{"href":"https:\/\/agora.xtec.cat\/ceip-mitja-costa\/wp-json\/wp\/v2\/pages\/2929","targetHints":{"allow":["GET"]}}],"collection":[{"href":"https:\/\/agora.xtec.cat\/ceip-mitja-costa\/wp-json\/wp\/v2\/pages"}],"about":[{"href":"https:\/\/agora.xtec.cat\/ceip-mitja-costa\/wp-json\/wp\/v2\/types\/page"}],"author":[{"embeddable":true,"href":"https:\/\/agora.xtec.cat\/ceip-mitja-costa\/wp-json\/wp\/v2\/users\/1"}],"replies":[{"embeddable":true,"href":"https:\/\/agora.xtec.cat\/ceip-mitja-costa\/wp-json\/wp\/v2\/comments?post=2929"}],"version-history":[{"count":2,"href":"https:\/\/agora.xtec.cat\/ceip-mitja-costa\/wp-json\/wp\/v2\/pages\/2929\/revisions"}],"predecessor-version":[{"id":2931,"href":"https:\/\/agora.xtec.cat\/ceip-mitja-costa\/wp-json\/wp\/v2\/pages\/2929\/revisions\/2931"}],"up":[{"embeddable":true,"href":"https:\/\/agora.xtec.cat\/ceip-mitja-costa\/wp-json\/wp\/v2\/pages\/5292"}],"wp:attachment":[{"href":"https:\/\/agora.xtec.cat\/ceip-mitja-costa\/wp-json\/wp\/v2\/media?parent=2929"}],"curies":[{"name":"wp","href":"https:\/\/api.w.org\/{rel}","templated":true}]}}