{"id":26,"date":"2014-09-18T12:24:32","date_gmt":"2014-09-18T11:24:32","guid":{"rendered":"http:\/\/agora.xtec.cat\/ceip-mitja-costa\/?page_id=26"},"modified":"2025-10-21T13:36:08","modified_gmt":"2025-10-21T11:36:08","slug":"historia","status":"publish","type":"page","link":"https:\/\/agora.xtec.cat\/ceip-mitja-costa\/lescola\/historia\/","title":{"rendered":"Hist\u00f2ria"},"content":{"rendered":"<p style=\"text-align: justify;\">L&#8217; escola Mitja Costa va ser inaugurada l&#8217; any 1.974 , adoptant el nom de la popular font, situada al Tur\u00f3, coneguda per la qualitat de les seves aig\u00fces.<br \/>\nEn aquell moment era una escola d&#8217;E.G.B de doble l\u00ednia (16 aules) que oferia el nivell de parvulari en unes instal\u00b7lacions allunyades de l&#8217;edifici principal de l&#8217;escola. Posteriorment es va reduir la dimensi\u00f3 de l&#8217;escola i es va convertir en<br \/>\nun centre d&#8217;Educaci\u00f3 infantil i prim\u00e0ria d&#8217;una l\u00ednia i es van integrar les aules d&#8217;educaci\u00f3 infantil en el propi edifici.<\/p>\n<p style=\"text-align: justify;\">Est\u00e0 situada unint el barri anomenat de la Font Pudenta amb la urbanitzaci\u00f3 Terra Nostra, que conjuntament amb els altres sectors en que queda distribu\u00efda la poblaci\u00f3, constitueixen el municipi de Montcada i Reixac.<\/p>\n<p style=\"text-align: justify;\">Acollim alumnat\u00a0 dels barris de Terra Nostra i la Font Pudenta. Tamb\u00e9 escolaritzem alguns alumnes que provenen de zones m\u00e9s allunyades del municipi, com s\u00f3n el barri de Can Cuy\u00e0s, de Can Sant Joan i habitatges situats en els l\u00edmits amb Cerdanyola del Vall\u00e8s. La nostra escola \u00e9s l\u2019opci\u00f3 preferent d\u2019aquelles fam\u00edlies de la nostra zona educativa que opten pel model d\u2019ensenyament p\u00fablic (aproximadament el 83% de la demanda potencial).<\/p>\n<p style=\"text-align: justify;\">En l&#8217;actualitat l&#8217;escola imparteix doc\u00e8ncia a un total d&#8217;uns 225 alumnes que provenen b\u00e0sicament de l&#8217;entorn de l&#8217;escola i que en molts casos s\u00f3n fills i fins i tot n\u00e9ts d&#8217;antics alumnes.<\/p>\n<p><img loading=\"lazy\" decoding=\"async\" class=\"alignnone size-full wp-image-7763\" src=\"https:\/\/agora.xtec.cat\/ceip-mitja-costa\/wp-content\/uploads\/usu1458\/2025\/10\/7.jpeg\" alt=\"\" width=\"1167\" height=\"699\" srcset=\"https:\/\/agora.xtec.cat\/ceip-mitja-costa\/wp-content\/uploads\/usu1458\/2025\/10\/7.jpeg 1167w, https:\/\/agora.xtec.cat\/ceip-mitja-costa\/wp-content\/uploads\/usu1458\/2025\/10\/7-500x299.jpeg 500w, https:\/\/agora.xtec.cat\/ceip-mitja-costa\/wp-content\/uploads\/usu1458\/2025\/10\/7-768x460.jpeg 768w\" sizes=\"auto, (max-width: 1167px) 100vw, 1167px\" \/><\/p>\n","protected":false},"excerpt":{"rendered":"<p>L&#8217; escola Mitja Costa va ser inaugurada l&#8217; any 1.974 , adoptant el nom de la popular font, situada al Tur\u00f3, coneguda per la qualitat de les seves aig\u00fces. En aquell moment era una escola d&#8217;E.G.B de doble l\u00ednia (16 aules) que oferia el nivell de parvulari en unes instal\u00b7lacions allunyades de l&#8217;edifici principal de [&hellip;]<\/p>\n","protected":false},"author":1,"featured_media":0,"parent":22,"menu_order":11,"comment_status":"closed","ping_status":"closed","template":"","meta":{"_bbp_topic_count":0,"_bbp_reply_count":0,"_bbp_total_topic_count":0,"_bbp_total_reply_count":0,"_bbp_voice_count":0,"_bbp_anonymous_reply_count":0,"_bbp_topic_count_hidden":0,"_bbp_reply_count_hidden":0,"_bbp_forum_subforum_count":0,"site-sidebar-layout":"default","site-content-layout":"","ast-site-content-layout":"default","site-content-style":"default","site-sidebar-style":"default","ast-global-header-display":"","ast-banner-title-visibility":"","ast-main-header-display":"","ast-hfb-above-header-display":"","ast-hfb-below-header-display":"","ast-hfb-mobile-header-display":"","site-post-title":"","ast-breadcrumbs-content":"","ast-featured-img":"","footer-sml-layout":"","theme-transparent-header-meta":"default","adv-header-id-meta":"","stick-header-meta":"","header-above-stick-meta":"","header-main-stick-meta":"","header-below-stick-meta":"","astra-migrate-meta-layouts":"set","ast-page-background-enabled":"default","ast-page-background-meta":{"desktop":{"background-color":"var(--ast-global-color-4)","background-image":"","background-repeat":"repeat","background-position":"center center","background-size":"auto","background-attachment":"scroll","background-type":"","background-media":"","overlay-type":"","overlay-color":"","overlay-opacity":"","overlay-gradient":""},"tablet":{"background-color":"","background-image":"","background-repeat":"repeat","background-position":"center center","background-size":"auto","background-attachment":"scroll","background-type":"","background-media":"","overlay-type":"","overlay-color":"","overlay-opacity":"","overlay-gradient":""},"mobile":{"background-color":"","background-image":"","background-repeat":"repeat","background-position":"center center","background-size":"auto","background-attachment":"scroll","background-type":"","background-media":"","overlay-type":"","overlay-color":"","overlay-opacity":"","overlay-gradient":""}},"ast-content-background-meta":{"desktop":{"background-color":"var(--ast-global-color-5)","background-image":"","background-repeat":"repeat","background-position":"center center","background-size":"auto","background-attachment":"scroll","background-type":"","background-media":"","overlay-type":"","overlay-color":"","overlay-opacity":"","overlay-gradient":""},"tablet":{"background-color":"var(--ast-global-color-5)","background-image":"","background-repeat":"repeat","background-position":"center center","background-size":"auto","background-attachment":"scroll","background-type":"","background-media":"","overlay-type":"","overlay-color":"","overlay-opacity":"","overlay-gradient":""},"mobile":{"background-color":"var(--ast-global-color-5)","background-image":"","background-repeat":"repeat","background-position":"center center","background-size":"auto","background-attachment":"scroll","background-type":"","background-media":"","overlay-type":"","overlay-color":"","overlay-opacity":"","overlay-gradient":""}},"footnotes":""},"class_list":["post-26","page","type-page","status-publish","hentry"],"post_mailing_queue_ids":[],"_links":{"self":[{"href":"https:\/\/agora.xtec.cat\/ceip-mitja-costa\/wp-json\/wp\/v2\/pages\/26","targetHints":{"allow":["GET"]}}],"collection":[{"href":"https:\/\/agora.xtec.cat\/ceip-mitja-costa\/wp-json\/wp\/v2\/pages"}],"about":[{"href":"https:\/\/agora.xtec.cat\/ceip-mitja-costa\/wp-json\/wp\/v2\/types\/page"}],"author":[{"embeddable":true,"href":"https:\/\/agora.xtec.cat\/ceip-mitja-costa\/wp-json\/wp\/v2\/users\/1"}],"replies":[{"embeddable":true,"href":"https:\/\/agora.xtec.cat\/ceip-mitja-costa\/wp-json\/wp\/v2\/comments?post=26"}],"version-history":[{"count":4,"href":"https:\/\/agora.xtec.cat\/ceip-mitja-costa\/wp-json\/wp\/v2\/pages\/26\/revisions"}],"predecessor-version":[{"id":7764,"href":"https:\/\/agora.xtec.cat\/ceip-mitja-costa\/wp-json\/wp\/v2\/pages\/26\/revisions\/7764"}],"up":[{"embeddable":true,"href":"https:\/\/agora.xtec.cat\/ceip-mitja-costa\/wp-json\/wp\/v2\/pages\/22"}],"wp:attachment":[{"href":"https:\/\/agora.xtec.cat\/ceip-mitja-costa\/wp-json\/wp\/v2\/media?parent=26"}],"curies":[{"name":"wp","href":"https:\/\/api.w.org\/{rel}","templated":true}]}}