{"id":2398,"date":"2018-12-20T13:10:42","date_gmt":"2018-12-20T12:10:42","guid":{"rendered":"http:\/\/agora.xtec.cat\/ceip-mitja-costa\/?page_id=2398"},"modified":"2026-02-26T15:09:11","modified_gmt":"2026-02-26T14:09:11","slug":"documents-de-centre","status":"publish","type":"page","link":"https:\/\/agora.xtec.cat\/ceip-mitja-costa\/lescola\/documents-de-centre\/","title":{"rendered":"Documents de centre"},"content":{"rendered":"\n<div class=\"wp-block-getwid-toggle has-icon-left\">\n<div class=\"wp-block-getwid-toggle__row\"><div class=\"wp-block-getwid-toggle__header-wrapper\"><span class=\"wp-block-getwid-toggle__header\"><a href=\"#\"><span class=\"wp-block-getwid-toggle__header-title\">Dossier fam\u00edlies Inici de Curs <\/span><span class=\"wp-block-getwid-toggle__icon is-active\"><i class=\"fas fa-plus\"><\/i><\/span><span class=\"wp-block-getwid-toggle__icon is-passive\"><i class=\"fas fa-minus\"><\/i><\/span><\/a><\/span><\/div><div class=\"wp-block-getwid-toggle__content-wrapper\"><div class=\"wp-block-getwid-toggle__content\">\n<p>Aquest <a href=\"https:\/\/docs.google.com\/document\/d\/1AA0ixbLgrnqaVSvcssGRoLE-rnucqSkhXKCCYFrhjnw\/edit?pli=1&amp;tab=t.0\" data-type=\"link\" data-id=\"https:\/\/docs.google.com\/document\/d\/1AA0ixbLgrnqaVSvcssGRoLE-rnucqSkhXKCCYFrhjnw\/edit?pli=1&amp;tab=t.0\">dossier<\/a> recull la informaci\u00f3 essencial del centre: organitzaci\u00f3, projectes educatius i activitats. L\u2019objectiu \u00e9s facilitar la participaci\u00f3 de les fam\u00edlies i acompanyar els alumnes en el seu aprenentatge, promovent un entorn escolar positiu i inclusiu.<\/p>\n<\/div><\/div><\/div>\n\n\n\n<div class=\"wp-block-getwid-toggle__row\"><div class=\"wp-block-getwid-toggle__header-wrapper\"><span class=\"wp-block-getwid-toggle__header\"><a href=\"#\"><span class=\"wp-block-getwid-toggle__header-title\">NOFC- Extracte <\/span><span class=\"wp-block-getwid-toggle__icon is-active\"><i class=\"fas fa-plus\"><\/i><\/span><span class=\"wp-block-getwid-toggle__icon is-passive\"><i class=\"fas fa-minus\"><\/i><\/span><\/a><\/span><\/div><div class=\"wp-block-getwid-toggle__content-wrapper\"><div class=\"wp-block-getwid-toggle__content\">\n<p>Les Normes d\u2019Organitzaci\u00f3 i Funcionament del Centre (NOFC) recullen els principis, procediments i normes que regulen la vida quotidiana del centre. Aquest <a href=\"https:\/\/docs.google.com\/document\/d\/1v-uirOzVLvwSwb9qFW78QnatflxVG70AOcGYCCVReZs\/edit?tab=t.0\">document<\/a> t\u00e9 com a finalitat garantir un funcionament ordenat, clar i transparent, facilitant la conviv\u00e8ncia, l\u2019aprenentatge i la participaci\u00f3 de tota la comunitat educativa.<\/p>\n<\/div><\/div><\/div>\n\n\n\n<div class=\"wp-block-getwid-toggle__row\"><div class=\"wp-block-getwid-toggle__header-wrapper\"><span class=\"wp-block-getwid-toggle__header\"><a href=\"#\"><span class=\"wp-block-getwid-toggle__header-title\">Projecte ling\u00fc\u00edstic <\/span><span class=\"wp-block-getwid-toggle__icon is-active\"><i class=\"fas fa-plus\"><\/i><\/span><span class=\"wp-block-getwid-toggle__icon is-passive\"><i class=\"fas fa-minus\"><\/i><\/span><\/a><\/span><\/div><div class=\"wp-block-getwid-toggle__content-wrapper\"><div class=\"wp-block-getwid-toggle__content\">\n<p>El <a href=\"https:\/\/drive.google.com\/file\/d\/1kd1g0yKBtN0yJaLOSrCQqIJOtajr1KZB\/view?pli=1\">Projecte Ling\u00fc\u00edstic de Centre (PLC)<\/a> estableix les l\u00ednies estrat\u00e8giques per al desenvolupament competencial en llengua catalana, castellana, estrangera i altres lleng\u00fces que es treballen al centre. T\u00e9 com a objectiu promoure la comunicaci\u00f3 efectiva, la comprensi\u00f3 i l\u2019expressi\u00f3 oral i escrita, aix\u00ed com fomentar l\u2019apreciaci\u00f3 de la diversitat ling\u00fc\u00edstica i cultural. Aquest projecte \u00e9s una guia per al treball de l\u2019alumnat i per a la coordinaci\u00f3 del professorat, contribuint a l\u2019\u00e8xit educatiu i a la cohesi\u00f3 del nostre projecte educatiu global.<\/p>\n<\/div><\/div><\/div>\n\n\n\n<div class=\"wp-block-getwid-toggle__row\"><div class=\"wp-block-getwid-toggle__header-wrapper\"><span class=\"wp-block-getwid-toggle__header\"><a href=\"#\"><span class=\"wp-block-getwid-toggle__header-title\">PEC<\/span><span class=\"wp-block-getwid-toggle__icon is-active\"><i class=\"fas fa-plus\"><\/i><\/span><span class=\"wp-block-getwid-toggle__icon is-passive\"><i class=\"fas fa-minus\"><\/i><\/span><\/a><\/span><\/div><div class=\"wp-block-getwid-toggle__content-wrapper\"><div class=\"wp-block-getwid-toggle__content\">\n<p>El <a href=\"https:\/\/agora.xtec.cat\/ceip-mitja-costa\/wp-content\/uploads\/usu1458\/2020\/02\/PEC_V04-FEBRER-2020.pdf\" data-type=\"link\" data-id=\"https:\/\/agora.xtec.cat\/ceip-mitja-costa\/wp-content\/uploads\/usu1458\/2020\/02\/PEC_V04-FEBRER-2020.pdf\">Projecte Educatiu de Centre (PEC)<\/a> defineix la identitat, els valors i les l\u00ednies pedag\u00f2giques que guien la nostra escola. Recull els objectius educatius, els projectes i les actuacions que permeten oferir un aprenentatge significatiu, inclusiu i integrador per a tot l\u2019alumnat. Aquest projecte \u00e9s la base sobre la qual constru\u00efm la nostra comunitat educativa, fomentant la participaci\u00f3 de les fam\u00edlies, l\u2019alumnat i el professorat per aconseguir un desenvolupament integral i l\u2019\u00e8xit educatiu de tots.<\/p>\n<\/div><\/div><\/div>\n\n\n\n<div class=\"wp-block-getwid-toggle__row\"><div class=\"wp-block-getwid-toggle__header-wrapper\"><span class=\"wp-block-getwid-toggle__header\"><a href=\"#\"><span class=\"wp-block-getwid-toggle__header-title\">Estrat\u00e8gia digital de centre <\/span><span class=\"wp-block-getwid-toggle__icon is-active\"><i class=\"fas fa-plus\"><\/i><\/span><span class=\"wp-block-getwid-toggle__icon is-passive\"><i class=\"fas fa-minus\"><\/i><\/span><\/a><\/span><\/div><div class=\"wp-block-getwid-toggle__content-wrapper\"><div class=\"wp-block-getwid-toggle__content\">\n<p>L\u2019 <a href=\"https:\/\/sites.google.com\/xtec.cat\/edc-mitja-costa\/context?pli=1\" data-type=\"link\" data-id=\"https:\/\/sites.google.com\/xtec.cat\/edc-mitja-costa\/context?pli=1\">Estrat\u00e8gia Digital de Centre<\/a> defineix les l\u00ednies d\u2019actuaci\u00f3 per integrar les eines i compet\u00e8ncies digitals en l\u2019aprenentatge i en la gesti\u00f3 del centre. T\u00e9 com a objectiu potenciar l\u2019\u00fas segur, responsable i creatiu de la tecnologia, afavorir la comunicaci\u00f3 i la col\u00b7laboraci\u00f3 entre tota la comunitat educativa i preparar l\u2019alumnat per a una societat cada vegada m\u00e9s digitalitzada. Aquest projecte orienta les accions del professorat i les fam\u00edlies per garantir un \u00fas efectiu i coherent de les eines digitals.<\/p>\n<\/div><\/div><\/div>\n\n\n\n<div class=\"wp-block-getwid-toggle__row\"><div class=\"wp-block-getwid-toggle__header-wrapper\"><span class=\"wp-block-getwid-toggle__header\"><a href=\"#\"><span class=\"wp-block-getwid-toggle__header-title\">Acords del Consell Escolar <\/span><span class=\"wp-block-getwid-toggle__icon is-active\"><i class=\"fas fa-plus\"><\/i><\/span><span class=\"wp-block-getwid-toggle__icon is-passive\"><i class=\"fas fa-minus\"><\/i><\/span><\/a><\/span><\/div><div class=\"wp-block-getwid-toggle__content-wrapper\"><div class=\"wp-block-getwid-toggle__content\">\n<p>L\u2019 <a href=\"https:\/\/agora.xtec.cat\/ceip-mitja-costa\/general\/certificats-acords-consell-escolar\/\" data-type=\"link\" data-id=\"https:\/\/agora.xtec.cat\/ceip-mitja-costa\/general\/certificats-acords-consell-escolar\/\">Acord del Consell Escolar<\/a> recull les decisions i l\u00ednies d\u2019actuaci\u00f3 aprovades per aquest \u00f2rgan de participaci\u00f3. T\u00e9 com a finalitat garantir la transpar\u00e8ncia, la corresponsabilitat i la implicaci\u00f3 de tota la comunitat educativa en la presa de decisions que afecten la vida i el funcionament del centre.<\/p>\n<\/div><\/div><\/div>\n\n\n\n<div class=\"wp-block-getwid-toggle__row\"><div class=\"wp-block-getwid-toggle__header-wrapper\"><span class=\"wp-block-getwid-toggle__header\"><a href=\"#\"><span class=\"wp-block-getwid-toggle__header-title\">Autoritzacions <\/span><span class=\"wp-block-getwid-toggle__icon is-active\"><i class=\"fas fa-plus\"><\/i><\/span><span class=\"wp-block-getwid-toggle__icon is-passive\"><i class=\"fas fa-minus\"><\/i><\/span><\/a><\/span><\/div><div class=\"wp-block-getwid-toggle__content-wrapper\"><div class=\"wp-block-getwid-toggle__content\">\n<p>Les <a href=\"https:\/\/agora.xtec.cat\/ceip-mitja-costa\/lescola\/autoritzacions\/\" data-type=\"link\" data-id=\"https:\/\/agora.xtec.cat\/ceip-mitja-costa\/lescola\/autoritzacions\/\">autoritzacions<\/a> recullen els consentiments i permisos necessaris per a la participaci\u00f3 de l\u2019alumnat en activitats escolars, sortides i altres accions del centre.<\/p>\n<\/div><\/div><\/div>\n\n\n\n<div class=\"wp-block-getwid-toggle__row\"><div class=\"wp-block-getwid-toggle__header-wrapper\"><span class=\"wp-block-getwid-toggle__header\"><a href=\"#\"><span class=\"wp-block-getwid-toggle__header-title\">Pla de Funcionament del Menjador <\/span><span class=\"wp-block-getwid-toggle__icon is-active\"><i class=\"fas fa-plus\"><\/i><\/span><span class=\"wp-block-getwid-toggle__icon is-passive\"><i class=\"fas fa-minus\"><\/i><\/span><\/a><\/span><\/div><div class=\"wp-block-getwid-toggle__content-wrapper\"><div class=\"wp-block-getwid-toggle__content\">\n<p>El <a href=\"https:\/\/docs.google.com\/document\/d\/1LL4ZKkqg1dS9POQWnNJljv7Dws0703qEJlvMIybzx_k\/edit?usp=sharing\">pla de funcionament del menjador<\/a> estableix les normes, rutines i organitzaci\u00f3 del servei de menjador del centre. T\u00e9 com a objectiu garantir un espai segur, saludable i educatiu, fomentant h\u00e0bits d\u2019alimentaci\u00f3 adequats, la conviv\u00e8ncia positiva i la participaci\u00f3 de tota la comunitat educativa en la seva correcta gesti\u00f3.<\/p>\n<\/div><\/div><\/div>\n\n\n\n<div class=\"wp-block-getwid-toggle__row\"><div class=\"wp-block-getwid-toggle__header-wrapper\"><span class=\"wp-block-getwid-toggle__header\"><a href=\"#\"><span class=\"wp-block-getwid-toggle__header-title\">Traject\u00f2ria professional de l&#8217;Equip Directiu <\/span><span class=\"wp-block-getwid-toggle__icon is-active\"><i class=\"fas fa-plus\"><\/i><\/span><span class=\"wp-block-getwid-toggle__icon is-passive\"><i class=\"fas fa-minus\"><\/i><\/span><\/a><\/span><\/div><div class=\"wp-block-getwid-toggle__content-wrapper\"><div class=\"wp-block-getwid-toggle__content\">\n<p>Aquesta <a href=\"https:\/\/drive.google.com\/drive\/folders\/1rDPy2KuD4gK9AckDErSQniam2yTlZdXv\">secci\u00f3<\/a> recull la traject\u00f2ria professional de l\u2019equip directiu del centre, destacant la seva experi\u00e8ncia, formaci\u00f3 i responsabilitats dins del projecte educatiu del centre.<\/p>\n<\/div><\/div><\/div>\n\n\n\n<div class=\"wp-block-getwid-toggle__row\"><div class=\"wp-block-getwid-toggle__header-wrapper\"><span class=\"wp-block-getwid-toggle__header\"><a href=\"#\"><span class=\"wp-block-getwid-toggle__header-title\">Pla Anual<\/span><span class=\"wp-block-getwid-toggle__icon is-active\"><i class=\"fas fa-plus\"><\/i><\/span><span class=\"wp-block-getwid-toggle__icon is-passive\"><i class=\"fas fa-minus\"><\/i><\/span><\/a><\/span><\/div><div class=\"wp-block-getwid-toggle__content-wrapper\"><div class=\"wp-block-getwid-toggle__content\">\n<p>El&nbsp;<a href=\"https:\/\/agora.xtec.cat\/ceip-mitja-costa\/wp-content\/uploads\/usu1458\/2025\/11\/PLA-ANUAL-2025-26-WEB_compressed.pdf\">pla anual<\/a>&nbsp;\u00e9s el document de planificaci\u00f3 que concreta les accions priorit\u00e0ries que un centre educatiu dur\u00e0 a terme durant un curs escolar. Recull els objectius operatius derivats del projecte educatiu i de la programaci\u00f3 general anual, i especifica les actuacions, responsables, calendari i criteris de seguiment. Serveix com a guia organitzativa i garanteix que totes les iniciatives del centre avancin de manera coherent i coordinada al llarg del curs. Si vols, te\u2019l puc adaptar per a una reuni\u00f3, una presentaci\u00f3 o un document oficial.<\/p>\n<\/div><\/div><\/div>\n<\/div>\n\n\n\n<p><\/p>\n","protected":false},"excerpt":{"rendered":"","protected":false},"author":6,"featured_media":0,"parent":22,"menu_order":15,"comment_status":"closed","ping_status":"closed","template":"","meta":{"_bbp_topic_count":0,"_bbp_reply_count":0,"_bbp_total_topic_count":0,"_bbp_total_reply_count":0,"_bbp_voice_count":0,"_bbp_anonymous_reply_count":0,"_bbp_topic_count_hidden":0,"_bbp_reply_count_hidden":0,"_bbp_forum_subforum_count":0,"site-sidebar-layout":"default","site-content-layout":"","ast-site-content-layout":"default","site-content-style":"default","site-sidebar-style":"default","ast-global-header-display":"","ast-banner-title-visibility":"","ast-main-header-display":"","ast-hfb-above-header-display":"","ast-hfb-below-header-display":"","ast-hfb-mobile-header-display":"","site-post-title":"","ast-breadcrumbs-content":"","ast-featured-img":"","footer-sml-layout":"","theme-transparent-header-meta":"","adv-header-id-meta":"","stick-header-meta":"","header-above-stick-meta":"","header-main-stick-meta":"","header-below-stick-meta":"","astra-migrate-meta-layouts":"set","ast-page-background-enabled":"default","ast-page-background-meta":{"desktop":{"background-color":"var(--ast-global-color-4)","background-image":"","background-repeat":"repeat","background-position":"center center","background-size":"auto","background-attachment":"scroll","background-type":"","background-media":"","overlay-type":"","overlay-color":"","overlay-opacity":"","overlay-gradient":""},"tablet":{"background-color":"","background-image":"","background-repeat":"repeat","background-position":"center center","background-size":"auto","background-attachment":"scroll","background-type":"","background-media":"","overlay-type":"","overlay-color":"","overlay-opacity":"","overlay-gradient":""},"mobile":{"background-color":"","background-image":"","background-repeat":"repeat","background-position":"center center","background-size":"auto","background-attachment":"scroll","background-type":"","background-media":"","overlay-type":"","overlay-color":"","overlay-opacity":"","overlay-gradient":""}},"ast-content-background-meta":{"desktop":{"background-color":"var(--ast-global-color-5)","background-image":"","background-repeat":"repeat","background-position":"center center","background-size":"auto","background-attachment":"scroll","background-type":"","background-media":"","overlay-type":"","overlay-color":"","overlay-opacity":"","overlay-gradient":""},"tablet":{"background-color":"var(--ast-global-color-5)","background-image":"","background-repeat":"repeat","background-position":"center center","background-size":"auto","background-attachment":"scroll","background-type":"","background-media":"","overlay-type":"","overlay-color":"","overlay-opacity":"","overlay-gradient":""},"mobile":{"background-color":"var(--ast-global-color-5)","background-image":"","background-repeat":"repeat","background-position":"center center","background-size":"auto","background-attachment":"scroll","background-type":"","background-media":"","overlay-type":"","overlay-color":"","overlay-opacity":"","overlay-gradient":""}},"footnotes":""},"class_list":["post-2398","page","type-page","status-publish","hentry"],"post_mailing_queue_ids":[],"_links":{"self":[{"href":"https:\/\/agora.xtec.cat\/ceip-mitja-costa\/wp-json\/wp\/v2\/pages\/2398","targetHints":{"allow":["GET"]}}],"collection":[{"href":"https:\/\/agora.xtec.cat\/ceip-mitja-costa\/wp-json\/wp\/v2\/pages"}],"about":[{"href":"https:\/\/agora.xtec.cat\/ceip-mitja-costa\/wp-json\/wp\/v2\/types\/page"}],"author":[{"embeddable":true,"href":"https:\/\/agora.xtec.cat\/ceip-mitja-costa\/wp-json\/wp\/v2\/users\/6"}],"replies":[{"embeddable":true,"href":"https:\/\/agora.xtec.cat\/ceip-mitja-costa\/wp-json\/wp\/v2\/comments?post=2398"}],"version-history":[{"count":6,"href":"https:\/\/agora.xtec.cat\/ceip-mitja-costa\/wp-json\/wp\/v2\/pages\/2398\/revisions"}],"predecessor-version":[{"id":8282,"href":"https:\/\/agora.xtec.cat\/ceip-mitja-costa\/wp-json\/wp\/v2\/pages\/2398\/revisions\/8282"}],"up":[{"embeddable":true,"href":"https:\/\/agora.xtec.cat\/ceip-mitja-costa\/wp-json\/wp\/v2\/pages\/22"}],"wp:attachment":[{"href":"https:\/\/agora.xtec.cat\/ceip-mitja-costa\/wp-json\/wp\/v2\/media?parent=2398"}],"curies":[{"name":"wp","href":"https:\/\/api.w.org\/{rel}","templated":true}]}}