{"id":22,"date":"2014-09-18T12:19:57","date_gmt":"2014-09-18T11:19:57","guid":{"rendered":"http:\/\/agora.xtec.cat\/ceip-mitja-costa\/?page_id=22"},"modified":"2025-10-16T08:04:10","modified_gmt":"2025-10-16T06:04:10","slug":"lescola","status":"publish","type":"page","link":"https:\/\/agora.xtec.cat\/ceip-mitja-costa\/lescola\/","title":{"rendered":"L&#8217;escola"},"content":{"rendered":"<p data-start=\"156\" data-end=\"338\">En aquest espai trobar\u00e0s tota la informaci\u00f3 relacionada amb el nostre centre educatiu. Volem donar-te a con\u00e8ixer qui som, com treballem i quins s\u00f3n els valors que ens identifiquen.<\/p>\n<p data-start=\"340\" data-end=\"359\">Podr\u00e0s consultar:<\/p>\n<p><img loading=\"lazy\" decoding=\"async\" class=\"wp-image-7741 alignright\" src=\"https:\/\/agora.xtec.cat\/ceip-mitja-costa\/wp-content\/uploads\/usu1458\/2025\/10\/WhatsApp-Image-2024-04-12-at-10.58.23.jpg\" alt=\"\" width=\"434\" height=\"486\" srcset=\"https:\/\/agora.xtec.cat\/ceip-mitja-costa\/wp-content\/uploads\/usu1458\/2025\/10\/WhatsApp-Image-2024-04-12-at-10.58.23.jpg 715w, https:\/\/agora.xtec.cat\/ceip-mitja-costa\/wp-content\/uploads\/usu1458\/2025\/10\/WhatsApp-Image-2024-04-12-at-10.58.23-446x500.jpg 446w\" sizes=\"auto, (max-width: 434px) 100vw, 434px\" \/><\/p>\n<ul data-start=\"360\" data-end=\"1079\">\n<li style=\"list-style-type: none;\">\n<ul data-start=\"360\" data-end=\"1079\">\n<li style=\"list-style-type: none;\">\n<ul data-start=\"360\" data-end=\"1079\">\n<li data-start=\"360\" data-end=\"455\">\n<p style=\"text-align: left;\" data-start=\"362\" data-end=\"455\"><strong data-start=\"362\" data-end=\"372\">On som<\/strong>, amb tota la informaci\u00f3 necess\u00e0ria per localitzar-nos i contactar amb nosaltres.<\/p>\n<\/li>\n<li data-start=\"456\" data-end=\"567\">\n<p style=\"text-align: justify;\" data-start=\"458\" data-end=\"567\"><strong data-start=\"458\" data-end=\"484\">La hist\u00f2ria del centre<\/strong>, un recorregut pels or\u00edgens i l\u2019evoluci\u00f3 de la nostra escola al llarg dels anys.<\/p>\n<\/li>\n<\/ul>\n<\/li>\n<\/ul>\n<\/li>\n<\/ul>\n<ul data-start=\"360\" data-end=\"1079\">\n<li style=\"list-style-type: none;\">\n<ul data-start=\"360\" data-end=\"1079\">\n<li style=\"list-style-type: none;\">\n<ul data-start=\"360\" data-end=\"1079\">\n<li data-start=\"568\" data-end=\"691\">\n<p data-start=\"570\" data-end=\"691\"><strong data-start=\"570\" data-end=\"594\">El calendari escolar<\/strong>, amb les dates m\u00e9s rellevants del curs: inici i final de les classes, vacances i dies festius.<\/p>\n<\/li>\n<li data-start=\"692\" data-end=\"793\">\n<p data-start=\"694\" data-end=\"793\"><strong data-start=\"694\" data-end=\"710\">L\u2019equip hum\u00e0<\/strong>, format per professionals compromesos amb l\u2019educaci\u00f3 i el benestar de l\u2019alumnat.<\/p>\n<\/li>\n<li data-start=\"794\" data-end=\"872\">\n<p data-start=\"796\" data-end=\"872\"><strong data-start=\"796\" data-end=\"832\">Els llibres i materials escolars<\/strong> corresponents a cada etapa educativa.<\/p>\n<\/li>\n<li data-start=\"873\" data-end=\"980\">\n<p data-start=\"875\" data-end=\"980\"><strong data-start=\"875\" data-end=\"903\">Els documents del centre<\/strong> i <strong data-start=\"906\" data-end=\"928\">les autoritzacions<\/strong>, disponibles per a la seva consulta o desc\u00e0rrega.<\/p>\n<\/li>\n<li data-start=\"981\" data-end=\"1079\">\n<p data-start=\"983\" data-end=\"1079\">I altres informacions d\u2019inter\u00e8s relacionades amb la vida escolar i el funcionament del centre.<\/p>\n<\/li>\n<\/ul>\n<\/li>\n<\/ul>\n<\/li>\n<\/ul>\n<p data-start=\"1081\" data-end=\"1224\">L\u2019objectiu d\u2019aquest espai \u00e9s oferir-te una eina clara, \u00fatil i accessible per trobar f\u00e0cilment tot all\u00f2 que necessitis sobre la nostra escola.<\/p>\n","protected":false},"excerpt":{"rendered":"<p>En aquest espai trobar\u00e0s tota la informaci\u00f3 relacionada amb el nostre centre educatiu. Volem donar-te a con\u00e8ixer qui som, com treballem i quins s\u00f3n els valors que ens identifiquen. Podr\u00e0s consultar: On som, amb tota la informaci\u00f3 necess\u00e0ria per localitzar-nos i contactar amb nosaltres. La hist\u00f2ria del centre, un recorregut pels or\u00edgens i l\u2019evoluci\u00f3 de [&hellip;]<\/p>\n","protected":false},"author":1,"featured_media":0,"parent":0,"menu_order":0,"comment_status":"closed","ping_status":"closed","template":"","meta":{"_bbp_topic_count":0,"_bbp_reply_count":0,"_bbp_total_topic_count":0,"_bbp_total_reply_count":0,"_bbp_voice_count":0,"_bbp_anonymous_reply_count":0,"_bbp_topic_count_hidden":0,"_bbp_reply_count_hidden":0,"_bbp_forum_subforum_count":0,"site-sidebar-layout":"default","site-content-layout":"","ast-site-content-layout":"default","site-content-style":"default","site-sidebar-style":"default","ast-global-header-display":"","ast-banner-title-visibility":"","ast-main-header-display":"","ast-hfb-above-header-display":"","ast-hfb-below-header-display":"","ast-hfb-mobile-header-display":"","site-post-title":"","ast-breadcrumbs-content":"","ast-featured-img":"","footer-sml-layout":"","theme-transparent-header-meta":"default","adv-header-id-meta":"","stick-header-meta":"","header-above-stick-meta":"","header-main-stick-meta":"","header-below-stick-meta":"","astra-migrate-meta-layouts":"set","ast-page-background-enabled":"default","ast-page-background-meta":{"desktop":{"background-color":"var(--ast-global-color-4)","background-image":"","background-repeat":"repeat","background-position":"center center","background-size":"auto","background-attachment":"scroll","background-type":"","background-media":"","overlay-type":"","overlay-color":"","overlay-opacity":"","overlay-gradient":""},"tablet":{"background-color":"","background-image":"","background-repeat":"repeat","background-position":"center center","background-size":"auto","background-attachment":"scroll","background-type":"","background-media":"","overlay-type":"","overlay-color":"","overlay-opacity":"","overlay-gradient":""},"mobile":{"background-color":"","background-image":"","background-repeat":"repeat","background-position":"center center","background-size":"auto","background-attachment":"scroll","background-type":"","background-media":"","overlay-type":"","overlay-color":"","overlay-opacity":"","overlay-gradient":""}},"ast-content-background-meta":{"desktop":{"background-color":"var(--ast-global-color-5)","background-image":"","background-repeat":"repeat","background-position":"center center","background-size":"auto","background-attachment":"scroll","background-type":"","background-media":"","overlay-type":"","overlay-color":"","overlay-opacity":"","overlay-gradient":""},"tablet":{"background-color":"var(--ast-global-color-5)","background-image":"","background-repeat":"repeat","background-position":"center center","background-size":"auto","background-attachment":"scroll","background-type":"","background-media":"","overlay-type":"","overlay-color":"","overlay-opacity":"","overlay-gradient":""},"mobile":{"background-color":"var(--ast-global-color-5)","background-image":"","background-repeat":"repeat","background-position":"center center","background-size":"auto","background-attachment":"scroll","background-type":"","background-media":"","overlay-type":"","overlay-color":"","overlay-opacity":"","overlay-gradient":""}},"footnotes":""},"class_list":["post-22","page","type-page","status-publish","hentry"],"post_mailing_queue_ids":[],"_links":{"self":[{"href":"https:\/\/agora.xtec.cat\/ceip-mitja-costa\/wp-json\/wp\/v2\/pages\/22","targetHints":{"allow":["GET"]}}],"collection":[{"href":"https:\/\/agora.xtec.cat\/ceip-mitja-costa\/wp-json\/wp\/v2\/pages"}],"about":[{"href":"https:\/\/agora.xtec.cat\/ceip-mitja-costa\/wp-json\/wp\/v2\/types\/page"}],"author":[{"embeddable":true,"href":"https:\/\/agora.xtec.cat\/ceip-mitja-costa\/wp-json\/wp\/v2\/users\/1"}],"replies":[{"embeddable":true,"href":"https:\/\/agora.xtec.cat\/ceip-mitja-costa\/wp-json\/wp\/v2\/comments?post=22"}],"version-history":[{"count":5,"href":"https:\/\/agora.xtec.cat\/ceip-mitja-costa\/wp-json\/wp\/v2\/pages\/22\/revisions"}],"predecessor-version":[{"id":7744,"href":"https:\/\/agora.xtec.cat\/ceip-mitja-costa\/wp-json\/wp\/v2\/pages\/22\/revisions\/7744"}],"wp:attachment":[{"href":"https:\/\/agora.xtec.cat\/ceip-mitja-costa\/wp-json\/wp\/v2\/media?parent=22"}],"curies":[{"name":"wp","href":"https:\/\/api.w.org\/{rel}","templated":true}]}}