{"id":9597,"date":"2023-12-20T23:43:49","date_gmt":"2023-12-20T22:43:49","guid":{"rendered":"https:\/\/agora.xtec.cat\/ceip-miquelmartipol-viladecans\/?page_id=9597"},"modified":"2025-04-16T17:38:16","modified_gmt":"2025-04-16T15:38:16","slug":"festa-dhivern-2023","status":"publish","type":"page","link":"https:\/\/agora.xtec.cat\/ceip-miquelmartipol-viladecans\/festa-dhivern-2023\/","title":{"rendered":"Festa d&#8217;hivern 2024"},"content":{"rendered":"<p>&nbsp;<\/p>\n<p><a href=\"https:\/\/agora.xtec.cat\/ceip-miquelmartipol-viladecans\/wp-content\/uploads\/usu1500\/2025\/04\/Captura-de-pantalla-2025-04-16-173452.jpg\"><img loading=\"lazy\" decoding=\"async\" class=\"wp-image-10465 alignleft\" src=\"https:\/\/agora.xtec.cat\/ceip-miquelmartipol-viladecans\/wp-content\/uploads\/usu1500\/2025\/04\/Captura-de-pantalla-2025-04-16-173452.jpg\" alt=\"\" width=\"290\" height=\"236\" srcset=\"https:\/\/agora.xtec.cat\/ceip-miquelmartipol-viladecans\/wp-content\/uploads\/usu1500\/2025\/04\/Captura-de-pantalla-2025-04-16-173452.jpg 717w, https:\/\/agora.xtec.cat\/ceip-miquelmartipol-viladecans\/wp-content\/uploads\/usu1500\/2025\/04\/Captura-de-pantalla-2025-04-16-173452-300x244.jpg 300w\" sizes=\"auto, (max-width: 290px) 100vw, 290px\" \/><\/a><a href=\"https:\/\/drive.google.com\/drive\/folders\/1-AZ93yOmfQy5Xq_v_N1DY68fCwn37oaw?usp=sharing\">La m\u00e0gia del Ti\u00f3 a Educaci\u00f3 Infantil<\/a><\/p>\n<p><a href=\"https:\/\/drive.google.com\/drive\/folders\/1-H5ETSkbMgEf0_cw_v_rPW0rV43FJiqc?usp=drive_link\">La m\u00e0gia del Ti\u00f3 a Cicle Inicial<\/a><\/p>\n<p><a href=\"https:\/\/drive.google.com\/drive\/folders\/1-8HhgHsONz3nGLHnwAQUb7VUXvTVkJg7?usp=drive_link\">Jornada d&#8217;Escacs\u00a0<\/a><\/p>\n<p><a href=\"https:\/\/drive.google.com\/drive\/folders\/1-Iwx3CopSd3rVsQ84B5mG79bW6HWdV3V?usp=drive_link\">Ball al gimn\u00e0s<\/a><\/p>\n<p><a href=\"https:\/\/drive.google.com\/drive\/folders\/1-H8tO09C_70ItN5XP_65Dmq9OGSGZVhd?usp=drive_link\">Xocolatada per a tothom<\/a><\/p>\n","protected":false},"excerpt":{"rendered":"<p>&nbsp;<br \/>\n<a href=\"https:\/\/agora.xtec.cat\/ceip-miquelmartipol-viladecans\/wp-content\/uploads\/usu1500\/2025\/04\/Captura-de-pantalla-2025-04-16-173452.jpg\"><\/a><a href=\"https:\/\/drive.google.com\/drive\/folders\/1-AZ93yOmfQy5Xq_v_N1DY68fCwn37oaw?usp=sharing\">La m\u00e0gia del Ti\u00f3 a Educaci\u00f3 Infantil<\/a><br \/>\n<a href=\"https:\/\/drive.google.com\/drive\/folders\/1-H5ETSkbMgEf0_cw_v_rPW0rV43FJiqc?usp=drive_link\">La m\u00e0gia del Ti\u00f3 a Cicle Inicial<\/a><br \/>\n<a href=\"https:\/\/drive.google.com\/drive\/folders\/1-8HhgHsONz3nGLHnwAQUb7VUXvTVkJg7?usp=drive_link\">Jornada d&#8217;Escacs\u00a0<\/a><br \/>\n<a href=\"https:\/\/drive.google.com\/drive\/folders\/1-Iwx3CopSd3rVsQ84B5mG79bW6HWdV3V?usp=drive_link\">Ball al gimn\u00e0s<\/a><br \/>\n<a href=\"https:\/\/drive.google.com\/drive\/folders\/1-H8tO09C_70ItN5XP_65Dmq9OGSGZVhd?usp=drive_link\">Xocolatada per a tothom<\/a><\/p>\n","protected":false},"author":1,"featured_media":0,"parent":0,"menu_order":0,"comment_status":"closed","ping_status":"closed","template":"","meta":{"_bbp_topic_count":0,"_bbp_reply_count":0,"_bbp_total_topic_count":0,"_bbp_total_reply_count":0,"_bbp_voice_count":0,"_bbp_anonymous_reply_count":0,"_bbp_topic_count_hidden":0,"_bbp_reply_count_hidden":0,"_bbp_forum_subforum_count":0,"footnotes":""},"class_list":["post-9597","page","type-page","status-publish","hentry"],"post_mailing_queue_ids":[],"_links":{"self":[{"href":"https:\/\/agora.xtec.cat\/ceip-miquelmartipol-viladecans\/wp-json\/wp\/v2\/pages\/9597","targetHints":{"allow":["GET"]}}],"collection":[{"href":"https:\/\/agora.xtec.cat\/ceip-miquelmartipol-viladecans\/wp-json\/wp\/v2\/pages"}],"about":[{"href":"https:\/\/agora.xtec.cat\/ceip-miquelmartipol-viladecans\/wp-json\/wp\/v2\/types\/page"}],"author":[{"embeddable":true,"href":"https:\/\/agora.xtec.cat\/ceip-miquelmartipol-viladecans\/wp-json\/wp\/v2\/users\/1"}],"replies":[{"embeddable":true,"href":"https:\/\/agora.xtec.cat\/ceip-miquelmartipol-viladecans\/wp-json\/wp\/v2\/comments?post=9597"}],"version-history":[{"count":3,"href":"https:\/\/agora.xtec.cat\/ceip-miquelmartipol-viladecans\/wp-json\/wp\/v2\/pages\/9597\/revisions"}],"predecessor-version":[{"id":10467,"href":"https:\/\/agora.xtec.cat\/ceip-miquelmartipol-viladecans\/wp-json\/wp\/v2\/pages\/9597\/revisions\/10467"}],"wp:attachment":[{"href":"https:\/\/agora.xtec.cat\/ceip-miquelmartipol-viladecans\/wp-json\/wp\/v2\/media?parent=9597"}],"curies":[{"name":"wp","href":"https:\/\/api.w.org\/{rel}","templated":true}]}}