{"id":9092,"date":"2023-04-22T21:50:48","date_gmt":"2023-04-22T19:50:48","guid":{"rendered":"https:\/\/agora.xtec.cat\/ceip-miquelmartipol-viladecans\/?page_id=9092"},"modified":"2023-04-22T21:50:48","modified_gmt":"2023-04-22T19:50:48","slug":"sant-jordi-2023","status":"publish","type":"page","link":"https:\/\/agora.xtec.cat\/ceip-miquelmartipol-viladecans\/sant-jordi-2023\/","title":{"rendered":"Sant Jordi 2023"},"content":{"rendered":"<h3 style=\"text-align: center;\"><strong>Celebraci\u00f3 SANT JORDI-2023<\/strong><\/h3>\n<p><a href=\"https:\/\/drive.google.com\/drive\/folders\/15pf-Sy8ip-1Mcumu32fwD5Kur9nA3hnC?usp=sharing\" target=\"_blank\" rel=\"noopener\"><img loading=\"lazy\" decoding=\"async\" class=\"alignleft wp-image-9065\" src=\"https:\/\/agora.xtec.cat\/ceip-miquelmartipol-viladecans\/wp-content\/uploads\/usu1500\/2023\/04\/1111.png\" alt=\"\" width=\"348\" height=\"156\" srcset=\"https:\/\/agora.xtec.cat\/ceip-miquelmartipol-viladecans\/wp-content\/uploads\/usu1500\/2023\/04\/1111.png 895w, https:\/\/agora.xtec.cat\/ceip-miquelmartipol-viladecans\/wp-content\/uploads\/usu1500\/2023\/04\/1111-300x135.png 300w, https:\/\/agora.xtec.cat\/ceip-miquelmartipol-viladecans\/wp-content\/uploads\/usu1500\/2023\/04\/1111-768x345.png 768w\" sizes=\"auto, (max-width: 348px) 100vw, 348px\" \/><\/a><\/p>\n<p>&nbsp;<\/p>\n<p>Confegim el nostre <strong>llibre de Sant Jordi-2023<\/strong><\/p>\n<p>ACTIVITAT INTERCICLE<\/p>\n<hr \/>\n<p><a href=\"https:\/\/drive.google.com\/drive\/folders\/1bFq0-HY7bJWJpKLpJtOCXBtxF-mF2dxA?usp=sharing\" target=\"_blank\" rel=\"noopener\"><img loading=\"lazy\" decoding=\"async\" class=\"alignleft wp-image-9085\" src=\"https:\/\/agora.xtec.cat\/ceip-miquelmartipol-viladecans\/wp-content\/uploads\/usu1500\/2023\/04\/VET-AQUI.png\" alt=\"\" width=\"217\" height=\"234\" srcset=\"https:\/\/agora.xtec.cat\/ceip-miquelmartipol-viladecans\/wp-content\/uploads\/usu1500\/2023\/04\/VET-AQUI.png 561w, https:\/\/agora.xtec.cat\/ceip-miquelmartipol-viladecans\/wp-content\/uploads\/usu1500\/2023\/04\/VET-AQUI-277x300.png 277w\" sizes=\"auto, (max-width: 217px) 100vw, 217px\" \/><\/a><\/p>\n<p>&nbsp;<\/p>\n<p>Escrivim <strong>Rodolins i Contes Col\u00b7laboratius<\/strong><\/p>\n<p>ACTIVITAT INTERNIVELL<\/p>\n<hr \/>\n<p><a href=\"https:\/\/drive.google.com\/drive\/folders\/1nsMmEA9wWAghw09RAwuAMzO-_2EaM-j0?usp=sharing\" target=\"_blank\" rel=\"noopener\"><img loading=\"lazy\" decoding=\"async\" class=\"alignleft wp-image-9067\" src=\"https:\/\/agora.xtec.cat\/ceip-miquelmartipol-viladecans\/wp-content\/uploads\/usu1500\/2023\/04\/CAFE.png\" alt=\"\" width=\"260\" height=\"167\" srcset=\"https:\/\/agora.xtec.cat\/ceip-miquelmartipol-viladecans\/wp-content\/uploads\/usu1500\/2023\/04\/CAFE.png 819w, https:\/\/agora.xtec.cat\/ceip-miquelmartipol-viladecans\/wp-content\/uploads\/usu1500\/2023\/04\/CAFE-300x193.png 300w, https:\/\/agora.xtec.cat\/ceip-miquelmartipol-viladecans\/wp-content\/uploads\/usu1500\/2023\/04\/CAFE-768x495.png 768w\" sizes=\"auto, (max-width: 260px) 100vw, 260px\" \/><\/a><\/p>\n<p>&nbsp;<\/p>\n<p>&nbsp;<\/p>\n<p>Visitem un <strong>Caf\u00e8 Tert\u00falia<\/strong> amb la participaci\u00f3 de l&#8217;alumnat de 6\u00e8 curs d&#8217;EP.<\/p>\n<p>&nbsp;<\/p>\n<hr \/>\n<p><a href=\"https:\/\/drive.google.com\/drive\/folders\/1gI6KHF9BA9Tyh_bl1K78vrFxUQUJuBdp?usp=sharing\" target=\"_blank\" rel=\"noopener\"><img loading=\"lazy\" decoding=\"async\" class=\"alignleft wp-image-9069\" src=\"https:\/\/agora.xtec.cat\/ceip-miquelmartipol-viladecans\/wp-content\/uploads\/usu1500\/2023\/04\/CONTES.png\" alt=\"\" width=\"154\" height=\"205\" srcset=\"https:\/\/agora.xtec.cat\/ceip-miquelmartipol-viladecans\/wp-content\/uploads\/usu1500\/2023\/04\/CONTES.png 402w, https:\/\/agora.xtec.cat\/ceip-miquelmartipol-viladecans\/wp-content\/uploads\/usu1500\/2023\/04\/CONTES-225x300.png 225w\" sizes=\"auto, (max-width: 154px) 100vw, 154px\" \/><\/a><\/p>\n<p>&nbsp;<\/p>\n<p>&nbsp;<\/p>\n<p>Gaudim a la Biblioteca de les hist\u00f2ries de la <strong>CONTECONTES <\/strong>de la nostra escola.<\/p>\n<p>&nbsp;<\/p>\n<p>&nbsp;<\/p>\n<hr \/>\n<p><a href=\"https:\/\/drive.google.com\/drive\/folders\/1bFq0-HY7bJWJpKLpJtOCXBtxF-mF2dxA?usp=sharing\"><img loading=\"lazy\" decoding=\"async\" class=\"alignleft wp-image-9075\" src=\"https:\/\/agora.xtec.cat\/ceip-miquelmartipol-viladecans\/wp-content\/uploads\/usu1500\/2023\/04\/NOVETATS.png\" alt=\"\" width=\"263\" height=\"162\" srcset=\"https:\/\/agora.xtec.cat\/ceip-miquelmartipol-viladecans\/wp-content\/uploads\/usu1500\/2023\/04\/NOVETATS.png 961w, https:\/\/agora.xtec.cat\/ceip-miquelmartipol-viladecans\/wp-content\/uploads\/usu1500\/2023\/04\/NOVETATS-300x185.png 300w, https:\/\/agora.xtec.cat\/ceip-miquelmartipol-viladecans\/wp-content\/uploads\/usu1500\/2023\/04\/NOVETATS-768x473.png 768w\" sizes=\"auto, (max-width: 263px) 100vw, 263px\" \/><\/a><\/p>\n<p>&nbsp;<\/p>\n<p>Coneixem les <strong>Novetats Liter\u00e0ries<\/strong><\/p>\n<p>&nbsp;<\/p>\n<p>&nbsp;<\/p>\n<hr \/>\n<p><a href=\"https:\/\/drive.google.com\/drive\/folders\/1TwC2MkIW6TW61RhgLD6F--1sa628ClaQ?usp=sharing\" target=\"_blank\" rel=\"noopener\"><img loading=\"lazy\" decoding=\"async\" class=\"alignleft wp-image-9078\" src=\"https:\/\/agora.xtec.cat\/ceip-miquelmartipol-viladecans\/wp-content\/uploads\/usu1500\/2023\/04\/JORDINA.png\" alt=\"\" width=\"253\" height=\"180\" srcset=\"https:\/\/agora.xtec.cat\/ceip-miquelmartipol-viladecans\/wp-content\/uploads\/usu1500\/2023\/04\/JORDINA.png 805w, https:\/\/agora.xtec.cat\/ceip-miquelmartipol-viladecans\/wp-content\/uploads\/usu1500\/2023\/04\/JORDINA-300x214.png 300w, https:\/\/agora.xtec.cat\/ceip-miquelmartipol-viladecans\/wp-content\/uploads\/usu1500\/2023\/04\/JORDINA-768x548.png 768w\" sizes=\"auto, (max-width: 253px) 100vw, 253px\" \/><\/a><\/p>\n<p>&nbsp;<\/p>\n<p>&nbsp;<\/p>\n<p>Representem <strong>La Llegenda de Santa Jordina<\/strong><\/p>\n<p>&nbsp;<\/p>\n<p>&nbsp;<\/p>\n<hr \/>\n<p><a href=\"https:\/\/drive.google.com\/drive\/folders\/1Q7vCRWFcmRqVznrYR53L1DzA3Szo2VYY?usp=sharing\" target=\"_blank\" rel=\"noopener\"><img loading=\"lazy\" decoding=\"async\" class=\"alignleft wp-image-9080\" style=\"color: #222222;\" src=\"https:\/\/agora.xtec.cat\/ceip-miquelmartipol-viladecans\/wp-content\/uploads\/usu1500\/2023\/04\/RETRAT.png\" alt=\"\" width=\"218\" height=\"176\" srcset=\"https:\/\/agora.xtec.cat\/ceip-miquelmartipol-viladecans\/wp-content\/uploads\/usu1500\/2023\/04\/RETRAT.png 867w, https:\/\/agora.xtec.cat\/ceip-miquelmartipol-viladecans\/wp-content\/uploads\/usu1500\/2023\/04\/RETRAT-300x242.png 300w, https:\/\/agora.xtec.cat\/ceip-miquelmartipol-viladecans\/wp-content\/uploads\/usu1500\/2023\/04\/RETRAT-768x619.png 768w\" sizes=\"auto, (max-width: 218px) 100vw, 218px\" \/><\/a><\/p>\n<p>&nbsp;<\/p>\n<p>&nbsp;<\/p>\n<p>Fem retrats de <strong>La Gran Fam\u00edlia<\/strong><\/p>\n<p>&nbsp;<\/p>\n<p>&nbsp;<\/p>\n<hr \/>\n<p><a href=\"https:\/\/drive.google.com\/drive\/folders\/15d33Jfr5T0JaL_gofukTjmbPLVd0OQUP?usp=sharing\" target=\"_blank\" rel=\"noopener\"><img loading=\"lazy\" decoding=\"async\" class=\"alignleft wp-image-9084\" src=\"https:\/\/agora.xtec.cat\/ceip-miquelmartipol-viladecans\/wp-content\/uploads\/usu1500\/2023\/04\/Captura-de-pantalla-2023-04-22-212529.png\" alt=\"\" width=\"239\" height=\"218\" srcset=\"https:\/\/agora.xtec.cat\/ceip-miquelmartipol-viladecans\/wp-content\/uploads\/usu1500\/2023\/04\/Captura-de-pantalla-2023-04-22-212529.png 403w, https:\/\/agora.xtec.cat\/ceip-miquelmartipol-viladecans\/wp-content\/uploads\/usu1500\/2023\/04\/Captura-de-pantalla-2023-04-22-212529-300x273.png 300w\" sizes=\"auto, (max-width: 239px) 100vw, 239px\" \/><\/a><\/p>\n<p>&nbsp;<\/p>\n<p>&nbsp;<\/p>\n<p>&nbsp;<\/p>\n<p>Acomiadem la setmana amb l&#8217;actuaci\u00f3 de <strong>CANT\u00c0NIA-2023<\/strong> de l&#8217;alumnat de 5\u00e8 curs d&#8217;EP<\/p>\n<p>&nbsp;<\/p>\n","protected":false},"excerpt":{"rendered":"<p>Celebraci\u00f3 SANT JORDI-2023<br \/>\n<a href=\"https:\/\/drive.google.com\/drive\/folders\/15pf-Sy8ip-1Mcumu32fwD5Kur9nA3hnC?usp=sharing\" target=\"_blank\" rel=\"noopener\"><\/a><br \/>\n&nbsp;<br \/>\nConfegim el nostre llibre de Sant Jordi-2023<br \/>\nACTIVITAT INTERCICLE<\/p>\n<p><a href=\"https:\/\/drive.google.com\/drive\/folders\/1bFq0-HY7bJWJpKLpJtOCXBtxF-mF2dxA?usp=sharing\" target=\"_blank\" rel=\"noopener\"><\/a><br \/>\n&nbsp;<br \/>\nEscrivim Rodolins i Contes Col\u00b7laboratius<br \/>\nACTIVITAT INTERNIVELL<\/p>\n<p><a href=\"https:\/\/drive.google.com\/drive\/folders\/1nsMmEA9wWAghw09RAwuAMzO-_2EaM-j0?usp=sharing\" target=\"_blank\" rel=\"noopener\"><\/a><br \/>\n&nbsp;<br \/>\n&nbsp;<br \/>\nVisitem un Caf\u00e8 Tert\u00falia amb la participaci\u00f3 de l&#8217;alumnat de 6\u00e8 curs d&#8217;EP.<br \/>\n&nbsp;<\/p>\n<p><a href=\"https:\/\/drive.google.com\/drive\/folders\/1gI6KHF9BA9Tyh_bl1K78vrFxUQUJuBdp?usp=sharing\" target=\"_blank\" rel=\"noopener\"><\/a><br \/>\n&nbsp;<br \/>\n&nbsp;<br \/>\nGaudim a la Biblioteca de les hist\u00f2ries&hellip;  <a href=\"https:\/\/agora.xtec.cat\/ceip-miquelmartipol-viladecans\/sant-jordi-2023\/\" title=\"Read Sant Jordi 2023\">Llegeix m\u00e9s\u00bb<\/a><\/p>\n","protected":false},"author":1,"featured_media":0,"parent":0,"menu_order":0,"comment_status":"closed","ping_status":"closed","template":"","meta":{"_bbp_topic_count":0,"_bbp_reply_count":0,"_bbp_total_topic_count":0,"_bbp_total_reply_count":0,"_bbp_voice_count":0,"_bbp_anonymous_reply_count":0,"_bbp_topic_count_hidden":0,"_bbp_reply_count_hidden":0,"_bbp_forum_subforum_count":0,"footnotes":""},"class_list":["post-9092","page","type-page","status-publish","hentry"],"post_mailing_queue_ids":[],"_links":{"self":[{"href":"https:\/\/agora.xtec.cat\/ceip-miquelmartipol-viladecans\/wp-json\/wp\/v2\/pages\/9092","targetHints":{"allow":["GET"]}}],"collection":[{"href":"https:\/\/agora.xtec.cat\/ceip-miquelmartipol-viladecans\/wp-json\/wp\/v2\/pages"}],"about":[{"href":"https:\/\/agora.xtec.cat\/ceip-miquelmartipol-viladecans\/wp-json\/wp\/v2\/types\/page"}],"author":[{"embeddable":true,"href":"https:\/\/agora.xtec.cat\/ceip-miquelmartipol-viladecans\/wp-json\/wp\/v2\/users\/1"}],"replies":[{"embeddable":true,"href":"https:\/\/agora.xtec.cat\/ceip-miquelmartipol-viladecans\/wp-json\/wp\/v2\/comments?post=9092"}],"version-history":[{"count":1,"href":"https:\/\/agora.xtec.cat\/ceip-miquelmartipol-viladecans\/wp-json\/wp\/v2\/pages\/9092\/revisions"}],"predecessor-version":[{"id":9093,"href":"https:\/\/agora.xtec.cat\/ceip-miquelmartipol-viladecans\/wp-json\/wp\/v2\/pages\/9092\/revisions\/9093"}],"wp:attachment":[{"href":"https:\/\/agora.xtec.cat\/ceip-miquelmartipol-viladecans\/wp-json\/wp\/v2\/media?parent=9092"}],"curies":[{"name":"wp","href":"https:\/\/api.w.org\/{rel}","templated":true}]}}