{"id":856,"date":"2017-01-15T09:20:53","date_gmt":"2017-01-15T08:20:53","guid":{"rendered":"http:\/\/agora.xtec.cat\/ceip-miquelmartipol-viladecans\/?page_id=856"},"modified":"2022-10-30T20:49:08","modified_gmt":"2022-10-30T19:49:08","slug":"escacs-a-lescola","status":"publish","type":"page","link":"https:\/\/agora.xtec.cat\/ceip-miquelmartipol-viladecans\/projectes-descola\/escacs-a-lescola\/","title":{"rendered":"Escacs a l&#8217;escola"},"content":{"rendered":"<p><img loading=\"lazy\" decoding=\"async\" class=\"wp-image-8549 alignleft\" src=\"https:\/\/agora.xtec.cat\/ceip-miquelmartipol-viladecans\/wp-content\/uploads\/usu1500\/2022\/10\/Captura-5.jpg\" alt=\"\" width=\"300\" height=\"129\" srcset=\"https:\/\/agora.xtec.cat\/ceip-miquelmartipol-viladecans\/wp-content\/uploads\/usu1500\/2022\/10\/Captura-5.jpg 654w, https:\/\/agora.xtec.cat\/ceip-miquelmartipol-viladecans\/wp-content\/uploads\/usu1500\/2022\/10\/Captura-5-300x129.jpg 300w\" sizes=\"auto, (max-width: 300px) 100vw, 300px\" \/><\/p>\n<p>&nbsp;<\/p>\n<p>&nbsp;<\/p>\n<p>&nbsp;<\/p>\n<p><span style=\"color: #000000;\"><strong>Per qu\u00e8?\u00a0<\/strong><\/span><\/p>\n<ul>\n<li><span style=\"color: #000000;\">Es contribueix a exercitar la mem\u00f2ria visual.<\/span><\/li>\n<li><span style=\"color: #000000;\">S&#8217;apr\u00e8n a prendre decisions i a aprendre dels propis errors.<\/span><\/li>\n<li><span style=\"color: #000000;\">Es treballa la capacitat de concentraci\u00f3, creativitat i orientaci\u00f3 espacial.<\/span><\/li>\n<li><span style=\"color: #000000;\">Es treballen conceptes matem\u00e0tics.<\/span><\/li>\n<li><span style=\"color: #000000;\">Es potencia la conviv\u00e8ncia entre l&#8217;alumnat.<\/span><\/li>\n<\/ul>\n<p><span style=\"color: #000000;\"><strong>Com ho fem?<\/strong><\/span><\/p>\n<p style=\"text-align: justify;\"><span style=\"color: #000000;\">Es fa un taller d&#8217;iniciaci\u00f3 als escacs a 4t d&#8217;educaci\u00f3 prim\u00e0ria i un taller d&#8217;aprofundiment a 5\u00e8 curs d&#8217;educaci\u00f3 prim\u00e0ria sota el lema<em><strong> &#8220;Observo, penso, jugo&#8221;<\/strong><\/em>. Primer, els nens i nenes aprenen a observar, despr\u00e9s aprenen a pensar, \u00e9s a dir, qu\u00e8 volen fer, qu\u00e8 poden fer i com ho poden fer, i finalment, juguen.<\/span><\/p>\n<p>&nbsp;<\/p>\n<p>&nbsp;<\/p>\n","protected":false},"excerpt":{"rendered":"<p>&nbsp;<br \/>\n&nbsp;<br \/>\n&nbsp;<br \/>\nPer qu\u00e8?\u00a0<\/p>\n<ul>\n<li>Es contribueix a exercitar la mem\u00f2ria visual.<\/li>\n<li>S&#8217;apr\u00e8n a prendre decisions i a aprendre dels propis errors.<\/li>\n<li>Es treballa la capacitat de concentraci\u00f3, creativitat i orientaci\u00f3 espacial.<\/li>\n<li>Es treballen conceptes matem\u00e0tics.<\/li>\n<li>Es potencia la conviv\u00e8ncia entre l&#8217;alumnat.<\/li>\n<\/ul>\n<p>Com ho fem?<br \/>\nEs fa un taller d&#8217;iniciaci\u00f3 als escacs a 4t d&#8217;educaci\u00f3&hellip;  <a href=\"https:\/\/agora.xtec.cat\/ceip-miquelmartipol-viladecans\/projectes-descola\/escacs-a-lescola\/\" title=\"Read Escacs a l&#8217;escola\">Llegeix m\u00e9s\u00bb<\/a><\/p>\n","protected":false},"author":1,"featured_media":0,"parent":593,"menu_order":12,"comment_status":"closed","ping_status":"closed","template":"page-templates\/side-menu.php","meta":{"_bbp_topic_count":0,"_bbp_reply_count":0,"_bbp_total_topic_count":0,"_bbp_total_reply_count":0,"_bbp_voice_count":0,"_bbp_anonymous_reply_count":0,"_bbp_topic_count_hidden":0,"_bbp_reply_count_hidden":0,"_bbp_forum_subforum_count":0,"footnotes":""},"class_list":["post-856","page","type-page","status-publish","hentry"],"post_mailing_queue_ids":[],"_links":{"self":[{"href":"https:\/\/agora.xtec.cat\/ceip-miquelmartipol-viladecans\/wp-json\/wp\/v2\/pages\/856","targetHints":{"allow":["GET"]}}],"collection":[{"href":"https:\/\/agora.xtec.cat\/ceip-miquelmartipol-viladecans\/wp-json\/wp\/v2\/pages"}],"about":[{"href":"https:\/\/agora.xtec.cat\/ceip-miquelmartipol-viladecans\/wp-json\/wp\/v2\/types\/page"}],"author":[{"embeddable":true,"href":"https:\/\/agora.xtec.cat\/ceip-miquelmartipol-viladecans\/wp-json\/wp\/v2\/users\/1"}],"replies":[{"embeddable":true,"href":"https:\/\/agora.xtec.cat\/ceip-miquelmartipol-viladecans\/wp-json\/wp\/v2\/comments?post=856"}],"version-history":[{"count":4,"href":"https:\/\/agora.xtec.cat\/ceip-miquelmartipol-viladecans\/wp-json\/wp\/v2\/pages\/856\/revisions"}],"predecessor-version":[{"id":8550,"href":"https:\/\/agora.xtec.cat\/ceip-miquelmartipol-viladecans\/wp-json\/wp\/v2\/pages\/856\/revisions\/8550"}],"up":[{"embeddable":true,"href":"https:\/\/agora.xtec.cat\/ceip-miquelmartipol-viladecans\/wp-json\/wp\/v2\/pages\/593"}],"wp:attachment":[{"href":"https:\/\/agora.xtec.cat\/ceip-miquelmartipol-viladecans\/wp-json\/wp\/v2\/media?parent=856"}],"curies":[{"name":"wp","href":"https:\/\/api.w.org\/{rel}","templated":true}]}}