{"id":776,"date":"2017-01-01T20:13:16","date_gmt":"2017-01-01T19:13:16","guid":{"rendered":"http:\/\/agora.xtec.cat\/ceip-miquelmartipol-viladecans\/?page_id=776"},"modified":"2022-10-30T20:34:46","modified_gmt":"2022-10-30T19:34:46","slug":"pla-tac","status":"publish","type":"page","link":"https:\/\/agora.xtec.cat\/ceip-miquelmartipol-viladecans\/projectes-descola\/pla-tac\/","title":{"rendered":"Pla d&#8217;integraci\u00f3 de les tecnologies"},"content":{"rendered":"<p><img loading=\"lazy\" decoding=\"async\" class=\"aligncenter wp-image-4115 size-large\" src=\"https:\/\/agora.xtec.cat\/ceip-miquelmartipol-viladecans\/wp-content\/uploads\/usu1500\/2019\/03\/2019-03-16_2217-1024x129.png\" alt=\"\" width=\"1024\" height=\"129\" srcset=\"https:\/\/agora.xtec.cat\/ceip-miquelmartipol-viladecans\/wp-content\/uploads\/usu1500\/2019\/03\/2019-03-16_2217-1024x129.png 1024w, https:\/\/agora.xtec.cat\/ceip-miquelmartipol-viladecans\/wp-content\/uploads\/usu1500\/2019\/03\/2019-03-16_2217-300x38.png 300w, https:\/\/agora.xtec.cat\/ceip-miquelmartipol-viladecans\/wp-content\/uploads\/usu1500\/2019\/03\/2019-03-16_2217-768x97.png 768w, https:\/\/agora.xtec.cat\/ceip-miquelmartipol-viladecans\/wp-content\/uploads\/usu1500\/2019\/03\/2019-03-16_2217.png 1339w\" sizes=\"auto, (max-width: 1024px) 100vw, 1024px\" \/><\/p>\n<p class=\"alignnone\" style=\"text-align: left;\">Aquest projecte s&#8217;est\u00e0 desenvolupant al nostre centre <strong>des del curs 2016-2017<\/strong> gr\u00e0cies el Conveni signat per l\u2019Ajuntament de Viladecans i el Departament d\u2019Educaci\u00f3 al mar\u00e7 del 2015 i t\u00e9 com a objectiu impulsar la introducci\u00f3 de les Tecnologies per a l\u2019Aprenentatge i el Coneixement en els processos educatius.<\/p>\n<p style=\"text-align: justify;\">Mitjan\u00e7ant el desplegament d\u2019una infraestructura Wifi de quarta generaci\u00f3 i gran capacitat al centre &#8211; que ens permet tenir una gran quantitat de dispositius connectats a l&#8217;hora sense problemes de rendiment &#8211; tenim integrat l\u2019\u00fas de tauletes i ordinadors en un entorn d\u2019aprenentatge cooperatiu on l\u2019alumne \u00e9s el productor del seu propi aprenentatge i no tan sols un espectador del proc\u00e9s.<\/p>\n<p style=\"text-align: justify;\">Aquest pla t\u00e9 5 elements estrat\u00e8gics:<\/p>\n<ol>\n<li style=\"text-align: justify;\"><strong>Connectivitat de banda ampla i wifi d\u2019\u00faltima generaci\u00f3<\/strong> a la nostra escola i un suport tecnol\u00f2gic que garanteix el bon funcionament i \u00fas dels dispositius.<\/li>\n<li style=\"text-align: justify;\"><strong>La formaci\u00f3 permanent del professorat<\/strong> en l&#8217;\u00fas de la tecnologia aplicada al \u00a0coneixement.<\/li>\n<li style=\"text-align: justify;\"><strong>La pres\u00e8ncia ubiqua i transparent dels dispositius tecnol\u00f2gics<\/strong> a qualsevol espai de l&#8217;escola.<\/li>\n<li style=\"text-align: justify;\"><strong>L\u2019adquisici\u00f3 de les compet\u00e8ncies digitals per part del nostre alumna<\/strong>t.<\/li>\n<li style=\"text-align: justify;\">L\u2019ajut institucional per<strong> atendre l\u2019atenci\u00f3 a la diversitat<\/strong>.<\/li>\n<\/ol>\n<p style=\"text-align: justify;\"><a href=\"http:\/\/www.viladecans.cat\/ca\/pla-tac\" target=\"_blank\" rel=\"noopener noreferrer\"><span style=\"color: #ff6600;\"><strong>+INFORMACI\u00d3<\/strong><\/span><\/a><\/p>\n<hr \/>\n<p style=\"text-align: justify;\"><span style=\"color: #000000; font-family: inherit; font-size: 1em;\">Introdu\u00efm la <\/span><strong style=\"color: #000000; font-family: inherit; font-size: 1em;\">ROB\u00d2TICA<\/strong><span style=\"color: #000000; font-family: inherit; font-size: 1em;\"> a la nostra escola, des d&#8217;I3 a 6\u00e8, per desenvolupar i implementar entorns d&#8217;aprenentatge basats en l&#8217;\u00fas de robots.<\/span><\/p>\n<p><span style=\"color: #000000;\">El robot esdev\u00e9 un <strong>FACILITADOR<\/strong> per abordar activitats educatives quotidianes de forma pr\u00e0ctica i engrescadora.<\/span><\/p>\n<p><span style=\"color: #000000;\">El <strong>C\u00d2DING<\/strong> (programaci\u00f3) \u00e9s fonamental per a la rob\u00f2tica educativa: els robots segueixen les instruccions donades mitjan\u00e7ant un programa(el codi).<\/span><\/p>\n<p><span style=\"color: #000000;\">La programaci\u00f3 ens permet exercitar i entrenar el <strong>PENSAMENT COMPUTACIONAL<\/strong> i \u00e9s un clar est\u00edmul per a la resoluci\u00f3 de situaci\u00f3 problemes. La finalitat \u00e9s que el nostre alumnat <\/span><span style=\"color: #000000;\">pugui transformar una intu\u00efci\u00f3 en un proc\u00e9s resolutiu, i aix\u00ed resoldre reptes observant, pensant, dissenyant, creant, construint i aplicant coneixements.<\/span><\/p>\n<p>&nbsp;<\/p>\n<p>&nbsp;<\/p>\n","protected":false},"excerpt":{"rendered":"<p>Aquest projecte s&#8217;est\u00e0 desenvolupant al nostre centre des del curs 2016-2017 gr\u00e0cies el Conveni signat per l\u2019Ajuntament de Viladecans i el Departament d\u2019Educaci\u00f3 al mar\u00e7 del 2015 i t\u00e9 com a objectiu impulsar la introducci\u00f3 de les Tecnologies per a l\u2019Aprenentatge i el Coneixement en&hellip;  <a href=\"https:\/\/agora.xtec.cat\/ceip-miquelmartipol-viladecans\/projectes-descola\/pla-tac\/\" title=\"Read Pla d&#8217;integraci\u00f3 de les tecnologies\">Llegeix m\u00e9s\u00bb<\/a><\/p>\n","protected":false},"author":1,"featured_media":0,"parent":593,"menu_order":0,"comment_status":"closed","ping_status":"closed","template":"page-templates\/side-menu.php","meta":{"_bbp_topic_count":0,"_bbp_reply_count":0,"_bbp_total_topic_count":0,"_bbp_total_reply_count":0,"_bbp_voice_count":0,"_bbp_anonymous_reply_count":0,"_bbp_topic_count_hidden":0,"_bbp_reply_count_hidden":0,"_bbp_forum_subforum_count":0,"footnotes":""},"class_list":["post-776","page","type-page","status-publish","hentry"],"post_mailing_queue_ids":[],"_links":{"self":[{"href":"https:\/\/agora.xtec.cat\/ceip-miquelmartipol-viladecans\/wp-json\/wp\/v2\/pages\/776","targetHints":{"allow":["GET"]}}],"collection":[{"href":"https:\/\/agora.xtec.cat\/ceip-miquelmartipol-viladecans\/wp-json\/wp\/v2\/pages"}],"about":[{"href":"https:\/\/agora.xtec.cat\/ceip-miquelmartipol-viladecans\/wp-json\/wp\/v2\/types\/page"}],"author":[{"embeddable":true,"href":"https:\/\/agora.xtec.cat\/ceip-miquelmartipol-viladecans\/wp-json\/wp\/v2\/users\/1"}],"replies":[{"embeddable":true,"href":"https:\/\/agora.xtec.cat\/ceip-miquelmartipol-viladecans\/wp-json\/wp\/v2\/comments?post=776"}],"version-history":[{"count":4,"href":"https:\/\/agora.xtec.cat\/ceip-miquelmartipol-viladecans\/wp-json\/wp\/v2\/pages\/776\/revisions"}],"predecessor-version":[{"id":8548,"href":"https:\/\/agora.xtec.cat\/ceip-miquelmartipol-viladecans\/wp-json\/wp\/v2\/pages\/776\/revisions\/8548"}],"up":[{"embeddable":true,"href":"https:\/\/agora.xtec.cat\/ceip-miquelmartipol-viladecans\/wp-json\/wp\/v2\/pages\/593"}],"wp:attachment":[{"href":"https:\/\/agora.xtec.cat\/ceip-miquelmartipol-viladecans\/wp-json\/wp\/v2\/media?parent=776"}],"curies":[{"name":"wp","href":"https:\/\/api.w.org\/{rel}","templated":true}]}}