{"id":7728,"date":"2022-02-25T15:10:31","date_gmt":"2022-02-25T14:10:31","guid":{"rendered":"https:\/\/agora.xtec.cat\/ceip-miquelmartipol-viladecans\/?page_id=7728"},"modified":"2022-02-25T15:14:31","modified_gmt":"2022-02-25T14:14:31","slug":"carnaval-2022","status":"publish","type":"page","link":"https:\/\/agora.xtec.cat\/ceip-miquelmartipol-viladecans\/carnaval-2022\/","title":{"rendered":"Carnaval 2022"},"content":{"rendered":"<p style=\"text-align: justify;\"><strong><img loading=\"lazy\" decoding=\"async\" class=\"wp-image-7718 alignleft\" src=\"https:\/\/agora.xtec.cat\/ceip-miquelmartipol-viladecans\/wp-content\/uploads\/usu1500\/2022\/02\/Captura-5-1024x482.jpg\" alt=\"\" width=\"442\" height=\"208\" srcset=\"https:\/\/agora.xtec.cat\/ceip-miquelmartipol-viladecans\/wp-content\/uploads\/usu1500\/2022\/02\/Captura-5-1024x482.jpg 1024w, https:\/\/agora.xtec.cat\/ceip-miquelmartipol-viladecans\/wp-content\/uploads\/usu1500\/2022\/02\/Captura-5-300x141.jpg 300w, https:\/\/agora.xtec.cat\/ceip-miquelmartipol-viladecans\/wp-content\/uploads\/usu1500\/2022\/02\/Captura-5-768x362.jpg 768w, https:\/\/agora.xtec.cat\/ceip-miquelmartipol-viladecans\/wp-content\/uploads\/usu1500\/2022\/02\/Captura-5.jpg 1072w\" sizes=\"auto, (max-width: 442px) 100vw, 442px\" \/><em>La Terra \u00e9s casa nostra i s\u2019ha de cuidar, i amb ella tamb\u00e9 a totes les esp\u00e8cies animals i vegetals amb les quals compartim espai.\u00a0 <\/em><\/strong><\/p>\n<p style=\"text-align: justify;\">Encara hi ha moltes coses que podem fer per a millorar la nostra qualitat de vida i conviure en harmonia amb la resta d\u2019esp\u00e8cies. Aix\u00ed doncs, amb la celebraci\u00f3 de la festa de Carnestoltes hem tornat a recordar que tenir cura del Medi ambient \u00e9s responsabilitat de tothom.<\/p>\n<p style=\"text-align: justify;\">Avui infants i mestres han transformat l&#8217;escola en un ecosistema. Molts dels \u00e9ssers vius que habiten al nostra planeta han estat els protagonistes participant en una gimcana, esmorzant amb una xocolatada i desfilant en una rua.<\/p>\n<p><a href=\"\/\/\" target=\"_blank\" rel=\"noopener\"><img loading=\"lazy\" decoding=\"async\" class=\"alignnone wp-image-7719\" src=\"https:\/\/agora.xtec.cat\/ceip-miquelmartipol-viladecans\/wp-content\/uploads\/usu1500\/2022\/02\/Captura-6.jpg\" alt=\"\" width=\"209\" height=\"65\" \/><\/a>\u00a0 \u00a0 <a href=\"https:\/\/drive.google.com\/drive\/folders\/1vzONVCrJrem-rkMwGOCymRFLqx4CRxiw?usp=sharing\" target=\"_blank\" rel=\"noopener\"><img loading=\"lazy\" decoding=\"async\" class=\"alignnone wp-image-7720\" src=\"https:\/\/agora.xtec.cat\/ceip-miquelmartipol-viladecans\/wp-content\/uploads\/usu1500\/2022\/02\/Captura-7.jpg\" alt=\"\" width=\"205\" height=\"59\" \/><\/a><\/p>\n<p><a href=\"\/\/\" target=\"_blank\" rel=\"noopener\"><img loading=\"lazy\" decoding=\"async\" class=\"alignnone wp-image-7721\" src=\"https:\/\/agora.xtec.cat\/ceip-miquelmartipol-viladecans\/wp-content\/uploads\/usu1500\/2022\/02\/Captura-8.jpg\" alt=\"\" width=\"195\" height=\"54\" \/><\/a>\u00a0 \u00a0 \u00a0<a href=\"https:\/\/drive.google.com\/drive\/folders\/1vzONVCrJrem-rkMwGOCymRFLqx4CRxiw?usp=sharing\" target=\"_blank\" rel=\"noopener\"><img loading=\"lazy\" decoding=\"async\" class=\"alignnone wp-image-7722\" src=\"https:\/\/agora.xtec.cat\/ceip-miquelmartipol-viladecans\/wp-content\/uploads\/usu1500\/2022\/02\/Captura-9.jpg\" alt=\"\" width=\"209\" height=\"56\" \/><\/a><span style=\"font-family: inherit; font-size: 1em;\">\u00a0\u00a0 \u00a0 \u00a0 \u00a0 \u00a0 \u00a0 \u00a0 \u00a0 \u00a0 \u00a0 <\/span><span style=\"font-family: inherit; font-size: 1em;\">\u00a0 \u00a0 \u00a0 \u00a0 \u00a0 \u00a0 \u00a0 \u00a0 \u00a0 \u00a0\u00a0<\/span><\/p>\n<p style=\"text-align: center;\"><strong>No oblidem que tots i totes, posant un granet de sorra, podem convertir el m\u00f3n en un lloc millor.<\/strong><\/p>\n<p>&nbsp;<\/p>\n<p>&nbsp;<\/p>\n","protected":false},"excerpt":{"rendered":"<p>La Terra \u00e9s casa nostra i s\u2019ha de cuidar, i amb ella tamb\u00e9 a totes les esp\u00e8cies animals i vegetals amb les quals compartim espai.\u00a0<br \/>\nEncara hi ha moltes coses que podem fer per a millorar la nostra qualitat de vida i conviure en harmonia&hellip;  <a href=\"https:\/\/agora.xtec.cat\/ceip-miquelmartipol-viladecans\/carnaval-2022\/\" title=\"Read Carnaval 2022\">Llegeix m\u00e9s\u00bb<\/a><\/p>\n","protected":false},"author":1,"featured_media":0,"parent":0,"menu_order":0,"comment_status":"closed","ping_status":"closed","template":"","meta":{"_bbp_topic_count":0,"_bbp_reply_count":0,"_bbp_total_topic_count":0,"_bbp_total_reply_count":0,"_bbp_voice_count":0,"_bbp_anonymous_reply_count":0,"_bbp_topic_count_hidden":0,"_bbp_reply_count_hidden":0,"_bbp_forum_subforum_count":0,"footnotes":""},"class_list":["post-7728","page","type-page","status-publish","hentry"],"post_mailing_queue_ids":[],"_links":{"self":[{"href":"https:\/\/agora.xtec.cat\/ceip-miquelmartipol-viladecans\/wp-json\/wp\/v2\/pages\/7728","targetHints":{"allow":["GET"]}}],"collection":[{"href":"https:\/\/agora.xtec.cat\/ceip-miquelmartipol-viladecans\/wp-json\/wp\/v2\/pages"}],"about":[{"href":"https:\/\/agora.xtec.cat\/ceip-miquelmartipol-viladecans\/wp-json\/wp\/v2\/types\/page"}],"author":[{"embeddable":true,"href":"https:\/\/agora.xtec.cat\/ceip-miquelmartipol-viladecans\/wp-json\/wp\/v2\/users\/1"}],"replies":[{"embeddable":true,"href":"https:\/\/agora.xtec.cat\/ceip-miquelmartipol-viladecans\/wp-json\/wp\/v2\/comments?post=7728"}],"version-history":[{"count":2,"href":"https:\/\/agora.xtec.cat\/ceip-miquelmartipol-viladecans\/wp-json\/wp\/v2\/pages\/7728\/revisions"}],"predecessor-version":[{"id":7733,"href":"https:\/\/agora.xtec.cat\/ceip-miquelmartipol-viladecans\/wp-json\/wp\/v2\/pages\/7728\/revisions\/7733"}],"wp:attachment":[{"href":"https:\/\/agora.xtec.cat\/ceip-miquelmartipol-viladecans\/wp-json\/wp\/v2\/media?parent=7728"}],"curies":[{"name":"wp","href":"https:\/\/api.w.org\/{rel}","templated":true}]}}