{"id":656,"date":"2017-02-01T22:40:47","date_gmt":"2017-02-01T21:40:47","guid":{"rendered":"http:\/\/agora.xtec.cat\/ceip-miquelmartipol-viladecans\/?page_id=656"},"modified":"2026-03-02T09:34:59","modified_gmt":"2026-03-02T08:34:59","slug":"menjador","status":"publish","type":"page","link":"https:\/\/agora.xtec.cat\/ceip-miquelmartipol-viladecans\/serveis\/menjador\/","title":{"rendered":"Menjador"},"content":{"rendered":"<p style=\"text-align: center;\"><span style=\"color: #000080;\"><strong><span style=\"color: #000080;\"><img loading=\"lazy\" decoding=\"async\" class=\"wp-image-4598 alignleft\" src=\"https:\/\/agora.xtec.cat\/ceip-miquelmartipol-viladecans\/wp-content\/uploads\/usu1500\/2019\/09\/2019-09-28_1135.png\" alt=\"\" width=\"379\" height=\"155\" \/><\/span><\/strong><\/span><\/p>\n<p>&nbsp;<\/p>\n<h4><strong>\u00a0 \u00a0<\/strong><\/h4>\n<p>&nbsp;<\/p>\n<p><strong>\u00a0 \u00a0 \u00a0 \u00a0 \u00a0 \u00a0 \u00a0 \u00a0 \u00a0<\/strong><\/p>\n<p style=\"text-align: center;\"><a href=\"https:\/\/agora.xtec.cat\/ceip-miquelmartipol-viladecans\/wp-content\/uploads\/usu1500\/2022\/09\/Preus-Servei-Menjador-curs-22-23.pdf\"><strong><span style=\"color: #000000;\"><span style=\"color: #0000ff;\"><span style=\"color: #000000;\">\u00a0<\/span><\/span><\/span>Servei Menjador i Acollida Matinal<\/strong><\/a><\/p>\n<p style=\"text-align: center;\"><a href=\"https:\/\/agora.xtec.cat\/ceip-miquelmartipol-viladecans\/wp-content\/uploads\/usu1500\/2026\/03\/MIQUEL-MARTI-I-POL-MENU-MARC-26.pdf\">MENU MAR\u00c7 26<\/a><\/p>\n<p>&nbsp;<\/p>\n<p><a style=\"color: #2795b6; text-align: center;\" href=\"https:\/\/agora.xtec.cat\/ceip-miquelmartipol-viladecans\/wp-content\/uploads\/usu1500\/2022\/09\/Preus-Servei-Menjador-curs-22-23.pdf\"><strong><span style=\"color: #000000;\"><span style=\"color: #0000ff;\"><span style=\"color: #000000;\">PREUS<\/span><\/span><\/span><\/strong><\/a><\/p>\n<p style=\"text-align: justify;\"><span style=\"color: #000000;\">L\u2019AFA \u00e9s l\u2019encarregada de contractar l\u2019empresa que realitza el servei de menjador, actualment <i><a style=\"color: #000000;\" href=\"http:\/\/www.elmenudelpetit.es\/\" target=\"_blank\" rel=\"noopener noreferrer\">El Men\u00fa del Petit<\/a><\/i>.<\/span><\/p>\n<p style=\"text-align: justify;\"><span style=\"color: #000000;\">Tenim cuina pr\u00f2pia, in situ, per la qual cosa el dinar s\u2019elabora di\u00e0riament a l\u2019escola.<\/span><\/p>\n<p style=\"text-align: justify;\"><span style=\"color: #000000;\">Els infants d&#8217;I3 fan migdiada i la resta d\u2019alumnes fan les activitats programades per l\u2019equip de monitoratge.<\/span><\/p>\n<p style=\"text-align: justify;\"><span style=\"color: #000000;\">Hi ha l\u2019opci\u00f3 de fer \u00fas del servei de menjador de manera fixa (3, 4 o 5 dies a la setmana) o espor\u00e0dicament. Les fam\u00edlies fixes paguen a trav\u00e9s de domiciliaci\u00f3 banc\u00e0ria i les fam\u00edlies espor\u00e0diques paguen a trav\u00e9s del Servicaixa ( tiquets ).<\/span><\/p>\n<h4 style=\"text-align: center;\"><span style=\"color: #000000;\"><strong>INSCRIPCIONS CURS 2025 &#8211; 2026\u00a0 <span style=\"color: #000080;\">AQU\u00cd<\/span><\/strong><\/span><\/h4>\n<p style=\"text-align: center;\"><span style=\"color: #000000;\"><strong>Horari d&#8217;atenci\u00f3 a les fam\u00edlies:\u00a0<\/strong><\/span><\/p>\n<p style=\"text-align: center;\"><span style=\"color: #000000;\">\u00a0 \u00a0De dilluns a divendres de 9:00h a 10:00 h<\/span><\/p>\n<p><span style=\"color: #000000;\"><strong>Coordinadora<\/strong>: Mercedes Mart\u00edn<\/span><\/p>\n<p><span style=\"color: #000000;\"><strong>Tel\u00e8fon: <\/strong>608 25 11 87<\/span><\/p>\n<p style=\"text-align: left;\"><span style=\"color: #000000;\">\u00a0 <b>\u00a0 \u00a0 \u00a0 \u00a0 \u00a0\u00a0 \u00a0 \u00a0 \u00a0 \u00a0 \u00a0 \u00a0 \u00a0 \u00a0 \u00a0 \u00a0 \u00a0 \u00a0 \u00a0 \u00a0 \u00a0 \u00a0 \u00a0 \u00a0 \u00a0 \u00a0 \u00a0 \u00a0<\/b><\/span><\/p>\n<hr \/>\n<p style=\"text-align: right;\">\n","protected":false},"excerpt":{"rendered":"<p>&nbsp;<br \/>\n\u00a0 \u00a0<br \/>\n&nbsp;<br \/>\n\u00a0 \u00a0 \u00a0 \u00a0 \u00a0 \u00a0 \u00a0 \u00a0 \u00a0<br \/>\n<a href=\"https:\/\/agora.xtec.cat\/ceip-miquelmartipol-viladecans\/wp-content\/uploads\/usu1500\/2022\/09\/Preus-Servei-Menjador-curs-22-23.pdf\">\u00a0Servei Menjador i Acollida Matinal<\/a><br \/>\n<a href=\"https:\/\/agora.xtec.cat\/ceip-miquelmartipol-viladecans\/wp-content\/uploads\/usu1500\/2026\/03\/MIQUEL-MARTI-I-POL-MENU-MARC-26.pdf\">MENU MAR\u00c7 26<\/a><br \/>\n&nbsp;<br \/>\n<a style=\"color: #2795b6; text-align: center;\" href=\"https:\/\/agora.xtec.cat\/ceip-miquelmartipol-viladecans\/wp-content\/uploads\/usu1500\/2022\/09\/Preus-Servei-Menjador-curs-22-23.pdf\">PREUS<\/a><br \/>\nL\u2019AFA \u00e9s l\u2019encarregada de contractar l\u2019empresa que realitza el servei de menjador, actualment <a style=\"color: #000000;\" href=\"http:\/\/www.elmenudelpetit.es\/\" target=\"_blank\" rel=\"noopener noreferrer\">El Men\u00fa del Petit<\/a>.<br \/>\nTenim&hellip;  <a href=\"https:\/\/agora.xtec.cat\/ceip-miquelmartipol-viladecans\/serveis\/menjador\/\" title=\"Read Menjador\">Llegeix m\u00e9s\u00bb<\/a><\/p>\n","protected":false},"author":1,"featured_media":0,"parent":652,"menu_order":0,"comment_status":"closed","ping_status":"closed","template":"page-templates\/side-menu.php","meta":{"_bbp_topic_count":0,"_bbp_reply_count":0,"_bbp_total_topic_count":0,"_bbp_total_reply_count":0,"_bbp_voice_count":0,"_bbp_anonymous_reply_count":0,"_bbp_topic_count_hidden":0,"_bbp_reply_count_hidden":0,"_bbp_forum_subforum_count":0,"footnotes":""},"class_list":["post-656","page","type-page","status-publish","hentry"],"post_mailing_queue_ids":[],"_links":{"self":[{"href":"https:\/\/agora.xtec.cat\/ceip-miquelmartipol-viladecans\/wp-json\/wp\/v2\/pages\/656","targetHints":{"allow":["GET"]}}],"collection":[{"href":"https:\/\/agora.xtec.cat\/ceip-miquelmartipol-viladecans\/wp-json\/wp\/v2\/pages"}],"about":[{"href":"https:\/\/agora.xtec.cat\/ceip-miquelmartipol-viladecans\/wp-json\/wp\/v2\/types\/page"}],"author":[{"embeddable":true,"href":"https:\/\/agora.xtec.cat\/ceip-miquelmartipol-viladecans\/wp-json\/wp\/v2\/users\/1"}],"replies":[{"embeddable":true,"href":"https:\/\/agora.xtec.cat\/ceip-miquelmartipol-viladecans\/wp-json\/wp\/v2\/comments?post=656"}],"version-history":[{"count":6,"href":"https:\/\/agora.xtec.cat\/ceip-miquelmartipol-viladecans\/wp-json\/wp\/v2\/pages\/656\/revisions"}],"predecessor-version":[{"id":10923,"href":"https:\/\/agora.xtec.cat\/ceip-miquelmartipol-viladecans\/wp-json\/wp\/v2\/pages\/656\/revisions\/10923"}],"up":[{"embeddable":true,"href":"https:\/\/agora.xtec.cat\/ceip-miquelmartipol-viladecans\/wp-json\/wp\/v2\/pages\/652"}],"wp:attachment":[{"href":"https:\/\/agora.xtec.cat\/ceip-miquelmartipol-viladecans\/wp-json\/wp\/v2\/media?parent=656"}],"curies":[{"name":"wp","href":"https:\/\/api.w.org\/{rel}","templated":true}]}}