{"id":654,"date":"2016-12-29T22:29:30","date_gmt":"2016-12-29T21:29:30","guid":{"rendered":"http:\/\/agora.xtec.cat\/ceip-miquelmartipol-viladecans\/?page_id=654"},"modified":"2022-10-30T19:06:23","modified_gmt":"2022-10-30T18:06:23","slug":"acollida-matinal","status":"publish","type":"page","link":"https:\/\/agora.xtec.cat\/ceip-miquelmartipol-viladecans\/serveis\/acollida-matinal\/","title":{"rendered":"Acollida matinal"},"content":{"rendered":"<p style=\"text-align: justify;\"><span style=\"color: #000000;\"><span style=\"font-family: arial, helvetica, sans-serif;\"><img loading=\"lazy\" decoding=\"async\" class=\"alignleft wp-image-7279\" src=\"https:\/\/agora.xtec.cat\/ceip-miquelmartipol-viladecans\/wp-content\/uploads\/usu1500\/2021\/09\/Nueva-imagen-9-1.png\" alt=\"\" width=\"204\" height=\"204\" srcset=\"https:\/\/agora.xtec.cat\/ceip-miquelmartipol-viladecans\/wp-content\/uploads\/usu1500\/2021\/09\/Nueva-imagen-9-1.png 567w, https:\/\/agora.xtec.cat\/ceip-miquelmartipol-viladecans\/wp-content\/uploads\/usu1500\/2021\/09\/Nueva-imagen-9-1-300x300.png 300w, https:\/\/agora.xtec.cat\/ceip-miquelmartipol-viladecans\/wp-content\/uploads\/usu1500\/2021\/09\/Nueva-imagen-9-1-150x150.png 150w\" sizes=\"auto, (max-width: 204px) 100vw, 204px\" \/><\/span><\/span><\/p>\n<p style=\"text-align: justify;\"><span style=\"color: #000000;\"><span style=\"font-family: arial, helvetica, sans-serif;\">Per tal de facilitar la conciliaci\u00f3 de la vida laboral amb els horaris escolars, l\u2019escola posa a la vostra disposici\u00f3 un servei d\u2019acollida matinal previ a l\u2019inici de les classes,<span style=\"color: #000000;\"><strong> des de les 07:45 hores fins a les 9:00 hores<\/strong>, durant tots els dies lectius.<\/span><\/span><\/span><br \/>\n<span style=\"font-family: arial, helvetica, sans-serif;\"><span style=\"color: #000000;\">Aquest servei est\u00e0 pensat per a les fam\u00edlies on els pares i\/o les mares \u00a0comencen a treballar molt d\u2019hora al mat\u00ed i necessiten que els nens i les nenes estiguin atesos mentre no comencen les classes, oferint un espai agradable i l\u00fadic.<\/span><\/span><\/p>\n<p style=\"text-align: justify;\"><span style=\"font-family: arial, helvetica, sans-serif;\"><span style=\"color: #000000;\">Tamb\u00e9 est\u00e0 pensat per a les fam\u00edlies que necessiten utilitzar aquest servei d\u2019una manera espor\u00e0dica i puntual.<\/span><\/span><\/p>\n<p>&nbsp;<\/p>\n<p style=\"text-align: justify;\"><strong>C<\/strong><span style=\"color: #000000;\"><strong>ontacte: <\/strong>Mercedes Mart\u00edn<\/span><\/p>\n<p style=\"text-align: justify;\"><span style=\"color: #000000;\"><strong>\u00a0 \u00a0Tel\u00e8fon: <\/strong>608 25 11 87<\/span><\/p>\n<h2 style=\"text-align: center;\"><\/h2>\n<h2 style=\"text-align: center;\"><strong><span style=\"font-family: arial, helvetica, sans-serif; font-size: 12pt;\">\u00a0<\/span><\/strong><\/h2>\n","protected":false},"excerpt":{"rendered":"<p>Per tal de facilitar la conciliaci\u00f3 de la vida laboral amb els horaris escolars, l\u2019escola posa a la vostra disposici\u00f3 un servei d\u2019acollida matinal previ a l\u2019inici de les classes, des de les 07:45 hores fins a les 9:00 hores, durant tots els dies lectius.<br \/>\nAquest&hellip;  <a href=\"https:\/\/agora.xtec.cat\/ceip-miquelmartipol-viladecans\/serveis\/acollida-matinal\/\" title=\"Read Acollida matinal\">Llegeix m\u00e9s\u00bb<\/a><\/p>\n","protected":false},"author":1,"featured_media":0,"parent":652,"menu_order":0,"comment_status":"closed","ping_status":"closed","template":"page-templates\/side-menu.php","meta":{"_bbp_topic_count":0,"_bbp_reply_count":0,"_bbp_total_topic_count":0,"_bbp_total_reply_count":0,"_bbp_voice_count":0,"_bbp_anonymous_reply_count":0,"_bbp_topic_count_hidden":0,"_bbp_reply_count_hidden":0,"_bbp_forum_subforum_count":0,"footnotes":""},"class_list":["post-654","page","type-page","status-publish","hentry"],"post_mailing_queue_ids":[],"_links":{"self":[{"href":"https:\/\/agora.xtec.cat\/ceip-miquelmartipol-viladecans\/wp-json\/wp\/v2\/pages\/654","targetHints":{"allow":["GET"]}}],"collection":[{"href":"https:\/\/agora.xtec.cat\/ceip-miquelmartipol-viladecans\/wp-json\/wp\/v2\/pages"}],"about":[{"href":"https:\/\/agora.xtec.cat\/ceip-miquelmartipol-viladecans\/wp-json\/wp\/v2\/types\/page"}],"author":[{"embeddable":true,"href":"https:\/\/agora.xtec.cat\/ceip-miquelmartipol-viladecans\/wp-json\/wp\/v2\/users\/1"}],"replies":[{"embeddable":true,"href":"https:\/\/agora.xtec.cat\/ceip-miquelmartipol-viladecans\/wp-json\/wp\/v2\/comments?post=654"}],"version-history":[{"count":4,"href":"https:\/\/agora.xtec.cat\/ceip-miquelmartipol-viladecans\/wp-json\/wp\/v2\/pages\/654\/revisions"}],"predecessor-version":[{"id":8532,"href":"https:\/\/agora.xtec.cat\/ceip-miquelmartipol-viladecans\/wp-json\/wp\/v2\/pages\/654\/revisions\/8532"}],"up":[{"embeddable":true,"href":"https:\/\/agora.xtec.cat\/ceip-miquelmartipol-viladecans\/wp-json\/wp\/v2\/pages\/652"}],"wp:attachment":[{"href":"https:\/\/agora.xtec.cat\/ceip-miquelmartipol-viladecans\/wp-json\/wp\/v2\/media?parent=654"}],"curies":[{"name":"wp","href":"https:\/\/api.w.org\/{rel}","templated":true}]}}