{"id":616,"date":"2016-12-29T22:01:05","date_gmt":"2016-12-29T21:01:05","guid":{"rendered":"http:\/\/agora.xtec.cat\/ceip-miquelmartipol-viladecans\/?page_id=616"},"modified":"2022-10-30T21:21:27","modified_gmt":"2022-10-30T20:21:27","slug":"ara-respira","status":"publish","type":"page","link":"https:\/\/agora.xtec.cat\/ceip-miquelmartipol-viladecans\/projectes-descola\/ara-respira\/","title":{"rendered":"Projecte de pati  Ara respira!"},"content":{"rendered":"<p><span style=\"color: #000000;\"><strong><img loading=\"lazy\" decoding=\"async\" class=\"alignnone  wp-image-8557\" src=\"https:\/\/agora.xtec.cat\/ceip-miquelmartipol-viladecans\/wp-content\/uploads\/usu1500\/2022\/10\/Captura-15.jpg\" alt=\"\" width=\"187\" height=\"113\" srcset=\"https:\/\/agora.xtec.cat\/ceip-miquelmartipol-viladecans\/wp-content\/uploads\/usu1500\/2022\/10\/Captura-15.jpg 329w, https:\/\/agora.xtec.cat\/ceip-miquelmartipol-viladecans\/wp-content\/uploads\/usu1500\/2022\/10\/Captura-15-300x181.jpg 300w\" sizes=\"auto, (max-width: 187px) 100vw, 187px\" \/><\/strong><\/span><\/p>\n<p><span style=\"color: #000000;\"><strong>Per qu\u00e8?<\/strong><\/span><\/p>\n<ul>\n<li>Ofereix diferents possibilitats de joc i de materials a l&#8217;alumnat.<\/li>\n<li>Treballa l&#8217;orientaci\u00f3 en l&#8217;espai.<\/li>\n<li>Utilitza l&#8217;activitat d&#8217;esbarjo per afavorir el propi desenvolupament personal i social.<\/li>\n<li>Valora el respecte per les normes de conviv\u00e8ncia, les regles dels jocs i els espais a les estones de pati.<\/li>\n<li>Facilita la resoluci\u00f3 de conflictes perqu\u00e8 es produeixen de manera aut\u00f2noma.<\/li>\n<li>Permet el treball pel gust per la lectura i l&#8217;escriptura a l&#8217;aire lliure.<\/li>\n<\/ul>\n<p><span style=\"color: #000000;\"><strong>Com ho fem?<\/strong><\/span><\/p>\n<ul>\n<li>Formaci\u00f3 alumnat com a dinamitzador de pati.<\/li>\n<li>Organitzaci\u00f3 i gesti\u00f3 d&#8217;espais i materials per part dels infants.<\/li>\n<li>Implicaci\u00f3 dels mestres en les diferents activitats de pati programades.<br \/>\n<hr \/>\n<\/li>\n<\/ul>\n<p style=\"text-align: center;\">\n","protected":false},"excerpt":{"rendered":"<p>Per qu\u00e8?<\/p>\n<ul>\n<li>Ofereix diferents possibilitats de joc i de materials a l&#8217;alumnat.<\/li>\n<li>Treballa l&#8217;orientaci\u00f3 en l&#8217;espai.<\/li>\n<li>Utilitza l&#8217;activitat d&#8217;esbarjo per afavorir el propi desenvolupament personal i social.<\/li>\n<li>Valora el respecte per les normes de conviv\u00e8ncia, les regles dels jocs i els espais a les estones de pati.<\/li>\n<li>Facilita la resoluci\u00f3&hellip;  <a href=\"https:\/\/agora.xtec.cat\/ceip-miquelmartipol-viladecans\/projectes-descola\/ara-respira\/\" title=\"Read Projecte de pati  Ara respira!\">Llegeix m\u00e9s\u00bb<\/a><br \/>\n","protected":false},"author":1,"featured_media":0,"parent":593,"menu_order":3,"comment_status":"closed","ping_status":"closed","template":"page-templates\/side-menu.php","meta":{"_bbp_topic_count":0,"_bbp_reply_count":0,"_bbp_total_topic_count":0,"_bbp_total_reply_count":0,"_bbp_voice_count":0,"_bbp_anonymous_reply_count":0,"_bbp_topic_count_hidden":0,"_bbp_reply_count_hidden":0,"_bbp_forum_subforum_count":0,"footnotes":""},"class_list":["post-616","page","type-page","status-publish","hentry"],"post_mailing_queue_ids":[],"_links":{"self":[{"href":"https:\/\/agora.xtec.cat\/ceip-miquelmartipol-viladecans\/wp-json\/wp\/v2\/pages\/616","targetHints":{"allow":["GET"]}}],"collection":[{"href":"https:\/\/agora.xtec.cat\/ceip-miquelmartipol-viladecans\/wp-json\/wp\/v2\/pages"}],"about":[{"href":"https:\/\/agora.xtec.cat\/ceip-miquelmartipol-viladecans\/wp-json\/wp\/v2\/types\/page"}],"author":[{"embeddable":true,"href":"https:\/\/agora.xtec.cat\/ceip-miquelmartipol-viladecans\/wp-json\/wp\/v2\/users\/1"}],"replies":[{"embeddable":true,"href":"https:\/\/agora.xtec.cat\/ceip-miquelmartipol-viladecans\/wp-json\/wp\/v2\/comments?post=616"}],"version-history":[{"count":4,"href":"https:\/\/agora.xtec.cat\/ceip-miquelmartipol-viladecans\/wp-json\/wp\/v2\/pages\/616\/revisions"}],"predecessor-version":[{"id":8559,"href":"https:\/\/agora.xtec.cat\/ceip-miquelmartipol-viladecans\/wp-json\/wp\/v2\/pages\/616\/revisions\/8559"}],"up":[{"embeddable":true,"href":"https:\/\/agora.xtec.cat\/ceip-miquelmartipol-viladecans\/wp-json\/wp\/v2\/pages\/593"}],"wp:attachment":[{"href":"https:\/\/agora.xtec.cat\/ceip-miquelmartipol-viladecans\/wp-json\/wp\/v2\/media?parent=616"}],"curies":[{"name":"wp","href":"https:\/\/api.w.org\/{rel}","templated":true}]}}