{"id":607,"date":"2016-12-29T21:42:34","date_gmt":"2016-12-29T20:42:34","guid":{"rendered":"http:\/\/agora.xtec.cat\/ceip-miquelmartipol-viladecans\/?page_id=607"},"modified":"2022-10-30T22:26:37","modified_gmt":"2022-10-30T21:26:37","slug":"el-musical","status":"publish","type":"page","link":"https:\/\/agora.xtec.cat\/ceip-miquelmartipol-viladecans\/projectes-descola\/projectes-artistics\/el-musical\/","title":{"rendered":"El Musical"},"content":{"rendered":"<p><strong>Per qu\u00e8?<\/strong><\/p>\n<p style=\"text-align: justify;\">Aquest projecte de Musical est\u00e0 dissenyat amb la intenci\u00f3 de transformar i ampliar les relacions habituals que es tenen entre diferents agents educatius.<\/p>\n<p style=\"text-align: justify;\">D&#8217;una banda, hem creat una estreta col\u00b7laboraci\u00f3 entre els nostres dos centres: l\u2019Institut Torre Roja i l\u2019escola Miquel Mart\u00ed i Pol. Aix\u00f2 permet als nostres alumnes valorar l\u2019esfor\u00e7 dels altres i fer un \u00fas respectu\u00f3s dels espais comuns i propers ja que ells\/es s\u00f3n usuaris directes dels mateixos (instal\u00b7lacions d\u2019ambd\u00f3s centres, ATRIUM Viladecans\u2026).<\/p>\n<p style=\"text-align: justify;\">Per altra banda, a m\u00e9s dels alumnes participants, durant els \u00faltims anys que hem desenvolupat aquest projecte, hem demanat participaci\u00f3 de les fam\u00edlies d\u2019ambd\u00f3s centres que ens han confegit el vestuari.<\/p>\n<p style=\"text-align: justify;\">Per tant, aquesta feina conjunta que implica agents ja no de l\u2019entorn m\u00e9s proper, sin\u00f3 de la ciutat de Viladecans, es considera cabdal per fomentar entre tots, xarxes de treball conjunt per optimitzar, millorar i ampliar les nostres relacions socioculturals. En definitiva, estem conven\u00e7uts i conven\u00e7udes que aquest \u00e9s un bon projecte que va pel cam\u00ed d\u2019integrar col\u00b7lectius m\u00e9s enll\u00e0 dels propis centres.<\/p>\n<p style=\"text-align: justify;\">A m\u00e9s, es tracta d\u2019un projecte interdisciplinari, que compta amb la participaci\u00f3 de molts\/es mestres i professors\/es dels dos centres educatius \u00a0i d\u2019altres entitats.<\/p>\n<p>Des dels dos centres considerem que hi ha compet\u00e8ncies que han de desenvolupar els nostres alumnes que s\u00f3n transversals, i que afecten a diverses \u00e0rees de coneixement. Les compet\u00e8ncies a qu\u00e8 ens referim s\u00f3n:<\/p>\n<ul>\n<li>Compet\u00e8ncia comunicativa (ling\u00fc\u00edstica i audiovisual)<\/li>\n<li>Compet\u00e8ncia art\u00edstica i cultural.<\/li>\n<li>Compet\u00e8ncia en el coneixement i la interacci\u00f3 amb el m\u00f3n f\u00edsic.<\/li>\n<li>Compet\u00e8ncia social i ciutadana.<\/li>\n<\/ul>\n<p style=\"text-align: justify;\">La intenci\u00f3 \u00e9s treballar les compet\u00e8ncies esmentades des d\u2019una vessant l\u00fadica, que permeti augmentar la motivaci\u00f3 per a aprendre i millorar i, per tant, els resultats acad\u00e8mics de l\u2019alumnat. Els est\u00edmuls positius que reben els\/les alumnes\u00a0que hi participen repercuteixen positivament en la seva autoestima i en la resta d\u2019aspectes del seu dia a dia.<\/p>\n<p><strong>Com ho fem?<\/strong><\/p>\n<p style=\"text-align: justify;\"><span style=\"color: #000000;\">El projecte pret\u00e9n desenvolupar en l\u2019alumnat la seva capacitat creativa, i\u00a0 que s\u00e0piga valorar el fet de la interpretaci\u00f3 en els seus diferents \u00e0mbits a partir de les pr\u00f2pies experi\u00e8ncies.<\/span><\/p>\n<p style=\"text-align: justify;\"><span style=\"color: #000000;\">Aix\u00f2 tamb\u00e9 suposa un treball disciplinari (estudi de partitures, lletres, di\u00e0legs, balls&#8230;). I sobretot molta il\u00b7lusi\u00f3.<\/span><\/p>\n<ol>\n<li style=\"text-align: justify;\"><span style=\"color: #000000;\">Treballar de manera interdisciplinari entre els centres Institut Torre Roja i Escola Miquel Mart\u00ed i Pol.<\/span><\/li>\n<li style=\"text-align: justify;\"><span style=\"color: #000000;\">Con\u00e8ixer les diverses formes d\u2019actuaci\u00f3 did\u00e0ctiques d\u2019altres centres de la ciutat.<\/span><\/li>\n<li style=\"text-align: justify;\"><span style=\"color: #000000;\">Treballar continguts de les \u00e0rees de lleng\u00fces, educaci\u00f3 art\u00edstica (m\u00fasica, visual i pl\u00e0stica), tecnologia i educaci\u00f3 f\u00edsica (dansa).<\/span><\/li>\n<li style=\"text-align: justify;\"><span style=\"color: #000000;\">Fomentar la sensibilitzaci\u00f3 dels joves i dels nens\/es que hi participen envers la cultura a trav\u00e9s de l\u2019\u00e0mbit de l\u2019expressi\u00f3.<\/span><\/li>\n<li style=\"text-align: justify;\"><span style=\"color: #000000;\">Motivar als alumnes d\u2019ambd\u00f3s centres en la col\u00b7laboraci\u00f3 amb alumnes d\u2019altres edats.<\/span><\/li>\n<li style=\"text-align: justify;\"><span style=\"color: #000000;\">Integrar l\u2019entorn en les nostres realitats escolars.<\/span><\/li>\n<li style=\"text-align: justify;\"><span style=\"color: #000000;\">Fomentar l\u2019esperit art\u00edstic en els alumnes dels dos centres.<\/span><\/li>\n<li style=\"text-align: justify;\"><span style=\"color: #000000;\">Establir un contacte amb un g\u00e8nere tan ampli com \u00e9s el musical.<\/span><\/li>\n<li style=\"text-align: justify;\"><span style=\"color: #000000;\">Intentar actuar davant del p\u00fablic de manera natural.<\/span><\/li>\n<li style=\"text-align: justify;\"><span style=\"color: #000000;\">Crear tallers per a la preparaci\u00f3 de la log\u00edstica del vestuari i la decoraci\u00f3 per part dels dos centres.<\/span><\/li>\n<\/ol>\n<p style=\"text-align: justify;\">La intenci\u00f3 \u00e9s preparar i representar un musical que integri les arts esc\u00e8niques (m\u00fasica, dansa i teatre), aix\u00ed com\u00a0 l\u2019elaboraci\u00f3 dels decorats i del vestuari.<\/p>\n<p style=\"text-align: justify;\"><span style=\"color: #000000;\">Aquest Musical estar\u00e0 creat per les professores de m\u00fasica dels dos centres. Aquest curs 2022-2023 estem preparant el musical &#8220;<em><strong>MAT&#8221;.<\/strong><\/em><\/span><\/p>\n<p style=\"text-align: justify;\"><span style=\"color: #000000;\">Participen en la representaci\u00f3 els alumnes de 2n de Prim\u00e0ria de l\u2019escola Miquel Mart\u00ed i Pol i els alumnes de l&#8217;ESO de l\u2019Institut Torre Roja.<\/span><\/p>\n<p style=\"text-align: justify;\"><span style=\"color: #000000;\">La preparaci\u00f3 del Musical de l\u2019escola Miquel Mart\u00ed i Pol i de l\u2019 Institut Torre Roja es fa a les sessions de M\u00fasica.\u00a0<\/span><\/p>\n<p style=\"text-align: justify;\"><span style=\"color: #000000;\">Tot i que les mestres que s\u2019encarreguen de la coordinaci\u00f3 general s\u00f3n les tres mestres de m\u00fasica, tamb\u00e9 hi col\u00b7laboren la resta de mestres i professors\/es d\u2019ambd\u00f3s centres, participant directament, cedint alguna sessi\u00f3 per als assajos o treballant algun aspecte del Musical de forma interdisciplinari des de les \u00e0rees; com poden ser decorats, assajos de can\u00e7ons, expressi\u00f3 oral, expressi\u00f3 escrita, expressi\u00f3 corporal&#8230;\u00a0<\/span><\/p>\n<p style=\"text-align: justify;\"><span style=\"color: #000000;\">Per a l\u2019elaboraci\u00f3 del vestuari del nostre alumnat s\u2019organitza un taller de fam\u00edlies a l\u2019escola.<\/span><\/p>\n<p style=\"text-align: justify;\"><span style=\"color: #000000;\">Considerem que aquest \u00e9s un projecte que a m\u00e9s d\u2019incloure aspectes educatius de car\u00e0cter curricular inclou altres factors pedag\u00f2gics i enriquidors ja que hi col\u00b7laboren persones de caracter\u00edstiques i edats ben diferents.<\/span><\/p>\n<p>&nbsp;<\/p>\n<p><img loading=\"lazy\" decoding=\"async\" class=\"wp-image-8198 alignleft\" src=\"https:\/\/agora.xtec.cat\/ceip-miquelmartipol-viladecans\/wp-content\/uploads\/usu1500\/2022\/06\/Captura-de-pantalla-2022-06-06-182809-1024x544.png\" alt=\"\" width=\"387\" height=\"206\" srcset=\"https:\/\/agora.xtec.cat\/ceip-miquelmartipol-viladecans\/wp-content\/uploads\/usu1500\/2022\/06\/Captura-de-pantalla-2022-06-06-182809-1024x544.png 1024w, https:\/\/agora.xtec.cat\/ceip-miquelmartipol-viladecans\/wp-content\/uploads\/usu1500\/2022\/06\/Captura-de-pantalla-2022-06-06-182809-300x159.png 300w, https:\/\/agora.xtec.cat\/ceip-miquelmartipol-viladecans\/wp-content\/uploads\/usu1500\/2022\/06\/Captura-de-pantalla-2022-06-06-182809-768x408.png 768w, https:\/\/agora.xtec.cat\/ceip-miquelmartipol-viladecans\/wp-content\/uploads\/usu1500\/2022\/06\/Captura-de-pantalla-2022-06-06-182809.png 1171w\" sizes=\"auto, (max-width: 387px) 100vw, 387px\" \/><\/p>\n<p>&nbsp;<\/p>\n<p>&nbsp;<\/p>\n<p>&nbsp;<\/p>\n<p><a href=\"https:\/\/agora.xtec.cat\/ceip-miquelmartipol-viladecans\/general\/esforc-constancia-i-treball-en-equip\/\" target=\"_blank\" rel=\"noopener\"><strong><span style=\"color: #000080;\">Musical curs 2021-2022<\/span><\/strong><\/a><\/p>\n<hr \/>\n<p><img loading=\"lazy\" decoding=\"async\" class=\"wp-image-4459 alignright\" src=\"https:\/\/agora.xtec.cat\/ceip-miquelmartipol-viladecans\/wp-content\/uploads\/usu1500\/2019\/06\/2019-06-10_1835.png\" alt=\"\" width=\"387\" height=\"181\" srcset=\"https:\/\/agora.xtec.cat\/ceip-miquelmartipol-viladecans\/wp-content\/uploads\/usu1500\/2019\/06\/2019-06-10_1835.png 841w, https:\/\/agora.xtec.cat\/ceip-miquelmartipol-viladecans\/wp-content\/uploads\/usu1500\/2019\/06\/2019-06-10_1835-300x140.png 300w, https:\/\/agora.xtec.cat\/ceip-miquelmartipol-viladecans\/wp-content\/uploads\/usu1500\/2019\/06\/2019-06-10_1835-768x359.png 768w\" sizes=\"auto, (max-width: 387px) 100vw, 387px\" \/><\/p>\n<p>&nbsp;<\/p>\n<p>&nbsp;<\/p>\n<p>&nbsp;<\/p>\n<p style=\"text-align: right;\"><a href=\"https:\/\/agora.xtec.cat\/ceip-miquelmartipol-viladecans\/el-musical-els-aristogats-a-traves-de-fotografies\/\" target=\"_blank\" rel=\"noopener noreferrer\"><strong><span style=\"color: #000080;\">Musical curs 2018-2019<\/span><\/strong><\/a><\/p>\n<hr \/>\n<p style=\"text-align: justify;\"><a href=\"http:\/\/agora.xtec.cat\/ceip-miquelmartipol-viladecans\/general\/el-musical-mary-poppins-a-traves-de-fotografies\/\"><strong><span style=\"color: #000080;\">\u00a0 \u00a0 \u00a0 \u00a0 <\/span><\/strong><\/a><strong><span style=\"color: #000080;\">\u00a0<\/span><\/strong> <strong><span style=\"color: #000080;\">\u00a0<img loading=\"lazy\" decoding=\"async\" class=\"wp-image-3924 alignleft\" src=\"https:\/\/agora.xtec.cat\/ceip-miquelmartipol-viladecans\/wp-content\/uploads\/usu1500\/2019\/02\/2019-02-17_2308.png\" alt=\"\" width=\"394\" height=\"146\" srcset=\"https:\/\/agora.xtec.cat\/ceip-miquelmartipol-viladecans\/wp-content\/uploads\/usu1500\/2019\/02\/2019-02-17_2308.png 532w, https:\/\/agora.xtec.cat\/ceip-miquelmartipol-viladecans\/wp-content\/uploads\/usu1500\/2019\/02\/2019-02-17_2308-300x111.png 300w\" sizes=\"auto, (max-width: 394px) 100vw, 394px\" \/><\/span><\/strong><\/p>\n<p>&nbsp;<\/p>\n<p style=\"text-align: justify;\"><a href=\"https:\/\/agora.xtec.cat\/ceip-miquelmartipol-viladecans\/general\/el-musical-mary-poppins-a-traves-de-fotografies\/\" target=\"_blank\" rel=\"noopener noreferrer\"><strong><span style=\"color: #000080;\">Musical curs 2017-2018<\/span><\/strong><\/a><\/p>\n<hr \/>\n<p style=\"text-align: justify;\"><a href=\"https:\/\/drive.google.com\/drive\/folders\/0B4ODKnKdop7nMWh6aW5EdGRCdXc?usp=sharing\"><br \/>\n<\/a><img loading=\"lazy\" decoding=\"async\" class=\"alignleft\" src=\"http:\/\/agora.xtec.cat\/ceip-miquelmartipol-viladecans\/wp-content\/uploads\/usu1500\/2017\/05\/2017-05-31_2353.png\" width=\"276\" height=\"257\" \/><\/p>\n<p style=\"text-align: justify;\"><strong><span style=\"color: #000080;\">\u00a0<\/span><span style=\"color: #000080;\"> \u00a0<\/span><span style=\"color: #000080;\"> \u00a0 \u00a0<\/span><\/strong><\/p>\n<p>&nbsp;<\/p>\n<p><img loading=\"lazy\" decoding=\"async\" class=\"wp-image-1327 alignright\" src=\"http:\/\/agora.xtec.cat\/ceip-miquelmartipol-viladecans\/wp-content\/uploads\/usu1500\/2016\/12\/2017-02-21_2245.png\" alt=\"2017-02-21_2245\" width=\"325\" height=\"206\" srcset=\"https:\/\/agora.xtec.cat\/ceip-miquelmartipol-viladecans\/wp-content\/uploads\/usu1500\/2016\/12\/2017-02-21_2245.png 762w, https:\/\/agora.xtec.cat\/ceip-miquelmartipol-viladecans\/wp-content\/uploads\/usu1500\/2016\/12\/2017-02-21_2245-300x190.png 300w\" sizes=\"auto, (max-width: 325px) 100vw, 325px\" \/><\/p>\n<p style=\"text-align: left;\"><a href=\"http:\/\/agora.xtec.cat\/ceip-miquelmartipol-viladecans\/projectes-descola\/projectes-artistics\/el-musical\/el-rei-lleo-el-musical\/\"><strong><span style=\"color: #000080;\">Musical curs 2016-2017<\/span><\/strong><\/a><\/p>\n<p>&nbsp;<\/p>\n<p style=\"text-align: right;\"><a href=\"https:\/\/drive.google.com\/drive\/folders\/0B4ODKnKdop7neUJuZ3AwcmQtMDA\" target=\"_blank\" rel=\"noopener noreferrer\"><strong><span style=\"color: #000080;\">Musical curs 2015-2016<\/span><\/strong><\/a><\/p>\n","protected":false},"excerpt":{"rendered":"<p>Per qu\u00e8?<br \/>\nAquest projecte de Musical est\u00e0 dissenyat amb la intenci\u00f3 de transformar i ampliar les relacions habituals que es tenen entre diferents agents educatius.<br \/>\nD&#8217;una banda, hem creat una estreta col\u00b7laboraci\u00f3 entre els nostres dos centres: l\u2019Institut Torre Roja i l\u2019escola Miquel Mart\u00ed i Pol. Aix\u00f2&hellip;  <a href=\"https:\/\/agora.xtec.cat\/ceip-miquelmartipol-viladecans\/projectes-descola\/projectes-artistics\/el-musical\/\" title=\"Read El Musical\">Llegeix m\u00e9s\u00bb<\/a><\/p>\n","protected":false},"author":1,"featured_media":0,"parent":755,"menu_order":2,"comment_status":"closed","ping_status":"closed","template":"page-templates\/side-menu.php","meta":{"_bbp_topic_count":0,"_bbp_reply_count":0,"_bbp_total_topic_count":0,"_bbp_total_reply_count":0,"_bbp_voice_count":0,"_bbp_anonymous_reply_count":0,"_bbp_topic_count_hidden":0,"_bbp_reply_count_hidden":0,"_bbp_forum_subforum_count":0,"footnotes":""},"class_list":["post-607","page","type-page","status-publish","hentry"],"post_mailing_queue_ids":[],"_links":{"self":[{"href":"https:\/\/agora.xtec.cat\/ceip-miquelmartipol-viladecans\/wp-json\/wp\/v2\/pages\/607","targetHints":{"allow":["GET"]}}],"collection":[{"href":"https:\/\/agora.xtec.cat\/ceip-miquelmartipol-viladecans\/wp-json\/wp\/v2\/pages"}],"about":[{"href":"https:\/\/agora.xtec.cat\/ceip-miquelmartipol-viladecans\/wp-json\/wp\/v2\/types\/page"}],"author":[{"embeddable":true,"href":"https:\/\/agora.xtec.cat\/ceip-miquelmartipol-viladecans\/wp-json\/wp\/v2\/users\/1"}],"replies":[{"embeddable":true,"href":"https:\/\/agora.xtec.cat\/ceip-miquelmartipol-viladecans\/wp-json\/wp\/v2\/comments?post=607"}],"version-history":[{"count":4,"href":"https:\/\/agora.xtec.cat\/ceip-miquelmartipol-viladecans\/wp-json\/wp\/v2\/pages\/607\/revisions"}],"predecessor-version":[{"id":8583,"href":"https:\/\/agora.xtec.cat\/ceip-miquelmartipol-viladecans\/wp-json\/wp\/v2\/pages\/607\/revisions\/8583"}],"up":[{"embeddable":true,"href":"https:\/\/agora.xtec.cat\/ceip-miquelmartipol-viladecans\/wp-json\/wp\/v2\/pages\/755"}],"wp:attachment":[{"href":"https:\/\/agora.xtec.cat\/ceip-miquelmartipol-viladecans\/wp-json\/wp\/v2\/media?parent=607"}],"curies":[{"name":"wp","href":"https:\/\/api.w.org\/{rel}","templated":true}]}}