{"id":604,"date":"2016-12-29T21:39:20","date_gmt":"2016-12-29T20:39:20","guid":{"rendered":"http:\/\/agora.xtec.cat\/ceip-miquelmartipol-viladecans\/?page_id=604"},"modified":"2024-01-07T21:07:44","modified_gmt":"2024-01-07T20:07:44","slug":"concert-dhivern","status":"publish","type":"page","link":"https:\/\/agora.xtec.cat\/ceip-miquelmartipol-viladecans\/projectes-descola\/projectes-artistics\/concert-dhivern\/","title":{"rendered":"Concert d&#8217;hivern"},"content":{"rendered":"<p><strong><span style=\"color: #008000;\">Per qu\u00e8?<\/span><\/strong><\/p>\n<p>Per desenvolupar les capacitats i compet\u00e8ncies b\u00e0siques dins de l&#8217;\u00e0mbit de la m\u00fasica.<\/p>\n<p><strong><span style=\"color: #008000;\">Com ho fem?<\/span><\/strong><\/p>\n<ul>\n<li>Amb la participaci\u00f3 de l&#8217;alumnat, el professorat i les fam\u00edlies de l&#8217;escola.<\/li>\n<li>Representaci\u00f3 al teatre de l\u2019escola (Educaci\u00f3 Infantil) i al teatre ATRIUM de Viladecans (Educaci\u00f3 Prim\u00e0ria).<br \/>\n<hr \/>\n<\/li>\n<\/ul>\n<h3 style=\"text-align: center;\"><\/h3>\n<h3 style=\"text-align: center;\"><span style=\"color: #ff0000;\"><strong>Curs 2023-2024<\/strong><\/span><\/h3>\n<p><a href=\"https:\/\/drive.google.com\/file\/d\/1D_Xtnc3w4UCVgkMMw1Vc_iCzIi2S6q8Y\/view?usp=drive_link\"><img loading=\"lazy\" decoding=\"async\" class=\"aligncenter wp-image-9605\" src=\"https:\/\/agora.xtec.cat\/ceip-miquelmartipol-viladecans\/wp-content\/uploads\/usu1500\/2023\/12\/Captura-de-pantalla-2023-12-23-223730.png\" alt=\"\" width=\"455\" height=\"147\" srcset=\"https:\/\/agora.xtec.cat\/ceip-miquelmartipol-viladecans\/wp-content\/uploads\/usu1500\/2023\/12\/Captura-de-pantalla-2023-12-23-223730.png 919w, https:\/\/agora.xtec.cat\/ceip-miquelmartipol-viladecans\/wp-content\/uploads\/usu1500\/2023\/12\/Captura-de-pantalla-2023-12-23-223730-300x97.png 300w, https:\/\/agora.xtec.cat\/ceip-miquelmartipol-viladecans\/wp-content\/uploads\/usu1500\/2023\/12\/Captura-de-pantalla-2023-12-23-223730-768x248.png 768w\" sizes=\"auto, (max-width: 455px) 100vw, 455px\" \/><\/a><\/p>\n<p><a href=\"https:\/\/drive.google.com\/file\/d\/1iS25Dbwjv4jrIcHioKxybsoWrRO05PR-\/view?usp=sharing\" target=\"_blank\" rel=\"noopener\"><img loading=\"lazy\" decoding=\"async\" class=\"aligncenter wp-image-9606\" src=\"https:\/\/agora.xtec.cat\/ceip-miquelmartipol-viladecans\/wp-content\/uploads\/usu1500\/2023\/12\/Captura-de-pantalla-2023-12-23-223832.png\" alt=\"\" width=\"454\" height=\"148\" srcset=\"https:\/\/agora.xtec.cat\/ceip-miquelmartipol-viladecans\/wp-content\/uploads\/usu1500\/2023\/12\/Captura-de-pantalla-2023-12-23-223832.png 924w, https:\/\/agora.xtec.cat\/ceip-miquelmartipol-viladecans\/wp-content\/uploads\/usu1500\/2023\/12\/Captura-de-pantalla-2023-12-23-223832-300x98.png 300w, https:\/\/agora.xtec.cat\/ceip-miquelmartipol-viladecans\/wp-content\/uploads\/usu1500\/2023\/12\/Captura-de-pantalla-2023-12-23-223832-768x250.png 768w\" sizes=\"auto, (max-width: 454px) 100vw, 454px\" \/><\/a><br \/>\n&nbsp;<\/p>\n","protected":false},"excerpt":{"rendered":"<p>Per qu\u00e8?<br \/>\nPer desenvolupar les capacitats i compet\u00e8ncies b\u00e0siques dins de l&#8217;\u00e0mbit de la m\u00fasica.<br \/>\nCom ho fem?<\/p>\n<ul>\n<li>Amb la participaci\u00f3 de l&#8217;alumnat, el professorat i les fam\u00edlies de l&#8217;escola.<\/li>\n<li>Representaci\u00f3 al teatre de l\u2019escola (Educaci\u00f3 Infantil) i al teatre ATRIUM de Viladecans (Educaci\u00f3 Prim\u00e0ria).\n<\/li>\n<\/ul>\n<p>Curs 2023-2024<br \/>\n<a href=\"https:\/\/drive.google.com\/file\/d\/1D_Xtnc3w4UCVgkMMw1Vc_iCzIi2S6q8Y\/view?usp=drive_link\"><\/a><br \/>\n<a href=\"https:\/\/drive.google.com\/file\/d\/1iS25Dbwjv4jrIcHioKxybsoWrRO05PR-\/view?usp=sharing\" target=\"_blank\"&hellip;  <a href=\"https:\/\/agora.xtec.cat\/ceip-miquelmartipol-viladecans\/projectes-descola\/projectes-artistics\/concert-dhivern\/\" title=\"Read Concert d&#8217;hivern\">Llegeix m\u00e9s\u00bb<\/a><\/p>\n","protected":false},"author":1,"featured_media":0,"parent":755,"menu_order":1,"comment_status":"closed","ping_status":"closed","template":"page-templates\/side-menu.php","meta":{"_bbp_topic_count":0,"_bbp_reply_count":0,"_bbp_total_topic_count":0,"_bbp_total_reply_count":0,"_bbp_voice_count":0,"_bbp_anonymous_reply_count":0,"_bbp_topic_count_hidden":0,"_bbp_reply_count_hidden":0,"_bbp_forum_subforum_count":0,"footnotes":""},"class_list":["post-604","page","type-page","status-publish","hentry"],"post_mailing_queue_ids":[],"_links":{"self":[{"href":"https:\/\/agora.xtec.cat\/ceip-miquelmartipol-viladecans\/wp-json\/wp\/v2\/pages\/604","targetHints":{"allow":["GET"]}}],"collection":[{"href":"https:\/\/agora.xtec.cat\/ceip-miquelmartipol-viladecans\/wp-json\/wp\/v2\/pages"}],"about":[{"href":"https:\/\/agora.xtec.cat\/ceip-miquelmartipol-viladecans\/wp-json\/wp\/v2\/types\/page"}],"author":[{"embeddable":true,"href":"https:\/\/agora.xtec.cat\/ceip-miquelmartipol-viladecans\/wp-json\/wp\/v2\/users\/1"}],"replies":[{"embeddable":true,"href":"https:\/\/agora.xtec.cat\/ceip-miquelmartipol-viladecans\/wp-json\/wp\/v2\/comments?post=604"}],"version-history":[{"count":6,"href":"https:\/\/agora.xtec.cat\/ceip-miquelmartipol-viladecans\/wp-json\/wp\/v2\/pages\/604\/revisions"}],"predecessor-version":[{"id":9630,"href":"https:\/\/agora.xtec.cat\/ceip-miquelmartipol-viladecans\/wp-json\/wp\/v2\/pages\/604\/revisions\/9630"}],"up":[{"embeddable":true,"href":"https:\/\/agora.xtec.cat\/ceip-miquelmartipol-viladecans\/wp-json\/wp\/v2\/pages\/755"}],"wp:attachment":[{"href":"https:\/\/agora.xtec.cat\/ceip-miquelmartipol-viladecans\/wp-json\/wp\/v2\/media?parent=604"}],"curies":[{"name":"wp","href":"https:\/\/api.w.org\/{rel}","templated":true}]}}