{"id":563,"date":"2016-12-29T16:37:58","date_gmt":"2016-12-29T15:37:58","guid":{"rendered":"http:\/\/agora.xtec.cat\/ceip-miquelmartipol-viladecans\/?page_id=563"},"modified":"2026-03-06T20:48:19","modified_gmt":"2026-03-06T19:48:19","slug":"consell-escolar","status":"publish","type":"page","link":"https:\/\/agora.xtec.cat\/ceip-miquelmartipol-viladecans\/organitzacio\/consell-escolar\/","title":{"rendered":"Consell Escolar"},"content":{"rendered":"<p><img loading=\"lazy\" decoding=\"async\" class=\"wp-image-3681 alignleft\" src=\"https:\/\/agora.xtec.cat\/ceip-miquelmartipol-viladecans\/wp-content\/uploads\/usu1500\/2019\/01\/reunic3b3-300x243.jpg\" alt=\"\" width=\"207\" height=\"168\" \/><strong>NORMATIVA<\/strong><\/p>\n<p style=\"text-align: justify;\">L&#8217;article 126 de la Llei org\u00e0nica 2\/2006, de 3 de maig, d&#8217;educaci\u00f3, estableix la composici\u00f3 del consell escolar per als centres p\u00fablics, aix\u00ed com l&#8217;article 45 del Decret 102\/2010, de 3 d&#8217;agost, d&#8217;autonomia dels centres educatius.<\/p>\n<p style=\"text-align: justify;\">Resoluci\u00f3 EDU\/3014\/2023 del 30 d&#8217;agost <span style=\"font-family: arial, sans-serif;\">per la qual s&#8217;estableix el calendari i el r\u00e8gim del proc\u00e9s electoral per renovar els membres dels consells escolars dels centres p\u00fablics i privats sostinguts amb fons\u00a0<\/span>p\u00fablics.<\/p>\n<p>&nbsp;<\/p>\n<p class=\"spip\"><span style=\"font-size: 12pt; font-family: arial, helvetica, sans-serif;\">Director\u00a0 \u00a0 \u00a0 \u00a0 \u00a0 \u00a0 \u00a0 \u00a0 \u00a0 \u00a0 \u00a0 \u00a0 \u00a0 \u00a0 \u00a0 \u00a0 \u00a0 \u00a0 \u00a0 \u00a0 \u00a0 \u00a0 Iv\u00e1n Vargas\u00a0<\/span><\/p>\n<p><span style=\"font-size: 12pt; font-family: arial, helvetica, sans-serif;\">Cap d&#8217;estudis\u00a0 \u00a0 \u00a0 \u00a0 \u00a0 \u00a0 \u00a0 \u00a0 \u00a0 \u00a0 \u00a0 \u00a0 \u00a0 \u00a0 \u00a0 \u00a0 \u00a0 \u00a0Sara Sotorra\u00a0\u00a0<\/span><\/p>\n<p>Secret\u00e0ria\u00a0 \u00a0 \u00a0 \u00a0 \u00a0 \u00a0 \u00a0 \u00a0 \u00a0 \u00a0 \u00a0 \u00a0 \u00a0 \u00a0 \u00a0 \u00a0 \u00a0 \u00a0 \u00a0 \u00a0 Mar\u00eda Jos\u00e9 Yeste<\/p>\n<p><span style=\"font-family: arial, helvetica, sans-serif; font-size: 12pt;\">Representant de l&#8217;Ajuntament\u00a0 \u00a0 \u00a0 \u00a0 \u00a0 Maria Carmen Aguilar<\/span><\/p>\n<p><span style=\"font-family: arial, helvetica, sans-serif; font-size: 12pt;\">Representant del professorat\u00a0 \u00a0 \u00a0 \u00a0 \u00a0 \u00a0Laura Gonz\u00e1lez<\/span><\/p>\n<p><span style=\"font-family: arial, helvetica, sans-serif; font-size: 12pt;\">Representant del professorat\u00a0 \u00a0 \u00a0 \u00a0 \u00a0 \u00a0S\u00f2nia G\u00f3mez<\/span><\/p>\n<p><span style=\"font-family: arial, helvetica, sans-serif; font-size: 12pt;\">Representant del professorat\u00a0 \u00a0 \u00a0 \u00a0 \u00a0 \u00a0J\u00e8ssica Gr\u00e0cia<\/span><\/p>\n<p><span style=\"font-family: arial, helvetica, sans-serif; font-size: 12pt;\">Representant del professorat\u00a0 \u00a0 \u00a0 \u00a0 \u00a0 \u00a0Ver\u00f2nica Borr\u00e0s\u00a0\u00a0<\/span><\/p>\n<p>Representant del professorat\u00a0 \u00a0 \u00a0 \u00a0 \u00a0 \u00a0Elena Cerd\u00e0<\/p>\n<p><span style=\"font-family: arial, helvetica, sans-serif; font-size: 12pt;\">Representant del professorat\u00a0 \u00a0 \u00a0 \u00a0 \u00a0 \u00a0Esther Cid\u00a0\u00a0<\/span><\/p>\n<p><span style=\"font-family: arial, helvetica, sans-serif; font-size: 12pt;\">Representant de fam\u00edlies\u00a0 \u00a0 \u00a0 \u00a0 \u00a0 \u00a0 \u00a0 \u00a0 \u00a0N\u00faria Fern\u00e1ndez\u00a0 \u00a0 \u00a0<\/span><\/p>\n<p><span style=\"font-family: arial, helvetica, sans-serif; font-size: 12pt;\">Representant de fam\u00edlies\u00a0 \u00a0 \u00a0 \u00a0 \u00a0 \u00a0 \u00a0 \u00a0 \u00a0Nat\u00e0lia Galeote<\/span><\/p>\n<p><span style=\"font-family: arial, helvetica, sans-serif; font-size: 12pt;\">Representant de fam\u00edlies\u00a0 \u00a0 \u00a0 \u00a0 \u00a0 \u00a0 \u00a0 \u00a0 \u00a0Carla Gil\u00a0<\/span><\/p>\n<p><span style=\"font-family: arial, helvetica, sans-serif; font-size: 12pt;\">Representant de fam\u00edlies\u00a0 \u00a0 \u00a0 \u00a0 \u00a0 \u00a0 \u00a0 \u00a0 \u00a0Eduard Geli<\/span><\/p>\n<p><span style=\"font-family: arial, helvetica, sans-serif; font-size: 12pt;\">Representant de fam\u00edlies\u00a0 \u00a0 \u00a0 \u00a0 \u00a0 \u00a0 \u00a0 \u00a0 \u00a0Marta Ram\u00edrez\u00a0<\/span><\/p>\n<p><span style=\"font-family: arial, helvetica, sans-serif; font-size: 12pt;\">Representant de l&#8217;AFA\u00a0 \u00a0 \u00a0 \u00a0 \u00a0 \u00a0 \u00a0 \u00a0 \u00a0 \u00a0 \u00a0Carles Serratac\u00f3<\/span><\/p>\n<p><span style=\"font-family: arial, helvetica, sans-serif; font-size: 12pt;\">Representant del PAS\u00a0 \u00a0 \u00a0 \u00a0 \u00a0 \u00a0 \u00a0 \u00a0 \u00a0 \u00a0 \u00a0Helena Chaparro<\/span><\/p>\n<p><span style=\"font-family: arial, helvetica, sans-serif; font-size: 12pt;\">Representant del PAE\u00a0 \u00a0 \u00a0 \u00a0 \u00a0 \u00a0 \u00a0 \u00a0 \u00a0 \u00a0 \u00a0Mar\u00eda Jos\u00e9 Rodr\u00edguez\u00a0<\/span><\/p>\n<p>&nbsp;<\/p>\n<p><strong>ACTES DE REUNIONS DEL CONSELL ESCOLAR CURS 2025-2026<\/strong><\/p>\n<p>En el seg\u00fcent <a href=\"https:\/\/agora.xtec.cat\/ceip-miquelmartipol-viladecans\/wp-content\/uploads\/usu1500\/2025\/12\/2.-Acta-consell-escolar-15_12_25.curs-2025-2026.pdf\">enlla\u00e7<\/a> podeu trobar l&#8217;acta 2 de la reuni\u00f3 del 15.12.25 de Consell Escolar.<\/p>\n<p>En el seg\u00fcent <a href=\"https:\/\/agora.xtec.cat\/ceip-miquelmartipol-viladecans\/wp-content\/uploads\/usu1500\/2026\/03\/3.-Acta-consell-escolar-02.03.26-curs-2025-2026-.pdf\">enlla\u00e7<\/a>\u00a0podeu trobar l&#8217;acta 3 de la reuni\u00f3 del 03.03.26 de Consell Escolar.<\/p>\n","protected":false},"excerpt":{"rendered":"<p>NORMATIVA<br \/>\nL&#8217;article 126 de la Llei org\u00e0nica 2\/2006, de 3 de maig, d&#8217;educaci\u00f3, estableix la composici\u00f3 del consell escolar per als centres p\u00fablics, aix\u00ed com l&#8217;article 45 del Decret 102\/2010, de 3 d&#8217;agost, d&#8217;autonomia dels centres educatius.<br \/>\nResoluci\u00f3 EDU\/3014\/2023 del 30 d&#8217;agost per la qual s&#8217;estableix el&hellip;  <a href=\"https:\/\/agora.xtec.cat\/ceip-miquelmartipol-viladecans\/organitzacio\/consell-escolar\/\" title=\"Read Consell Escolar\">Llegeix m\u00e9s\u00bb<\/a><\/p>\n","protected":false},"author":1,"featured_media":0,"parent":551,"menu_order":0,"comment_status":"closed","ping_status":"closed","template":"page-templates\/side-menu.php","meta":{"_bbp_topic_count":0,"_bbp_reply_count":0,"_bbp_total_topic_count":0,"_bbp_total_reply_count":0,"_bbp_voice_count":0,"_bbp_anonymous_reply_count":0,"_bbp_topic_count_hidden":0,"_bbp_reply_count_hidden":0,"_bbp_forum_subforum_count":0,"footnotes":""},"class_list":["post-563","page","type-page","status-publish","hentry"],"post_mailing_queue_ids":[],"_links":{"self":[{"href":"https:\/\/agora.xtec.cat\/ceip-miquelmartipol-viladecans\/wp-json\/wp\/v2\/pages\/563","targetHints":{"allow":["GET"]}}],"collection":[{"href":"https:\/\/agora.xtec.cat\/ceip-miquelmartipol-viladecans\/wp-json\/wp\/v2\/pages"}],"about":[{"href":"https:\/\/agora.xtec.cat\/ceip-miquelmartipol-viladecans\/wp-json\/wp\/v2\/types\/page"}],"author":[{"embeddable":true,"href":"https:\/\/agora.xtec.cat\/ceip-miquelmartipol-viladecans\/wp-json\/wp\/v2\/users\/1"}],"replies":[{"embeddable":true,"href":"https:\/\/agora.xtec.cat\/ceip-miquelmartipol-viladecans\/wp-json\/wp\/v2\/comments?post=563"}],"version-history":[{"count":6,"href":"https:\/\/agora.xtec.cat\/ceip-miquelmartipol-viladecans\/wp-json\/wp\/v2\/pages\/563\/revisions"}],"predecessor-version":[{"id":10962,"href":"https:\/\/agora.xtec.cat\/ceip-miquelmartipol-viladecans\/wp-json\/wp\/v2\/pages\/563\/revisions\/10962"}],"up":[{"embeddable":true,"href":"https:\/\/agora.xtec.cat\/ceip-miquelmartipol-viladecans\/wp-json\/wp\/v2\/pages\/551"}],"wp:attachment":[{"href":"https:\/\/agora.xtec.cat\/ceip-miquelmartipol-viladecans\/wp-json\/wp\/v2\/media?parent=563"}],"curies":[{"name":"wp","href":"https:\/\/api.w.org\/{rel}","templated":true}]}}