{"id":5579,"date":"2020-04-29T23:40:06","date_gmt":"2020-04-29T21:40:06","guid":{"rendered":"http:\/\/agora.xtec.cat\/ceip-miquelmartipol-viladecans\/?page_id=5579"},"modified":"2020-04-29T23:40:06","modified_gmt":"2020-04-29T21:40:06","slug":"sant-jordi-2020","status":"publish","type":"page","link":"https:\/\/agora.xtec.cat\/ceip-miquelmartipol-viladecans\/sant-jordi-2020\/","title":{"rendered":"Sant  Jordi 2020"},"content":{"rendered":"<p><img loading=\"lazy\" decoding=\"async\" class=\"wp-image-5700 alignleft\" src=\"https:\/\/agora.xtec.cat\/ceip-miquelmartipol-viladecans\/wp-content\/uploads\/usu1500\/2020\/04\/2020-04-21_2215.png\" alt=\"\" width=\"454\" height=\"254\" srcset=\"https:\/\/agora.xtec.cat\/ceip-miquelmartipol-viladecans\/wp-content\/uploads\/usu1500\/2020\/04\/2020-04-21_2215.png 918w, https:\/\/agora.xtec.cat\/ceip-miquelmartipol-viladecans\/wp-content\/uploads\/usu1500\/2020\/04\/2020-04-21_2215-300x168.png 300w, https:\/\/agora.xtec.cat\/ceip-miquelmartipol-viladecans\/wp-content\/uploads\/usu1500\/2020\/04\/2020-04-21_2215-768x429.png 768w\" sizes=\"auto, (max-width: 454px) 100vw, 454px\" \/><\/p>\n<p style=\"text-align: justify;\">Avui celebrem la diada de Sant Jordi d\u2019una manera ben diferent: no recitarem poemes a l\u2019escola, no farem els tallers art\u00edstics intercicles amb els companys i companyes. Tampoc veurem els m\u00e9s petits i petites amb els ulls com taronges quan escolten la llegenda ni haur\u00e0 una parada de llibres ni de roses a la sortida.<\/p>\n<p style=\"text-align: justify;\">Per\u00f2 tot l\u2019equip docent que forma part de l\u2019escola, us ha volgut presentar algunes propostes per viure aquest Sant Jordi des de casa d\u2019una manera especial, com ara engalanar els vostres balcons amb roses ben maques i regalant-vos els seg\u00fcents relats de contes perqu\u00e8 pugueu continuar gaudint dels llibres, fomentant la vostra curiositat, despertant la vostra imaginaci\u00f3 per transportar-vos a llocs inimaginables.<\/p>\n<p>&nbsp;<\/p>\n<p><a href=\"https:\/\/drive.google.com\/file\/d\/1Z8hosNaeN_Da-pswtjHWwOwqHZTvQ802\/view?usp=sharing\" target=\"_blank\" rel=\"noopener noreferrer\"><img loading=\"lazy\" decoding=\"async\" class=\"wp-image-5729 alignright\" src=\"https:\/\/agora.xtec.cat\/ceip-miquelmartipol-viladecans\/wp-content\/uploads\/usu1500\/2020\/04\/2020-04-22_2240.png\" alt=\"\" width=\"270\" height=\"237\" srcset=\"https:\/\/agora.xtec.cat\/ceip-miquelmartipol-viladecans\/wp-content\/uploads\/usu1500\/2020\/04\/2020-04-22_2240.png 698w, https:\/\/agora.xtec.cat\/ceip-miquelmartipol-viladecans\/wp-content\/uploads\/usu1500\/2020\/04\/2020-04-22_2240-300x263.png 300w\" sizes=\"auto, (max-width: 270px) 100vw, 270px\" \/><\/a> <a href=\"https:\/\/drive.google.com\/file\/d\/1CWEJcVW_H1HGeEfN9HDifLA1--DR2_Ij\/view\" target=\"_blank\" rel=\"noopener noreferrer\"><img loading=\"lazy\" decoding=\"async\" class=\"wp-image-5730 alignright\" src=\"https:\/\/agora.xtec.cat\/ceip-miquelmartipol-viladecans\/wp-content\/uploads\/usu1500\/2020\/04\/2020-04-22_2258.png\" alt=\"\" width=\"272\" height=\"211\" srcset=\"https:\/\/agora.xtec.cat\/ceip-miquelmartipol-viladecans\/wp-content\/uploads\/usu1500\/2020\/04\/2020-04-22_2258.png 704w, https:\/\/agora.xtec.cat\/ceip-miquelmartipol-viladecans\/wp-content\/uploads\/usu1500\/2020\/04\/2020-04-22_2258-300x233.png 300w\" sizes=\"auto, (max-width: 272px) 100vw, 272px\" \/><\/a><a href=\"https:\/\/drive.google.com\/file\/d\/1Nk8EOIVacbPDozzkgkilBaA6ceLuK38T\/view\" target=\"_blank\" rel=\"noopener noreferrer\"><img loading=\"lazy\" decoding=\"async\" class=\"wp-image-5739 alignright\" src=\"https:\/\/agora.xtec.cat\/ceip-miquelmartipol-viladecans\/wp-content\/uploads\/usu1500\/2020\/04\/2020-04-22_2322.png\" alt=\"\" width=\"193\" height=\"290\" srcset=\"https:\/\/agora.xtec.cat\/ceip-miquelmartipol-viladecans\/wp-content\/uploads\/usu1500\/2020\/04\/2020-04-22_2322.png 383w, https:\/\/agora.xtec.cat\/ceip-miquelmartipol-viladecans\/wp-content\/uploads\/usu1500\/2020\/04\/2020-04-22_2322-200x300.png 200w\" sizes=\"auto, (max-width: 193px) 100vw, 193px\" \/><\/a><\/p>\n<p>&nbsp;<\/p>\n<p>&nbsp;<\/p>\n<p>&nbsp;<\/p>\n<p>&nbsp;<\/p>\n<p>&nbsp;<\/p>\n<p>&nbsp;<\/p>\n<p>&nbsp;<\/p>\n<hr \/>\n<p><a href=\"https:\/\/drive.google.com\/file\/d\/1VWZj2FO6MwxLXTFQfIAT_FRZBODgC-hH\/view?ts=5ea9c1f4\" target=\"_blank\" rel=\"noopener noreferrer\"><img loading=\"lazy\" decoding=\"async\" class=\"wp-image-5760 aligncenter\" src=\"https:\/\/agora.xtec.cat\/ceip-miquelmartipol-viladecans\/wp-content\/uploads\/usu1500\/2020\/04\/2020-04-29_2333.png\" alt=\"\" width=\"453\" height=\"243\" srcset=\"https:\/\/agora.xtec.cat\/ceip-miquelmartipol-viladecans\/wp-content\/uploads\/usu1500\/2020\/04\/2020-04-29_2333.png 590w, https:\/\/agora.xtec.cat\/ceip-miquelmartipol-viladecans\/wp-content\/uploads\/usu1500\/2020\/04\/2020-04-29_2333-300x161.png 300w\" sizes=\"auto, (max-width: 453px) 100vw, 453px\" \/><\/a><\/p>\n<p>&nbsp;<\/p>\n<p>&nbsp;<\/p>\n","protected":false},"excerpt":{"rendered":"<p>Avui celebrem la diada de Sant Jordi d\u2019una manera ben diferent: no recitarem poemes a l\u2019escola, no farem els tallers art\u00edstics intercicles amb els companys i companyes. Tampoc veurem els m\u00e9s petits i petites amb els ulls com taronges quan escolten la llegenda ni haur\u00e0&hellip;  <a href=\"https:\/\/agora.xtec.cat\/ceip-miquelmartipol-viladecans\/sant-jordi-2020\/\" title=\"Read Sant  Jordi 2020\">Llegeix m\u00e9s\u00bb<\/a><\/p>\n","protected":false},"author":1,"featured_media":0,"parent":0,"menu_order":0,"comment_status":"closed","ping_status":"closed","template":"","meta":{"_bbp_topic_count":0,"_bbp_reply_count":0,"_bbp_total_topic_count":0,"_bbp_total_reply_count":0,"_bbp_voice_count":0,"_bbp_anonymous_reply_count":0,"_bbp_topic_count_hidden":0,"_bbp_reply_count_hidden":0,"_bbp_forum_subforum_count":0,"footnotes":""},"class_list":["post-5579","page","type-page","status-publish","hentry"],"post_mailing_queue_ids":[],"_links":{"self":[{"href":"https:\/\/agora.xtec.cat\/ceip-miquelmartipol-viladecans\/wp-json\/wp\/v2\/pages\/5579","targetHints":{"allow":["GET"]}}],"collection":[{"href":"https:\/\/agora.xtec.cat\/ceip-miquelmartipol-viladecans\/wp-json\/wp\/v2\/pages"}],"about":[{"href":"https:\/\/agora.xtec.cat\/ceip-miquelmartipol-viladecans\/wp-json\/wp\/v2\/types\/page"}],"author":[{"embeddable":true,"href":"https:\/\/agora.xtec.cat\/ceip-miquelmartipol-viladecans\/wp-json\/wp\/v2\/users\/1"}],"replies":[{"embeddable":true,"href":"https:\/\/agora.xtec.cat\/ceip-miquelmartipol-viladecans\/wp-json\/wp\/v2\/comments?post=5579"}],"version-history":[{"count":1,"href":"https:\/\/agora.xtec.cat\/ceip-miquelmartipol-viladecans\/wp-json\/wp\/v2\/pages\/5579\/revisions"}],"predecessor-version":[{"id":5766,"href":"https:\/\/agora.xtec.cat\/ceip-miquelmartipol-viladecans\/wp-json\/wp\/v2\/pages\/5579\/revisions\/5766"}],"wp:attachment":[{"href":"https:\/\/agora.xtec.cat\/ceip-miquelmartipol-viladecans\/wp-json\/wp\/v2\/media?parent=5579"}],"curies":[{"name":"wp","href":"https:\/\/api.w.org\/{rel}","templated":true}]}}