{"id":557,"date":"2016-12-29T16:23:08","date_gmt":"2016-12-29T15:23:08","guid":{"rendered":"http:\/\/agora.xtec.cat\/ceip-miquelmartipol-viladecans\/?page_id=557"},"modified":"2024-07-09T11:31:53","modified_gmt":"2024-07-09T09:31:53","slug":"calendari-del-curs","status":"publish","type":"page","link":"https:\/\/agora.xtec.cat\/ceip-miquelmartipol-viladecans\/organitzacio\/calendari-del-curs\/","title":{"rendered":"Horari i Calendari Curs 2024-2025"},"content":{"rendered":"<p style=\"text-align: center;\"><strong>CALENDARI 2024-2025 <a href=\"https:\/\/agora.xtec.cat\/ceip-miquelmartipol-viladecans\/wp-content\/uploads\/usu1500\/2024\/07\/CALENDARI-2024-2025.pdf\" target=\"_blank\" rel=\"noopener\">Descarrega&#8217;t<\/a><\/strong><\/p>\n<hr \/>\n<p style=\"text-align: center;\"><strong>ENTRADES I SORTIDES ALUMNAT<\/strong><\/p>\n<p style=\"text-align: justify;\">ENTRADES:<\/p>\n<p style=\"text-align: justify;\">L\u2019alumnat d\u2019<strong>Educaci\u00f3 infantil<\/strong> I3, I4 i I5 entrar\u00e0 sol: 09.00h i 15.00h porta d\u2019educaci\u00f3 infantil, C\/ Mari\u00e0 Sanjuan Cuch\u00ed.<br \/>\nL\u2019alumnat d\u2019<strong>Educaci\u00f3 prim\u00e0ria<\/strong> entrar\u00e0 sol: 09.00h i 15.00h porta corredissa del pati gran,Avda. Jocs Ol\u00edmpics.<\/p>\n<p>SORTIDES:<\/p>\n<p style=\"text-align: justify;\"><strong>Educaci\u00f3 infanti<\/strong>l I3, I4 i I5: les fam\u00edlies recolliran a les 12:30h i a les 16:30h el\/la fill\/a a la seva aula de refer\u00e8ncia.<\/p>\n<p style=\"text-align: justify;\"><strong>Cicle inicia<\/strong>l (1r i 2n): les fam\u00edlies recolliran a les 12:30h i a les 16:30h a el\/la fill\/a al lloc establert del pati d\u2019educaci\u00f3 prim\u00e0ria i un cop feta la filera.<\/p>\n<p style=\"text-align: justify;\"><strong>Cicle mitj\u00e0<\/strong> (3r i 4t): L\u2019alumnat de 3r durant el primer trimestre del curs far\u00e0 la sortida igual que el cicle inicial en filera i a partir del 2n trimestre sortir\u00e0 sol (sense fer filera).<br \/>\nL\u2019alumnat de 4t sortir\u00e0. Els\/les mestres acompanyaran l\u2019alumnat fins al pati.<\/p>\n<p style=\"text-align: justify;\"><strong>Cicle superior<\/strong> ( 5\u00e8 i 6\u00e8): L\u2019alumnat de 5\u00e8 i 6\u00e8 sortir\u00e0 sol. Els\/les mestres acompanyaran l\u2019alumnat fins la porta corredissa del pati.<\/p>\n<p style=\"text-align: justify;\"><strong style=\"font-family: inherit; font-size: 1em;\"><img loading=\"lazy\" decoding=\"async\" class=\"alignleft\" src=\"https:\/\/www.educima.com\/dibujo-para-colorear-01b-paraguas-abierto-dl12286.jpg\" width=\"71\" height=\"101\" \/><\/strong><\/p>\n<p>&nbsp;<\/p>\n<p style=\"text-align: justify;\"><strong style=\"font-family: inherit; font-size: 1em;\">SORTIDES DIES PLUJA<\/strong><\/p>\n<p style=\"text-align: justify;\">La recollida de l\u2019alumnat d\u2019educaci\u00f3 infantil es realitzar\u00e0 a la seva aula.<br \/>\nL\u2019alumnat de 1r a 4t de prim\u00e0ria esperar\u00e0 ser recollit per les fam\u00edlies sota el porxo del gimn\u00e0s (en el seu horari habitual).<br \/>\nL\u2019alumnat de 5\u00e8 i 6\u00e8 d\u2019educaci\u00f3 prim\u00e0ria sortir\u00e0 per la porta de l\u2019entrada principal del\u2019Avinguda dels Jocs Ol\u00edmpics n\u00fam. 7 (porta rotonda).<\/p>\n<p style=\"text-align: justify;\">\n","protected":false},"excerpt":{"rendered":"<p>CALENDARI 2024-2025 <a href=\"https:\/\/agora.xtec.cat\/ceip-miquelmartipol-viladecans\/wp-content\/uploads\/usu1500\/2024\/07\/CALENDARI-2024-2025.pdf\" target=\"_blank\" rel=\"noopener\">Descarrega&#8217;t<\/a><\/p>\n<p>ENTRADES I SORTIDES ALUMNAT<br \/>\nENTRADES:<br \/>\nL\u2019alumnat d\u2019Educaci\u00f3 infantil I3, I4 i I5 entrar\u00e0 sol: 09.00h i 15.00h porta d\u2019educaci\u00f3 infantil, C\/ Mari\u00e0 Sanjuan Cuch\u00ed.<br \/>\nL\u2019alumnat d\u2019Educaci\u00f3 prim\u00e0ria entrar\u00e0 sol: 09.00h i 15.00h porta corredissa del pati gran,Avda. Jocs Ol\u00edmpics.<br \/>\nSORTIDES:<br \/>\nEducaci\u00f3 infantil I3, I4 i&hellip;  <a href=\"https:\/\/agora.xtec.cat\/ceip-miquelmartipol-viladecans\/organitzacio\/calendari-del-curs\/\" title=\"Read Horari i Calendari Curs 2024-2025\">Llegeix m\u00e9s\u00bb<\/a><\/p>\n","protected":false},"author":1,"featured_media":0,"parent":551,"menu_order":0,"comment_status":"closed","ping_status":"closed","template":"page-templates\/side-menu.php","meta":{"_bbp_topic_count":0,"_bbp_reply_count":0,"_bbp_total_topic_count":0,"_bbp_total_reply_count":0,"_bbp_voice_count":0,"_bbp_anonymous_reply_count":0,"_bbp_topic_count_hidden":0,"_bbp_reply_count_hidden":0,"_bbp_forum_subforum_count":0,"footnotes":""},"class_list":["post-557","page","type-page","status-publish","hentry"],"post_mailing_queue_ids":[],"_links":{"self":[{"href":"https:\/\/agora.xtec.cat\/ceip-miquelmartipol-viladecans\/wp-json\/wp\/v2\/pages\/557","targetHints":{"allow":["GET"]}}],"collection":[{"href":"https:\/\/agora.xtec.cat\/ceip-miquelmartipol-viladecans\/wp-json\/wp\/v2\/pages"}],"about":[{"href":"https:\/\/agora.xtec.cat\/ceip-miquelmartipol-viladecans\/wp-json\/wp\/v2\/types\/page"}],"author":[{"embeddable":true,"href":"https:\/\/agora.xtec.cat\/ceip-miquelmartipol-viladecans\/wp-json\/wp\/v2\/users\/1"}],"replies":[{"embeddable":true,"href":"https:\/\/agora.xtec.cat\/ceip-miquelmartipol-viladecans\/wp-json\/wp\/v2\/comments?post=557"}],"version-history":[{"count":7,"href":"https:\/\/agora.xtec.cat\/ceip-miquelmartipol-viladecans\/wp-json\/wp\/v2\/pages\/557\/revisions"}],"predecessor-version":[{"id":10088,"href":"https:\/\/agora.xtec.cat\/ceip-miquelmartipol-viladecans\/wp-json\/wp\/v2\/pages\/557\/revisions\/10088"}],"up":[{"embeddable":true,"href":"https:\/\/agora.xtec.cat\/ceip-miquelmartipol-viladecans\/wp-json\/wp\/v2\/pages\/551"}],"wp:attachment":[{"href":"https:\/\/agora.xtec.cat\/ceip-miquelmartipol-viladecans\/wp-json\/wp\/v2\/media?parent=557"}],"curies":[{"name":"wp","href":"https:\/\/api.w.org\/{rel}","templated":true}]}}