{"id":553,"date":"2016-12-29T15:51:58","date_gmt":"2016-12-29T14:51:58","guid":{"rendered":"http:\/\/agora.xtec.cat\/ceip-miquelmartipol-viladecans\/?page_id=553"},"modified":"2025-09-05T14:36:35","modified_gmt":"2025-09-05T12:36:35","slug":"equip-huma","status":"publish","type":"page","link":"https:\/\/agora.xtec.cat\/ceip-miquelmartipol-viladecans\/organitzacio\/equip-huma\/","title":{"rendered":"Equip Hum\u00e0 Curs 2025-2026"},"content":{"rendered":"<table style=\"border-collapse: collapse; width: 68.4287%;\">\n<tbody>\n<tr>\n<td style=\"width: 33.9971%;\"><strong>EQUIP DIRECCI\u00d3\u00a0<\/strong><\/p>\n<p>Director\u00a0 \u00a0 \u00a0 \u00a0 \u00a0 \u00a0 \u00a0 \u00a0 Iv\u00e1n Vargas<br \/>\nCap d\u2019estudis\u00a0 \u00a0 \u00a0 Sara Sotorra<br \/>\nSecretaria\u00a0 \u00a0 \u00a0 \u00a0 \u00a0 \u00a0 Mar\u00eda Jos\u00e9 Yeste<\/p>\n<p><strong>COORDINACIONS<\/strong><\/p>\n<p>Educaci\u00f3 Infantil\u00a0 \u00a0 \u00a0 \u00a0 Esther Cid<br \/>\nCicle Inicial\u00a0 \u00a0 \u00a0 \u00a0 \u00a0 \u00a0 \u00a0 \u00a0 Sara Sardinero<br \/>\nCicle Mitj\u00e0\u00a0 \u00a0 \u00a0 \u00a0 \u00a0 \u00a0 \u00a0 \u00a0 \u00a0 Elena Cerd\u00e0<br \/>\nCicle Superior\u00a0 \u00a0 \u00a0 \u00a0 \u00a0 \u00a0 Montse Bazo<\/td>\n<td style=\"width: 34.4316%;\"><strong>Educaci\u00f3 Infantil<\/strong><\/p>\n<p>I3 A\u00a0 \u00a0 \u00a0 \u00a0 \u00a0 \u00a0 \u00a0 \u00a0Magda Huertes<br \/>\nI3 B\u00a0 \u00a0 \u00a0 \u00a0 \u00a0 \u00a0 \u00a0 \u00a0B\u00e1rbara Almansa<br \/>\nI4 A\u00a0 \u00a0 \u00a0 \u00a0 \u00a0 \u00a0 \u00a0 \u00a0Cristina Boqu\u00e9<br \/>\nI4 B\u00a0 \u00a0 \u00a0 \u00a0 \u00a0 \u00a0 \u00a0 \u00a0Eva Mart\u00ednez<br \/>\nI5 A\u00a0 \u00a0 \u00a0 \u00a0 \u00a0 \u00a0 \u00a0 \u00a0 Esther Cid<br \/>\nI5 B\u00a0 \u00a0 \u00a0 \u00a0 \u00a0 \u00a0 \u00a0 \u00a0 Laura Gonz\u00e1lez<\/p>\n<p>Suports: Al\u00edcia Gonz\u00e1lez<br \/>\nTEEI: Pilar Andr\u00e9s<\/td>\n<\/tr>\n<tr>\n<td style=\"width: 33.9971%;\"><strong>MESTRES ESPECIALISTES<\/strong><\/p>\n<p><strong>M\u00fasica:<\/strong> Elena Cerd\u00e0<br \/>\n<strong>Llengua Anglesa:<\/strong> Montse Bazo i J\u00falia Fern\u00e1ndez.<br \/>\n<strong>Educaci\u00f3 F\u00edsica:<\/strong> Irene Dom\u00e8nech i Jordi Montalvo.<br \/>\n<strong>Atenci\u00f3 a la Diversitat<\/strong><br \/>\nSara Sardinero, Laura Marchir\u00e1n, Andrea<br \/>\nPerona, Bel\u00e9n Romera i Andrea Carballido.<\/td>\n<td style=\"width: 34.4316%;\"><strong>Educaci\u00f3 Prim\u00e0ria<\/strong><\/p>\n<p>1r A\u00a0 \u00a0 \u00a0 \u00a0 \u00a0 \u00a0 \u00a0 \u00a0 \u00a0Laura Rivero<br \/>\n1r B\u00a0 \u00a0 \u00a0 \u00a0 \u00a0 \u00a0 \u00a0 \u00a0 Patr\u00edcia Asenjo<br \/>\n2n A\u00a0 \u00a0 \u00a0 \u00a0 \u00a0 \u00a0 \u00a0 \u00a0 Loly Zafra<br \/>\n2n B\u00a0 \u00a0 \u00a0 \u00a0 \u00a0 \u00a0 \u00a0 \u00a0 Am\u00e0lia Vega<br \/>\n3r A\u00a0 \u00a0 \u00a0 \u00a0 \u00a0 \u00a0 \u00a0 \u00a0 \u00a0Ester Mart\u00ednez<br \/>\n3r B\u00a0 \u00a0 \u00a0 \u00a0 \u00a0 \u00a0 \u00a0 \u00a0 \u00a0Olga Mart\u00ednez<br \/>\n4t A\u00a0 \u00a0 \u00a0 \u00a0 \u00a0 \u00a0 \u00a0 \u00a0 \u00a0S\u00f2nia G\u00f3mez<br \/>\n4t B\u00a0 \u00a0 \u00a0 \u00a0 \u00a0 \u00a0 \u00a0 \u00a0 \u00a0Ver\u00f2nica Borr\u00e0s<br \/>\n5\u00e8 A\u00a0 \u00a0 \u00a0 \u00a0 \u00a0 \u00a0 \u00a0 \u00a0 \u00a0Rut Cast\u00e1n<br \/>\n5\u00e8 B\u00a0 \u00a0 \u00a0 \u00a0 \u00a0 \u00a0 \u00a0 \u00a0 Elisabet Alonso<br \/>\n6\u00e8 A\u00a0 \u00a0 \u00a0 \u00a0 \u00a0 \u00a0 \u00a0 \u00a0 J\u00e8ssica Gr\u00e0cia<br \/>\n6\u00e8 B\u00a0 \u00a0 \u00a0 \u00a0 \u00a0 \u00a0 \u00a0 \u00a0 Ester Alc\u00e1ntara<br \/>\n6\u00e8 C\u00a0 \u00a0 \u00a0 \u00a0 \u00a0 \u00a0 \u00a0 \u00a0 \u00a0Noem\u00ed Biosca<\/p>\n<p>Suports: Sebas Fern\u00e1ndez, Iv\u00e1n Vargas, Ma Jos\u00e9<br \/>\nYeste i Sara Sotorra<\/td>\n<\/tr>\n<\/tbody>\n<\/table>\n","protected":false},"excerpt":{"rendered":"<p>EQUIP DIRECCI\u00d3\u00a0<br \/>\nDirector\u00a0 \u00a0 \u00a0 \u00a0 \u00a0 \u00a0 \u00a0 \u00a0 Iv\u00e1n Vargas<br \/>\nCap d\u2019estudis\u00a0 \u00a0 \u00a0 Sara Sotorra<br \/>\nSecretaria\u00a0 \u00a0 \u00a0 \u00a0 \u00a0 \u00a0 Mar\u00eda Jos\u00e9 Yeste<br \/>\nCOORDINACIONS<br \/>\nEducaci\u00f3 Infantil\u00a0 \u00a0 \u00a0 \u00a0 Esther Cid<br \/>\nCicle Inicial\u00a0 \u00a0 \u00a0 \u00a0 \u00a0 \u00a0 \u00a0 \u00a0 Sara Sardinero<br \/>\nCicle Mitj\u00e0\u00a0 \u00a0 \u00a0 \u00a0 \u00a0&hellip;  <a href=\"https:\/\/agora.xtec.cat\/ceip-miquelmartipol-viladecans\/organitzacio\/equip-huma\/\" title=\"Read Equip Hum\u00e0 Curs 2025-2026\">Llegeix m\u00e9s\u00bb<\/a><\/p>\n","protected":false},"author":1,"featured_media":0,"parent":551,"menu_order":0,"comment_status":"closed","ping_status":"closed","template":"page-templates\/side-menu.php","meta":{"_bbp_topic_count":0,"_bbp_reply_count":0,"_bbp_total_topic_count":0,"_bbp_total_reply_count":0,"_bbp_voice_count":0,"_bbp_anonymous_reply_count":0,"_bbp_topic_count_hidden":0,"_bbp_reply_count_hidden":0,"_bbp_forum_subforum_count":0,"footnotes":""},"class_list":["post-553","page","type-page","status-publish","hentry"],"post_mailing_queue_ids":[],"_links":{"self":[{"href":"https:\/\/agora.xtec.cat\/ceip-miquelmartipol-viladecans\/wp-json\/wp\/v2\/pages\/553","targetHints":{"allow":["GET"]}}],"collection":[{"href":"https:\/\/agora.xtec.cat\/ceip-miquelmartipol-viladecans\/wp-json\/wp\/v2\/pages"}],"about":[{"href":"https:\/\/agora.xtec.cat\/ceip-miquelmartipol-viladecans\/wp-json\/wp\/v2\/types\/page"}],"author":[{"embeddable":true,"href":"https:\/\/agora.xtec.cat\/ceip-miquelmartipol-viladecans\/wp-json\/wp\/v2\/users\/1"}],"replies":[{"embeddable":true,"href":"https:\/\/agora.xtec.cat\/ceip-miquelmartipol-viladecans\/wp-json\/wp\/v2\/comments?post=553"}],"version-history":[{"count":7,"href":"https:\/\/agora.xtec.cat\/ceip-miquelmartipol-viladecans\/wp-json\/wp\/v2\/pages\/553\/revisions"}],"predecessor-version":[{"id":10657,"href":"https:\/\/agora.xtec.cat\/ceip-miquelmartipol-viladecans\/wp-json\/wp\/v2\/pages\/553\/revisions\/10657"}],"up":[{"embeddable":true,"href":"https:\/\/agora.xtec.cat\/ceip-miquelmartipol-viladecans\/wp-json\/wp\/v2\/pages\/551"}],"wp:attachment":[{"href":"https:\/\/agora.xtec.cat\/ceip-miquelmartipol-viladecans\/wp-json\/wp\/v2\/media?parent=553"}],"curies":[{"name":"wp","href":"https:\/\/api.w.org\/{rel}","templated":true}]}}