{"id":5287,"date":"2020-03-01T22:10:08","date_gmt":"2020-03-01T21:10:08","guid":{"rendered":"http:\/\/agora.xtec.cat\/ceip-miquelmartipol-viladecans\/?page_id=5287"},"modified":"2020-03-25T18:47:53","modified_gmt":"2020-03-25T17:47:53","slug":"criteris-avaluacio-cicle-mitja","status":"publish","type":"page","link":"https:\/\/agora.xtec.cat\/ceip-miquelmartipol-viladecans\/criteris-avaluacio-cicle-mitja\/","title":{"rendered":"Criteris d&#8217;avaluaci\u00f3 Cicle Mitj\u00e0"},"content":{"rendered":"<p><strong>CICLE MITJ\u00c0 3r<\/strong><\/p>\n<p><strong><em>Activitat f\u00edsica<\/em><\/strong><\/p>\n<ul>\n<li>Ajustar la pr\u00f2pia actuaci\u00f3 a les possibilitats i limitacions corporals i de moviment<\/li>\n<li>Realitzar un control t\u00f2nic i de respiraci\u00f3 al finalitzar l\u2019activitat f\u00edsica<\/li>\n<li>Utilitzar els segments corporals per tal d\u2019equilibrar-se en diferents situacions motrius<\/li>\n<li>Despla\u00e7ar-se, saltar i girar utilitzant una correcta coordinaci\u00f3<\/li>\n<li>Botar, llan\u00e7ar i rebre una pilota de forma coordinada en situacions m\u00faltiples<\/li>\n<\/ul>\n<p><strong><em>H\u00e0bits saludables<\/em><\/strong><\/p>\n<ul>\n<li>Realitzar els h\u00e0bits higi\u00e8nics despr\u00e9s de la pr\u00e0ctica<\/li>\n<li>Portar la roba i el cal\u00e7at adequat per fer activitat f\u00edsica<\/li>\n<li>Controlar la postura corporal per evitar lesions<\/li>\n<\/ul>\n<p><strong><em>Expressi\u00f3 i comunicaci\u00f3 corporal<\/em><\/strong><\/p>\n<ul>\n<li>Utilitzar els moviments de la cara i el cos per representar<\/li>\n<li>Participar de manera desinhibida en les activitats d\u2019expressi\u00f3 corporal<\/li>\n<li>Ser capa\u00e7 de seguir el ritme d\u2019un joc r\u00edtmic o d\u2019una dansa<\/li>\n<\/ul>\n<p><strong><em>Joc motor i temps de lleure<\/em><\/strong><\/p>\n<ul>\n<li>Participar i gaudir dels jocs<\/li>\n<li>Cooperar i esfor\u00e7ar-se en les activitats f\u00edsiques proposades<\/li>\n<li>Mostrar actituds de respecte envers les normes<\/li>\n<li>Mostrar actituds de respecte envers els companys\/es<\/li>\n<\/ul>\n<p>&nbsp;<\/p>\n<p><strong>CICLE MITJ\u00c0 4t<\/strong><\/p>\n<p><strong><em>Activitat f\u00edsica<\/em><\/strong><\/p>\n<ul>\n<li>Participar en les activitats f\u00edsiques ajustant la pr\u00f2pia actuaci\u00f3 a les possibilitats i limitacions corporals i de moviment<\/li>\n<li>Realitzar un control t\u00f2nic i de respiraci\u00f3 al finalitzar l\u2019activitat f\u00edsica<\/li>\n<li>Utilitzar diferents girs, equilibris i maneig d\u2019objectes en una petita representaci\u00f3 en petit grup<\/li>\n<li>Llan\u00e7ar, botar, xutar, colpejar i rebre una pilota en situaci\u00f3 real de joc<\/li>\n<li>Orientar-se en l\u2019espai mitjan\u00e7ant pl\u00e0nols i mapes utilitzant les nocions topol\u00f2giques b\u00e0siques<\/li>\n<\/ul>\n<p><strong><em>H\u00e0bits saludables<\/em><\/strong><\/p>\n<ul>\n<li>Realitzar els h\u00e0bits higi\u00e8nics despr\u00e9s de la pr\u00e0ctica<\/li>\n<li>Portar la roba i el cal\u00e7at adequat per fer activitat f\u00edsica<\/li>\n<li>Controlar la postura corporal per evitar lesions<\/li>\n<li>Con\u00e8ixer els beneficis d\u2019una dieta equilibrada<\/li>\n<\/ul>\n<p><strong><em>Expressi\u00f3 i comunicaci\u00f3 corporal<\/em><\/strong><\/p>\n<ul>\n<li>Utilitzar els moviments de la cara i el cos per representar<\/li>\n<li>Participar de manera desinhibida en les activitats d\u2019expressi\u00f3 corporal<\/li>\n<li>Participar en la realitzaci\u00f3 i escenificaci\u00f3 d\u2019una coreografia en petit grup<\/li>\n<li>Ser capa\u00e7 de seguir el ritme d\u2019un joc r\u00edtmic o d\u2019una dansa<\/li>\n<\/ul>\n<p><strong><em>Joc motor i temps de lleure<\/em><\/strong><\/p>\n<ul>\n<li>Participar i gaudir dels jocs<\/li>\n<li>Cooperar i esfor\u00e7ar-se en les activitats f\u00edsiques proposades<\/li>\n<li>Mostrar actituds de respecte envers les normes<\/li>\n<li>Mostrar actituds de respecte envers els companys\/es<\/li>\n<\/ul>\n","protected":false},"excerpt":{"rendered":"<p>CICLE MITJ\u00c0 3r<br \/>\nActivitat f\u00edsica<\/p>\n<ul>\n<li>Ajustar la pr\u00f2pia actuaci\u00f3 a les possibilitats i limitacions corporals i de moviment<\/li>\n<li>Realitzar un control t\u00f2nic i de respiraci\u00f3 al finalitzar l\u2019activitat f\u00edsica<\/li>\n<li>Utilitzar els segments corporals per tal d\u2019equilibrar-se en diferents situacions motrius<\/li>\n<li>Despla\u00e7ar-se, saltar i girar utilitzant una correcta coordinaci\u00f3<\/li>\n<li>Botar, llan\u00e7ar i&hellip;  <a href=\"https:\/\/agora.xtec.cat\/ceip-miquelmartipol-viladecans\/criteris-avaluacio-cicle-mitja\/\" title=\"Read Criteris d&#8217;avaluaci\u00f3 Cicle Mitj\u00e0\">Llegeix m\u00e9s\u00bb<\/a><br \/>\n","protected":false},"author":1,"featured_media":0,"parent":0,"menu_order":0,"comment_status":"closed","ping_status":"closed","template":"","meta":{"_bbp_topic_count":0,"_bbp_reply_count":0,"_bbp_total_topic_count":0,"_bbp_total_reply_count":0,"_bbp_voice_count":0,"_bbp_anonymous_reply_count":0,"_bbp_topic_count_hidden":0,"_bbp_reply_count_hidden":0,"_bbp_forum_subforum_count":0,"footnotes":""},"class_list":["post-5287","page","type-page","status-publish","hentry"],"post_mailing_queue_ids":[],"_links":{"self":[{"href":"https:\/\/agora.xtec.cat\/ceip-miquelmartipol-viladecans\/wp-json\/wp\/v2\/pages\/5287","targetHints":{"allow":["GET"]}}],"collection":[{"href":"https:\/\/agora.xtec.cat\/ceip-miquelmartipol-viladecans\/wp-json\/wp\/v2\/pages"}],"about":[{"href":"https:\/\/agora.xtec.cat\/ceip-miquelmartipol-viladecans\/wp-json\/wp\/v2\/types\/page"}],"author":[{"embeddable":true,"href":"https:\/\/agora.xtec.cat\/ceip-miquelmartipol-viladecans\/wp-json\/wp\/v2\/users\/1"}],"replies":[{"embeddable":true,"href":"https:\/\/agora.xtec.cat\/ceip-miquelmartipol-viladecans\/wp-json\/wp\/v2\/comments?post=5287"}],"version-history":[{"count":2,"href":"https:\/\/agora.xtec.cat\/ceip-miquelmartipol-viladecans\/wp-json\/wp\/v2\/pages\/5287\/revisions"}],"predecessor-version":[{"id":5554,"href":"https:\/\/agora.xtec.cat\/ceip-miquelmartipol-viladecans\/wp-json\/wp\/v2\/pages\/5287\/revisions\/5554"}],"wp:attachment":[{"href":"https:\/\/agora.xtec.cat\/ceip-miquelmartipol-viladecans\/wp-json\/wp\/v2\/media?parent=5287"}],"curies":[{"name":"wp","href":"https:\/\/api.w.org\/{rel}","templated":true}]}}