{"id":5283,"date":"2020-03-01T22:04:52","date_gmt":"2020-03-01T21:04:52","guid":{"rendered":"http:\/\/agora.xtec.cat\/ceip-miquelmartipol-viladecans\/?page_id=5283"},"modified":"2020-03-01T22:04:52","modified_gmt":"2020-03-01T21:04:52","slug":"criteris-davaluacio-cicle-inicial","status":"publish","type":"page","link":"https:\/\/agora.xtec.cat\/ceip-miquelmartipol-viladecans\/criteris-davaluacio-cicle-inicial\/","title":{"rendered":"Criteris d&#8217;avaluaci\u00f3 Cicle Inicial"},"content":{"rendered":"<p style=\"text-align: left;\"><strong>CICLE INICIAL 1r<\/strong><\/p>\n<p><strong><em>Activitat f\u00edsica<\/em><\/strong><\/p>\n<ul>\n<li>Recon\u00e8ixer les parts del seu cos<\/li>\n<li>Realitzar un control t\u00f2nic i de respiraci\u00f3 en el medi aqu\u00e0tic<\/li>\n<li>Utilitzar els segments corporals per tal d\u2019equilibrar-se en diferents situacions motrius<\/li>\n<li>Despla\u00e7ar-se i saltar variant les posicions corporals<\/li>\n<li>Manejar objectes de forma diversa variant les posicions corporals<\/li>\n<\/ul>\n<p><strong><em>H\u00e0bits saludables<\/em><\/strong><\/p>\n<ul>\n<li>Realitzar els h\u00e0bits higi\u00e8nics despr\u00e9s de la pr\u00e0ctica<\/li>\n<li>Portar la roba i el cal\u00e7at adequat per fer activitat f\u00edsica<\/li>\n<\/ul>\n<p><strong><em>Expressi\u00f3 i comunicaci\u00f3 corporal<\/em><\/strong><\/p>\n<ul>\n<li>Utilitzar els moviments de la cara i el cos per representar<\/li>\n<li>Ser capa\u00e7 de seguir el ritme d\u2019un joc r\u00edtmic o d\u2019una dansa<\/li>\n<li>Participar de manera desinhibida en les activitats d\u2019expressi\u00f3 corporal<\/li>\n<\/ul>\n<p><strong><em>Joc motor i temps de lleure<\/em><\/strong><\/p>\n<ul>\n<li>Participar i gaudir dels jocs<\/li>\n<li>Cooperar i esfor\u00e7ar-se en les activitats f\u00edsiques proposades<\/li>\n<li>Mostrar actituds de respecte envers les normes<\/li>\n<li>Mostrar actituds de respecte envers els companys\/es<\/li>\n<\/ul>\n<p>&nbsp;<\/p>\n<p><strong>CICLE INICIAL 2n<\/strong><\/p>\n<p><strong><em>Activitat f\u00edsica<\/em><\/strong><\/p>\n<ul>\n<li>Recon\u00e8ixer les parts del seu cos i el segment lateral on es troben<\/li>\n<li>Realitzar un control t\u00f2nic i de respiraci\u00f3 al finalitzar l\u2019activitat f\u00edsica<\/li>\n<li>Utilitzar els segments corporals per tal d\u2019equilibrar-se en diferents situacions motrius<\/li>\n<li>Despla\u00e7ar-se, saltar, girar, botar i llan\u00e7ar utilitzant una correcta coordinaci\u00f3 de les parts corporals implicades en cada acci\u00f3<\/li>\n<\/ul>\n<p><strong><em>H\u00e0bits saludables<\/em><\/strong><\/p>\n<ul>\n<li>Realitzar els h\u00e0bits higi\u00e8nics despr\u00e9s de la pr\u00e0ctica<\/li>\n<li>Portar la roba i el cal\u00e7at adequat per fer activitat f\u00edsica<\/li>\n<\/ul>\n<p><strong><em>Expressi\u00f3 i comunicaci\u00f3 corporal<\/em><\/strong><\/p>\n<ul>\n<li>Utilitzar els moviments de la cara i el cos per representar<\/li>\n<li>Ser capa\u00e7 de seguir el ritme d\u2019un joc r\u00edtmic o d\u2019una dansa<\/li>\n<li>Participar de manera desinhibida en les activitats d\u2019expressi\u00f3 corporal<\/li>\n<\/ul>\n<p><strong><em>Joc motor i temps de lleure<\/em><\/strong><\/p>\n<ul>\n<li>Participar i gaudir dels jocs<\/li>\n<li>Cooperar i esfor\u00e7ar-se en les activitats f\u00edsiques proposades<\/li>\n<li>Mostrar actituds de respecte envers les\u00a0normes<\/li>\n<li>Mostrar actituds de respecte envers els companys\/es<\/li>\n<\/ul>\n","protected":false},"excerpt":{"rendered":"<p>CICLE INICIAL 1r<br \/>\nActivitat f\u00edsica<\/p>\n<ul>\n<li>Recon\u00e8ixer les parts del seu cos<\/li>\n<li>Realitzar un control t\u00f2nic i de respiraci\u00f3 en el medi aqu\u00e0tic<\/li>\n<li>Utilitzar els segments corporals per tal d\u2019equilibrar-se en diferents situacions motrius<\/li>\n<li>Despla\u00e7ar-se i saltar variant les posicions corporals<\/li>\n<li>Manejar objectes de forma diversa variant les posicions corporals<\/li>\n<\/ul>\n<p>H\u00e0bits saludables<\/p>\n<ul>\n<li>Realitzar els&hellip;  <a href=\"https:\/\/agora.xtec.cat\/ceip-miquelmartipol-viladecans\/criteris-davaluacio-cicle-inicial\/\" title=\"Read Criteris d&#8217;avaluaci\u00f3 Cicle Inicial\">Llegeix m\u00e9s\u00bb<\/a><br \/>\n","protected":false},"author":1,"featured_media":0,"parent":0,"menu_order":0,"comment_status":"closed","ping_status":"closed","template":"","meta":{"_bbp_topic_count":0,"_bbp_reply_count":0,"_bbp_total_topic_count":0,"_bbp_total_reply_count":0,"_bbp_voice_count":0,"_bbp_anonymous_reply_count":0,"_bbp_topic_count_hidden":0,"_bbp_reply_count_hidden":0,"_bbp_forum_subforum_count":0,"footnotes":""},"class_list":["post-5283","page","type-page","status-publish","hentry"],"post_mailing_queue_ids":[],"_links":{"self":[{"href":"https:\/\/agora.xtec.cat\/ceip-miquelmartipol-viladecans\/wp-json\/wp\/v2\/pages\/5283","targetHints":{"allow":["GET"]}}],"collection":[{"href":"https:\/\/agora.xtec.cat\/ceip-miquelmartipol-viladecans\/wp-json\/wp\/v2\/pages"}],"about":[{"href":"https:\/\/agora.xtec.cat\/ceip-miquelmartipol-viladecans\/wp-json\/wp\/v2\/types\/page"}],"author":[{"embeddable":true,"href":"https:\/\/agora.xtec.cat\/ceip-miquelmartipol-viladecans\/wp-json\/wp\/v2\/users\/1"}],"replies":[{"embeddable":true,"href":"https:\/\/agora.xtec.cat\/ceip-miquelmartipol-viladecans\/wp-json\/wp\/v2\/comments?post=5283"}],"version-history":[{"count":2,"href":"https:\/\/agora.xtec.cat\/ceip-miquelmartipol-viladecans\/wp-json\/wp\/v2\/pages\/5283\/revisions"}],"predecessor-version":[{"id":5285,"href":"https:\/\/agora.xtec.cat\/ceip-miquelmartipol-viladecans\/wp-json\/wp\/v2\/pages\/5283\/revisions\/5285"}],"wp:attachment":[{"href":"https:\/\/agora.xtec.cat\/ceip-miquelmartipol-viladecans\/wp-json\/wp\/v2\/media?parent=5283"}],"curies":[{"name":"wp","href":"https:\/\/api.w.org\/{rel}","templated":true}]}}