{"id":4934,"date":"2020-01-11T22:45:30","date_gmt":"2020-01-11T21:45:30","guid":{"rendered":"http:\/\/agora.xtec.cat\/ceip-miquelmartipol-viladecans\/?page_id=4934"},"modified":"2020-01-11T22:54:52","modified_gmt":"2020-01-11T21:54:52","slug":"projecte-educatiu-de-centre","status":"publish","type":"page","link":"https:\/\/agora.xtec.cat\/ceip-miquelmartipol-viladecans\/organitzacio\/projecte-educatiu-de-centre\/","title":{"rendered":"Projecte Educatiu de Centre (PEC)"},"content":{"rendered":"<p><img loading=\"lazy\" decoding=\"async\" class=\"wp-image-4935 alignleft\" src=\"https:\/\/agora.xtec.cat\/ceip-miquelmartipol-viladecans\/wp-content\/uploads\/usu1500\/2020\/01\/2020-01-11_2240.png\" alt=\"\" width=\"232\" height=\"313\" srcset=\"https:\/\/agora.xtec.cat\/ceip-miquelmartipol-viladecans\/wp-content\/uploads\/usu1500\/2020\/01\/2020-01-11_2240.png 385w, https:\/\/agora.xtec.cat\/ceip-miquelmartipol-viladecans\/wp-content\/uploads\/usu1500\/2020\/01\/2020-01-11_2240-223x300.png 223w\" sizes=\"auto, (max-width: 232px) 100vw, 232px\" \/><\/p>\n<p>&nbsp;<\/p>\n<p>&nbsp;<\/p>\n<p style=\"text-align: justify;\">El Projecte Educatiu \u00e9s el document estrat\u00e8gic marc per a la instituci\u00f3 escolar, que ha de formalitzar i concretar les seves intencions i actuacions, dotant-la d&#8217;una identitat diferenciada i plantejant aquells valors i principis que assumeix aquesta comunitat.<\/p>\n<p style=\"text-align: center;\"><a href=\"https:\/\/agora.xtec.cat\/ceip-miquelmartipol-viladecans\/wp-content\/uploads\/usu1500\/2020\/01\/PEC-Escola-Miquel-Marti-i-Pol-08062848.pdf\">PEC Escola Miquel Marti i Pol <\/a><\/p>\n","protected":false},"excerpt":{"rendered":"<p>&nbsp;<br \/>\n&nbsp;<br \/>\nEl Projecte Educatiu \u00e9s el document estrat\u00e8gic marc per a la instituci\u00f3 escolar, que ha de formalitzar i concretar les seves intencions i actuacions, dotant-la d&#8217;una identitat diferenciada i plantejant aquells valors i principis que assumeix aquesta comunitat.<br \/>\n<a href=\"https:\/\/agora.xtec.cat\/ceip-miquelmartipol-viladecans\/wp-content\/uploads\/usu1500\/2020\/01\/PEC-Escola-Miquel-Marti-i-Pol-08062848.pdf\">PEC Escola Miquel Marti i Pol <\/a><\/p>\n","protected":false},"author":1,"featured_media":0,"parent":551,"menu_order":0,"comment_status":"closed","ping_status":"closed","template":"","meta":{"_bbp_topic_count":0,"_bbp_reply_count":0,"_bbp_total_topic_count":0,"_bbp_total_reply_count":0,"_bbp_voice_count":0,"_bbp_anonymous_reply_count":0,"_bbp_topic_count_hidden":0,"_bbp_reply_count_hidden":0,"_bbp_forum_subforum_count":0,"footnotes":""},"class_list":["post-4934","page","type-page","status-publish","hentry"],"post_mailing_queue_ids":[],"_links":{"self":[{"href":"https:\/\/agora.xtec.cat\/ceip-miquelmartipol-viladecans\/wp-json\/wp\/v2\/pages\/4934","targetHints":{"allow":["GET"]}}],"collection":[{"href":"https:\/\/agora.xtec.cat\/ceip-miquelmartipol-viladecans\/wp-json\/wp\/v2\/pages"}],"about":[{"href":"https:\/\/agora.xtec.cat\/ceip-miquelmartipol-viladecans\/wp-json\/wp\/v2\/types\/page"}],"author":[{"embeddable":true,"href":"https:\/\/agora.xtec.cat\/ceip-miquelmartipol-viladecans\/wp-json\/wp\/v2\/users\/1"}],"replies":[{"embeddable":true,"href":"https:\/\/agora.xtec.cat\/ceip-miquelmartipol-viladecans\/wp-json\/wp\/v2\/comments?post=4934"}],"version-history":[{"count":3,"href":"https:\/\/agora.xtec.cat\/ceip-miquelmartipol-viladecans\/wp-json\/wp\/v2\/pages\/4934\/revisions"}],"predecessor-version":[{"id":4949,"href":"https:\/\/agora.xtec.cat\/ceip-miquelmartipol-viladecans\/wp-json\/wp\/v2\/pages\/4934\/revisions\/4949"}],"up":[{"embeddable":true,"href":"https:\/\/agora.xtec.cat\/ceip-miquelmartipol-viladecans\/wp-json\/wp\/v2\/pages\/551"}],"wp:attachment":[{"href":"https:\/\/agora.xtec.cat\/ceip-miquelmartipol-viladecans\/wp-json\/wp\/v2\/media?parent=4934"}],"curies":[{"name":"wp","href":"https:\/\/api.w.org\/{rel}","templated":true}]}}