{"id":4799,"date":"2020-01-09T17:44:59","date_gmt":"2020-01-09T16:44:59","guid":{"rendered":"http:\/\/agora.xtec.cat\/ceip-miquelmartipol-viladecans\/?page_id=4799"},"modified":"2020-01-09T17:51:47","modified_gmt":"2020-01-09T16:51:47","slug":"atencio-a-la-diversitat","status":"publish","type":"page","link":"https:\/\/agora.xtec.cat\/ceip-miquelmartipol-viladecans\/lescola\/trets-didentitat\/atencio-a-la-diversitat\/","title":{"rendered":"Atenci\u00f3 a la Diversitat"},"content":{"rendered":"<p style=\"text-align: justify;\">L&#8217;escola planifica les mesures i els suports educatius a partir de l\u2019observaci\u00f3 del progr\u00e9s de l&#8217;alumnat i de les seves necessitats, a fi de donar a cadasc\u00fa la intensitat de suport adequada per millorar-ne el nivell competencial.<\/p>\n<p style=\"text-align: justify;\"><strong><em>Les mesures i els suports universals<\/em><\/strong> s\u00f3n els que s\u2019adrecen a tots els\/les alumnes, a partir del que estableixen el Decret 119\/2015 d\u2019ordenaci\u00f3 dels ensenyaments de l\u2019educaci\u00f3 prim\u00e0ria.<\/p>\n<p style=\"text-align: justify;\"><em><strong>Les mesures i els suports addicionals<\/strong><\/em> permeten ajustar la resposta educativa de forma flexible, preventiva i temporal, focalitzant la intervenci\u00f3 educativa en aquells aspectes del proc\u00e9s d\u2019aprenentatge que poden comprometre l\u2019aven\u00e7 personal i escolar d\u2019alguns\/es alumnes.<\/p>\n<p><em><strong>Les mesures i els suports intensius<\/strong><\/em> s\u00f3n espec\u00edfics per a l&#8217;alumnat amb necessitats educatives especials, estan adaptats a la seva singularitat i permeten ajustar la resposta educativa de forma extensa, amb una freq\u00fc\u00e8ncia regular i, normalment, sense l\u00edmit temporal.<\/p>\n<p><img loading=\"lazy\" decoding=\"async\" class=\"aligncenter wp-image-4917 size-full\" src=\"https:\/\/agora.xtec.cat\/ceip-miquelmartipol-viladecans\/wp-content\/uploads\/usu1500\/2020\/01\/2020-01-09_1750.png\" alt=\"\" width=\"908\" height=\"606\" srcset=\"https:\/\/agora.xtec.cat\/ceip-miquelmartipol-viladecans\/wp-content\/uploads\/usu1500\/2020\/01\/2020-01-09_1750.png 908w, https:\/\/agora.xtec.cat\/ceip-miquelmartipol-viladecans\/wp-content\/uploads\/usu1500\/2020\/01\/2020-01-09_1750-300x200.png 300w, https:\/\/agora.xtec.cat\/ceip-miquelmartipol-viladecans\/wp-content\/uploads\/usu1500\/2020\/01\/2020-01-09_1750-768x513.png 768w\" sizes=\"auto, (max-width: 908px) 100vw, 908px\" \/><\/p>\n<p style=\"text-align: center;\">\n<p><img loading=\"lazy\" decoding=\"async\" class=\"aligncenter wp-image-4911 size-full\" src=\"https:\/\/agora.xtec.cat\/ceip-miquelmartipol-viladecans\/wp-content\/uploads\/usu1500\/2020\/01\/2020-01-09_1731.png\" alt=\"\" width=\"907\" height=\"401\" srcset=\"https:\/\/agora.xtec.cat\/ceip-miquelmartipol-viladecans\/wp-content\/uploads\/usu1500\/2020\/01\/2020-01-09_1731.png 907w, https:\/\/agora.xtec.cat\/ceip-miquelmartipol-viladecans\/wp-content\/uploads\/usu1500\/2020\/01\/2020-01-09_1731-300x133.png 300w, https:\/\/agora.xtec.cat\/ceip-miquelmartipol-viladecans\/wp-content\/uploads\/usu1500\/2020\/01\/2020-01-09_1731-768x340.png 768w\" sizes=\"auto, (max-width: 907px) 100vw, 907px\" \/><\/p>\n","protected":false},"excerpt":{"rendered":"<p>L&#8217;escola planifica les mesures i els suports educatius a partir de l\u2019observaci\u00f3 del progr\u00e9s de l&#8217;alumnat i de les seves necessitats, a fi de donar a cadasc\u00fa la intensitat de suport adequada per millorar-ne el nivell competencial.<br \/>\nLes mesures i els suports universals s\u00f3n els que&hellip;  <a href=\"https:\/\/agora.xtec.cat\/ceip-miquelmartipol-viladecans\/lescola\/trets-didentitat\/atencio-a-la-diversitat\/\" title=\"Read Atenci\u00f3 a la Diversitat\">Llegeix m\u00e9s\u00bb<\/a><\/p>\n","protected":false},"author":1,"featured_media":0,"parent":503,"menu_order":0,"comment_status":"closed","ping_status":"closed","template":"","meta":{"_bbp_topic_count":0,"_bbp_reply_count":0,"_bbp_total_topic_count":0,"_bbp_total_reply_count":0,"_bbp_voice_count":0,"_bbp_anonymous_reply_count":0,"_bbp_topic_count_hidden":0,"_bbp_reply_count_hidden":0,"_bbp_forum_subforum_count":0,"footnotes":""},"class_list":["post-4799","page","type-page","status-publish","hentry"],"post_mailing_queue_ids":[],"_links":{"self":[{"href":"https:\/\/agora.xtec.cat\/ceip-miquelmartipol-viladecans\/wp-json\/wp\/v2\/pages\/4799","targetHints":{"allow":["GET"]}}],"collection":[{"href":"https:\/\/agora.xtec.cat\/ceip-miquelmartipol-viladecans\/wp-json\/wp\/v2\/pages"}],"about":[{"href":"https:\/\/agora.xtec.cat\/ceip-miquelmartipol-viladecans\/wp-json\/wp\/v2\/types\/page"}],"author":[{"embeddable":true,"href":"https:\/\/agora.xtec.cat\/ceip-miquelmartipol-viladecans\/wp-json\/wp\/v2\/users\/1"}],"replies":[{"embeddable":true,"href":"https:\/\/agora.xtec.cat\/ceip-miquelmartipol-viladecans\/wp-json\/wp\/v2\/comments?post=4799"}],"version-history":[{"count":3,"href":"https:\/\/agora.xtec.cat\/ceip-miquelmartipol-viladecans\/wp-json\/wp\/v2\/pages\/4799\/revisions"}],"predecessor-version":[{"id":4918,"href":"https:\/\/agora.xtec.cat\/ceip-miquelmartipol-viladecans\/wp-json\/wp\/v2\/pages\/4799\/revisions\/4918"}],"up":[{"embeddable":true,"href":"https:\/\/agora.xtec.cat\/ceip-miquelmartipol-viladecans\/wp-json\/wp\/v2\/pages\/503"}],"wp:attachment":[{"href":"https:\/\/agora.xtec.cat\/ceip-miquelmartipol-viladecans\/wp-json\/wp\/v2\/media?parent=4799"}],"curies":[{"name":"wp","href":"https:\/\/api.w.org\/{rel}","templated":true}]}}