{"id":2605,"date":"2018-02-18T09:54:34","date_gmt":"2018-02-18T08:54:34","guid":{"rendered":"http:\/\/agora.xtec.cat\/ceip-miquelmartipol-viladecans\/?page_id=2605"},"modified":"2024-06-04T09:19:54","modified_gmt":"2024-06-04T07:19:54","slug":"projecte-smart-classroom","status":"publish","type":"page","link":"https:\/\/agora.xtec.cat\/ceip-miquelmartipol-viladecans\/projectes-descola\/projecte-smart-classroom\/","title":{"rendered":"Projecte Smart Classroom"},"content":{"rendered":"<p style=\"text-align: justify;\"><img loading=\"lazy\" decoding=\"async\" class=\"wp-image-8552 alignleft\" src=\"https:\/\/agora.xtec.cat\/ceip-miquelmartipol-viladecans\/wp-content\/uploads\/usu1500\/2022\/10\/Captura-13.jpg\" alt=\"\" width=\"256\" height=\"151\" srcset=\"https:\/\/agora.xtec.cat\/ceip-miquelmartipol-viladecans\/wp-content\/uploads\/usu1500\/2022\/10\/Captura-13.jpg 544w, https:\/\/agora.xtec.cat\/ceip-miquelmartipol-viladecans\/wp-content\/uploads\/usu1500\/2022\/10\/Captura-13-300x177.jpg 300w\" sizes=\"auto, (max-width: 256px) 100vw, 256px\" \/><\/p>\n<p style=\"text-align: justify;\"><span style=\"color: #000000;\">El curs 2017-2018 la nostra escola va ser seleccionada per participar en el projecte de recerca Smart Classroom (aula intel\u00b7ligent) liderat per la Universitat Oberta de Catalunya i amb la col\u00b7laboraci\u00f3 d&#8217;altres universitats com la UB, la UAB i la UVIC.<\/span><\/p>\n<p style=\"text-align: justify;\"><span style=\"color: #000000;\"><a href=\"https:\/\/smartclassroomproject.com\/ca\/investigacio\/\" target=\"_blank\" rel=\"noopener\"><img loading=\"lazy\" decoding=\"async\" class=\"wp-image-7431 alignright\" src=\"https:\/\/agora.xtec.cat\/ceip-miquelmartipol-viladecans\/wp-content\/uploads\/usu1500\/2021\/10\/Captura3.png\" alt=\"\" width=\"125\" height=\"146\" srcset=\"https:\/\/agora.xtec.cat\/ceip-miquelmartipol-viladecans\/wp-content\/uploads\/usu1500\/2021\/10\/Captura3.png 545w, https:\/\/agora.xtec.cat\/ceip-miquelmartipol-viladecans\/wp-content\/uploads\/usu1500\/2021\/10\/Captura3-257x300.png 257w\" sizes=\"auto, (max-width: 125px) 100vw, 125px\" \/><\/a>El projecte es contextualitza en els aven\u00e7os experimentats en l\u2019\u00e0mbit de l\u2019educaci\u00f3, per l\u2019aparici\u00f3 de noves\u00a0<\/span><span style=\"color: #000000; font-family: inherit; font-size: 1em;\">propos<\/span><span style=\"color: #000000; font-family: inherit; font-size: 1em;\">tes i estrat\u00e8gies pedag\u00f2giques que requereixen posar atenci\u00f3 preeminent en la investigaci\u00f3 sobre quins s\u00f3n els canvis que hauria d\u2019experimentar la configuraci\u00f3 i l\u2019organitzaci\u00f3 de l\u2019espai d\u2019aprenentatge.<\/span><\/p>\n<p style=\"text-align: justify;\"><span style=\"color: #000000;\">El projecte t\u00e9 com a objectiu principal co-dissenyar,<\/span><span style=\"color: #000000;\"> implementar i avaluar l\u2019organitzaci\u00f3 i l\u2019estructura (arquitectura interior i disseny) de\u00a0<\/span><span style=\"color: #000000;\">models d\u2019aula, els sub-espais que les conf<\/span><span style=\"color: #000000;\">iguren i els recursos que les omplen, posant especial atenci\u00f3 en la integraci\u00f3 transparent i ubiqua de les noves tecnologies.. A m\u00e9s, es pret\u00e9n establir les condicions, les din\u00e0miques i les metodologies que han d\u2019inspirar i guiar la pr\u00e0ctica educativa en aquests nous models d\u2019aula per fer el m\u00e0xim d\u2019eficient i satisfactori el proc\u00e9s d\u2019aprenentatge i avan\u00e7ar en el context d\u2019innovaci\u00f3 did\u00e0ctica en qu\u00e8 es troben els\/les docents del nostre centre.<\/span><\/p>\n<p style=\"text-align: justify;\"><span style=\"color: #000000;\">Els nous plantejaments d\u2019escola i les necessitats educatives actuals requereixen nous espais d\u2019aprenentatge configurats i implementats a partir de coneixement cient\u00edfic sorgit d\u2019una recerca interdisciplin\u00e0ria, sistem\u00e0tica i d\u2019excel\u00b7l\u00e8ncia.<\/span><\/p>\n<p style=\"text-align: left;\"><strong><span style=\"color: #000000;\">El disseny est\u00e0 centrat en tres dimensions:<\/span><\/strong><\/p>\n<p style=\"text-align: left;\"><span style=\"color: #000000;\"><strong>Ambiental:<\/strong> centrat en l&#8217;alumne\/a (benestar i aprenentatge).<\/span><\/p>\n<p style=\"text-align: left;\"><span style=\"color: #000000;\"><strong>Pedag\u00f2gica:<\/strong>\u00a0centrat en els principis d\u2019aprenentatge basats en la recerca cient\u00edfica.<\/span><\/p>\n<p style=\"text-align: left;\"><span style=\"color: #000000;\"><strong>Digital:<\/strong> centrat en l\u2019aprenentatge i la pres\u00e8ncia \u201cinvisible\u201d de les eines i entorns digitals.<\/span><\/p>\n<p>&nbsp;<\/p>\n<p>&nbsp;<\/p>\n<hr \/>\n<p>&nbsp;<\/p>\n<p style=\"text-align: center;\">\n","protected":false},"excerpt":{"rendered":"<p>El curs 2017-2018 la nostra escola va ser seleccionada per participar en el projecte de recerca Smart Classroom (aula intel\u00b7ligent) liderat per la Universitat Oberta de Catalunya i amb la col\u00b7laboraci\u00f3 d&#8217;altres universitats com la UB, la UAB i la UVIC.<br \/>\n<a href=\"https:\/\/smartclassroomproject.com\/ca\/investigacio\/\" target=\"_blank\" rel=\"noopener\"><\/a>El projecte&hellip;  <a href=\"https:\/\/agora.xtec.cat\/ceip-miquelmartipol-viladecans\/projectes-descola\/projecte-smart-classroom\/\" title=\"Read Projecte Smart Classroom\">Llegeix m\u00e9s\u00bb<\/a><\/p>\n","protected":false},"author":1,"featured_media":0,"parent":593,"menu_order":1,"comment_status":"closed","ping_status":"closed","template":"page-templates\/side-menu.php","meta":{"_bbp_topic_count":0,"_bbp_reply_count":0,"_bbp_total_topic_count":0,"_bbp_total_reply_count":0,"_bbp_voice_count":0,"_bbp_anonymous_reply_count":0,"_bbp_topic_count_hidden":0,"_bbp_reply_count_hidden":0,"_bbp_forum_subforum_count":0,"footnotes":""},"class_list":["post-2605","page","type-page","status-publish","hentry"],"post_mailing_queue_ids":[],"_links":{"self":[{"href":"https:\/\/agora.xtec.cat\/ceip-miquelmartipol-viladecans\/wp-json\/wp\/v2\/pages\/2605","targetHints":{"allow":["GET"]}}],"collection":[{"href":"https:\/\/agora.xtec.cat\/ceip-miquelmartipol-viladecans\/wp-json\/wp\/v2\/pages"}],"about":[{"href":"https:\/\/agora.xtec.cat\/ceip-miquelmartipol-viladecans\/wp-json\/wp\/v2\/types\/page"}],"author":[{"embeddable":true,"href":"https:\/\/agora.xtec.cat\/ceip-miquelmartipol-viladecans\/wp-json\/wp\/v2\/users\/1"}],"replies":[{"embeddable":true,"href":"https:\/\/agora.xtec.cat\/ceip-miquelmartipol-viladecans\/wp-json\/wp\/v2\/comments?post=2605"}],"version-history":[{"count":4,"href":"https:\/\/agora.xtec.cat\/ceip-miquelmartipol-viladecans\/wp-json\/wp\/v2\/pages\/2605\/revisions"}],"predecessor-version":[{"id":10013,"href":"https:\/\/agora.xtec.cat\/ceip-miquelmartipol-viladecans\/wp-json\/wp\/v2\/pages\/2605\/revisions\/10013"}],"up":[{"embeddable":true,"href":"https:\/\/agora.xtec.cat\/ceip-miquelmartipol-viladecans\/wp-json\/wp\/v2\/pages\/593"}],"wp:attachment":[{"href":"https:\/\/agora.xtec.cat\/ceip-miquelmartipol-viladecans\/wp-json\/wp\/v2\/media?parent=2605"}],"curies":[{"name":"wp","href":"https:\/\/api.w.org\/{rel}","templated":true}]}}