{"id":1288,"date":"2017-02-20T20:05:44","date_gmt":"2017-02-20T19:05:44","guid":{"rendered":"http:\/\/agora.xtec.cat\/ceip-miquelmartipol-viladecans\/?page_id=1288"},"modified":"2025-04-03T09:58:40","modified_gmt":"2025-04-03T07:58:40","slug":"us-de-whatsapp","status":"publish","type":"page","link":"https:\/\/agora.xtec.cat\/ceip-miquelmartipol-viladecans\/organitzacio\/delegatses-aula\/us-de-whatsapp\/","title":{"rendered":"\u00das WhatsApp"},"content":{"rendered":"<p style=\"text-align: justify;\"><img loading=\"lazy\" decoding=\"async\" class=\"alignnone wp-image-4207\" src=\"http:\/\/blocs.xtec.cat\/escolamiquelmartiipolviladecans\/files\/2015\/11\/zol-12.jpg\" alt=\"zol-12\" width=\"100\" height=\"91\" \/><span style=\"font-size: 14pt;\">\u00a0<\/span><\/p>\n<p style=\"text-align: justify;\"><span style=\"font-size: 14pt;\"><strong><span style=\"font-family: arial, helvetica, sans-serif; font-size: 12pt; color: #008000;\">Fem d&#8217;aquesta eina un bon \u00fas per millorar la comunicaci\u00f3 ESCOLA-FAM\u00cdLIA, pel b\u00e9 dels infants, del nostre alumnat i de la responsabilitat que tenim tots i totes.<\/span><\/strong><\/span><\/p>\n<p style=\"text-align: justify;\"><span style=\"font-size: 10pt; color: #000000;\"><span style=\"color: #000000;\"><span style=\"font-size: 10pt;\">E<\/span><\/span><span style=\"font-family: arial, helvetica, sans-serif;\"><span style=\"color: #000000; font-family: arial, helvetica, sans-serif;\"><span style=\"font-size: 10pt;\">ls grups de Whatsapp de les fam\u00edlies creats d&#8217;una mateixa classe s&#8217;han popularitzat en els darrers anys. Aquests f\u00f2rums s\u00f3n una eina que serveix per gestionar la relaci\u00f3 amb l&#8217;escola, compartir dades d&#8217;inter\u00e8s de forma r\u00e0pida i resoldre dubtes, per\u00f2<\/span><\/span><b style=\"color: #000000; font-family: arial, helvetica, sans-serif; font-size: 10pt;\"> tamb\u00e9 poden perdre la seva utilitat si proliferen les <\/b><span style=\"color: #000000; font-family: arial, helvetica, sans-serif;\"><span style=\"font-size: 13.3333px;\"><b>discussions<\/b><\/span><\/span><b style=\"color: #000000; font-family: arial, helvetica, sans-serif; font-size: 10pt;\">, la indignaci\u00f3 i la cr\u00edtica irreflexiva.<\/b><\/span><\/span><\/p>\n<p style=\"text-align: justify;\"><span style=\"font-size: 10pt; color: #000000; font-family: arial, helvetica, sans-serif;\">Aquest sistema de missatgeria instant\u00e0nia podr\u00e0 ajudar-vos a establir una comunicaci\u00f3 profitosa, per\u00f2 sempre que tingueu en compte una s\u00e8rie de normes:<\/span><\/p>\n<ul style=\"text-align: justify;\">\n<li><span style=\"color: #000000; font-family: arial, helvetica, sans-serif; font-size: 10pt;\">A l&#8217;inici de cada curs la persona delegada de l&#8217;aula consultar\u00e0 amb la resta de fam\u00edlies i es crear\u00e0 el grup de WhatsApp. <strong>El\/la delegat\/a informar\u00e0 de les normes d&#8217;\u00fas d&#8217;aquest mitj\u00e0 de comunicaci\u00f3 a \u00a0totes les fam\u00edlies.<\/strong><\/span><\/li>\n<li><span style=\"color: #000000; font-family: arial, helvetica, sans-serif; font-size: 10pt;\">El grup de WhatsApp de classe<strong> no \u00e9s un grup d&#8217;amics i amigues<\/strong>; aix\u00ed que ha de cenyir-se a assumptes de gesti\u00f3 escolar.<\/span><\/li>\n<li><span style=\"color: #000000; font-family: arial, helvetica, sans-serif; font-size: 10pt;\">Els temes a tractar en el grup seran sempre temes relacionats amb la comunitat educativa, en quant a <strong>funcionament i organitzaci\u00f3<span style=\"line-height: 21.3333px;\">.<\/span><\/strong><\/span><\/li>\n<li><span style=\"color: #000000; font-family: arial, helvetica, sans-serif; font-size: 10pt;\">El grup de WhatsApp de classe <strong>no es pot utilitzar com a eina de comunicaci\u00f3 dels deures d&#8217;escola<\/strong>. No us convertiu en l&#8217;agenda dels\/de les vostres fills\/es.<\/span><\/li>\n<li><span style=\"color: #000000; font-family: arial, helvetica, sans-serif; font-size: 10pt;\"><strong>Els temes de caire personal (relacionats amb accions produ\u00efdes a l&#8217;escola o amb el professorat) i els que puguin afectar a l&#8217;alumnat no es podran comentar en el grup<\/strong>. La llei protegeix al menor i qualsevol acte en contra pot ser considerat delicte. \u00a0<em>(Llei 14\/2010, de 27 de maig, dels drets i les oportunitats en la inf\u00e0ncia i l\u2019adolesc\u00e8ncia).<\/em><\/span><\/li>\n<\/ul>\n<p style=\"text-align: justify;\"><strong><span style=\"font-family: arial, helvetica, sans-serif;\"><span style=\"font-size: 12pt;\">Si seguim totes aquestes normes, Whatsapp podr\u00e0 esdevenir una valuosa eina de suport en l&#8217;educaci\u00f3 dels\/de les vostres fills\/es.<\/span><\/span><\/strong><\/p>\n<p><em>Aquestes normes de funcionament dels grups de Whatsapp de les fam\u00edlies han estat ratificades per totes les fam\u00edlies delegades i equip directiu l&#8217;<strong>1 d&#8217;abril de 2025<\/strong>.<\/em><\/p>\n","protected":false},"excerpt":{"rendered":"<p>\u00a0<br \/>\nFem d&#8217;aquesta eina un bon \u00fas per millorar la comunicaci\u00f3 ESCOLA-FAM\u00cdLIA, pel b\u00e9 dels infants, del nostre alumnat i de la responsabilitat que tenim tots i totes.<br \/>\nEls grups de Whatsapp de les fam\u00edlies creats d&#8217;una mateixa classe s&#8217;han popularitzat en els darrers anys. Aquests f\u00f2rums&hellip;  <a href=\"https:\/\/agora.xtec.cat\/ceip-miquelmartipol-viladecans\/organitzacio\/delegatses-aula\/us-de-whatsapp\/\" title=\"Read \u00das WhatsApp\">Llegeix m\u00e9s\u00bb<\/a><\/p>\n","protected":false},"author":1,"featured_media":0,"parent":555,"menu_order":0,"comment_status":"closed","ping_status":"closed","template":"page-templates\/side-menu.php","meta":{"_bbp_topic_count":0,"_bbp_reply_count":0,"_bbp_total_topic_count":0,"_bbp_total_reply_count":0,"_bbp_voice_count":0,"_bbp_anonymous_reply_count":0,"_bbp_topic_count_hidden":0,"_bbp_reply_count_hidden":0,"_bbp_forum_subforum_count":0,"footnotes":""},"class_list":["post-1288","page","type-page","status-publish","hentry"],"post_mailing_queue_ids":[],"_links":{"self":[{"href":"https:\/\/agora.xtec.cat\/ceip-miquelmartipol-viladecans\/wp-json\/wp\/v2\/pages\/1288","targetHints":{"allow":["GET"]}}],"collection":[{"href":"https:\/\/agora.xtec.cat\/ceip-miquelmartipol-viladecans\/wp-json\/wp\/v2\/pages"}],"about":[{"href":"https:\/\/agora.xtec.cat\/ceip-miquelmartipol-viladecans\/wp-json\/wp\/v2\/types\/page"}],"author":[{"embeddable":true,"href":"https:\/\/agora.xtec.cat\/ceip-miquelmartipol-viladecans\/wp-json\/wp\/v2\/users\/1"}],"replies":[{"embeddable":true,"href":"https:\/\/agora.xtec.cat\/ceip-miquelmartipol-viladecans\/wp-json\/wp\/v2\/comments?post=1288"}],"version-history":[{"count":5,"href":"https:\/\/agora.xtec.cat\/ceip-miquelmartipol-viladecans\/wp-json\/wp\/v2\/pages\/1288\/revisions"}],"predecessor-version":[{"id":10442,"href":"https:\/\/agora.xtec.cat\/ceip-miquelmartipol-viladecans\/wp-json\/wp\/v2\/pages\/1288\/revisions\/10442"}],"up":[{"embeddable":true,"href":"https:\/\/agora.xtec.cat\/ceip-miquelmartipol-viladecans\/wp-json\/wp\/v2\/pages\/555"}],"wp:attachment":[{"href":"https:\/\/agora.xtec.cat\/ceip-miquelmartipol-viladecans\/wp-json\/wp\/v2\/media?parent=1288"}],"curies":[{"name":"wp","href":"https:\/\/api.w.org\/{rel}","templated":true}]}}