{"id":10186,"date":"2024-11-17T18:58:11","date_gmt":"2024-11-17T17:58:11","guid":{"rendered":"https:\/\/agora.xtec.cat\/ceip-miquelmartipol-viladecans\/?page_id=10186"},"modified":"2024-11-17T19:17:14","modified_gmt":"2024-11-17T18:17:14","slug":"responsable-cocobe","status":"publish","type":"page","link":"https:\/\/agora.xtec.cat\/ceip-miquelmartipol-viladecans\/organitzacio\/projecte-educatiu-de-centre\/responsable-cocobe\/","title":{"rendered":"Responsable COCOBE"},"content":{"rendered":"<p style=\"text-align: justify;\">Als centres educatius el <strong>coordinador o coordinadora de coeducaci\u00f3, conviv\u00e8ncia i benestar<\/strong> treballa conjuntament amb la direcci\u00f3 del centre i desenvolupa les funcions per impulsar la coeducaci\u00f3 en la comunitat educativa, promoure la conviv\u00e8ncia positiva en el centre educatiu, protegir l&#8217;alumnat davant de situacions de viol\u00e8ncia i vetllar pel benestar emocional de l&#8217;alumnat.<\/p>\n<p style=\"text-align: justify;\">Concretament, les funcions del coordinador o coordinadora de coeducaci\u00f3, conviv\u00e8ncia i benestar de l&#8217;alumnat s\u00f3n les seg\u00fcents:<\/p>\n<p style=\"text-align: justify;\">&#8211; Coordinar amb la direcci\u00f3 del centre educatiu el projecte de conviv\u00e8ncia i totes les actuacions relacionades amb el desplegament de les seves funcions.<br \/>\n&#8211; Vetllar perqu\u00e8 el projecte educatiu de centre i les programacions de les \u00e0rees i mat\u00e8ries incorporin els vectors de benestar emocional, de coeducaci\u00f3 i perspectiva de g\u00e8nere, de ciutadania democr\u00e0tica i de consci\u00e8ncia global.<br \/>\n&#8211; Promoure dins el projecte de conviv\u00e8ncia mesures que assegurin el m\u00e0xim benestar per als infants i adolescents, aix\u00ed com la cultura del bon tracte envers aquests.<br \/>\n&#8211; Fomentar entre la comunitat educativa la utilitzaci\u00f3 de m\u00e8todes de resoluci\u00f3 pac\u00edfica de conflictes amb enfocament restauratiu.<br \/>\n&#8211; Garantir el respecte de tot l&#8217;alumnat, especialment amb el que presenta circumst\u00e0ncies d&#8217;especial vulnerabilitat o diversitat.<br \/>\n&#8211; Donar a con\u00e8ixer i proposar activitats formatives adre\u00e7ades a la comunitat educativa en relaci\u00f3 amb la coeducaci\u00f3, la conviv\u00e8ncia i el benestar emocional.<br \/>\n&#8211; Informar la comunitat educativa sobre els protocols en mat\u00e8ria de prevenci\u00f3 i protecci\u00f3 de qualsevol forma de viol\u00e8ncia.<br \/>\n&#8211; Promoure estrat\u00e8gies per identificar possibles situacions de risc o de viol\u00e8ncia contra l&#8217;alumnat i impulsar l&#8217;adopci\u00f3 de mesures d&#8217;intervenci\u00f3 en el marc dels protocols previstos pel Departament d&#8217;Educaci\u00f3.<br \/>\n&#8211; Identificar-se davant la comunitat educativa com a referent per a les comunicacions relacionades amb possibles casos de viol\u00e8ncia al centre mateix o al seu entorn.<br \/>\n&#8211; Garantir l&#8217;adequada confidencialitat en les intervencions i promoure mesures per evitar l&#8217;estigmatitzaci\u00f3 de qualsevol dels membres de la comunitat educativa.<br \/>\n&#8211; Ser el referent de coeducaci\u00f3 i perspectiva de g\u00e8nere del claustre del pla Les escoles lliures de viol\u00e8ncies.<\/p>\n<p><strong>Contacte amb la Responsable COCOBE<\/strong>: a8062948<span class=\"atwho-query\">@xtec.cat<\/span><\/p>\n","protected":false},"excerpt":{"rendered":"<p>Als centres educatius el coordinador o coordinadora de coeducaci\u00f3, conviv\u00e8ncia i benestar treballa conjuntament amb la direcci\u00f3 del centre i desenvolupa les funcions per impulsar la coeducaci\u00f3 en la comunitat educativa, promoure la conviv\u00e8ncia positiva en el centre educatiu, protegir l&#8217;alumnat davant de situacions de&hellip;  <a href=\"https:\/\/agora.xtec.cat\/ceip-miquelmartipol-viladecans\/organitzacio\/projecte-educatiu-de-centre\/responsable-cocobe\/\" title=\"Read Responsable COCOBE\">Llegeix m\u00e9s\u00bb<\/a><\/p>\n","protected":false},"author":1,"featured_media":0,"parent":4934,"menu_order":0,"comment_status":"closed","ping_status":"closed","template":"","meta":{"_bbp_topic_count":0,"_bbp_reply_count":0,"_bbp_total_topic_count":0,"_bbp_total_reply_count":0,"_bbp_voice_count":0,"_bbp_anonymous_reply_count":0,"_bbp_topic_count_hidden":0,"_bbp_reply_count_hidden":0,"_bbp_forum_subforum_count":0,"footnotes":""},"class_list":["post-10186","page","type-page","status-publish","hentry"],"post_mailing_queue_ids":[],"_links":{"self":[{"href":"https:\/\/agora.xtec.cat\/ceip-miquelmartipol-viladecans\/wp-json\/wp\/v2\/pages\/10186","targetHints":{"allow":["GET"]}}],"collection":[{"href":"https:\/\/agora.xtec.cat\/ceip-miquelmartipol-viladecans\/wp-json\/wp\/v2\/pages"}],"about":[{"href":"https:\/\/agora.xtec.cat\/ceip-miquelmartipol-viladecans\/wp-json\/wp\/v2\/types\/page"}],"author":[{"embeddable":true,"href":"https:\/\/agora.xtec.cat\/ceip-miquelmartipol-viladecans\/wp-json\/wp\/v2\/users\/1"}],"replies":[{"embeddable":true,"href":"https:\/\/agora.xtec.cat\/ceip-miquelmartipol-viladecans\/wp-json\/wp\/v2\/comments?post=10186"}],"version-history":[{"count":4,"href":"https:\/\/agora.xtec.cat\/ceip-miquelmartipol-viladecans\/wp-json\/wp\/v2\/pages\/10186\/revisions"}],"predecessor-version":[{"id":10190,"href":"https:\/\/agora.xtec.cat\/ceip-miquelmartipol-viladecans\/wp-json\/wp\/v2\/pages\/10186\/revisions\/10190"}],"up":[{"embeddable":true,"href":"https:\/\/agora.xtec.cat\/ceip-miquelmartipol-viladecans\/wp-json\/wp\/v2\/pages\/4934"}],"wp:attachment":[{"href":"https:\/\/agora.xtec.cat\/ceip-miquelmartipol-viladecans\/wp-json\/wp\/v2\/media?parent=10186"}],"curies":[{"name":"wp","href":"https:\/\/api.w.org\/{rel}","templated":true}]}}