{"id":9,"date":"2014-09-17T15:08:18","date_gmt":"2014-09-17T14:08:18","guid":{"rendered":"http:\/\/agora.xtec.cat\/ceip-miguelhernandez\/?page_id=9"},"modified":"2024-01-09T10:18:21","modified_gmt":"2024-01-09T09:18:21","slug":"pagina-dinici-buida","status":"publish","type":"page","link":"https:\/\/agora.xtec.cat\/ceip-miguelhernandez\/","title":{"rendered":"BENVINGUTS AL M\u00d3N DEL MIGUEL HERN\u00c1NDEZ"},"content":{"rendered":"<table style=\"border-collapse: collapse; width: 100%; height: 14px;\">\n<tbody>\n<tr style=\"height: 32px;\">\n<td style=\"width: 25.8942%; height: 14px;\"><iframe loading=\"lazy\" title=\"YouTube video player\" src=\"https:\/\/www.youtube.com\/embed\/vsPdDrTWf4s\" width=\"280\" height=\"158\" frameborder=\"0\" allowfullscreen=\"allowfullscreen\"><\/iframe><\/td>\n<td style=\"width: 74.1058%; height: 14px;\"><span style=\"font-weight: 400;\">BENVINGUTS AL M\u00d3N DEL MIGUEL HERN\u00c1NDEZ<\/span><\/p>\n<p>Som una escola familiar i acollidora situada al barri de La Pau de Badalona. La nostra missi\u00f3 consisteix en educar als nostres infants per a la vida, a trav\u00e9s de metodologies que motivin i emocionin l\u2019alumnat, qui, mitjan\u00e7ant, tasques i activitats competencials, vagi interioritzant els aprenentatges a mesura que descobreix, explora l\u2019entorn, juga i es relaciona.Treballem per formar aprenents aut\u00f2noms, amb iniciativa personal per l\u2019elaboraci\u00f3 d\u2019hip\u00f2tesis, la recerca d\u2019estrat\u00e8gies per a solucionar problemes, la discussi\u00f3, la reflexi\u00f3 i la construcci\u00f3 conjunta dels nous coneixements. Tot educant en la gesti\u00f3 de les emocions i proporcionant <span style=\"font-weight: 400;\">les eines per a una bona relaci\u00f3 social i interacci\u00f3 amb el seu entorn quotidi\u00e0.<\/span><\/td>\n<\/tr>\n<\/tbody>\n<\/table>\n","protected":false},"excerpt":{"rendered":"<p>BENVINGUTS AL M\u00d3N DEL MIGUEL HERN\u00c1NDEZ<br \/>\nSom una escola familiar i acollidora situada al barri de La Pau de Badalona. La nostra missi\u00f3 consisteix en educar als nostres infants per a la vida, a trav\u00e9s de metodologies que motivin i emocionin l\u2019alumnat, qui, mitjan\u00e7ant, tasques i&hellip;  <a href=\"https:\/\/agora.xtec.cat\/ceip-miguelhernandez\/\" title=\"Read BENVINGUTS AL M\u00d3N DEL MIGUEL HERN\u00c1NDEZ\">Llegeix m\u00e9s\u00bb<\/a><\/p>\n","protected":false},"author":1,"featured_media":0,"parent":436,"menu_order":0,"comment_status":"closed","ping_status":"closed","template":"page-templates\/front-page.php","meta":{"_bbp_topic_count":0,"_bbp_reply_count":0,"_bbp_total_topic_count":0,"_bbp_total_reply_count":0,"_bbp_voice_count":0,"_bbp_anonymous_reply_count":0,"_bbp_topic_count_hidden":0,"_bbp_reply_count_hidden":0,"_bbp_forum_subforum_count":0,"footnotes":""},"class_list":["post-9","page","type-page","status-publish","hentry"],"post_mailing_queue_ids":[],"_links":{"self":[{"href":"https:\/\/agora.xtec.cat\/ceip-miguelhernandez\/wp-json\/wp\/v2\/pages\/9","targetHints":{"allow":["GET"]}}],"collection":[{"href":"https:\/\/agora.xtec.cat\/ceip-miguelhernandez\/wp-json\/wp\/v2\/pages"}],"about":[{"href":"https:\/\/agora.xtec.cat\/ceip-miguelhernandez\/wp-json\/wp\/v2\/types\/page"}],"author":[{"embeddable":true,"href":"https:\/\/agora.xtec.cat\/ceip-miguelhernandez\/wp-json\/wp\/v2\/users\/1"}],"replies":[{"embeddable":true,"href":"https:\/\/agora.xtec.cat\/ceip-miguelhernandez\/wp-json\/wp\/v2\/comments?post=9"}],"version-history":[{"count":4,"href":"https:\/\/agora.xtec.cat\/ceip-miguelhernandez\/wp-json\/wp\/v2\/pages\/9\/revisions"}],"predecessor-version":[{"id":4672,"href":"https:\/\/agora.xtec.cat\/ceip-miguelhernandez\/wp-json\/wp\/v2\/pages\/9\/revisions\/4672"}],"up":[{"embeddable":true,"href":"https:\/\/agora.xtec.cat\/ceip-miguelhernandez\/wp-json\/wp\/v2\/buddypress\/436"}],"wp:attachment":[{"href":"https:\/\/agora.xtec.cat\/ceip-miguelhernandez\/wp-json\/wp\/v2\/media?parent=9"}],"curies":[{"name":"wp","href":"https:\/\/api.w.org\/{rel}","templated":true}]}}